{"id":865,"date":"2026-01-28T15:05:16","date_gmt":"2026-01-28T14:05:16","guid":{"rendered":"https:\/\/www.monlau.com\/formacion-profesional\/?page_id=865"},"modified":"2026-02-23T10:14:05","modified_gmt":"2026-02-23T09:14:05","slug":"aviso-legal","status":"publish","type":"page","link":"https:\/\/www.monlau.com\/fp\/aviso-legal\/","title":{"rendered":"Aviso Legal"},"content":{"rendered":"\t\t<div data-elementor-type=\"wp-page\" data-elementor-id=\"865\" class=\"elementor elementor-865\" data-elementor-post-type=\"page\">\n\t\t\t\t<div class=\"elementor-element elementor-element-5abb15b e-flex e-con-boxed e-con e-parent\" data-id=\"5abb15b\" data-element_type=\"container\">\n\t\t\t\t\t<div class=\"e-con-inner\">\n\t\t\t\t<div class=\"elementor-element elementor-element-d4d69c1 elementor-widget elementor-widget-heading\" data-id=\"d4d69c1\" data-element_type=\"widget\" data-widget_type=\"heading.default\">\n\t\t\t\t\t<h2 class=\"elementor-heading-title elementor-size-default\"><b>Aviso legal<\/b><\/h2>\t\t\t\t<\/div>\n\t\t\t\t<div class=\"elementor-element elementor-element-74cdbe1 elementor-widget elementor-widget-text-editor\" data-id=\"74cdbe1\" data-element_type=\"widget\" data-widget_type=\"text-editor.default\">\n\t\t\t\t\t\t\t\t\t<p><strong>Monlau Centro de Estudios<\/strong>\u00a0con domicilio en la Calle Monlau, 6 08027 con CIF A08728693 pone a disposici\u00f3n en su sitio web www.monlau.com determinados contenidos de car\u00e1cter informativo sobre sus actividades. Las presentes condiciones generales rigen \u00fanica y exclusivamente el uso del sitio web Monlau Centro de Estudios por parte de los USUARIOS que accedan al mismo. Las presentes condiciones generales se le exponen al USUARIO en el sitio web www.monlau.com en todas y cada una de las p\u00e1ginas y cada vez que un usuario introduce sus datos en los formularios existentes, para que las lea, las imprima, archive y acepte a trav\u00e9s de internet, no pudiendo el USUARIO introducir sus datos efectivamente sin que se haya producido esta aceptaci\u00f3n. El acceso al sitio web de Monlau Centro de Estudios implica sin reservas la aceptaci\u00f3n de las presentes condiciones generales de uso que el USUARIO afirma comprender en su totalidad. El usuario se compromete a no utilizar el sitio web y los servicios que se ofrecen en el mismo para la realizaci\u00f3n de actividades contrarias a la ley y a respetar en todo momento las presentes condiciones generales.<\/p><h3>\u00a0<\/h3><h4><strong>PRIMERA. \u2013 CONDICIONES DE ACCESO Y USO<\/strong><\/h4><p>\u00a0<\/p><p><strong>1.1.<\/strong>\u2013 La utilizaci\u00f3n del sitio web de Monlau Centro de Estudios no conlleva la obligatoriedad de inscripci\u00f3n del USUARIO, salvo si este USUARIO desee utilizar la base de datos de art\u00edculos existentes en www.monlau.comon ser\u00e1 necesario que se registre cubriendo un formulario b\u00e1sico, \u00e9sta suscripci\u00f3n se regir\u00e1 por las condiciones generales espec\u00edficas. Las condiciones de acceso y uso del presente sitio web se rigen estrictamente por la legalidad vigente y por el principio de buena fe comprometi\u00e9ndose el USUARIO a realizar un buen uso de la web. Quedan prohibidos todos los actos que vulneren la legalidad, derechos o intereses de terceros: derecho a la intimidad, protecci\u00f3n de datos, propiedad intelectual etc. Expresamente Monlau Centro de Estudios proh\u00edbe los siguientes:<\/p><p><strong>1.1.1.<\/strong>\u2013 Realizar acciones que puedan producir en el sitio web o a trav\u00e9s del mismo por cualquier medio cualquier tipo de da\u00f1o a los sistemas de Monlau Centro de Estudios o a terceros.<\/p><p><strong>1.1.2.<\/strong>\u2013 Realizar sin la debida autorizaci\u00f3n cualquier tipo de publicidad o informaci\u00f3n comercial directamente o de forma encubierta, el env\u00edo de correos masivos (\u00abspamming\u00bb) o env\u00edo de grandes mensajes con el fin de bloquear servidores de la red ( \u00abmail bombing\u00bb).<\/p><p><strong>1.2.<\/strong>\u2013 Monlau Centro de Estudios podr\u00e1 interrumpir en cualquier momento el acceso a su sitio web si detecta un uso contrario a la legalidad, la buena fe oa las presentes condiciones generales- ver cl\u00e1usula quinta.<\/p><h3>\u00a0<\/h3><h4><strong>SEGUNDA. \u2013 CONTENIDOS<\/strong><\/h4><p>\u00a0<\/p><p>Los contenidos incorporados en este sitio web han sido elaborados e incluidos por:<\/p><p><strong>2.1.<\/strong>\u2013 Monlau Centro de Estudios utilizando fuentes internas y externas de tal modo que Monlau Centro de Estudios \u00fanicamente se hace responsable por los contenidos elaborados de forma interna.<\/p><p><strong>2.2.<\/strong>\u2013 Monlau Centro de Estudios se reserva el derecho a modificar en cualquier momento los contenidos existentes en su sitio web.<\/p><h3>\u00a0<\/h3><h4><strong>TERCERA. \u2013 DERECHOS DE AUTOR Y DE MARCA.<\/strong><\/h4><p>\u00a0<\/p><p>Monlau Centro de Estudios es una marca registrada. Queda prohibida la utilizaci\u00f3n ajena por cualquier medio de la marca Monlau que incluye tanto el nombre como el logotipo, salvo consentimiento expreso de Monlau Centro de Estudios. Quedan reservados todos los derechos. Adem\u00e1s, el sitio web de Monlau Centro de Estudios los contenidos propios, la programaci\u00f3n y el dise\u00f1o del sitio web, se encuentra plenamente protegido por los derechos de autor, quedando expresamente prohibida toda reproducci\u00f3n, comunicaci\u00f3n, distribuci\u00f3n y transformaci\u00f3n de los referidos elementos protegidos salvo consentimiento expreso de Monlau Centro de Estudios<\/p><h3>\u00a0<\/h3><h4><strong>CUARTA. \u2013 JURISDICCI\u00d3N Y LEI APLICABLE.<\/strong><\/h4><p>\u00a0<\/p><p>Las presentes condiciones generales se rigen por la legislaci\u00f3n espa\u00f1ola. Son competentes para resolver toda controversia o conflicto que se derive de las presentes condiciones generales los Juzgados de la ciudad de Barcelona, renunciando el USUARIO a cualquier otro fuero que pudiera corresponderle.<\/p><h3>\u00a0<\/h3><h4><strong>QUINTA.<\/strong><\/h4><p>\u00a0<\/p><p>En caso de que cualquier cl\u00e1usula del presente documento sea declarada nula, el resto se mantendr\u00e1n vigentes y se interpretar\u00e1n teniendo en cuenta la voluntad de las partes y la finalidad misma de las presentes condiciones. Monlau Centro de Estudios podr\u00e1 no ejercitar alguno de los derechos y facultades conferidos en este documento lo que no implicar\u00e1 en ning\u00fan caso la renuncia a los mismos salvo reconocimiento expreso por parte de Monlau Centro de Estudios.<\/p>\t\t\t\t\t\t\t\t<\/div>\n\t\t\t\t\t<\/div>\n\t\t\t\t<\/div>\n\t\t\t\t<\/div>\n\t\t","protected":false},"excerpt":{"rendered":"<p>Aviso legal Monlau Centro de Estudios\u00a0con domicilio en la Calle Monlau, 6 08027 con CIF A08728693 pone a disposici\u00f3n en su sitio web www.monlau.com determinados contenidos de car\u00e1cter informativo sobre sus actividades. Las presentes condiciones generales rigen \u00fanica y exclusivamente el uso del sitio web Monlau Centro de Estudios por parte de los USUARIOS que [&hellip;]<\/p>\n","protected":false},"author":1,"featured_media":0,"parent":0,"menu_order":0,"comment_status":"closed","ping_status":"closed","template":"elementor_header_footer","meta":{"footnotes":""},"class_list":["post-865","page","type-page","status-publish","hentry"],"yoast_head":"<!-- This site is optimized with the Yoast SEO plugin v27.2 - https:\/\/yoast.com\/product\/yoast-seo-wordpress\/ -->\n<title>Aviso Legal - Formaci\u00f3n profesional<\/title>\n<meta name=\"robots\" content=\"index, follow, max-snippet:-1, max-image-preview:large, max-video-preview:-1\" \/>\n<link rel=\"canonical\" href=\"https:\/\/www.monlau.com\/fp\/aviso-legal\/\" \/>\n<meta property=\"og:locale\" content=\"es_ES\" \/>\n<meta property=\"og:type\" content=\"article\" \/>\n<meta property=\"og:title\" content=\"Aviso Legal - Formaci\u00f3n profesional\" \/>\n<meta property=\"og:description\" content=\"Aviso legal Monlau Centro de Estudios\u00a0con domicilio en la Calle Monlau, 6 08027 con CIF A08728693 pone a disposici\u00f3n en su sitio web www.monlau.com determinados contenidos de car\u00e1cter informativo sobre sus actividades. Las presentes condiciones generales rigen \u00fanica y exclusivamente el uso del sitio web Monlau Centro de Estudios por parte de los USUARIOS que [&hellip;]\" \/>\n<meta property=\"og:url\" content=\"https:\/\/www.monlau.com\/fp\/aviso-legal\/\" \/>\n<meta property=\"og:site_name\" content=\"Formaci\u00f3n profesional\" \/>\n<meta property=\"article:modified_time\" content=\"2026-02-23T09:14:05+00:00\" \/>\n<meta name=\"twitter:card\" content=\"summary_large_image\" \/>\n<meta name=\"twitter:label1\" content=\"Tiempo de lectura\" \/>\n\t<meta name=\"twitter:data1\" content=\"4 minutos\" \/>\n<script type=\"application\/ld+json\" class=\"yoast-schema-graph\">{\"@context\":\"https:\/\/schema.org\",\"@graph\":[{\"@type\":\"WebPage\",\"@id\":\"https:\/\/www.monlau.com\/fp\/aviso-legal\/\",\"url\":\"https:\/\/www.monlau.com\/fp\/aviso-legal\/\",\"name\":\"Aviso Legal - Formaci\u00f3n profesional\",\"isPartOf\":{\"@id\":\"https:\/\/www.monlau.com\/fp\/#website\"},\"datePublished\":\"2026-01-28T14:05:16+00:00\",\"dateModified\":\"2026-02-23T09:14:05+00:00\",\"breadcrumb\":{\"@id\":\"https:\/\/www.monlau.com\/fp\/aviso-legal\/#breadcrumb\"},\"inLanguage\":\"es\",\"potentialAction\":[{\"@type\":\"ReadAction\",\"target\":[\"https:\/\/www.monlau.com\/fp\/aviso-legal\/\"]}]},{\"@type\":\"BreadcrumbList\",\"@id\":\"https:\/\/www.monlau.com\/fp\/aviso-legal\/#breadcrumb\",\"itemListElement\":[{\"@type\":\"ListItem\",\"position\":1,\"name\":\"Portada\",\"item\":\"https:\/\/www.monlau.com\/fp\/\"},{\"@type\":\"ListItem\",\"position\":2,\"name\":\"Aviso Legal\"}]},{\"@type\":\"WebSite\",\"@id\":\"https:\/\/www.monlau.com\/fp\/#website\",\"url\":\"https:\/\/www.monlau.com\/fp\/\",\"name\":\"Formaci\u00f3n profesional\",\"description\":\"Monlau\",\"publisher\":{\"@id\":\"https:\/\/www.monlau.com\/fp\/#organization\"},\"potentialAction\":[{\"@type\":\"SearchAction\",\"target\":{\"@type\":\"EntryPoint\",\"urlTemplate\":\"https:\/\/www.monlau.com\/fp\/?s={search_term_string}\"},\"query-input\":{\"@type\":\"PropertyValueSpecification\",\"valueRequired\":true,\"valueName\":\"search_term_string\"}}],\"inLanguage\":\"es\"},{\"@type\":\"Organization\",\"@id\":\"https:\/\/www.monlau.com\/fp\/#organization\",\"name\":\"Formaci\u00f3n profesional\",\"url\":\"https:\/\/www.monlau.com\/fp\/\",\"logo\":{\"@type\":\"ImageObject\",\"inLanguage\":\"es\",\"@id\":\"https:\/\/www.monlau.com\/fp\/#\/schema\/logo\/image\/\",\"url\":\"https:\/\/www.monlau.com\/app\/uploads\/sites\/3\/2026\/01\/fp.png\",\"contentUrl\":\"https:\/\/www.monlau.com\/app\/uploads\/sites\/3\/2026\/01\/fp.png\",\"width\":1024,\"height\":878,\"caption\":\"Formaci\u00f3n profesional\"},\"image\":{\"@id\":\"https:\/\/www.monlau.com\/fp\/#\/schema\/logo\/image\/\"}}]}<\/script>\n<!-- \/ Yoast SEO plugin. -->","yoast_head_json":{"title":"Aviso Legal - Formaci\u00f3n profesional","robots":{"index":"index","follow":"follow","max-snippet":"max-snippet:-1","max-image-preview":"max-image-preview:large","max-video-preview":"max-video-preview:-1"},"canonical":"https:\/\/www.monlau.com\/fp\/aviso-legal\/","og_locale":"es_ES","og_type":"article","og_title":"Aviso Legal - Formaci\u00f3n profesional","og_description":"Aviso legal Monlau Centro de Estudios\u00a0con domicilio en la Calle Monlau, 6 08027 con CIF A08728693 pone a disposici\u00f3n en su sitio web www.monlau.com determinados contenidos de car\u00e1cter informativo sobre sus actividades. Las presentes condiciones generales rigen \u00fanica y exclusivamente el uso del sitio web Monlau Centro de Estudios por parte de los USUARIOS que [&hellip;]","og_url":"https:\/\/www.monlau.com\/fp\/aviso-legal\/","og_site_name":"Formaci\u00f3n profesional","article_modified_time":"2026-02-23T09:14:05+00:00","twitter_card":"summary_large_image","twitter_misc":{"Tiempo de lectura":"4 minutos"},"schema":{"@context":"https:\/\/schema.org","@graph":[{"@type":"WebPage","@id":"https:\/\/www.monlau.com\/fp\/aviso-legal\/","url":"https:\/\/www.monlau.com\/fp\/aviso-legal\/","name":"Aviso Legal - Formaci\u00f3n profesional","isPartOf":{"@id":"https:\/\/www.monlau.com\/fp\/#website"},"datePublished":"2026-01-28T14:05:16+00:00","dateModified":"2026-02-23T09:14:05+00:00","breadcrumb":{"@id":"https:\/\/www.monlau.com\/fp\/aviso-legal\/#breadcrumb"},"inLanguage":"es","potentialAction":[{"@type":"ReadAction","target":["https:\/\/www.monlau.com\/fp\/aviso-legal\/"]}]},{"@type":"BreadcrumbList","@id":"https:\/\/www.monlau.com\/fp\/aviso-legal\/#breadcrumb","itemListElement":[{"@type":"ListItem","position":1,"name":"Portada","item":"https:\/\/www.monlau.com\/fp\/"},{"@type":"ListItem","position":2,"name":"Aviso Legal"}]},{"@type":"WebSite","@id":"https:\/\/www.monlau.com\/fp\/#website","url":"https:\/\/www.monlau.com\/fp\/","name":"Formaci\u00f3n profesional","description":"Monlau","publisher":{"@id":"https:\/\/www.monlau.com\/fp\/#organization"},"potentialAction":[{"@type":"SearchAction","target":{"@type":"EntryPoint","urlTemplate":"https:\/\/www.monlau.com\/fp\/?s={search_term_string}"},"query-input":{"@type":"PropertyValueSpecification","valueRequired":true,"valueName":"search_term_string"}}],"inLanguage":"es"},{"@type":"Organization","@id":"https:\/\/www.monlau.com\/fp\/#organization","name":"Formaci\u00f3n profesional","url":"https:\/\/www.monlau.com\/fp\/","logo":{"@type":"ImageObject","inLanguage":"es","@id":"https:\/\/www.monlau.com\/fp\/#\/schema\/logo\/image\/","url":"https:\/\/www.monlau.com\/app\/uploads\/sites\/3\/2026\/01\/fp.png","contentUrl":"https:\/\/www.monlau.com\/app\/uploads\/sites\/3\/2026\/01\/fp.png","width":1024,"height":878,"caption":"Formaci\u00f3n profesional"},"image":{"@id":"https:\/\/www.monlau.com\/fp\/#\/schema\/logo\/image\/"}}]}},"_links":{"self":[{"href":"https:\/\/www.monlau.com\/fp\/wp-json\/wp\/v2\/pages\/865","targetHints":{"allow":["GET"]}}],"collection":[{"href":"https:\/\/www.monlau.com\/fp\/wp-json\/wp\/v2\/pages"}],"about":[{"href":"https:\/\/www.monlau.com\/fp\/wp-json\/wp\/v2\/types\/page"}],"author":[{"embeddable":true,"href":"https:\/\/www.monlau.com\/fp\/wp-json\/wp\/v2\/users\/1"}],"replies":[{"embeddable":true,"href":"https:\/\/www.monlau.com\/fp\/wp-json\/wp\/v2\/comments?post=865"}],"version-history":[{"count":10,"href":"https:\/\/www.monlau.com\/fp\/wp-json\/wp\/v2\/pages\/865\/revisions"}],"predecessor-version":[{"id":1855,"href":"https:\/\/www.monlau.com\/fp\/wp-json\/wp\/v2\/pages\/865\/revisions\/1855"}],"wp:attachment":[{"href":"https:\/\/www.monlau.com\/fp\/wp-json\/wp\/v2\/media?parent=865"}],"curies":[{"name":"wp","href":"https:\/\/api.w.org\/{rel}","templated":true}]}}