{"id":1835,"date":"2026-02-23T10:02:31","date_gmt":"2026-02-23T09:02:31","guid":{"rendered":"https:\/\/www.monlau.com\/formacion-profesional\/?page_id=1835"},"modified":"2026-02-23T10:13:02","modified_gmt":"2026-02-23T09:13:02","slug":"politica-de-compras","status":"publish","type":"page","link":"https:\/\/www.monlau.com\/fp\/politica-de-compras\/","title":{"rendered":"Pol\u00edtica de compras"},"content":{"rendered":"\t\t<div data-elementor-type=\"wp-page\" data-elementor-id=\"1835\" class=\"elementor elementor-1835\" data-elementor-post-type=\"page\">\n\t\t\t\t<div class=\"elementor-element elementor-element-ba7b088 e-flex e-con-boxed e-con e-parent\" data-id=\"ba7b088\" data-element_type=\"container\">\n\t\t\t\t\t<div class=\"e-con-inner\">\n\t\t\t\t<div class=\"elementor-element elementor-element-011dc16 elementor-widget elementor-widget-heading\" data-id=\"011dc16\" data-element_type=\"widget\" data-widget_type=\"heading.default\">\n\t\t\t\t\t<h2 class=\"elementor-heading-title elementor-size-default\"><b>Pol\u00edtica de compras<\/b><\/h2>\t\t\t\t<\/div>\n\t\t\t\t\t<\/div>\n\t\t\t\t<\/div>\n\t\t<div class=\"elementor-element elementor-element-0b3567b e-flex e-con-boxed e-con e-parent\" data-id=\"0b3567b\" data-element_type=\"container\">\n\t\t\t\t\t<div class=\"e-con-inner\">\n\t\t\t\t<div class=\"elementor-element elementor-element-9d1d406 elementor-widget elementor-widget-text-editor\" data-id=\"9d1d406\" data-element_type=\"widget\" data-widget_type=\"text-editor.default\">\n\t\t\t\t\t\t\t\t\t<p data-start=\"154\" data-end=\"244\">Los tipos de proveedores de que dispone el Centre d\u2019Estudis MONLAU son los siguientes:<\/p><p data-start=\"154\" data-end=\"244\">\u00a0<\/p><h4 data-start=\"246\" data-end=\"281\"><strong>Proveedores de material escolar<\/strong><\/h4><p>\u00a0<\/p><ul data-start=\"282\" data-end=\"432\"><li data-start=\"282\" data-end=\"328\"><p data-start=\"284\" data-end=\"328\">Herramientas y material fungible de taller<\/p><\/li><li data-start=\"329\" data-end=\"362\"><p data-start=\"331\" data-end=\"362\">Vestimenta alumnos y personal<\/p><\/li><li data-start=\"363\" data-end=\"385\"><p data-start=\"365\" data-end=\"385\">Gas para soldadura<\/p><\/li><li data-start=\"386\" data-end=\"409\"><p data-start=\"388\" data-end=\"409\">Material de oficina<\/p><\/li><li data-start=\"410\" data-end=\"432\"><p data-start=\"412\" data-end=\"432\">Material el\u00e9ctrico<\/p><\/li><\/ul><p>\u00a0<\/p><h4><strong>Proveedores de servicios<\/strong><\/h4><p>\u00a0<\/p><ul data-start=\"463\" data-end=\"542\"><li data-start=\"463\" data-end=\"493\"><p data-start=\"465\" data-end=\"493\">Comedor alumnos y personal<\/p><\/li><li data-start=\"494\" data-end=\"516\"><p data-start=\"496\" data-end=\"516\">Transporte alumnos<\/p><\/li><li data-start=\"517\" data-end=\"542\"><p data-start=\"519\" data-end=\"542\">Limpieza de edificios<\/p><\/li><\/ul><p>\u00a0<\/p><h4 data-start=\"544\" data-end=\"576\"><strong>Proveedores de mantenimiento<\/strong><\/h4><p>\u00a0<\/p><ul data-start=\"577\" data-end=\"755\"><li data-start=\"577\" data-end=\"591\"><p data-start=\"579\" data-end=\"591\">Mobiliario<\/p><\/li><li data-start=\"592\" data-end=\"640\"><p data-start=\"594\" data-end=\"640\">Mantenimiento compresor y equipos de pintura<\/p><\/li><li data-start=\"641\" data-end=\"669\"><p data-start=\"643\" data-end=\"669\">Mantenimiento elevadores<\/p><\/li><li data-start=\"670\" data-end=\"700\"><p data-start=\"672\" data-end=\"700\">Mantenimiento equipos A.A.<\/p><\/li><li data-start=\"701\" data-end=\"755\"><p data-start=\"703\" data-end=\"755\">Mantenimiento extintores y medidas contraincendios<\/p><\/li><\/ul><p>\u00a0<\/p><h4 data-start=\"757\" data-end=\"777\"><strong>Obras y reformas<\/strong><\/h4><p>\u00a0<\/p><ul data-start=\"778\" data-end=\"830\"><li data-start=\"778\" data-end=\"803\"><p data-start=\"780\" data-end=\"803\">Alquiler de edificios<\/p><\/li><li data-start=\"804\" data-end=\"830\"><p data-start=\"806\" data-end=\"830\">Mantenimiento ascensor<\/p><\/li><\/ul><p>\u00a0<\/p><p data-start=\"837\" data-end=\"1114\">Tal y como determina el sistema de gesti\u00f3n basado en la norma <strong data-start=\"899\" data-end=\"916\">ISO 9001:2015<\/strong> que MONLAU Centre d\u2019Estudis tiene implantado, los proveedores homologados se evaluar\u00e1n anualmente por el departamento de compras a trav\u00e9s de una escala entre el 1 (desfavorable) y el 5 (favorable).<\/p><p data-start=\"1116\" data-end=\"1241\">En el caso de que un proveedor obtenga una puntuaci\u00f3n media entre los dos criterios igual o inferior a dos, quedar\u00e1 inactivo.<\/p><p data-start=\"1116\" data-end=\"1241\">\u00a0<\/p><p data-start=\"1116\" data-end=\"1241\">Barcelona, 27 de octubre de 2023<\/p><p data-start=\"1284\" data-end=\"1302\">Director General<\/p>\t\t\t\t\t\t\t\t<\/div>\n\t\t\t\t<div class=\"elementor-element elementor-element-9cfa77d elementor-widget elementor-widget-image\" data-id=\"9cfa77d\" data-element_type=\"widget\" data-widget_type=\"image.default\">\n\t\t\t\t\t\t\t\t\t\t\t\t\t\t\t<img decoding=\"async\" width=\"300\" height=\"126\" src=\"https:\/\/www.monlau.com\/app\/uploads\/sites\/3\/2026\/02\/Logo-ESOBAT-FP-1-300x126.png\" class=\"attachment-medium size-medium wp-image-1837\" alt=\"\" srcset=\"https:\/\/www.monlau.com\/app\/uploads\/sites\/3\/2026\/02\/Logo-ESOBAT-FP-1-300x126.png 300w, https:\/\/www.monlau.com\/app\/uploads\/sites\/3\/2026\/02\/Logo-ESOBAT-FP-1.png 600w\" sizes=\"(max-width: 300px) 100vw, 300px\" \/>\t\t\t\t\t\t\t\t\t\t\t\t\t\t\t<\/div>\n\t\t\t\t\t<\/div>\n\t\t\t\t<\/div>\n\t\t\t\t<\/div>\n\t\t","protected":false},"excerpt":{"rendered":"<p>Pol\u00edtica de compras Los tipos de proveedores de que dispone el Centre d\u2019Estudis MONLAU son los siguientes: Proveedores de material escolar Herramientas y material fungible de taller Vestimenta alumnos y personal Gas para soldadura Material de oficina Material el\u00e9ctrico Proveedores de servicios Comedor alumnos y personal Transporte alumnos Limpieza de edificios Proveedores de mantenimiento Mobiliario [&hellip;]<\/p>\n","protected":false},"author":1,"featured_media":0,"parent":0,"menu_order":0,"comment_status":"closed","ping_status":"closed","template":"elementor_header_footer","meta":{"footnotes":""},"class_list":["post-1835","page","type-page","status-publish","hentry"],"yoast_head":"<!-- This site is optimized with the Yoast SEO plugin v27.2 - https:\/\/yoast.com\/product\/yoast-seo-wordpress\/ -->\n<title>Pol\u00edtica de compras - Formaci\u00f3n profesional<\/title>\n<meta name=\"robots\" content=\"index, follow, max-snippet:-1, max-image-preview:large, max-video-preview:-1\" \/>\n<link rel=\"canonical\" href=\"https:\/\/www.monlau.com\/fp\/politica-de-compras\/\" \/>\n<meta property=\"og:locale\" content=\"es_ES\" \/>\n<meta property=\"og:type\" content=\"article\" \/>\n<meta property=\"og:title\" content=\"Pol\u00edtica de compras - Formaci\u00f3n profesional\" \/>\n<meta property=\"og:description\" content=\"Pol\u00edtica de compras Los tipos de proveedores de que dispone el Centre d\u2019Estudis MONLAU son los siguientes: Proveedores de material escolar Herramientas y material fungible de taller Vestimenta alumnos y personal Gas para soldadura Material de oficina Material el\u00e9ctrico Proveedores de servicios Comedor alumnos y personal Transporte alumnos Limpieza de edificios Proveedores de mantenimiento Mobiliario [&hellip;]\" \/>\n<meta property=\"og:url\" content=\"https:\/\/www.monlau.com\/fp\/politica-de-compras\/\" \/>\n<meta property=\"og:site_name\" content=\"Formaci\u00f3n profesional\" \/>\n<meta property=\"article:modified_time\" content=\"2026-02-23T09:13:02+00:00\" \/>\n<meta property=\"og:image\" content=\"https:\/\/www.monlau.com\/app\/uploads\/sites\/3\/2026\/02\/Logo-ESOBAT-FP-1.png\" \/>\n\t<meta property=\"og:image:width\" content=\"600\" \/>\n\t<meta property=\"og:image:height\" content=\"252\" \/>\n\t<meta property=\"og:image:type\" content=\"image\/png\" \/>\n<meta name=\"twitter:card\" content=\"summary_large_image\" \/>\n<meta name=\"twitter:label1\" content=\"Tiempo de lectura\" \/>\n\t<meta name=\"twitter:data1\" content=\"1 minuto\" \/>\n<script type=\"application\/ld+json\" class=\"yoast-schema-graph\">{\"@context\":\"https:\/\/schema.org\",\"@graph\":[{\"@type\":\"WebPage\",\"@id\":\"https:\/\/www.monlau.com\/fp\/politica-de-compras\/\",\"url\":\"https:\/\/www.monlau.com\/fp\/politica-de-compras\/\",\"name\":\"Pol\u00edtica de compras - Formaci\u00f3n profesional\",\"isPartOf\":{\"@id\":\"https:\/\/www.monlau.com\/fp\/#website\"},\"primaryImageOfPage\":{\"@id\":\"https:\/\/www.monlau.com\/fp\/politica-de-compras\/#primaryimage\"},\"image\":{\"@id\":\"https:\/\/www.monlau.com\/fp\/politica-de-compras\/#primaryimage\"},\"thumbnailUrl\":\"https:\/\/www.monlau.com\/app\/uploads\/sites\/3\/2026\/02\/Logo-ESOBAT-FP-1-300x126.png\",\"datePublished\":\"2026-02-23T09:02:31+00:00\",\"dateModified\":\"2026-02-23T09:13:02+00:00\",\"breadcrumb\":{\"@id\":\"https:\/\/www.monlau.com\/fp\/politica-de-compras\/#breadcrumb\"},\"inLanguage\":\"es\",\"potentialAction\":[{\"@type\":\"ReadAction\",\"target\":[\"https:\/\/www.monlau.com\/fp\/politica-de-compras\/\"]}]},{\"@type\":\"ImageObject\",\"inLanguage\":\"es\",\"@id\":\"https:\/\/www.monlau.com\/fp\/politica-de-compras\/#primaryimage\",\"url\":\"https:\/\/www.monlau.com\/app\/uploads\/sites\/3\/2026\/02\/Logo-ESOBAT-FP-1-300x126.png\",\"contentUrl\":\"https:\/\/www.monlau.com\/app\/uploads\/sites\/3\/2026\/02\/Logo-ESOBAT-FP-1-300x126.png\"},{\"@type\":\"BreadcrumbList\",\"@id\":\"https:\/\/www.monlau.com\/fp\/politica-de-compras\/#breadcrumb\",\"itemListElement\":[{\"@type\":\"ListItem\",\"position\":1,\"name\":\"Portada\",\"item\":\"https:\/\/www.monlau.com\/fp\/\"},{\"@type\":\"ListItem\",\"position\":2,\"name\":\"Pol\u00edtica de compras\"}]},{\"@type\":\"WebSite\",\"@id\":\"https:\/\/www.monlau.com\/fp\/#website\",\"url\":\"https:\/\/www.monlau.com\/fp\/\",\"name\":\"Formaci\u00f3n profesional\",\"description\":\"Monlau\",\"publisher\":{\"@id\":\"https:\/\/www.monlau.com\/fp\/#organization\"},\"potentialAction\":[{\"@type\":\"SearchAction\",\"target\":{\"@type\":\"EntryPoint\",\"urlTemplate\":\"https:\/\/www.monlau.com\/fp\/?s={search_term_string}\"},\"query-input\":{\"@type\":\"PropertyValueSpecification\",\"valueRequired\":true,\"valueName\":\"search_term_string\"}}],\"inLanguage\":\"es\"},{\"@type\":\"Organization\",\"@id\":\"https:\/\/www.monlau.com\/fp\/#organization\",\"name\":\"Formaci\u00f3n profesional\",\"url\":\"https:\/\/www.monlau.com\/fp\/\",\"logo\":{\"@type\":\"ImageObject\",\"inLanguage\":\"es\",\"@id\":\"https:\/\/www.monlau.com\/fp\/#\/schema\/logo\/image\/\",\"url\":\"https:\/\/www.monlau.com\/app\/uploads\/sites\/3\/2026\/01\/fp.png\",\"contentUrl\":\"https:\/\/www.monlau.com\/app\/uploads\/sites\/3\/2026\/01\/fp.png\",\"width\":1024,\"height\":878,\"caption\":\"Formaci\u00f3n profesional\"},\"image\":{\"@id\":\"https:\/\/www.monlau.com\/fp\/#\/schema\/logo\/image\/\"}}]}<\/script>\n<!-- \/ Yoast SEO plugin. -->","yoast_head_json":{"title":"Pol\u00edtica de compras - Formaci\u00f3n profesional","robots":{"index":"index","follow":"follow","max-snippet":"max-snippet:-1","max-image-preview":"max-image-preview:large","max-video-preview":"max-video-preview:-1"},"canonical":"https:\/\/www.monlau.com\/fp\/politica-de-compras\/","og_locale":"es_ES","og_type":"article","og_title":"Pol\u00edtica de compras - Formaci\u00f3n profesional","og_description":"Pol\u00edtica de compras Los tipos de proveedores de que dispone el Centre d\u2019Estudis MONLAU son los siguientes: Proveedores de material escolar Herramientas y material fungible de taller Vestimenta alumnos y personal Gas para soldadura Material de oficina Material el\u00e9ctrico Proveedores de servicios Comedor alumnos y personal Transporte alumnos Limpieza de edificios Proveedores de mantenimiento Mobiliario [&hellip;]","og_url":"https:\/\/www.monlau.com\/fp\/politica-de-compras\/","og_site_name":"Formaci\u00f3n profesional","article_modified_time":"2026-02-23T09:13:02+00:00","og_image":[{"width":600,"height":252,"url":"https:\/\/www.monlau.com\/app\/uploads\/sites\/3\/2026\/02\/Logo-ESOBAT-FP-1.png","type":"image\/png"}],"twitter_card":"summary_large_image","twitter_misc":{"Tiempo de lectura":"1 minuto"},"schema":{"@context":"https:\/\/schema.org","@graph":[{"@type":"WebPage","@id":"https:\/\/www.monlau.com\/fp\/politica-de-compras\/","url":"https:\/\/www.monlau.com\/fp\/politica-de-compras\/","name":"Pol\u00edtica de compras - Formaci\u00f3n profesional","isPartOf":{"@id":"https:\/\/www.monlau.com\/fp\/#website"},"primaryImageOfPage":{"@id":"https:\/\/www.monlau.com\/fp\/politica-de-compras\/#primaryimage"},"image":{"@id":"https:\/\/www.monlau.com\/fp\/politica-de-compras\/#primaryimage"},"thumbnailUrl":"https:\/\/www.monlau.com\/app\/uploads\/sites\/3\/2026\/02\/Logo-ESOBAT-FP-1-300x126.png","datePublished":"2026-02-23T09:02:31+00:00","dateModified":"2026-02-23T09:13:02+00:00","breadcrumb":{"@id":"https:\/\/www.monlau.com\/fp\/politica-de-compras\/#breadcrumb"},"inLanguage":"es","potentialAction":[{"@type":"ReadAction","target":["https:\/\/www.monlau.com\/fp\/politica-de-compras\/"]}]},{"@type":"ImageObject","inLanguage":"es","@id":"https:\/\/www.monlau.com\/fp\/politica-de-compras\/#primaryimage","url":"https:\/\/www.monlau.com\/app\/uploads\/sites\/3\/2026\/02\/Logo-ESOBAT-FP-1-300x126.png","contentUrl":"https:\/\/www.monlau.com\/app\/uploads\/sites\/3\/2026\/02\/Logo-ESOBAT-FP-1-300x126.png"},{"@type":"BreadcrumbList","@id":"https:\/\/www.monlau.com\/fp\/politica-de-compras\/#breadcrumb","itemListElement":[{"@type":"ListItem","position":1,"name":"Portada","item":"https:\/\/www.monlau.com\/fp\/"},{"@type":"ListItem","position":2,"name":"Pol\u00edtica de compras"}]},{"@type":"WebSite","@id":"https:\/\/www.monlau.com\/fp\/#website","url":"https:\/\/www.monlau.com\/fp\/","name":"Formaci\u00f3n profesional","description":"Monlau","publisher":{"@id":"https:\/\/www.monlau.com\/fp\/#organization"},"potentialAction":[{"@type":"SearchAction","target":{"@type":"EntryPoint","urlTemplate":"https:\/\/www.monlau.com\/fp\/?s={search_term_string}"},"query-input":{"@type":"PropertyValueSpecification","valueRequired":true,"valueName":"search_term_string"}}],"inLanguage":"es"},{"@type":"Organization","@id":"https:\/\/www.monlau.com\/fp\/#organization","name":"Formaci\u00f3n profesional","url":"https:\/\/www.monlau.com\/fp\/","logo":{"@type":"ImageObject","inLanguage":"es","@id":"https:\/\/www.monlau.com\/fp\/#\/schema\/logo\/image\/","url":"https:\/\/www.monlau.com\/app\/uploads\/sites\/3\/2026\/01\/fp.png","contentUrl":"https:\/\/www.monlau.com\/app\/uploads\/sites\/3\/2026\/01\/fp.png","width":1024,"height":878,"caption":"Formaci\u00f3n profesional"},"image":{"@id":"https:\/\/www.monlau.com\/fp\/#\/schema\/logo\/image\/"}}]}},"_links":{"self":[{"href":"https:\/\/www.monlau.com\/fp\/wp-json\/wp\/v2\/pages\/1835","targetHints":{"allow":["GET"]}}],"collection":[{"href":"https:\/\/www.monlau.com\/fp\/wp-json\/wp\/v2\/pages"}],"about":[{"href":"https:\/\/www.monlau.com\/fp\/wp-json\/wp\/v2\/types\/page"}],"author":[{"embeddable":true,"href":"https:\/\/www.monlau.com\/fp\/wp-json\/wp\/v2\/users\/1"}],"replies":[{"embeddable":true,"href":"https:\/\/www.monlau.com\/fp\/wp-json\/wp\/v2\/comments?post=1835"}],"version-history":[{"count":5,"href":"https:\/\/www.monlau.com\/fp\/wp-json\/wp\/v2\/pages\/1835\/revisions"}],"predecessor-version":[{"id":1852,"href":"https:\/\/www.monlau.com\/fp\/wp-json\/wp\/v2\/pages\/1835\/revisions\/1852"}],"wp:attachment":[{"href":"https:\/\/www.monlau.com\/fp\/wp-json\/wp\/v2\/media?parent=1835"}],"curies":[{"name":"wp","href":"https:\/\/api.w.org\/{rel}","templated":true}]}}