{"id":1829,"date":"2026-02-23T09:59:49","date_gmt":"2026-02-23T08:59:49","guid":{"rendered":"https:\/\/www.monlau.com\/formacion-profesional\/?page_id=1829"},"modified":"2026-02-23T10:18:34","modified_gmt":"2026-02-23T09:18:34","slug":"politica-de-calidad","status":"publish","type":"page","link":"https:\/\/www.monlau.com\/fp\/politica-de-calidad\/","title":{"rendered":"Pol\u00edtica de calidad"},"content":{"rendered":"\t\t<div data-elementor-type=\"wp-page\" data-elementor-id=\"1829\" class=\"elementor elementor-1829\" data-elementor-post-type=\"page\">\n\t\t\t\t<div class=\"elementor-element elementor-element-85228b5 e-flex e-con-boxed e-con e-parent\" data-id=\"85228b5\" data-element_type=\"container\">\n\t\t\t\t\t<div class=\"e-con-inner\">\n\t\t\t\t<div class=\"elementor-element elementor-element-3eeb1d6 elementor-widget elementor-widget-heading\" data-id=\"3eeb1d6\" data-element_type=\"widget\" data-widget_type=\"heading.default\">\n\t\t\t\t\t<h2 class=\"elementor-heading-title elementor-size-default\"><b>Pol\u00edtica de calidad<\/b><\/h2>\t\t\t\t<\/div>\n\t\t\t\t\t<\/div>\n\t\t\t\t<\/div>\n\t\t<div class=\"elementor-element elementor-element-68fcf87 e-flex e-con-boxed e-con e-parent\" data-id=\"68fcf87\" data-element_type=\"container\">\n\t\t\t\t\t<div class=\"e-con-inner\">\n\t\t\t\t<div class=\"elementor-element elementor-element-eb182b6 elementor-widget elementor-widget-text-editor\" data-id=\"eb182b6\" data-element_type=\"widget\" data-widget_type=\"text-editor.default\">\n\t\t\t\t\t\t\t\t\t<p>El C.E. Monlau tiene implantado un Sistema de Gesti\u00f3n de la Calidad\u00a0 dentro del marco de actuaci\u00f3n de la Norma ISO 9001:2015, con el objetivo de garantizar la satisfacci\u00f3n de alumnos, padres y colaboradores externos, la sensibilizaci\u00f3n y motivaci\u00f3n del personal del centro y la adecuada formaci\u00f3n acad\u00e9mica y personal de sus alumnos.<\/p><p>\u00a0<\/p><p>Para alcanzar y mantener este objetivo de manera eficaz, el C.E. Monlau:<\/p><p>\u00a0<\/p><ul><li>Ha establecido y asegura unos canales de comunicaci\u00f3n interna que permiten la transmisi\u00f3n de informaci\u00f3n del SGC y se potencia la aportaci\u00f3n de sugerencias y mejoras por parte del personal del centro.<\/li><li>Proporciona la formaci\u00f3n necesaria para que todo el personal del centro se sienta implicado en el Sistema de Gesti\u00f3n de la Calidad y pueda valorar los beneficios del mismo en la mejora de su puesto de trabajo.<\/li><li>Cumple los requisitos legales aplicables, normativas y reglamentaciones vigentes.<\/li><li>Otorga una gran importancia a la adquisici\u00f3n de destrezas cognitivas, de planificaci\u00f3n, direcci\u00f3n y regulaci\u00f3n de la propia actividad tanto en el alumnado como en el personal.<\/li><li>Enfatiza y potencia la formaci\u00f3n intelectual y humana del alumnado en todas las parcelas, como necesidad y expectativa principal para su futura incorporaci\u00f3n en el mundo laboral.<\/li><li>Eval\u00faa y realiza el seguimiento de la satisfacci\u00f3n del alumnado y sus familias dando respuesta inmediata a sus sugerencias y reclamaciones.<\/li><li>Eval\u00faa permanente y sistem\u00e1ticamente la organizaci\u00f3n para mejorar la calidad de los procesos.<\/li><li>Se sensibiliza con todos los cambios sociales y tecnol\u00f3gicos que se producen continuamente, adecuando sus estructuras y flexibiliz\u00e1ndolas para optimizar el ritmo cambiante de nuestra sociedad. En este sentido se implica de una forma activa en el aprendizaje y la aplicaci\u00f3n de las TIC tanto entre el personal como entre el alumnado, utilizando la web, la intranet y los nuevos recursos metodol\u00f3gicos que permiten estas estrategias.<\/li><li>Cree en, fomenta y estimula la innovaci\u00f3n y las iniciativas emprendedoras entre los alumnos del centro durante y despu\u00e9s de la formaci\u00f3n acad\u00e9mica, creando un espacio de consulta y asesoramiento a iniciativas empresariales seleccionadas entre los proyectos de final de etapa de los ciclos formativos de grado superior.<\/li><li>Da mucha importancia a la continua incorporaci\u00f3n de los cambios metodol\u00f3gicos que se producen en el \u00e1mbito de la educaci\u00f3n. Favorece la experimentaci\u00f3n y la innovaci\u00f3n metodol\u00f3gica para adecuar la pr\u00e1ctica docente a los nuevos enfoques en ense\u00f1anza y en aprendizaje a la luz de los nuevos conocimientos sobre el funcionamiento del cerebro y de la cognici\u00f3n.<\/li><li>Elabora, aplica, eval\u00faa y revisa un plan estrat\u00e9gico, a lo largo de tres cursos, enfocado a la mejora continua de la pr\u00e1ctica docente y de la organizaci\u00f3n cuyos ejes estrat\u00e9gicos son:<\/li><li>Consolidaci\u00f3n de un modelo pedag\u00f3gico propio<\/li><li>Crecimiento de alumnos y sinergias con el sector educativo<\/li><li>Alineaci\u00f3n de procesos de gesti\u00f3n<\/li><li>Comunidad l\u00edder y colaborativa<\/li><\/ul><p>Barcelona a 27 de Octubre de 2023<\/p><p>Director General<\/p>\t\t\t\t\t\t\t\t<\/div>\n\t\t\t\t<div class=\"elementor-element elementor-element-0baa1ad elementor-widget elementor-widget-image\" data-id=\"0baa1ad\" data-element_type=\"widget\" data-widget_type=\"image.default\">\n\t\t\t\t\t\t\t\t\t\t\t\t\t\t\t<img decoding=\"async\" width=\"300\" height=\"126\" src=\"https:\/\/www.monlau.com\/app\/uploads\/sites\/3\/2026\/02\/Logo-ESOBAT-FP-300x126.png\" class=\"attachment-medium size-medium wp-image-1831\" alt=\"\" srcset=\"https:\/\/www.monlau.com\/app\/uploads\/sites\/3\/2026\/02\/Logo-ESOBAT-FP-300x126.png 300w, https:\/\/www.monlau.com\/app\/uploads\/sites\/3\/2026\/02\/Logo-ESOBAT-FP.png 600w\" sizes=\"(max-width: 300px) 100vw, 300px\" \/>\t\t\t\t\t\t\t\t\t\t\t\t\t\t\t<\/div>\n\t\t\t\t\t<\/div>\n\t\t\t\t<\/div>\n\t\t\t\t<\/div>\n\t\t","protected":false},"excerpt":{"rendered":"<p>Pol\u00edtica de calidad El C.E. Monlau tiene implantado un Sistema de Gesti\u00f3n de la Calidad\u00a0 dentro del marco de actuaci\u00f3n de la Norma ISO 9001:2015, con el objetivo de garantizar la satisfacci\u00f3n de alumnos, padres y colaboradores externos, la sensibilizaci\u00f3n y motivaci\u00f3n del personal del centro y la adecuada formaci\u00f3n acad\u00e9mica y personal de sus [&hellip;]<\/p>\n","protected":false},"author":1,"featured_media":0,"parent":0,"menu_order":0,"comment_status":"closed","ping_status":"closed","template":"elementor_header_footer","meta":{"footnotes":""},"class_list":["post-1829","page","type-page","status-publish","hentry"],"yoast_head":"<!-- This site is optimized with the Yoast SEO plugin v27.2 - https:\/\/yoast.com\/product\/yoast-seo-wordpress\/ -->\n<title>Pol\u00edtica de calidad - Formaci\u00f3n profesional<\/title>\n<meta name=\"robots\" content=\"index, follow, max-snippet:-1, max-image-preview:large, max-video-preview:-1\" \/>\n<link rel=\"canonical\" href=\"https:\/\/www.monlau.com\/fp\/politica-de-calidad\/\" \/>\n<meta property=\"og:locale\" content=\"es_ES\" \/>\n<meta property=\"og:type\" content=\"article\" \/>\n<meta property=\"og:title\" content=\"Pol\u00edtica de calidad - Formaci\u00f3n profesional\" \/>\n<meta property=\"og:description\" content=\"Pol\u00edtica de calidad El C.E. Monlau tiene implantado un Sistema de Gesti\u00f3n de la Calidad\u00a0 dentro del marco de actuaci\u00f3n de la Norma ISO 9001:2015, con el objetivo de garantizar la satisfacci\u00f3n de alumnos, padres y colaboradores externos, la sensibilizaci\u00f3n y motivaci\u00f3n del personal del centro y la adecuada formaci\u00f3n acad\u00e9mica y personal de sus [&hellip;]\" \/>\n<meta property=\"og:url\" content=\"https:\/\/www.monlau.com\/fp\/politica-de-calidad\/\" \/>\n<meta property=\"og:site_name\" content=\"Formaci\u00f3n profesional\" \/>\n<meta property=\"article:modified_time\" content=\"2026-02-23T09:18:34+00:00\" \/>\n<meta property=\"og:image\" content=\"https:\/\/www.monlau.com\/app\/uploads\/sites\/3\/2026\/02\/Logo-ESOBAT-FP.png\" \/>\n\t<meta property=\"og:image:width\" content=\"600\" \/>\n\t<meta property=\"og:image:height\" content=\"252\" \/>\n\t<meta property=\"og:image:type\" content=\"image\/png\" \/>\n<meta name=\"twitter:card\" content=\"summary_large_image\" \/>\n<meta name=\"twitter:label1\" content=\"Tiempo de lectura\" \/>\n\t<meta name=\"twitter:data1\" content=\"3 minutos\" \/>\n<script type=\"application\/ld+json\" class=\"yoast-schema-graph\">{\"@context\":\"https:\/\/schema.org\",\"@graph\":[{\"@type\":\"WebPage\",\"@id\":\"https:\/\/www.monlau.com\/fp\/politica-de-calidad\/\",\"url\":\"https:\/\/www.monlau.com\/fp\/politica-de-calidad\/\",\"name\":\"Pol\u00edtica de calidad - Formaci\u00f3n profesional\",\"isPartOf\":{\"@id\":\"https:\/\/www.monlau.com\/fp\/#website\"},\"primaryImageOfPage\":{\"@id\":\"https:\/\/www.monlau.com\/fp\/politica-de-calidad\/#primaryimage\"},\"image\":{\"@id\":\"https:\/\/www.monlau.com\/fp\/politica-de-calidad\/#primaryimage\"},\"thumbnailUrl\":\"https:\/\/www.monlau.com\/app\/uploads\/sites\/3\/2026\/02\/Logo-ESOBAT-FP-300x126.png\",\"datePublished\":\"2026-02-23T08:59:49+00:00\",\"dateModified\":\"2026-02-23T09:18:34+00:00\",\"breadcrumb\":{\"@id\":\"https:\/\/www.monlau.com\/fp\/politica-de-calidad\/#breadcrumb\"},\"inLanguage\":\"es\",\"potentialAction\":[{\"@type\":\"ReadAction\",\"target\":[\"https:\/\/www.monlau.com\/fp\/politica-de-calidad\/\"]}]},{\"@type\":\"ImageObject\",\"inLanguage\":\"es\",\"@id\":\"https:\/\/www.monlau.com\/fp\/politica-de-calidad\/#primaryimage\",\"url\":\"https:\/\/www.monlau.com\/app\/uploads\/sites\/3\/2026\/02\/Logo-ESOBAT-FP-300x126.png\",\"contentUrl\":\"https:\/\/www.monlau.com\/app\/uploads\/sites\/3\/2026\/02\/Logo-ESOBAT-FP-300x126.png\"},{\"@type\":\"BreadcrumbList\",\"@id\":\"https:\/\/www.monlau.com\/fp\/politica-de-calidad\/#breadcrumb\",\"itemListElement\":[{\"@type\":\"ListItem\",\"position\":1,\"name\":\"Portada\",\"item\":\"https:\/\/www.monlau.com\/fp\/\"},{\"@type\":\"ListItem\",\"position\":2,\"name\":\"Pol\u00edtica de calidad\"}]},{\"@type\":\"WebSite\",\"@id\":\"https:\/\/www.monlau.com\/fp\/#website\",\"url\":\"https:\/\/www.monlau.com\/fp\/\",\"name\":\"Formaci\u00f3n profesional\",\"description\":\"Monlau\",\"publisher\":{\"@id\":\"https:\/\/www.monlau.com\/fp\/#organization\"},\"potentialAction\":[{\"@type\":\"SearchAction\",\"target\":{\"@type\":\"EntryPoint\",\"urlTemplate\":\"https:\/\/www.monlau.com\/fp\/?s={search_term_string}\"},\"query-input\":{\"@type\":\"PropertyValueSpecification\",\"valueRequired\":true,\"valueName\":\"search_term_string\"}}],\"inLanguage\":\"es\"},{\"@type\":\"Organization\",\"@id\":\"https:\/\/www.monlau.com\/fp\/#organization\",\"name\":\"Formaci\u00f3n profesional\",\"url\":\"https:\/\/www.monlau.com\/fp\/\",\"logo\":{\"@type\":\"ImageObject\",\"inLanguage\":\"es\",\"@id\":\"https:\/\/www.monlau.com\/fp\/#\/schema\/logo\/image\/\",\"url\":\"https:\/\/www.monlau.com\/app\/uploads\/sites\/3\/2026\/01\/fp.png\",\"contentUrl\":\"https:\/\/www.monlau.com\/app\/uploads\/sites\/3\/2026\/01\/fp.png\",\"width\":1024,\"height\":878,\"caption\":\"Formaci\u00f3n profesional\"},\"image\":{\"@id\":\"https:\/\/www.monlau.com\/fp\/#\/schema\/logo\/image\/\"}}]}<\/script>\n<!-- \/ Yoast SEO plugin. -->","yoast_head_json":{"title":"Pol\u00edtica de calidad - Formaci\u00f3n profesional","robots":{"index":"index","follow":"follow","max-snippet":"max-snippet:-1","max-image-preview":"max-image-preview:large","max-video-preview":"max-video-preview:-1"},"canonical":"https:\/\/www.monlau.com\/fp\/politica-de-calidad\/","og_locale":"es_ES","og_type":"article","og_title":"Pol\u00edtica de calidad - Formaci\u00f3n profesional","og_description":"Pol\u00edtica de calidad El C.E. Monlau tiene implantado un Sistema de Gesti\u00f3n de la Calidad\u00a0 dentro del marco de actuaci\u00f3n de la Norma ISO 9001:2015, con el objetivo de garantizar la satisfacci\u00f3n de alumnos, padres y colaboradores externos, la sensibilizaci\u00f3n y motivaci\u00f3n del personal del centro y la adecuada formaci\u00f3n acad\u00e9mica y personal de sus [&hellip;]","og_url":"https:\/\/www.monlau.com\/fp\/politica-de-calidad\/","og_site_name":"Formaci\u00f3n profesional","article_modified_time":"2026-02-23T09:18:34+00:00","og_image":[{"width":600,"height":252,"url":"https:\/\/www.monlau.com\/app\/uploads\/sites\/3\/2026\/02\/Logo-ESOBAT-FP.png","type":"image\/png"}],"twitter_card":"summary_large_image","twitter_misc":{"Tiempo de lectura":"3 minutos"},"schema":{"@context":"https:\/\/schema.org","@graph":[{"@type":"WebPage","@id":"https:\/\/www.monlau.com\/fp\/politica-de-calidad\/","url":"https:\/\/www.monlau.com\/fp\/politica-de-calidad\/","name":"Pol\u00edtica de calidad - Formaci\u00f3n profesional","isPartOf":{"@id":"https:\/\/www.monlau.com\/fp\/#website"},"primaryImageOfPage":{"@id":"https:\/\/www.monlau.com\/fp\/politica-de-calidad\/#primaryimage"},"image":{"@id":"https:\/\/www.monlau.com\/fp\/politica-de-calidad\/#primaryimage"},"thumbnailUrl":"https:\/\/www.monlau.com\/app\/uploads\/sites\/3\/2026\/02\/Logo-ESOBAT-FP-300x126.png","datePublished":"2026-02-23T08:59:49+00:00","dateModified":"2026-02-23T09:18:34+00:00","breadcrumb":{"@id":"https:\/\/www.monlau.com\/fp\/politica-de-calidad\/#breadcrumb"},"inLanguage":"es","potentialAction":[{"@type":"ReadAction","target":["https:\/\/www.monlau.com\/fp\/politica-de-calidad\/"]}]},{"@type":"ImageObject","inLanguage":"es","@id":"https:\/\/www.monlau.com\/fp\/politica-de-calidad\/#primaryimage","url":"https:\/\/www.monlau.com\/app\/uploads\/sites\/3\/2026\/02\/Logo-ESOBAT-FP-300x126.png","contentUrl":"https:\/\/www.monlau.com\/app\/uploads\/sites\/3\/2026\/02\/Logo-ESOBAT-FP-300x126.png"},{"@type":"BreadcrumbList","@id":"https:\/\/www.monlau.com\/fp\/politica-de-calidad\/#breadcrumb","itemListElement":[{"@type":"ListItem","position":1,"name":"Portada","item":"https:\/\/www.monlau.com\/fp\/"},{"@type":"ListItem","position":2,"name":"Pol\u00edtica de calidad"}]},{"@type":"WebSite","@id":"https:\/\/www.monlau.com\/fp\/#website","url":"https:\/\/www.monlau.com\/fp\/","name":"Formaci\u00f3n profesional","description":"Monlau","publisher":{"@id":"https:\/\/www.monlau.com\/fp\/#organization"},"potentialAction":[{"@type":"SearchAction","target":{"@type":"EntryPoint","urlTemplate":"https:\/\/www.monlau.com\/fp\/?s={search_term_string}"},"query-input":{"@type":"PropertyValueSpecification","valueRequired":true,"valueName":"search_term_string"}}],"inLanguage":"es"},{"@type":"Organization","@id":"https:\/\/www.monlau.com\/fp\/#organization","name":"Formaci\u00f3n profesional","url":"https:\/\/www.monlau.com\/fp\/","logo":{"@type":"ImageObject","inLanguage":"es","@id":"https:\/\/www.monlau.com\/fp\/#\/schema\/logo\/image\/","url":"https:\/\/www.monlau.com\/app\/uploads\/sites\/3\/2026\/01\/fp.png","contentUrl":"https:\/\/www.monlau.com\/app\/uploads\/sites\/3\/2026\/01\/fp.png","width":1024,"height":878,"caption":"Formaci\u00f3n profesional"},"image":{"@id":"https:\/\/www.monlau.com\/fp\/#\/schema\/logo\/image\/"}}]}},"_links":{"self":[{"href":"https:\/\/www.monlau.com\/fp\/wp-json\/wp\/v2\/pages\/1829","targetHints":{"allow":["GET"]}}],"collection":[{"href":"https:\/\/www.monlau.com\/fp\/wp-json\/wp\/v2\/pages"}],"about":[{"href":"https:\/\/www.monlau.com\/fp\/wp-json\/wp\/v2\/types\/page"}],"author":[{"embeddable":true,"href":"https:\/\/www.monlau.com\/fp\/wp-json\/wp\/v2\/users\/1"}],"replies":[{"embeddable":true,"href":"https:\/\/www.monlau.com\/fp\/wp-json\/wp\/v2\/comments?post=1829"}],"version-history":[{"count":11,"href":"https:\/\/www.monlau.com\/fp\/wp-json\/wp\/v2\/pages\/1829\/revisions"}],"predecessor-version":[{"id":1864,"href":"https:\/\/www.monlau.com\/fp\/wp-json\/wp\/v2\/pages\/1829\/revisions\/1864"}],"wp:attachment":[{"href":"https:\/\/www.monlau.com\/fp\/wp-json\/wp\/v2\/media?parent=1829"}],"curies":[{"name":"wp","href":"https:\/\/api.w.org\/{rel}","templated":true}]}}