{"id":1654,"date":"2026-02-16T13:46:55","date_gmt":"2026-02-16T12:46:55","guid":{"rendered":"https:\/\/www.monlau.com\/formacion-profesional\/?page_id=1654"},"modified":"2026-02-26T09:22:05","modified_gmt":"2026-02-26T08:22:05","slug":"punto-de-informacion-y-orientacion-pio","status":"publish","type":"page","link":"https:\/\/www.monlau.com\/fp\/punto-de-informacion-y-orientacion-pio\/","title":{"rendered":"Punto de Informaci\u00f3n y Orientaci\u00f3n (PIO)"},"content":{"rendered":"\t\t<div data-elementor-type=\"wp-page\" data-elementor-id=\"1654\" class=\"elementor elementor-1654\" data-elementor-post-type=\"page\">\n\t\t\t\t<div class=\"elementor-element elementor-element-641cf97 e-flex e-con-boxed e-con e-parent\" data-id=\"641cf97\" data-element_type=\"container\" data-settings=\"{&quot;background_background&quot;:&quot;classic&quot;}\">\n\t\t\t\t\t<div class=\"e-con-inner\">\n\t\t\t\t<div class=\"elementor-element elementor-element-db65742 elementor-widget__width-initial elementor-widget elementor-widget-text-editor\" data-id=\"db65742\" data-element_type=\"widget\" data-widget_type=\"text-editor.default\">\n\t\t\t\t\t\t\t\t\t<h1>Punto de <b>Informaci\u00f3n <\/b>y<b> Orientaci\u00f3n <\/b>(PIO)<\/h1>\t\t\t\t\t\t\t\t<\/div>\n\t\t\t\t\t<\/div>\n\t\t\t\t<\/div>\n\t\t<div class=\"elementor-element elementor-element-453e281 e-flex e-con-boxed e-con e-parent\" data-id=\"453e281\" data-element_type=\"container\">\n\t\t\t\t\t<div class=\"e-con-inner\">\n\t\t<div class=\"elementor-element elementor-element-d7119c7 e-con-full e-flex elementor-invisible e-con e-child\" data-id=\"d7119c7\" data-element_type=\"container\" data-settings=\"{&quot;animation&quot;:&quot;fadeInRight&quot;,&quot;background_background&quot;:&quot;classic&quot;}\">\n\t\t\t\t<\/div>\n\t\t<div class=\"elementor-element elementor-element-c353927 e-con-full e-flex elementor-invisible e-con e-child\" data-id=\"c353927\" data-element_type=\"container\" data-settings=\"{&quot;animation&quot;:&quot;fadeInLeft&quot;}\">\n\t\t\t\t<div class=\"elementor-element elementor-element-2af6e5c elementor-widget elementor-widget-heading\" data-id=\"2af6e5c\" data-element_type=\"widget\" data-widget_type=\"heading.default\">\n\t\t\t\t\t<h2 class=\"elementor-heading-title elementor-size-default\">Asesoramiento para tu  <span style=\"color: #08539D\"><b>futuro profesional<\/b><\/span><\/h2>\t\t\t\t<\/div>\n\t\t\t\t<div class=\"elementor-element elementor-element-a8dde20 elementor-widget elementor-widget-text-editor\" data-id=\"a8dde20\" data-element_type=\"widget\" data-widget_type=\"text-editor.default\">\n\t\t\t\t\t\t\t\t\t<p>Monlau es <b>Punto de Informaci\u00f3n y Orientaci\u00f3n (PIO)<\/b> del <b>Servicio de Acreditaci\u00f3n de Competencias Profesionales<\/b> del Sistema FPCAT (Generalitat de Catalunya). En la pr\u00e1ctica, esto significa que puedes venir a nuestras instalaciones para recibir <b>informaci\u00f3n y orientaci\u00f3n<\/b> y resolver dudas antes de tomar decisiones sobre tu futuro formativo y profesional.\u00a0<\/p><p>\u00a0<\/p><p>Si no tienes claro <b>qu\u00e9 grado cursar<\/b>, te ayudamos a identificar la opci\u00f3n que mejor encaja contigo: seg\u00fan tus intereses, tu experiencia previa y tus objetivos (seguir estudiando, especializarte o incorporarte al mercado laboral).<\/p>\t\t\t\t\t\t\t\t<\/div>\n\t\t\t\t<\/div>\n\t\t\t\t\t<\/div>\n\t\t\t\t<\/div>\n\t\t<div class=\"elementor-element elementor-element-6b5307c e-flex e-con-boxed e-con e-parent\" data-id=\"6b5307c\" data-element_type=\"container\">\n\t\t\t\t\t<div class=\"e-con-inner\">\n\t\t\t\t<div class=\"elementor-element elementor-element-fe54906 elementor-widget elementor-widget-heading\" data-id=\"fe54906\" data-element_type=\"widget\" data-widget_type=\"heading.default\">\n\t\t\t\t\t<p class=\"elementor-heading-title elementor-size-default\">\u00bfEn qu\u00e9 te <b>podemos orientar<\/b>?<\/p>\t\t\t\t<\/div>\n\t\t\t\t\t<\/div>\n\t\t\t\t<\/div>\n\t\t<div class=\"elementor-element elementor-element-a445b3f e-flex e-con-boxed elementor-invisible e-con e-parent\" data-id=\"a445b3f\" data-element_type=\"container\" data-settings=\"{&quot;animation&quot;:&quot;fadeInUp&quot;}\">\n\t\t\t\t\t<div class=\"e-con-inner\">\n\t\t<div class=\"elementor-element elementor-element-59df132 e-con-full e-grid e-con e-child\" data-id=\"59df132\" data-element_type=\"container\">\n\t\t<div class=\"elementor-element elementor-element-b9da0f1 e-con-full e-flex e-con e-child\" data-id=\"b9da0f1\" data-element_type=\"container\" data-settings=\"{&quot;background_background&quot;:&quot;classic&quot;}\">\n\t\t\t\t<div class=\"elementor-element elementor-element-3a8d18a elementor-view-default elementor-widget elementor-widget-icon\" data-id=\"3a8d18a\" data-element_type=\"widget\" data-widget_type=\"icon.default\">\n\t\t\t\t\t\t\t<div class=\"elementor-icon-wrapper\">\n\t\t\t<div class=\"elementor-icon\">\n\t\t\t<svg xmlns=\"http:\/\/www.w3.org\/2000\/svg\" width=\"48\" height=\"48\" viewBox=\"0 0 48 48\" fill=\"none\"><path d=\"M24 4V32\" stroke=\"#08539D\" stroke-width=\"2\" stroke-linecap=\"round\" stroke-linejoin=\"round\"><\/path><path d=\"M38 18L24 32L10 18\" stroke=\"#08539D\" stroke-width=\"2\" stroke-linecap=\"round\" stroke-linejoin=\"round\"><\/path><path d=\"M24 44C25.1046 44 26 43.1046 26 42C26 40.8954 25.1046 40 24 40C22.8954 40 22 40.8954 22 42C22 43.1046 22.8954 44 24 44Z\" stroke=\"#08539D\" stroke-width=\"2\" stroke-linecap=\"round\" stroke-linejoin=\"round\"><\/path><\/svg>\t\t\t<\/div>\n\t\t<\/div>\n\t\t\t\t\t\t<\/div>\n\t\t\t\t<div class=\"elementor-element elementor-element-6dc3ad0 elementor-widget elementor-widget-heading\" data-id=\"6dc3ad0\" data-element_type=\"widget\" data-widget_type=\"heading.default\">\n\t\t\t\t\t<h4 class=\"elementor-heading-title elementor-size-default\"><b>Elecci\u00f3n de itinerario<\/b>: qu\u00e9 ciclo\/grado se ajusta mejor a tu perfil.\n<\/h4>\t\t\t\t<\/div>\n\t\t\t\t<\/div>\n\t\t<div class=\"elementor-element elementor-element-7d027e6 e-con-full e-flex e-con e-child\" data-id=\"7d027e6\" data-element_type=\"container\" data-settings=\"{&quot;background_background&quot;:&quot;classic&quot;}\">\n\t\t\t\t<div class=\"elementor-element elementor-element-8fbe246 elementor-view-default elementor-widget elementor-widget-icon\" data-id=\"8fbe246\" data-element_type=\"widget\" data-widget_type=\"icon.default\">\n\t\t\t\t\t\t\t<div class=\"elementor-icon-wrapper\">\n\t\t\t<div class=\"elementor-icon\">\n\t\t\t<svg xmlns=\"http:\/\/www.w3.org\/2000\/svg\" width=\"48\" height=\"48\" viewBox=\"0 0 48 48\" fill=\"none\"><path d=\"M30 4H18C16.8954 4 16 4.89543 16 6V10C16 11.1046 16.8954 12 18 12H30C31.1046 12 32 11.1046 32 10V6C32 4.89543 31.1046 4 30 4Z\" stroke=\"#08539D\" stroke-width=\"2\" stroke-linecap=\"round\" stroke-linejoin=\"round\"><\/path><path d=\"M32 8H36C37.0609 8 38.0783 8.42143 38.8284 9.17157C39.5786 9.92172 40 10.9391 40 12V40C40 41.0609 39.5786 42.0783 38.8284 42.8284C38.0783 43.5786 37.0609 44 36 44H12C10.9391 44 9.92172 43.5786 9.17157 42.8284C8.42143 42.0783 8 41.0609 8 40V12C8 10.9391 8.42143 9.92172 9.17157 9.17157C9.92172 8.42143 10.9391 8 12 8H16\" stroke=\"#08539D\" stroke-width=\"2\" stroke-linecap=\"round\" stroke-linejoin=\"round\"><\/path><path d=\"M24 22H32\" stroke=\"#08539D\" stroke-width=\"2\" stroke-linecap=\"round\" stroke-linejoin=\"round\"><\/path><path d=\"M24 32H32\" stroke=\"#08539D\" stroke-width=\"2\" stroke-linecap=\"round\" stroke-linejoin=\"round\"><\/path><path d=\"M16 22H16.02\" stroke=\"#08539D\" stroke-width=\"2\" stroke-linecap=\"round\" stroke-linejoin=\"round\"><\/path><path d=\"M16 32H16.02\" stroke=\"#08539D\" stroke-width=\"2\" stroke-linecap=\"round\" stroke-linejoin=\"round\"><\/path><\/svg>\t\t\t<\/div>\n\t\t<\/div>\n\t\t\t\t\t\t<\/div>\n\t\t\t\t<div class=\"elementor-element elementor-element-41df046 elementor-widget elementor-widget-heading\" data-id=\"41df046\" data-element_type=\"widget\" data-widget_type=\"heading.default\">\n\t\t\t\t\t<h4 class=\"elementor-heading-title elementor-size-default\">Requisitos de <b>acceso, v\u00edas de continuidad y posibles salidas<\/b> profesionales.\n<\/h4>\t\t\t\t<\/div>\n\t\t\t\t<\/div>\n\t\t<div class=\"elementor-element elementor-element-7f8809e e-con-full e-flex e-con e-child\" data-id=\"7f8809e\" data-element_type=\"container\" data-settings=\"{&quot;background_background&quot;:&quot;classic&quot;}\">\n\t\t\t\t<div class=\"elementor-element elementor-element-0d7af5d elementor-view-default elementor-widget elementor-widget-icon\" data-id=\"0d7af5d\" data-element_type=\"widget\" data-widget_type=\"icon.default\">\n\t\t\t\t\t\t\t<div class=\"elementor-icon-wrapper\">\n\t\t\t<div class=\"elementor-icon\">\n\t\t\t<svg xmlns=\"http:\/\/www.w3.org\/2000\/svg\" width=\"48\" height=\"48\" viewBox=\"0 0 48 48\" fill=\"none\"><path d=\"M43.6022 20C44.5156 24.4826 43.8646 29.1428 41.7579 33.2036C39.6512 37.2643 36.216 40.4801 32.0252 42.3146C27.8345 44.1491 23.1415 44.4915 18.7288 43.2847C14.3161 42.0779 10.4506 39.3948 7.77675 35.6828C5.10292 31.9709 3.78244 27.4545 4.03553 22.8868C4.28861 18.319 6.09996 13.9762 9.1675 10.5823C12.235 7.18848 16.3734 4.94884 20.8923 4.23689C25.4113 3.52493 30.0378 4.3837 34.0002 6.66998\" stroke=\"#08539D\" stroke-width=\"2\" stroke-linecap=\"round\" stroke-linejoin=\"round\"><\/path><path d=\"M18 22L24 28L44 8\" stroke=\"#08539D\" stroke-width=\"2\" stroke-linecap=\"round\" stroke-linejoin=\"round\"><\/path><\/svg>\t\t\t<\/div>\n\t\t<\/div>\n\t\t\t\t\t\t<\/div>\n\t\t\t\t<div class=\"elementor-element elementor-element-748146c elementor-widget elementor-widget-heading\" data-id=\"748146c\" data-element_type=\"widget\" data-widget_type=\"heading.default\">\n\t\t\t\t\t<h4 class=\"elementor-heading-title elementor-size-default\">Informaci\u00f3n sobre el <b>servicio de acreditaci\u00f3n de competencias profesionales<\/b><\/h4>\t\t\t\t<\/div>\n\t\t\t\t<\/div>\n\t\t\t\t<\/div>\n\t\t\t\t\t<\/div>\n\t\t\t\t<\/div>\n\t\t<div class=\"elementor-element elementor-element-175b54d e-flex e-con-boxed e-con e-parent\" data-id=\"175b54d\" data-element_type=\"container\">\n\t\t\t\t\t<div class=\"e-con-inner\">\n\t\t<div class=\"elementor-element elementor-element-c3bd68d e-con-full e-flex e-con e-child\" data-id=\"c3bd68d\" data-element_type=\"container\" data-settings=\"{&quot;background_background&quot;:&quot;classic&quot;}\">\n\t\t<div class=\"elementor-element elementor-element-4abd3bf e-con-full e-flex e-con e-child\" data-id=\"4abd3bf\" data-element_type=\"container\">\n\t\t\t\t<div class=\"elementor-element elementor-element-2efbec3 elementor-widget elementor-widget-heading\" data-id=\"2efbec3\" data-element_type=\"widget\" data-widget_type=\"heading.default\">\n\t\t\t\t\t<p class=\"elementor-heading-title elementor-size-default\"><b>Agenda tu cita informativa<\/b><\/p>\t\t\t\t<\/div>\n\t\t\t\t<div class=\"elementor-element elementor-element-e62ea82 elementor-widget elementor-widget-text-editor\" data-id=\"e62ea82\" data-element_type=\"widget\" data-widget_type=\"text-editor.default\">\n\t\t\t\t\t\t\t\t\t<p>Para asegurar que cuando vengas al centro habr\u00e1 una persona del departamento de Secretar\u00eda Acad\u00e9mica o Admisiones disponible,\u00a0 es preferible contactar previamente por tel\u00e9fono o correo electr\u00f3nico para agendar una cita informativa.\u00a0<\/p>\t\t\t\t\t\t\t\t<\/div>\n\t\t\t\t<div class=\"elementor-element elementor-element-cb2ec08 elementor-widget elementor-widget-button\" data-id=\"cb2ec08\" data-element_type=\"widget\" data-widget_type=\"button.default\">\n\t\t\t\t\t\t\t\t\t\t<a class=\"elementor-button elementor-button-link elementor-size-sm\" href=\"https:\/\/www.monlau.com\/contactar\/\">\n\t\t\t\t\t\t<span class=\"elementor-button-content-wrapper\">\n\t\t\t\t\t\t<span class=\"elementor-button-icon\">\n\t\t\t\t<svg xmlns=\"http:\/\/www.w3.org\/2000\/svg\" width=\"27\" height=\"27\" viewBox=\"0 0 27 27\" fill=\"none\"><path d=\"M7.875 7.875H19.125V19.125\" stroke=\"white\" stroke-linecap=\"square\"><\/path><path d=\"M7.20001 19.65L18.45 8.40002\" stroke=\"white\" stroke-linecap=\"square\"><\/path><\/svg>\t\t\t<\/span>\n\t\t\t\t\t\t\t\t\t<span class=\"elementor-button-text\">Contacta ahora<\/span>\n\t\t\t\t\t<\/span>\n\t\t\t\t\t<\/a>\n\t\t\t\t\t\t\t\t<\/div>\n\t\t\t\t<\/div>\n\t\t\t\t<\/div>\n\t\t\t\t\t<\/div>\n\t\t\t\t<\/div>\n\t\t\t\t<\/div>\n\t\t","protected":false},"excerpt":{"rendered":"<p>Punto de Informaci\u00f3n y Orientaci\u00f3n (PIO) Asesoramiento para tu futuro profesional Monlau es Punto de Informaci\u00f3n y Orientaci\u00f3n (PIO) del Servicio de Acreditaci\u00f3n de Competencias Profesionales del Sistema FPCAT (Generalitat de Catalunya). En la pr\u00e1ctica, esto significa que puedes venir a nuestras instalaciones para recibir informaci\u00f3n y orientaci\u00f3n y resolver dudas antes de tomar decisiones [&hellip;]<\/p>\n","protected":false},"author":1,"featured_media":0,"parent":0,"menu_order":0,"comment_status":"closed","ping_status":"closed","template":"elementor_header_footer","meta":{"footnotes":""},"class_list":["post-1654","page","type-page","status-publish","hentry"],"yoast_head":"<!-- This site is optimized with the Yoast SEO plugin v27.2 - https:\/\/yoast.com\/product\/yoast-seo-wordpress\/ -->\n<title>Punto de Informaci\u00f3n y Orientaci\u00f3n (PIO) - Formaci\u00f3n profesional<\/title>\n<meta name=\"robots\" content=\"index, follow, max-snippet:-1, max-image-preview:large, max-video-preview:-1\" \/>\n<link rel=\"canonical\" href=\"https:\/\/www.monlau.com\/fp\/punto-de-informacion-y-orientacion-pio\/\" \/>\n<meta property=\"og:locale\" content=\"es_ES\" \/>\n<meta property=\"og:type\" content=\"article\" \/>\n<meta property=\"og:title\" content=\"Punto de Informaci\u00f3n y Orientaci\u00f3n (PIO) - Formaci\u00f3n profesional\" \/>\n<meta property=\"og:description\" content=\"Punto de Informaci\u00f3n y Orientaci\u00f3n (PIO) Asesoramiento para tu futuro profesional Monlau es Punto de Informaci\u00f3n y Orientaci\u00f3n (PIO) del Servicio de Acreditaci\u00f3n de Competencias Profesionales del Sistema FPCAT (Generalitat de Catalunya). En la pr\u00e1ctica, esto significa que puedes venir a nuestras instalaciones para recibir informaci\u00f3n y orientaci\u00f3n y resolver dudas antes de tomar decisiones [&hellip;]\" \/>\n<meta property=\"og:url\" content=\"https:\/\/www.monlau.com\/fp\/punto-de-informacion-y-orientacion-pio\/\" \/>\n<meta property=\"og:site_name\" content=\"Formaci\u00f3n profesional\" \/>\n<meta property=\"article:modified_time\" content=\"2026-02-26T08:22:05+00:00\" \/>\n<meta name=\"twitter:card\" content=\"summary_large_image\" \/>\n<meta name=\"twitter:label1\" content=\"Tiempo de lectura\" \/>\n\t<meta name=\"twitter:data1\" content=\"1 minuto\" \/>\n<script type=\"application\/ld+json\" class=\"yoast-schema-graph\">{\"@context\":\"https:\/\/schema.org\",\"@graph\":[{\"@type\":\"WebPage\",\"@id\":\"https:\/\/www.monlau.com\/fp\/punto-de-informacion-y-orientacion-pio\/\",\"url\":\"https:\/\/www.monlau.com\/fp\/punto-de-informacion-y-orientacion-pio\/\",\"name\":\"Punto de Informaci\u00f3n y Orientaci\u00f3n (PIO) - Formaci\u00f3n profesional\",\"isPartOf\":{\"@id\":\"https:\/\/www.monlau.com\/fp\/#website\"},\"datePublished\":\"2026-02-16T12:46:55+00:00\",\"dateModified\":\"2026-02-26T08:22:05+00:00\",\"breadcrumb\":{\"@id\":\"https:\/\/www.monlau.com\/fp\/punto-de-informacion-y-orientacion-pio\/#breadcrumb\"},\"inLanguage\":\"es\",\"potentialAction\":[{\"@type\":\"ReadAction\",\"target\":[\"https:\/\/www.monlau.com\/fp\/punto-de-informacion-y-orientacion-pio\/\"]}]},{\"@type\":\"BreadcrumbList\",\"@id\":\"https:\/\/www.monlau.com\/fp\/punto-de-informacion-y-orientacion-pio\/#breadcrumb\",\"itemListElement\":[{\"@type\":\"ListItem\",\"position\":1,\"name\":\"Portada\",\"item\":\"https:\/\/www.monlau.com\/fp\/\"},{\"@type\":\"ListItem\",\"position\":2,\"name\":\"Punto de Informaci\u00f3n y Orientaci\u00f3n (PIO)\"}]},{\"@type\":\"WebSite\",\"@id\":\"https:\/\/www.monlau.com\/fp\/#website\",\"url\":\"https:\/\/www.monlau.com\/fp\/\",\"name\":\"Formaci\u00f3n profesional\",\"description\":\"Monlau\",\"publisher\":{\"@id\":\"https:\/\/www.monlau.com\/fp\/#organization\"},\"potentialAction\":[{\"@type\":\"SearchAction\",\"target\":{\"@type\":\"EntryPoint\",\"urlTemplate\":\"https:\/\/www.monlau.com\/fp\/?s={search_term_string}\"},\"query-input\":{\"@type\":\"PropertyValueSpecification\",\"valueRequired\":true,\"valueName\":\"search_term_string\"}}],\"inLanguage\":\"es\"},{\"@type\":\"Organization\",\"@id\":\"https:\/\/www.monlau.com\/fp\/#organization\",\"name\":\"Formaci\u00f3n profesional\",\"url\":\"https:\/\/www.monlau.com\/fp\/\",\"logo\":{\"@type\":\"ImageObject\",\"inLanguage\":\"es\",\"@id\":\"https:\/\/www.monlau.com\/fp\/#\/schema\/logo\/image\/\",\"url\":\"https:\/\/www.monlau.com\/app\/uploads\/sites\/3\/2026\/01\/fp.png\",\"contentUrl\":\"https:\/\/www.monlau.com\/app\/uploads\/sites\/3\/2026\/01\/fp.png\",\"width\":1024,\"height\":878,\"caption\":\"Formaci\u00f3n profesional\"},\"image\":{\"@id\":\"https:\/\/www.monlau.com\/fp\/#\/schema\/logo\/image\/\"}}]}<\/script>\n<!-- \/ Yoast SEO plugin. -->","yoast_head_json":{"title":"Punto de Informaci\u00f3n y Orientaci\u00f3n (PIO) - Formaci\u00f3n profesional","robots":{"index":"index","follow":"follow","max-snippet":"max-snippet:-1","max-image-preview":"max-image-preview:large","max-video-preview":"max-video-preview:-1"},"canonical":"https:\/\/www.monlau.com\/fp\/punto-de-informacion-y-orientacion-pio\/","og_locale":"es_ES","og_type":"article","og_title":"Punto de Informaci\u00f3n y Orientaci\u00f3n (PIO) - Formaci\u00f3n profesional","og_description":"Punto de Informaci\u00f3n y Orientaci\u00f3n (PIO) Asesoramiento para tu futuro profesional Monlau es Punto de Informaci\u00f3n y Orientaci\u00f3n (PIO) del Servicio de Acreditaci\u00f3n de Competencias Profesionales del Sistema FPCAT (Generalitat de Catalunya). En la pr\u00e1ctica, esto significa que puedes venir a nuestras instalaciones para recibir informaci\u00f3n y orientaci\u00f3n y resolver dudas antes de tomar decisiones [&hellip;]","og_url":"https:\/\/www.monlau.com\/fp\/punto-de-informacion-y-orientacion-pio\/","og_site_name":"Formaci\u00f3n profesional","article_modified_time":"2026-02-26T08:22:05+00:00","twitter_card":"summary_large_image","twitter_misc":{"Tiempo de lectura":"1 minuto"},"schema":{"@context":"https:\/\/schema.org","@graph":[{"@type":"WebPage","@id":"https:\/\/www.monlau.com\/fp\/punto-de-informacion-y-orientacion-pio\/","url":"https:\/\/www.monlau.com\/fp\/punto-de-informacion-y-orientacion-pio\/","name":"Punto de Informaci\u00f3n y Orientaci\u00f3n (PIO) - Formaci\u00f3n profesional","isPartOf":{"@id":"https:\/\/www.monlau.com\/fp\/#website"},"datePublished":"2026-02-16T12:46:55+00:00","dateModified":"2026-02-26T08:22:05+00:00","breadcrumb":{"@id":"https:\/\/www.monlau.com\/fp\/punto-de-informacion-y-orientacion-pio\/#breadcrumb"},"inLanguage":"es","potentialAction":[{"@type":"ReadAction","target":["https:\/\/www.monlau.com\/fp\/punto-de-informacion-y-orientacion-pio\/"]}]},{"@type":"BreadcrumbList","@id":"https:\/\/www.monlau.com\/fp\/punto-de-informacion-y-orientacion-pio\/#breadcrumb","itemListElement":[{"@type":"ListItem","position":1,"name":"Portada","item":"https:\/\/www.monlau.com\/fp\/"},{"@type":"ListItem","position":2,"name":"Punto de Informaci\u00f3n y Orientaci\u00f3n (PIO)"}]},{"@type":"WebSite","@id":"https:\/\/www.monlau.com\/fp\/#website","url":"https:\/\/www.monlau.com\/fp\/","name":"Formaci\u00f3n profesional","description":"Monlau","publisher":{"@id":"https:\/\/www.monlau.com\/fp\/#organization"},"potentialAction":[{"@type":"SearchAction","target":{"@type":"EntryPoint","urlTemplate":"https:\/\/www.monlau.com\/fp\/?s={search_term_string}"},"query-input":{"@type":"PropertyValueSpecification","valueRequired":true,"valueName":"search_term_string"}}],"inLanguage":"es"},{"@type":"Organization","@id":"https:\/\/www.monlau.com\/fp\/#organization","name":"Formaci\u00f3n profesional","url":"https:\/\/www.monlau.com\/fp\/","logo":{"@type":"ImageObject","inLanguage":"es","@id":"https:\/\/www.monlau.com\/fp\/#\/schema\/logo\/image\/","url":"https:\/\/www.monlau.com\/app\/uploads\/sites\/3\/2026\/01\/fp.png","contentUrl":"https:\/\/www.monlau.com\/app\/uploads\/sites\/3\/2026\/01\/fp.png","width":1024,"height":878,"caption":"Formaci\u00f3n profesional"},"image":{"@id":"https:\/\/www.monlau.com\/fp\/#\/schema\/logo\/image\/"}}]}},"_links":{"self":[{"href":"https:\/\/www.monlau.com\/fp\/wp-json\/wp\/v2\/pages\/1654","targetHints":{"allow":["GET"]}}],"collection":[{"href":"https:\/\/www.monlau.com\/fp\/wp-json\/wp\/v2\/pages"}],"about":[{"href":"https:\/\/www.monlau.com\/fp\/wp-json\/wp\/v2\/types\/page"}],"author":[{"embeddable":true,"href":"https:\/\/www.monlau.com\/fp\/wp-json\/wp\/v2\/users\/1"}],"replies":[{"embeddable":true,"href":"https:\/\/www.monlau.com\/fp\/wp-json\/wp\/v2\/comments?post=1654"}],"version-history":[{"count":31,"href":"https:\/\/www.monlau.com\/fp\/wp-json\/wp\/v2\/pages\/1654\/revisions"}],"predecessor-version":[{"id":2595,"href":"https:\/\/www.monlau.com\/fp\/wp-json\/wp\/v2\/pages\/1654\/revisions\/2595"}],"wp:attachment":[{"href":"https:\/\/www.monlau.com\/fp\/wp-json\/wp\/v2\/media?parent=1654"}],"curies":[{"name":"wp","href":"https:\/\/api.w.org\/{rel}","templated":true}]}}