{"id":1417,"date":"2026-02-09T15:13:26","date_gmt":"2026-02-09T14:13:26","guid":{"rendered":"https:\/\/www.monlau.com\/formacion-profesional\/?page_id=1417"},"modified":"2026-02-26T13:31:07","modified_gmt":"2026-02-26T12:31:07","slug":"conoce-monlau-la-maquinista","status":"publish","type":"page","link":"https:\/\/www.monlau.com\/fp\/conoce-monlau-la-maquinista\/","title":{"rendered":"Conoce Monlau \u2013 La Maquinista"},"content":{"rendered":"\t\t<div data-elementor-type=\"wp-page\" data-elementor-id=\"1417\" class=\"elementor elementor-1417\" data-elementor-post-type=\"page\">\n\t\t\t\t<div class=\"elementor-element elementor-element-63441bc e-flex e-con-boxed e-con e-parent\" data-id=\"63441bc\" data-element_type=\"container\" data-settings=\"{&quot;background_background&quot;:&quot;classic&quot;}\">\n\t\t\t\t\t<div class=\"e-con-inner\">\n\t\t\t\t<div class=\"elementor-element elementor-element-3e58219 elementor-widget__width-initial elementor-widget elementor-widget-text-editor\" data-id=\"3e58219\" data-element_type=\"widget\" data-widget_type=\"text-editor.default\">\n\t\t\t\t\t\t\t\t\t<h1>Monlau <br \/><strong>La<\/strong> <strong>Maquinista<\/strong><\/h1>\t\t\t\t\t\t\t\t<\/div>\n\t\t\t\t\t<\/div>\n\t\t\t\t<\/div>\n\t\t<div class=\"elementor-element elementor-element-0675f63 e-flex e-con-boxed e-con e-parent\" data-id=\"0675f63\" data-element_type=\"container\">\n\t\t\t\t\t<div class=\"e-con-inner\">\n\t\t<div class=\"elementor-element elementor-element-2028786 e-con-full e-flex elementor-invisible e-con e-child\" data-id=\"2028786\" data-element_type=\"container\" data-settings=\"{&quot;animation&quot;:&quot;fadeInLeft&quot;,&quot;background_background&quot;:&quot;classic&quot;}\">\n\t\t\t\t<\/div>\n\t\t<div class=\"elementor-element elementor-element-41138b3 e-con-full e-flex elementor-invisible e-con e-child\" data-id=\"41138b3\" data-element_type=\"container\" data-settings=\"{&quot;animation&quot;:&quot;fadeInRight&quot;}\">\n\t\t\t\t<div class=\"elementor-element elementor-element-64d95f5 elementor-widget elementor-widget-heading\" data-id=\"64d95f5\" data-element_type=\"widget\" data-widget_type=\"heading.default\">\n\t\t\t\t\t<h2 class=\"elementor-heading-title elementor-size-default\">Tradici\u00f3n y <span style=\"color: #08539D\"><b>excelencia t\u00e9cnica<\/b><\/span><\/h2>\t\t\t\t<\/div>\n\t\t\t\t<div class=\"elementor-element elementor-element-bae05ac elementor-widget elementor-widget-text-editor\" data-id=\"bae05ac\" data-element_type=\"widget\" data-widget_type=\"text-editor.default\">\n\t\t\t\t\t\t\t\t\t<p>En el edificio de <b>la calle Caracas, 35 (Barcelona)<\/b> impartimos todos los ciclos de <b>Automoci\u00f3n<\/b>: grados medios, grados superiores y cursos de especializaci\u00f3n. Tambi\u00e9n aqu\u00ed se imparten otros cursos de formaci\u00f3n no reglada, como los cursos del SOC. Cada d\u00eda, m\u00e1s de <b>1.600 alumnos<\/b> estudian en este centro de Formaci\u00f3n Profesional, en turno de ma\u00f1ana y tarde, en unas instalaciones dise\u00f1adas espec\u00edficamente para aprender en un entorno t\u00e9cnico y profesional.<\/p><p>\u00a0<\/p><p><b>Monlau es el centro de formaci\u00f3n en Posventa de Automoci\u00f3n con mayor n\u00famero de alumnos de toda Europa.<\/b> Esta trayectoria nos ha permitido consolidarnos como un referente en el sector, tanto por volumen de estudiantes como por el v\u00ednculo constante con talleres, concesionarios y empresas del \u00e1mbito de la Automoci\u00f3n.<\/p>\t\t\t\t\t\t\t\t<\/div>\n\t\t\t\t<\/div>\n\t\t\t\t\t<\/div>\n\t\t\t\t<\/div>\n\t\t<div class=\"elementor-element elementor-element-ad9d47f e-flex e-con-boxed e-con e-parent\" data-id=\"ad9d47f\" data-element_type=\"container\" data-settings=\"{&quot;background_background&quot;:&quot;classic&quot;}\">\n\t\t\t\t\t<div class=\"e-con-inner\">\n\t\t<div class=\"elementor-element elementor-element-8b97cb7 e-con-full e-flex e-con e-child\" data-id=\"8b97cb7\" data-element_type=\"container\">\n\t\t\t\t<div class=\"elementor-element elementor-element-ddccfbf elementor-widget elementor-widget-heading\" data-id=\"ddccfbf\" data-element_type=\"widget\" data-widget_type=\"heading.default\">\n\t\t\t\t\t<h2 class=\"elementor-heading-title elementor-size-default\">M\u00e1s de <b>7.000 m\u00b2 de instalaciones<\/b> con <b>15 talleres especializados<\/b> y una <b>ratio de 1 veh\u00edculo por cada 4 alumnos.<\/b><\/h2>\t\t\t\t<\/div>\n\t\t\t\t<\/div>\n\t\t\t\t\t<\/div>\n\t\t\t\t<\/div>\n\t\t<div class=\"elementor-element elementor-element-2db3589 e-flex e-con-boxed e-con e-parent\" data-id=\"2db3589\" data-element_type=\"container\">\n\t\t\t\t\t<div class=\"e-con-inner\">\n\t\t<div class=\"elementor-element elementor-element-537c21a e-con-full e-flex elementor-invisible e-con e-child\" data-id=\"537c21a\" data-element_type=\"container\" data-settings=\"{&quot;animation&quot;:&quot;fadeInRight&quot;,&quot;background_background&quot;:&quot;classic&quot;}\">\n\t\t\t\t<\/div>\n\t\t<div class=\"elementor-element elementor-element-793512c e-con-full e-flex elementor-invisible e-con e-child\" data-id=\"793512c\" data-element_type=\"container\" data-settings=\"{&quot;animation&quot;:&quot;fadeInLeft&quot;}\">\n\t\t\t\t<div class=\"elementor-element elementor-element-f2ca839 elementor-widget elementor-widget-heading\" data-id=\"f2ca839\" data-element_type=\"widget\" data-widget_type=\"heading.default\">\n\t\t\t\t\t<h2 class=\"elementor-heading-title elementor-size-default\">Un entorno <span style=\"color: #08539D\"><b>profesional real<\/b><\/span><\/h2>\t\t\t\t<\/div>\n\t\t\t\t<div class=\"elementor-element elementor-element-dde4769 elementor-widget elementor-widget-text-editor\" data-id=\"dde4769\" data-element_type=\"widget\" data-widget_type=\"text-editor.default\">\n\t\t\t\t\t\t\t\t\t<p>Contamos con <b>m\u00e1s de 40 a\u00f1os de Historia y estamos comprometidos con la excelencia en la Formaci\u00f3n Profesional<\/b>. En total, m\u00e1s de <b>85.000 personas se han formado en nuestras instalaciones<\/b>. Muchos de ellos trabajan hoy en empresas l\u00edderes del sector, ocupando posiciones clave en \u00e1reas t\u00e9cnicas, de posventa y de gesti\u00f3n.<\/p><p>\u00a0<\/p><p>Nuestras instalaciones destacan por tener <b>15 talleres<\/b> distribuidos en m\u00e1s de <b>7.000 m\u00b2<\/b>, que nos permiten disponer de <b>1 veh\u00edculo por cada 4 alumnos<\/b>, asegurando una pr\u00e1ctica constante y realista.Adem\u00e1s, recientemente<b> se ha realizado una reforma integral de las aulas<\/b>, con mobiliario completamente renovado y clases y talleres con el <i>naming<\/i> e imagen de <b>empresas patrocinadoras<\/b>, que acercan el aula al entorno profesional actual. En Monlau <b>preparamos a los profesionales del futuro<\/b> aplicando la metodolog\u00eda <b>\u201clearning by doing\u201d<\/b>, con un enfoque eminentemente pr\u00e1ctico, muy similar al entorno laboral real. El alumnado aprende trabajando sobre veh\u00edculos, equipamientos y situaciones que se encontrar\u00e1 en su d\u00eda a d\u00eda profesional, desarrollando tanto competencias t\u00e9cnicas como habilidades transversales muy valoradas por las empresas.<\/p>\t\t\t\t\t\t\t\t<\/div>\n\t\t\t\t<\/div>\n\t\t\t\t\t<\/div>\n\t\t\t\t<\/div>\n\t\t<div class=\"elementor-element elementor-element-b4484bc e-flex e-con-boxed e-con e-parent\" data-id=\"b4484bc\" data-element_type=\"container\">\n\t\t\t\t\t<div class=\"e-con-inner\">\n\t\t<div class=\"elementor-element elementor-element-f547b5d e-con-full e-flex e-con e-child\" data-id=\"f547b5d\" data-element_type=\"container\" data-settings=\"{&quot;background_background&quot;:&quot;classic&quot;}\">\n\t\t<div class=\"elementor-element elementor-element-6373f34 e-con-full e-flex e-con e-child\" data-id=\"6373f34\" data-element_type=\"container\">\n\t\t\t\t<div class=\"elementor-element elementor-element-c43f475 elementor-widget elementor-widget-heading\" data-id=\"c43f475\" data-element_type=\"widget\" data-widget_type=\"heading.default\">\n\t\t\t\t\t<p class=\"elementor-heading-title elementor-size-default\"><b>Impulsa tu carrera en la Automoci\u00f3n<\/b><\/p>\t\t\t\t<\/div>\n\t\t\t\t<div class=\"elementor-element elementor-element-c501a1e elementor-widget elementor-widget-text-editor\" data-id=\"c501a1e\" data-element_type=\"widget\" data-widget_type=\"text-editor.default\">\n\t\t\t\t\t\t\t\t\t<p data-start=\"79\" data-end=\"248\">F\u00f3rmate en el centro l\u00edder y accede a una red de empresas de primer nivel.<\/p>\t\t\t\t\t\t\t\t<\/div>\n\t\t\t\t<div class=\"elementor-element elementor-element-f3e76ae elementor-widget elementor-widget-button\" data-id=\"f3e76ae\" data-element_type=\"widget\" data-widget_type=\"button.default\">\n\t\t\t\t\t\t\t\t\t\t<a class=\"elementor-button elementor-button-link elementor-size-sm\" href=\"https:\/\/www.monlau.com\/contactar\/\">\n\t\t\t\t\t\t<span class=\"elementor-button-content-wrapper\">\n\t\t\t\t\t\t<span class=\"elementor-button-icon\">\n\t\t\t\t<svg xmlns=\"http:\/\/www.w3.org\/2000\/svg\" width=\"27\" height=\"27\" viewBox=\"0 0 27 27\" fill=\"none\"><path d=\"M7.875 7.875H19.125V19.125\" stroke=\"white\" stroke-linecap=\"square\"><\/path><path d=\"M7.20001 19.65L18.45 8.40002\" stroke=\"white\" stroke-linecap=\"square\"><\/path><\/svg>\t\t\t<\/span>\n\t\t\t\t\t\t\t\t\t<span class=\"elementor-button-text\">Solicitar informaci\u00f3n<\/span>\n\t\t\t\t\t<\/span>\n\t\t\t\t\t<\/a>\n\t\t\t\t\t\t\t\t<\/div>\n\t\t\t\t<\/div>\n\t\t\t\t<\/div>\n\t\t\t\t\t<\/div>\n\t\t\t\t<\/div>\n\t\t\t\t<\/div>\n\t\t","protected":false},"excerpt":{"rendered":"<p>Monlau La Maquinista Tradici\u00f3n y excelencia t\u00e9cnica En el edificio de la calle Caracas, 35 (Barcelona) impartimos todos los ciclos de Automoci\u00f3n: grados medios, grados superiores y cursos de especializaci\u00f3n. Tambi\u00e9n aqu\u00ed se imparten otros cursos de formaci\u00f3n no reglada, como los cursos del SOC. Cada d\u00eda, m\u00e1s de 1.600 alumnos estudian en este centro [&hellip;]<\/p>\n","protected":false},"author":1,"featured_media":0,"parent":0,"menu_order":0,"comment_status":"closed","ping_status":"closed","template":"elementor_header_footer","meta":{"footnotes":""},"class_list":["post-1417","page","type-page","status-publish","hentry"],"yoast_head":"<!-- This site is optimized with the Yoast SEO plugin v27.2 - https:\/\/yoast.com\/product\/yoast-seo-wordpress\/ -->\n<title>Conoce Monlau \u2013 La Maquinista - Formaci\u00f3n profesional<\/title>\n<meta name=\"robots\" content=\"index, follow, max-snippet:-1, max-image-preview:large, max-video-preview:-1\" \/>\n<link rel=\"canonical\" href=\"https:\/\/www.monlau.com\/fp\/conoce-monlau-la-maquinista\/\" \/>\n<meta property=\"og:locale\" content=\"es_ES\" \/>\n<meta property=\"og:type\" content=\"article\" \/>\n<meta property=\"og:title\" content=\"Conoce Monlau \u2013 La Maquinista - Formaci\u00f3n profesional\" \/>\n<meta property=\"og:description\" content=\"Monlau La Maquinista Tradici\u00f3n y excelencia t\u00e9cnica En el edificio de la calle Caracas, 35 (Barcelona) impartimos todos los ciclos de Automoci\u00f3n: grados medios, grados superiores y cursos de especializaci\u00f3n. Tambi\u00e9n aqu\u00ed se imparten otros cursos de formaci\u00f3n no reglada, como los cursos del SOC. Cada d\u00eda, m\u00e1s de 1.600 alumnos estudian en este centro [&hellip;]\" \/>\n<meta property=\"og:url\" content=\"https:\/\/www.monlau.com\/fp\/conoce-monlau-la-maquinista\/\" \/>\n<meta property=\"og:site_name\" content=\"Formaci\u00f3n profesional\" \/>\n<meta property=\"article:modified_time\" content=\"2026-02-26T12:31:07+00:00\" \/>\n<meta name=\"twitter:card\" content=\"summary_large_image\" \/>\n<meta name=\"twitter:label1\" content=\"Tiempo de lectura\" \/>\n\t<meta name=\"twitter:data1\" content=\"2 minutos\" \/>\n<script type=\"application\/ld+json\" class=\"yoast-schema-graph\">{\"@context\":\"https:\/\/schema.org\",\"@graph\":[{\"@type\":\"WebPage\",\"@id\":\"https:\/\/www.monlau.com\/fp\/conoce-monlau-la-maquinista\/\",\"url\":\"https:\/\/www.monlau.com\/fp\/conoce-monlau-la-maquinista\/\",\"name\":\"Conoce Monlau \u2013 La Maquinista - Formaci\u00f3n profesional\",\"isPartOf\":{\"@id\":\"https:\/\/www.monlau.com\/fp\/#website\"},\"datePublished\":\"2026-02-09T14:13:26+00:00\",\"dateModified\":\"2026-02-26T12:31:07+00:00\",\"breadcrumb\":{\"@id\":\"https:\/\/www.monlau.com\/fp\/conoce-monlau-la-maquinista\/#breadcrumb\"},\"inLanguage\":\"es\",\"potentialAction\":[{\"@type\":\"ReadAction\",\"target\":[\"https:\/\/www.monlau.com\/fp\/conoce-monlau-la-maquinista\/\"]}]},{\"@type\":\"BreadcrumbList\",\"@id\":\"https:\/\/www.monlau.com\/fp\/conoce-monlau-la-maquinista\/#breadcrumb\",\"itemListElement\":[{\"@type\":\"ListItem\",\"position\":1,\"name\":\"Portada\",\"item\":\"https:\/\/www.monlau.com\/fp\/\"},{\"@type\":\"ListItem\",\"position\":2,\"name\":\"Conoce Monlau \u2013 La Maquinista\"}]},{\"@type\":\"WebSite\",\"@id\":\"https:\/\/www.monlau.com\/fp\/#website\",\"url\":\"https:\/\/www.monlau.com\/fp\/\",\"name\":\"Formaci\u00f3n profesional\",\"description\":\"Monlau\",\"publisher\":{\"@id\":\"https:\/\/www.monlau.com\/fp\/#organization\"},\"potentialAction\":[{\"@type\":\"SearchAction\",\"target\":{\"@type\":\"EntryPoint\",\"urlTemplate\":\"https:\/\/www.monlau.com\/fp\/?s={search_term_string}\"},\"query-input\":{\"@type\":\"PropertyValueSpecification\",\"valueRequired\":true,\"valueName\":\"search_term_string\"}}],\"inLanguage\":\"es\"},{\"@type\":\"Organization\",\"@id\":\"https:\/\/www.monlau.com\/fp\/#organization\",\"name\":\"Formaci\u00f3n profesional\",\"url\":\"https:\/\/www.monlau.com\/fp\/\",\"logo\":{\"@type\":\"ImageObject\",\"inLanguage\":\"es\",\"@id\":\"https:\/\/www.monlau.com\/fp\/#\/schema\/logo\/image\/\",\"url\":\"https:\/\/www.monlau.com\/app\/uploads\/sites\/3\/2026\/01\/fp.png\",\"contentUrl\":\"https:\/\/www.monlau.com\/app\/uploads\/sites\/3\/2026\/01\/fp.png\",\"width\":1024,\"height\":878,\"caption\":\"Formaci\u00f3n profesional\"},\"image\":{\"@id\":\"https:\/\/www.monlau.com\/fp\/#\/schema\/logo\/image\/\"}}]}<\/script>\n<!-- \/ Yoast SEO plugin. -->","yoast_head_json":{"title":"Conoce Monlau \u2013 La Maquinista - Formaci\u00f3n profesional","robots":{"index":"index","follow":"follow","max-snippet":"max-snippet:-1","max-image-preview":"max-image-preview:large","max-video-preview":"max-video-preview:-1"},"canonical":"https:\/\/www.monlau.com\/fp\/conoce-monlau-la-maquinista\/","og_locale":"es_ES","og_type":"article","og_title":"Conoce Monlau \u2013 La Maquinista - Formaci\u00f3n profesional","og_description":"Monlau La Maquinista Tradici\u00f3n y excelencia t\u00e9cnica En el edificio de la calle Caracas, 35 (Barcelona) impartimos todos los ciclos de Automoci\u00f3n: grados medios, grados superiores y cursos de especializaci\u00f3n. Tambi\u00e9n aqu\u00ed se imparten otros cursos de formaci\u00f3n no reglada, como los cursos del SOC. Cada d\u00eda, m\u00e1s de 1.600 alumnos estudian en este centro [&hellip;]","og_url":"https:\/\/www.monlau.com\/fp\/conoce-monlau-la-maquinista\/","og_site_name":"Formaci\u00f3n profesional","article_modified_time":"2026-02-26T12:31:07+00:00","twitter_card":"summary_large_image","twitter_misc":{"Tiempo de lectura":"2 minutos"},"schema":{"@context":"https:\/\/schema.org","@graph":[{"@type":"WebPage","@id":"https:\/\/www.monlau.com\/fp\/conoce-monlau-la-maquinista\/","url":"https:\/\/www.monlau.com\/fp\/conoce-monlau-la-maquinista\/","name":"Conoce Monlau \u2013 La Maquinista - Formaci\u00f3n profesional","isPartOf":{"@id":"https:\/\/www.monlau.com\/fp\/#website"},"datePublished":"2026-02-09T14:13:26+00:00","dateModified":"2026-02-26T12:31:07+00:00","breadcrumb":{"@id":"https:\/\/www.monlau.com\/fp\/conoce-monlau-la-maquinista\/#breadcrumb"},"inLanguage":"es","potentialAction":[{"@type":"ReadAction","target":["https:\/\/www.monlau.com\/fp\/conoce-monlau-la-maquinista\/"]}]},{"@type":"BreadcrumbList","@id":"https:\/\/www.monlau.com\/fp\/conoce-monlau-la-maquinista\/#breadcrumb","itemListElement":[{"@type":"ListItem","position":1,"name":"Portada","item":"https:\/\/www.monlau.com\/fp\/"},{"@type":"ListItem","position":2,"name":"Conoce Monlau \u2013 La Maquinista"}]},{"@type":"WebSite","@id":"https:\/\/www.monlau.com\/fp\/#website","url":"https:\/\/www.monlau.com\/fp\/","name":"Formaci\u00f3n profesional","description":"Monlau","publisher":{"@id":"https:\/\/www.monlau.com\/fp\/#organization"},"potentialAction":[{"@type":"SearchAction","target":{"@type":"EntryPoint","urlTemplate":"https:\/\/www.monlau.com\/fp\/?s={search_term_string}"},"query-input":{"@type":"PropertyValueSpecification","valueRequired":true,"valueName":"search_term_string"}}],"inLanguage":"es"},{"@type":"Organization","@id":"https:\/\/www.monlau.com\/fp\/#organization","name":"Formaci\u00f3n profesional","url":"https:\/\/www.monlau.com\/fp\/","logo":{"@type":"ImageObject","inLanguage":"es","@id":"https:\/\/www.monlau.com\/fp\/#\/schema\/logo\/image\/","url":"https:\/\/www.monlau.com\/app\/uploads\/sites\/3\/2026\/01\/fp.png","contentUrl":"https:\/\/www.monlau.com\/app\/uploads\/sites\/3\/2026\/01\/fp.png","width":1024,"height":878,"caption":"Formaci\u00f3n profesional"},"image":{"@id":"https:\/\/www.monlau.com\/fp\/#\/schema\/logo\/image\/"}}]}},"_links":{"self":[{"href":"https:\/\/www.monlau.com\/fp\/wp-json\/wp\/v2\/pages\/1417","targetHints":{"allow":["GET"]}}],"collection":[{"href":"https:\/\/www.monlau.com\/fp\/wp-json\/wp\/v2\/pages"}],"about":[{"href":"https:\/\/www.monlau.com\/fp\/wp-json\/wp\/v2\/types\/page"}],"author":[{"embeddable":true,"href":"https:\/\/www.monlau.com\/fp\/wp-json\/wp\/v2\/users\/1"}],"replies":[{"embeddable":true,"href":"https:\/\/www.monlau.com\/fp\/wp-json\/wp\/v2\/comments?post=1417"}],"version-history":[{"count":26,"href":"https:\/\/www.monlau.com\/fp\/wp-json\/wp\/v2\/pages\/1417\/revisions"}],"predecessor-version":[{"id":2677,"href":"https:\/\/www.monlau.com\/fp\/wp-json\/wp\/v2\/pages\/1417\/revisions\/2677"}],"wp:attachment":[{"href":"https:\/\/www.monlau.com\/fp\/wp-json\/wp\/v2\/media?parent=1417"}],"curies":[{"name":"wp","href":"https:\/\/api.w.org\/{rel}","templated":true}]}}