{"id":1395,"date":"2026-02-09T14:20:15","date_gmt":"2026-02-09T13:20:15","guid":{"rendered":"https:\/\/www.monlau.com\/formacion-profesional\/?page_id=1395"},"modified":"2026-02-26T13:01:08","modified_gmt":"2026-02-26T12:01:08","slug":"conoce-monlau-la-sagrera","status":"publish","type":"page","link":"https:\/\/www.monlau.com\/fp\/conoce-monlau-la-sagrera\/","title":{"rendered":"Conoce Monlau \u2013 La Sagrera"},"content":{"rendered":"\t\t<div data-elementor-type=\"wp-page\" data-elementor-id=\"1395\" class=\"elementor elementor-1395\" data-elementor-post-type=\"page\">\n\t\t\t\t<div class=\"elementor-element elementor-element-e259419 e-flex e-con-boxed e-con e-parent\" data-id=\"e259419\" data-element_type=\"container\" data-settings=\"{&quot;background_background&quot;:&quot;classic&quot;}\">\n\t\t\t\t\t<div class=\"e-con-inner\">\n\t\t\t\t<div class=\"elementor-element elementor-element-59243fa elementor-widget__width-initial elementor-widget elementor-widget-text-editor\" data-id=\"59243fa\" data-element_type=\"widget\" data-widget_type=\"text-editor.default\">\n\t\t\t\t\t\t\t\t\t<h1>Monlau<br \/><strong>La Sagrera<\/strong><\/h1>\t\t\t\t\t\t\t\t<\/div>\n\t\t\t\t\t<\/div>\n\t\t\t\t<\/div>\n\t\t<div class=\"elementor-element elementor-element-8a47d06 e-flex e-con-boxed e-con e-parent\" data-id=\"8a47d06\" data-element_type=\"container\">\n\t\t\t\t\t<div class=\"e-con-inner\">\n\t\t<div class=\"elementor-element elementor-element-64cec2b e-con-full e-flex elementor-invisible e-con e-child\" data-id=\"64cec2b\" data-element_type=\"container\" data-settings=\"{&quot;animation&quot;:&quot;fadeInRight&quot;,&quot;background_background&quot;:&quot;classic&quot;}\">\n\t\t\t\t<\/div>\n\t\t<div class=\"elementor-element elementor-element-a05debb e-con-full e-flex elementor-invisible e-con e-child\" data-id=\"a05debb\" data-element_type=\"container\" data-settings=\"{&quot;animation&quot;:&quot;fadeInLeft&quot;}\">\n\t\t\t\t<div class=\"elementor-element elementor-element-9e04178 elementor-widget elementor-widget-heading\" data-id=\"9e04178\" data-element_type=\"widget\" data-widget_type=\"heading.default\">\n\t\t\t\t\t<h2 class=\"elementor-heading-title elementor-size-default\">Espacios <br>dise\u00f1ados para el <span style=\"color: #08539D\"><b>aprendizaje activo<\/b><\/span><\/h2>\t\t\t\t<\/div>\n\t\t\t\t<div class=\"elementor-element elementor-element-e044780 elementor-widget elementor-widget-text-editor\" data-id=\"e044780\" data-element_type=\"widget\" data-widget_type=\"text-editor.default\">\n\t\t\t\t\t\t\t\t\t<p>En <b>la calle Monlau, 6 (Barcelona)<\/b> se encuentra nuestro centro especializado en las \u00e1reas de <b>Empresa y Marketing<\/b> e <b>Inform\u00e1tica<\/b>. El emblem\u00e1tico edificio acristalado de La Sagrera acoge cada d\u00eda a <b>m\u00e1s de 1.300 alumnos<\/b> de Formaci\u00f3n Profesional, en unas instalaciones modernas, que han sido renovadas recientemente para responder a las necesidades de los nuevos perfiles profesionales.<\/p><p>Se trata de un entorno dise\u00f1ado para la <b>innovaci\u00f3n, la creatividad y la tecnolog\u00eda<\/b>. El centro cuenta con un <b>aula inmersiva, \u00fanica en Barcelona<\/b>, equipada con tecnolog\u00eda puntera que permite dinamizar contenidos de todo tipo: presentaciones, simulaciones, trabajo colaborativo, proyectos interactivos, experiencias 360\u00ba\u2026 Un espacio pensado para que el alumnado viva el aprendizaje de forma activa y participativa.<\/p>\t\t\t\t\t\t\t\t<\/div>\n\t\t\t\t<\/div>\n\t\t\t\t\t<\/div>\n\t\t\t\t<\/div>\n\t\t<div class=\"elementor-element elementor-element-ad9d47f e-flex e-con-boxed e-con e-parent\" data-id=\"ad9d47f\" data-element_type=\"container\" data-settings=\"{&quot;background_background&quot;:&quot;classic&quot;}\">\n\t\t\t\t\t<div class=\"e-con-inner\">\n\t\t<div class=\"elementor-element elementor-element-8b97cb7 e-con-full e-flex e-con e-child\" data-id=\"8b97cb7\" data-element_type=\"container\">\n\t\t\t\t<div class=\"elementor-element elementor-element-ddccfbf elementor-widget elementor-widget-heading\" data-id=\"ddccfbf\" data-element_type=\"widget\" data-widget_type=\"heading.default\">\n\t\t\t\t\t<h2 class=\"elementor-heading-title elementor-size-default\">Contamos con una <b>aula inmersiva \u00fanica en Barcelona<\/b>: tecnolog\u00eda puntera para vivir experiencias de aprendizaje 360\u00ba.<\/h2>\t\t\t\t<\/div>\n\t\t\t\t<\/div>\n\t\t\t\t\t<\/div>\n\t\t\t\t<\/div>\n\t\t<div class=\"elementor-element elementor-element-2b7ae38 e-flex e-con-boxed e-con e-parent\" data-id=\"2b7ae38\" data-element_type=\"container\">\n\t\t\t\t\t<div class=\"e-con-inner\">\n\t\t<div class=\"elementor-element elementor-element-a1ba5f4 e-con-full e-flex elementor-invisible e-con e-child\" data-id=\"a1ba5f4\" data-element_type=\"container\" data-settings=\"{&quot;animation&quot;:&quot;fadeInLeft&quot;,&quot;background_background&quot;:&quot;classic&quot;}\">\n\t\t\t\t<\/div>\n\t\t<div class=\"elementor-element elementor-element-b053869 e-con-full e-flex elementor-invisible e-con e-child\" data-id=\"b053869\" data-element_type=\"container\" data-settings=\"{&quot;animation&quot;:&quot;fadeInRight&quot;}\">\n\t\t\t\t<div class=\"elementor-element elementor-element-ee9f792 elementor-widget elementor-widget-heading\" data-id=\"ee9f792\" data-element_type=\"widget\" data-widget_type=\"heading.default\">\n\t\t\t\t\t<h2 class=\"elementor-heading-title elementor-size-default\">Formaci\u00f3n pr\u00e1ctica para los <span style=\"color: #08539D\"><b>retos del futuro<\/b><\/span><\/h2>\t\t\t\t<\/div>\n\t\t\t\t<div class=\"elementor-element elementor-element-d964727 elementor-widget elementor-widget-text-editor\" data-id=\"d964727\" data-element_type=\"widget\" data-widget_type=\"text-editor.default\">\n\t\t\t\t\t\t\t\t\t<p>En el \u00e1mbito de la <b>Inform\u00e1tica<\/b>, los <b>m\u00e1steres de FP<\/b> est\u00e1n creciendo de forma exponencial en los \u00faltimos a\u00f1os. Monlau Sagrera se ha consolidado como un referente en Barcelona y es <b>el \u00fanico centro que imparte los m\u00e1steres oficiales de FP de Ciberseguridad, Inteligencia Artificial y Videojuegos<\/b>, ofreciendo una formaci\u00f3n alineada con los perfiles digitales m\u00e1s demandados por las empresas. Las \u00e1reas de <b>Empresa y Marketing<\/b> comparten este enfoque pr\u00e1ctico y actual: proyectos reales, trabajo con herramientas profesionales y una metodolog\u00eda basada en el <b>\u201clearning by doing\u201d<\/b>, donde el alumnado aprende haciendo, presentando, analizando datos y tomando decisiones como en una empresa real.<\/p><p>\u00a0<\/p><p>Monlau La Sagrera es, en definitiva, un centro orientado al <b>talento digital y empresarial<\/b>, que combina un edificio emblem\u00e1tico con espacios renovados y tecnolog\u00eda avanzada para preparar a los y las profesionales que liderar\u00e1n los retos del futuro.<\/p>\t\t\t\t\t\t\t\t<\/div>\n\t\t\t\t<\/div>\n\t\t\t\t\t<\/div>\n\t\t\t\t<\/div>\n\t\t<div class=\"elementor-element elementor-element-b4484bc e-flex e-con-boxed e-con e-parent\" data-id=\"b4484bc\" data-element_type=\"container\">\n\t\t\t\t\t<div class=\"e-con-inner\">\n\t\t<div class=\"elementor-element elementor-element-f547b5d e-con-full e-flex e-con e-child\" data-id=\"f547b5d\" data-element_type=\"container\" data-settings=\"{&quot;background_background&quot;:&quot;classic&quot;}\">\n\t\t<div class=\"elementor-element elementor-element-6373f34 e-con-full e-flex e-con e-child\" data-id=\"6373f34\" data-element_type=\"container\">\n\t\t\t\t<div class=\"elementor-element elementor-element-c43f475 elementor-widget elementor-widget-heading\" data-id=\"c43f475\" data-element_type=\"widget\" data-widget_type=\"heading.default\">\n\t\t\t\t\t<p class=\"elementor-heading-title elementor-size-default\"><b>\u00bfListo para dar el siguiente paso?<\/b><\/p>\t\t\t\t<\/div>\n\t\t\t\t<div class=\"elementor-element elementor-element-c501a1e elementor-widget elementor-widget-text-editor\" data-id=\"c501a1e\" data-element_type=\"widget\" data-widget_type=\"text-editor.default\">\n\t\t\t\t\t\t\t\t\t<p data-start=\"79\" data-end=\"248\">Ven a conocer nuestras instalaciones y descubre por qu\u00e9 somos el centro de FP de referencia.<\/p>\t\t\t\t\t\t\t\t<\/div>\n\t\t\t\t<div class=\"elementor-element elementor-element-278491b elementor-widget elementor-widget-button\" data-id=\"278491b\" data-element_type=\"widget\" data-widget_type=\"button.default\">\n\t\t\t\t\t\t\t\t\t\t<a class=\"elementor-button elementor-button-link elementor-size-sm\" href=\"https:\/\/www.monlau.com\/contactar\/\">\n\t\t\t\t\t\t<span class=\"elementor-button-content-wrapper\">\n\t\t\t\t\t\t<span class=\"elementor-button-icon\">\n\t\t\t\t<svg xmlns=\"http:\/\/www.w3.org\/2000\/svg\" width=\"27\" height=\"27\" viewBox=\"0 0 27 27\" fill=\"none\"><path d=\"M7.875 7.875H19.125V19.125\" stroke=\"white\" stroke-linecap=\"square\"><\/path><path d=\"M7.20001 19.65L18.45 8.40002\" stroke=\"white\" stroke-linecap=\"square\"><\/path><\/svg>\t\t\t<\/span>\n\t\t\t\t\t\t\t\t\t<span class=\"elementor-button-text\">Solicitar informaci\u00f3n<\/span>\n\t\t\t\t\t<\/span>\n\t\t\t\t\t<\/a>\n\t\t\t\t\t\t\t\t<\/div>\n\t\t\t\t<\/div>\n\t\t\t\t<\/div>\n\t\t\t\t\t<\/div>\n\t\t\t\t<\/div>\n\t\t\t\t<\/div>\n\t\t","protected":false},"excerpt":{"rendered":"<p>MonlauLa Sagrera Espacios dise\u00f1ados para el aprendizaje activo En la calle Monlau, 6 (Barcelona) se encuentra nuestro centro especializado en las \u00e1reas de Empresa y Marketing e Inform\u00e1tica. El emblem\u00e1tico edificio acristalado de La Sagrera acoge cada d\u00eda a m\u00e1s de 1.300 alumnos de Formaci\u00f3n Profesional, en unas instalaciones modernas, que han sido renovadas recientemente [&hellip;]<\/p>\n","protected":false},"author":1,"featured_media":0,"parent":0,"menu_order":0,"comment_status":"closed","ping_status":"closed","template":"elementor_header_footer","meta":{"footnotes":""},"class_list":["post-1395","page","type-page","status-publish","hentry"],"yoast_head":"<!-- This site is optimized with the Yoast SEO plugin v27.2 - https:\/\/yoast.com\/product\/yoast-seo-wordpress\/ -->\n<title>Conoce Monlau \u2013 La Sagrera - Formaci\u00f3n profesional<\/title>\n<meta name=\"robots\" content=\"index, follow, max-snippet:-1, max-image-preview:large, max-video-preview:-1\" \/>\n<link rel=\"canonical\" href=\"https:\/\/www.monlau.com\/fp\/conoce-monlau-la-sagrera\/\" \/>\n<meta property=\"og:locale\" content=\"es_ES\" \/>\n<meta property=\"og:type\" content=\"article\" \/>\n<meta property=\"og:title\" content=\"Conoce Monlau \u2013 La Sagrera - Formaci\u00f3n profesional\" \/>\n<meta property=\"og:description\" content=\"MonlauLa Sagrera Espacios dise\u00f1ados para el aprendizaje activo En la calle Monlau, 6 (Barcelona) se encuentra nuestro centro especializado en las \u00e1reas de Empresa y Marketing e Inform\u00e1tica. El emblem\u00e1tico edificio acristalado de La Sagrera acoge cada d\u00eda a m\u00e1s de 1.300 alumnos de Formaci\u00f3n Profesional, en unas instalaciones modernas, que han sido renovadas recientemente [&hellip;]\" \/>\n<meta property=\"og:url\" content=\"https:\/\/www.monlau.com\/fp\/conoce-monlau-la-sagrera\/\" \/>\n<meta property=\"og:site_name\" content=\"Formaci\u00f3n profesional\" \/>\n<meta property=\"article:modified_time\" content=\"2026-02-26T12:01:08+00:00\" \/>\n<meta name=\"twitter:card\" content=\"summary_large_image\" \/>\n<meta name=\"twitter:label1\" content=\"Tiempo de lectura\" \/>\n\t<meta name=\"twitter:data1\" content=\"2 minutos\" \/>\n<script type=\"application\/ld+json\" class=\"yoast-schema-graph\">{\"@context\":\"https:\/\/schema.org\",\"@graph\":[{\"@type\":\"WebPage\",\"@id\":\"https:\/\/www.monlau.com\/fp\/conoce-monlau-la-sagrera\/\",\"url\":\"https:\/\/www.monlau.com\/fp\/conoce-monlau-la-sagrera\/\",\"name\":\"Conoce Monlau \u2013 La Sagrera - Formaci\u00f3n profesional\",\"isPartOf\":{\"@id\":\"https:\/\/www.monlau.com\/fp\/#website\"},\"datePublished\":\"2026-02-09T13:20:15+00:00\",\"dateModified\":\"2026-02-26T12:01:08+00:00\",\"breadcrumb\":{\"@id\":\"https:\/\/www.monlau.com\/fp\/conoce-monlau-la-sagrera\/#breadcrumb\"},\"inLanguage\":\"es\",\"potentialAction\":[{\"@type\":\"ReadAction\",\"target\":[\"https:\/\/www.monlau.com\/fp\/conoce-monlau-la-sagrera\/\"]}]},{\"@type\":\"BreadcrumbList\",\"@id\":\"https:\/\/www.monlau.com\/fp\/conoce-monlau-la-sagrera\/#breadcrumb\",\"itemListElement\":[{\"@type\":\"ListItem\",\"position\":1,\"name\":\"Portada\",\"item\":\"https:\/\/www.monlau.com\/fp\/\"},{\"@type\":\"ListItem\",\"position\":2,\"name\":\"Conoce Monlau \u2013 La Sagrera\"}]},{\"@type\":\"WebSite\",\"@id\":\"https:\/\/www.monlau.com\/fp\/#website\",\"url\":\"https:\/\/www.monlau.com\/fp\/\",\"name\":\"Formaci\u00f3n profesional\",\"description\":\"Monlau\",\"publisher\":{\"@id\":\"https:\/\/www.monlau.com\/fp\/#organization\"},\"potentialAction\":[{\"@type\":\"SearchAction\",\"target\":{\"@type\":\"EntryPoint\",\"urlTemplate\":\"https:\/\/www.monlau.com\/fp\/?s={search_term_string}\"},\"query-input\":{\"@type\":\"PropertyValueSpecification\",\"valueRequired\":true,\"valueName\":\"search_term_string\"}}],\"inLanguage\":\"es\"},{\"@type\":\"Organization\",\"@id\":\"https:\/\/www.monlau.com\/fp\/#organization\",\"name\":\"Formaci\u00f3n profesional\",\"url\":\"https:\/\/www.monlau.com\/fp\/\",\"logo\":{\"@type\":\"ImageObject\",\"inLanguage\":\"es\",\"@id\":\"https:\/\/www.monlau.com\/fp\/#\/schema\/logo\/image\/\",\"url\":\"https:\/\/www.monlau.com\/app\/uploads\/sites\/3\/2026\/01\/fp.png\",\"contentUrl\":\"https:\/\/www.monlau.com\/app\/uploads\/sites\/3\/2026\/01\/fp.png\",\"width\":1024,\"height\":878,\"caption\":\"Formaci\u00f3n profesional\"},\"image\":{\"@id\":\"https:\/\/www.monlau.com\/fp\/#\/schema\/logo\/image\/\"}}]}<\/script>\n<!-- \/ Yoast SEO plugin. -->","yoast_head_json":{"title":"Conoce Monlau \u2013 La Sagrera - Formaci\u00f3n profesional","robots":{"index":"index","follow":"follow","max-snippet":"max-snippet:-1","max-image-preview":"max-image-preview:large","max-video-preview":"max-video-preview:-1"},"canonical":"https:\/\/www.monlau.com\/fp\/conoce-monlau-la-sagrera\/","og_locale":"es_ES","og_type":"article","og_title":"Conoce Monlau \u2013 La Sagrera - Formaci\u00f3n profesional","og_description":"MonlauLa Sagrera Espacios dise\u00f1ados para el aprendizaje activo En la calle Monlau, 6 (Barcelona) se encuentra nuestro centro especializado en las \u00e1reas de Empresa y Marketing e Inform\u00e1tica. El emblem\u00e1tico edificio acristalado de La Sagrera acoge cada d\u00eda a m\u00e1s de 1.300 alumnos de Formaci\u00f3n Profesional, en unas instalaciones modernas, que han sido renovadas recientemente [&hellip;]","og_url":"https:\/\/www.monlau.com\/fp\/conoce-monlau-la-sagrera\/","og_site_name":"Formaci\u00f3n profesional","article_modified_time":"2026-02-26T12:01:08+00:00","twitter_card":"summary_large_image","twitter_misc":{"Tiempo de lectura":"2 minutos"},"schema":{"@context":"https:\/\/schema.org","@graph":[{"@type":"WebPage","@id":"https:\/\/www.monlau.com\/fp\/conoce-monlau-la-sagrera\/","url":"https:\/\/www.monlau.com\/fp\/conoce-monlau-la-sagrera\/","name":"Conoce Monlau \u2013 La Sagrera - Formaci\u00f3n profesional","isPartOf":{"@id":"https:\/\/www.monlau.com\/fp\/#website"},"datePublished":"2026-02-09T13:20:15+00:00","dateModified":"2026-02-26T12:01:08+00:00","breadcrumb":{"@id":"https:\/\/www.monlau.com\/fp\/conoce-monlau-la-sagrera\/#breadcrumb"},"inLanguage":"es","potentialAction":[{"@type":"ReadAction","target":["https:\/\/www.monlau.com\/fp\/conoce-monlau-la-sagrera\/"]}]},{"@type":"BreadcrumbList","@id":"https:\/\/www.monlau.com\/fp\/conoce-monlau-la-sagrera\/#breadcrumb","itemListElement":[{"@type":"ListItem","position":1,"name":"Portada","item":"https:\/\/www.monlau.com\/fp\/"},{"@type":"ListItem","position":2,"name":"Conoce Monlau \u2013 La Sagrera"}]},{"@type":"WebSite","@id":"https:\/\/www.monlau.com\/fp\/#website","url":"https:\/\/www.monlau.com\/fp\/","name":"Formaci\u00f3n profesional","description":"Monlau","publisher":{"@id":"https:\/\/www.monlau.com\/fp\/#organization"},"potentialAction":[{"@type":"SearchAction","target":{"@type":"EntryPoint","urlTemplate":"https:\/\/www.monlau.com\/fp\/?s={search_term_string}"},"query-input":{"@type":"PropertyValueSpecification","valueRequired":true,"valueName":"search_term_string"}}],"inLanguage":"es"},{"@type":"Organization","@id":"https:\/\/www.monlau.com\/fp\/#organization","name":"Formaci\u00f3n profesional","url":"https:\/\/www.monlau.com\/fp\/","logo":{"@type":"ImageObject","inLanguage":"es","@id":"https:\/\/www.monlau.com\/fp\/#\/schema\/logo\/image\/","url":"https:\/\/www.monlau.com\/app\/uploads\/sites\/3\/2026\/01\/fp.png","contentUrl":"https:\/\/www.monlau.com\/app\/uploads\/sites\/3\/2026\/01\/fp.png","width":1024,"height":878,"caption":"Formaci\u00f3n profesional"},"image":{"@id":"https:\/\/www.monlau.com\/fp\/#\/schema\/logo\/image\/"}}]}},"_links":{"self":[{"href":"https:\/\/www.monlau.com\/fp\/wp-json\/wp\/v2\/pages\/1395","targetHints":{"allow":["GET"]}}],"collection":[{"href":"https:\/\/www.monlau.com\/fp\/wp-json\/wp\/v2\/pages"}],"about":[{"href":"https:\/\/www.monlau.com\/fp\/wp-json\/wp\/v2\/types\/page"}],"author":[{"embeddable":true,"href":"https:\/\/www.monlau.com\/fp\/wp-json\/wp\/v2\/users\/1"}],"replies":[{"embeddable":true,"href":"https:\/\/www.monlau.com\/fp\/wp-json\/wp\/v2\/comments?post=1395"}],"version-history":[{"count":66,"href":"https:\/\/www.monlau.com\/fp\/wp-json\/wp\/v2\/pages\/1395\/revisions"}],"predecessor-version":[{"id":2668,"href":"https:\/\/www.monlau.com\/fp\/wp-json\/wp\/v2\/pages\/1395\/revisions\/2668"}],"wp:attachment":[{"href":"https:\/\/www.monlau.com\/fp\/wp-json\/wp\/v2\/media?parent=1395"}],"curies":[{"name":"wp","href":"https:\/\/api.w.org\/{rel}","templated":true}]}}