{"id":10505,"date":"2026-04-23T09:02:38","date_gmt":"2026-04-23T07:02:38","guid":{"rendered":"https:\/\/www.monlau.com\/fp\/?page_id=10505"},"modified":"2026-04-23T09:07:36","modified_gmt":"2026-04-23T07:07:36","slug":"nissan-y-monlau","status":"publish","type":"page","link":"https:\/\/www.monlau.com\/fp\/nissan-y-monlau\/","title":{"rendered":"Nissan y Monlau"},"content":{"rendered":"\t\t<div data-elementor-type=\"wp-page\" data-elementor-id=\"10505\" class=\"elementor elementor-10505\" data-elementor-post-type=\"page\">\n\t\t\t\t<div class=\"elementor-element elementor-element-01b3ef0 e-flex e-con-boxed e-con e-parent\" data-id=\"01b3ef0\" data-element_type=\"container\" data-settings=\"{&quot;background_background&quot;:&quot;classic&quot;}\">\n\t\t\t\t\t<div class=\"e-con-inner\">\n\t\t\t\t<div class=\"elementor-element elementor-element-ded4440 elementor-widget__width-initial elementor-widget elementor-widget-text-editor\" data-id=\"ded4440\" data-element_type=\"widget\" data-widget_type=\"text-editor.default\">\n\t\t\t\t\t\t\t\t\t<div class=\"elementor-element elementor-element-55abc39 elementor-widget elementor-widget-heading\" data-id=\"55abc39\" data-element_type=\"widget\" data-widget_type=\"heading.default\"><h1 class=\"elementor-heading-title elementor-size-default\"><b>Nissan<\/b> y Monlau<\/h1><\/div>\t\t\t\t\t\t\t\t<\/div>\n\t\t\t\t\t<\/div>\n\t\t\t\t<\/div>\n\t\t<div class=\"elementor-element elementor-element-8d9ee29 e-flex e-con-boxed e-con e-parent\" data-id=\"8d9ee29\" data-element_type=\"container\">\n\t\t\t\t\t<div class=\"e-con-inner\">\n\t\t<div class=\"elementor-element elementor-element-d8d9f13 e-con-full e-flex e-con e-child\" data-id=\"d8d9f13\" data-element_type=\"container\" data-settings=\"{&quot;background_background&quot;:&quot;classic&quot;}\">\n\t\t\t\t<div class=\"elementor-element elementor-element-b4a816d elementor-widget elementor-widget-heading\" data-id=\"b4a816d\" data-element_type=\"widget\" data-widget_type=\"heading.default\">\n\t\t\t\t\t<h2 class=\"elementor-heading-title elementor-size-default\">Ventajas para el <b>futuro profesional del alumnado<\/b><\/h2>\t\t\t\t<\/div>\n\t\t\t\t<div class=\"elementor-element elementor-element-7e0ca0c elementor-widget elementor-widget-text-editor\" data-id=\"7e0ca0c\" data-element_type=\"widget\" data-widget_type=\"text-editor.default\">\n\t\t\t\t\t\t\t\t\t<p data-start=\"188\" data-end=\"476\">En<strong>\u00a0Monlau<\/strong>\u00a0apostamos por una\u00a0<strong>Formaci\u00f3n Profesional en Automoci\u00f3n<\/strong> conectada con la realidad del taller y de las marcas. Por eso colaboramos con Nissan, fabricante de referencia en el sector. La marca ha cedido al centro una flota de\u00a0<strong>13 veh\u00edculos h\u00edbridos y el\u00e9ctricos<\/strong>. As\u00ed, el alumnado puede aprender trabajando directamente sobre coches actuales, con la misma tecnolog\u00eda que encontrar\u00e1 en los concesionarios y servicios oficiales.<\/p><p data-start=\"188\" data-end=\"476\">Adem\u00e1s, la colaboraci\u00f3n incluye el\u00a0<strong>Aula Nissan<\/strong>, un aula te\u00f3rica dentro del centro de FP Automoci\u00f3n de Monlau en Barcelona. Es un espacio formativo vinculado a Nissan, en el que el alumnado recibe sesiones y explicaciones relacionadas con la automoci\u00f3n actual y los cambios tecnol\u00f3gicos del sector.<\/p>\t\t\t\t\t\t\t\t<\/div>\n\t\t\t\t<\/div>\n\t\t\t\t\t<\/div>\n\t\t\t\t<\/div>\n\t\t<div class=\"elementor-element elementor-element-95d621e e-flex e-con-boxed e-con e-parent\" data-id=\"95d621e\" data-element_type=\"container\">\n\t\t\t\t\t<div class=\"e-con-inner\">\n\t\t<div class=\"elementor-element elementor-element-4a3eca9 e-con-full e-flex elementor-invisible e-con e-child\" data-id=\"4a3eca9\" data-element_type=\"container\" data-settings=\"{&quot;animation&quot;:&quot;fadeInRight&quot;,&quot;background_background&quot;:&quot;classic&quot;}\">\n\t\t\t\t<\/div>\n\t\t<div class=\"elementor-element elementor-element-e692676 e-con-full e-flex elementor-invisible e-con e-child\" data-id=\"e692676\" data-element_type=\"container\" data-settings=\"{&quot;animation&quot;:&quot;fadeInLeft&quot;}\">\n\t\t\t\t<div class=\"elementor-element elementor-element-b6f12d4 elementor-widget elementor-widget-heading\" data-id=\"b6f12d4\" data-element_type=\"widget\" data-widget_type=\"heading.default\">\n\t\t\t\t\t<h2 class=\"elementor-heading-title elementor-size-default\">Formaci\u00f3n con <b>veh\u00edculos Nissan de \u00faltima generaci\u00f3n<\/b>\n<\/h2>\t\t\t\t<\/div>\n\t\t\t\t<div class=\"elementor-element elementor-element-3b97bae elementor-widget elementor-widget-text-editor\" data-id=\"3b97bae\" data-element_type=\"widget\" data-widget_type=\"text-editor.default\">\n\t\t\t\t\t\t\t\t\t<div class=\"et_pb_row et_pb_row_1\"><div class=\"et_pb_column et_pb_column_4_4 et_pb_column_1 et_pb_css_mix_blend_mode_passthrough et-last-child\"><div class=\"et_pb_module et_pb_text et_pb_text_3 et_pb_text_align_left et_pb_bg_layout_light\"><div class=\"et_pb_text_inner\"><div class=\"et_pb_module et_pb_text et_pb_text_3  et_pb_text_align_left et_pb_bg_layout_light\"><div class=\"et_pb_text_inner\"><p>Gracias a esta alianza, los y las estudiantes de\u00a0<a href=\"http:\/\/20.82.21.31\/formacio-professional\/area-automocion\/\">Automoci\u00f3n<\/a>\u00a0trabajan con modelos como\u00a0<a href=\"https:\/\/www.nissan.es\/vehiculos\/nuevos-vehiculos\/qashqai.html\">Nissan Qashqai<\/a>, Micra,\u00a0<a href=\"https:\/\/www.nissan.es\/vehiculos\/nuevos-vehiculos\/x-trail.html\">X-Trail<\/a>,\u00a0<a href=\"https:\/\/www.nissan.es\/vehiculos\/nuevos-vehiculos\/ariya.html\">Juke<\/a>\u00a0y Ariya.<\/p><p>De este modo, pueden conocer de primera mano c\u00f3mo funcionan los sistemas h\u00edbridos y el\u00e9ctricos y las principales ayudas a la conducci\u00f3n que llevan los veh\u00edculos actuales. Todo ello hace que la formaci\u00f3n sea m\u00e1s cercana a la realidad de los talleres y servicios oficiales.<\/p><\/div><\/div><div class=\"et_pb_module et_pb_heading et_pb_heading_2 et_pb_bg_layout_\"><div class=\"et_pb_heading_container\"><p>Por otro lado, esta colaboraci\u00f3n refuerza el v\u00ednculo entre empresa y centro educativo. El contacto directo con Nissan permite que la formaci\u00f3n se adapte mejor a las demandas reales del mercado laboral y mejore la empleabilidad del alumnado. Tambi\u00e9n ayuda a que Monlau mantenga su papel como centro de referencia en FP Automoci\u00f3n en Barcelona.<\/p><p>En resumen, la alianza entre Monlau y Nissan acerca todav\u00eda m\u00e1s la Formaci\u00f3n Profesional al d\u00eda a d\u00eda de la automoci\u00f3n, combinando teor\u00eda y veh\u00edculos de \u00faltima generaci\u00f3n en un mismo proyecto formativo.<\/p><\/div><\/div><\/div><\/div><\/div><\/div><div class=\"et_pb_row et_pb_row_2\"><div class=\"et_pb_column et_pb_column_1_2 et_pb_column_2 et_pb_css_mix_blend_mode_passthrough\">\u00a0<\/div><\/div>\t\t\t\t\t\t\t\t<\/div>\n\t\t\t\t<\/div>\n\t\t\t\t\t<\/div>\n\t\t\t\t<\/div>\n\t\t<div class=\"elementor-element elementor-element-9616783 e-flex e-con-boxed e-con e-parent\" data-id=\"9616783\" data-element_type=\"container\">\n\t\t\t\t\t<div class=\"e-con-inner\">\n\t\t<div class=\"elementor-element elementor-element-ae04767 e-con-full e-flex e-con e-child\" data-id=\"ae04767\" data-element_type=\"container\" data-settings=\"{&quot;background_background&quot;:&quot;classic&quot;}\">\n\t\t\t\t<div class=\"elementor-element elementor-element-84080f2 elementor-widget elementor-widget-heading\" data-id=\"84080f2\" data-element_type=\"widget\" data-widget_type=\"heading.default\">\n\t\t\t\t\t<p class=\"elementor-heading-title elementor-size-default\">Te invitamos a <b>leer el art\u00edculo completo <br>en nuestro blog<\/b>\n<\/p>\t\t\t\t<\/div>\n\t\t\t\t<div class=\"elementor-element elementor-element-1067377 elementor-align-right btn-blue-inverse elementor-widget elementor-widget-button\" data-id=\"1067377\" data-element_type=\"widget\" data-widget_type=\"button.default\">\n\t\t\t\t\t\t\t\t\t\t<a class=\"elementor-button elementor-button-link elementor-size-sm\" href=\"https:\/\/www.monlau.com\/fp\/2025\/10\/16\/monlau-y-nissan-refuerzan-su-alianza-para-impulsar-la-formacion-en-automocion\/\">\n\t\t\t\t\t\t<span class=\"elementor-button-content-wrapper\">\n\t\t\t\t\t\t\t\t\t<span class=\"elementor-button-text\">Leer blog<\/span>\n\t\t\t\t\t<\/span>\n\t\t\t\t\t<\/a>\n\t\t\t\t\t\t\t\t<\/div>\n\t\t\t\t<\/div>\n\t\t\t\t\t<\/div>\n\t\t\t\t<\/div>\n\t\t\t\t<\/div>\n\t\t","protected":false},"excerpt":{"rendered":"<p>Nissan y Monlau Ventajas para el futuro profesional del alumnado En\u00a0Monlau\u00a0apostamos por una\u00a0Formaci\u00f3n Profesional en Automoci\u00f3n conectada con la realidad del taller y de las marcas. Por eso colaboramos con Nissan, fabricante de referencia en el sector. La marca ha cedido al centro una flota de\u00a013 veh\u00edculos h\u00edbridos y el\u00e9ctricos. As\u00ed, el alumnado puede aprender [&hellip;]<\/p>\n","protected":false},"author":1,"featured_media":0,"parent":0,"menu_order":0,"comment_status":"closed","ping_status":"closed","template":"elementor_header_footer","meta":{"footnotes":""},"class_list":["post-10505","page","type-page","status-publish","hentry"],"yoast_head":"<!-- This site is optimized with the Yoast SEO plugin v27.2 - https:\/\/yoast.com\/product\/yoast-seo-wordpress\/ -->\n<title>Nissan y Monlau - Formaci\u00f3n profesional<\/title>\n<meta name=\"robots\" content=\"index, follow, max-snippet:-1, max-image-preview:large, max-video-preview:-1\" \/>\n<link rel=\"canonical\" href=\"https:\/\/www.monlau.com\/fp\/nissan-y-monlau\/\" \/>\n<meta property=\"og:locale\" content=\"es_ES\" \/>\n<meta property=\"og:type\" content=\"article\" \/>\n<meta property=\"og:title\" content=\"Nissan y Monlau - Formaci\u00f3n profesional\" \/>\n<meta property=\"og:description\" content=\"Nissan y Monlau Ventajas para el futuro profesional del alumnado En\u00a0Monlau\u00a0apostamos por una\u00a0Formaci\u00f3n Profesional en Automoci\u00f3n conectada con la realidad del taller y de las marcas. Por eso colaboramos con Nissan, fabricante de referencia en el sector. La marca ha cedido al centro una flota de\u00a013 veh\u00edculos h\u00edbridos y el\u00e9ctricos. As\u00ed, el alumnado puede aprender [&hellip;]\" \/>\n<meta property=\"og:url\" content=\"https:\/\/www.monlau.com\/fp\/nissan-y-monlau\/\" \/>\n<meta property=\"og:site_name\" content=\"Formaci\u00f3n profesional\" \/>\n<meta property=\"article:modified_time\" content=\"2026-04-23T07:07:36+00:00\" \/>\n<meta name=\"twitter:card\" content=\"summary_large_image\" \/>\n<meta name=\"twitter:label1\" content=\"Tiempo de lectura\" \/>\n\t<meta name=\"twitter:data1\" content=\"2 minutos\" \/>\n<script type=\"application\/ld+json\" class=\"yoast-schema-graph\">{\"@context\":\"https:\/\/schema.org\",\"@graph\":[{\"@type\":\"WebPage\",\"@id\":\"https:\/\/www.monlau.com\/fp\/nissan-y-monlau\/\",\"url\":\"https:\/\/www.monlau.com\/fp\/nissan-y-monlau\/\",\"name\":\"Nissan y Monlau - Formaci\u00f3n profesional\",\"isPartOf\":{\"@id\":\"https:\/\/www.monlau.com\/fp\/#website\"},\"datePublished\":\"2026-04-23T07:02:38+00:00\",\"dateModified\":\"2026-04-23T07:07:36+00:00\",\"breadcrumb\":{\"@id\":\"https:\/\/www.monlau.com\/fp\/nissan-y-monlau\/#breadcrumb\"},\"inLanguage\":\"es\",\"potentialAction\":[{\"@type\":\"ReadAction\",\"target\":[\"https:\/\/www.monlau.com\/fp\/nissan-y-monlau\/\"]}]},{\"@type\":\"BreadcrumbList\",\"@id\":\"https:\/\/www.monlau.com\/fp\/nissan-y-monlau\/#breadcrumb\",\"itemListElement\":[{\"@type\":\"ListItem\",\"position\":1,\"name\":\"Portada\",\"item\":\"https:\/\/www.monlau.com\/fp\/\"},{\"@type\":\"ListItem\",\"position\":2,\"name\":\"Nissan y Monlau\"}]},{\"@type\":\"WebSite\",\"@id\":\"https:\/\/www.monlau.com\/fp\/#website\",\"url\":\"https:\/\/www.monlau.com\/fp\/\",\"name\":\"Formaci\u00f3n profesional\",\"description\":\"Monlau\",\"publisher\":{\"@id\":\"https:\/\/www.monlau.com\/fp\/#organization\"},\"potentialAction\":[{\"@type\":\"SearchAction\",\"target\":{\"@type\":\"EntryPoint\",\"urlTemplate\":\"https:\/\/www.monlau.com\/fp\/?s={search_term_string}\"},\"query-input\":{\"@type\":\"PropertyValueSpecification\",\"valueRequired\":true,\"valueName\":\"search_term_string\"}}],\"inLanguage\":\"es\"},{\"@type\":\"Organization\",\"@id\":\"https:\/\/www.monlau.com\/fp\/#organization\",\"name\":\"Formaci\u00f3n profesional\",\"url\":\"https:\/\/www.monlau.com\/fp\/\",\"logo\":{\"@type\":\"ImageObject\",\"inLanguage\":\"es\",\"@id\":\"https:\/\/www.monlau.com\/fp\/#\/schema\/logo\/image\/\",\"url\":\"https:\/\/www.monlau.com\/app\/uploads\/sites\/3\/2026\/01\/fp.png\",\"contentUrl\":\"https:\/\/www.monlau.com\/app\/uploads\/sites\/3\/2026\/01\/fp.png\",\"width\":1024,\"height\":878,\"caption\":\"Formaci\u00f3n profesional\"},\"image\":{\"@id\":\"https:\/\/www.monlau.com\/fp\/#\/schema\/logo\/image\/\"}}]}<\/script>\n<!-- \/ Yoast SEO plugin. -->","yoast_head_json":{"title":"Nissan y Monlau - Formaci\u00f3n profesional","robots":{"index":"index","follow":"follow","max-snippet":"max-snippet:-1","max-image-preview":"max-image-preview:large","max-video-preview":"max-video-preview:-1"},"canonical":"https:\/\/www.monlau.com\/fp\/nissan-y-monlau\/","og_locale":"es_ES","og_type":"article","og_title":"Nissan y Monlau - Formaci\u00f3n profesional","og_description":"Nissan y Monlau Ventajas para el futuro profesional del alumnado En\u00a0Monlau\u00a0apostamos por una\u00a0Formaci\u00f3n Profesional en Automoci\u00f3n conectada con la realidad del taller y de las marcas. Por eso colaboramos con Nissan, fabricante de referencia en el sector. La marca ha cedido al centro una flota de\u00a013 veh\u00edculos h\u00edbridos y el\u00e9ctricos. As\u00ed, el alumnado puede aprender [&hellip;]","og_url":"https:\/\/www.monlau.com\/fp\/nissan-y-monlau\/","og_site_name":"Formaci\u00f3n profesional","article_modified_time":"2026-04-23T07:07:36+00:00","twitter_card":"summary_large_image","twitter_misc":{"Tiempo de lectura":"2 minutos"},"schema":{"@context":"https:\/\/schema.org","@graph":[{"@type":"WebPage","@id":"https:\/\/www.monlau.com\/fp\/nissan-y-monlau\/","url":"https:\/\/www.monlau.com\/fp\/nissan-y-monlau\/","name":"Nissan y Monlau - Formaci\u00f3n profesional","isPartOf":{"@id":"https:\/\/www.monlau.com\/fp\/#website"},"datePublished":"2026-04-23T07:02:38+00:00","dateModified":"2026-04-23T07:07:36+00:00","breadcrumb":{"@id":"https:\/\/www.monlau.com\/fp\/nissan-y-monlau\/#breadcrumb"},"inLanguage":"es","potentialAction":[{"@type":"ReadAction","target":["https:\/\/www.monlau.com\/fp\/nissan-y-monlau\/"]}]},{"@type":"BreadcrumbList","@id":"https:\/\/www.monlau.com\/fp\/nissan-y-monlau\/#breadcrumb","itemListElement":[{"@type":"ListItem","position":1,"name":"Portada","item":"https:\/\/www.monlau.com\/fp\/"},{"@type":"ListItem","position":2,"name":"Nissan y Monlau"}]},{"@type":"WebSite","@id":"https:\/\/www.monlau.com\/fp\/#website","url":"https:\/\/www.monlau.com\/fp\/","name":"Formaci\u00f3n profesional","description":"Monlau","publisher":{"@id":"https:\/\/www.monlau.com\/fp\/#organization"},"potentialAction":[{"@type":"SearchAction","target":{"@type":"EntryPoint","urlTemplate":"https:\/\/www.monlau.com\/fp\/?s={search_term_string}"},"query-input":{"@type":"PropertyValueSpecification","valueRequired":true,"valueName":"search_term_string"}}],"inLanguage":"es"},{"@type":"Organization","@id":"https:\/\/www.monlau.com\/fp\/#organization","name":"Formaci\u00f3n profesional","url":"https:\/\/www.monlau.com\/fp\/","logo":{"@type":"ImageObject","inLanguage":"es","@id":"https:\/\/www.monlau.com\/fp\/#\/schema\/logo\/image\/","url":"https:\/\/www.monlau.com\/app\/uploads\/sites\/3\/2026\/01\/fp.png","contentUrl":"https:\/\/www.monlau.com\/app\/uploads\/sites\/3\/2026\/01\/fp.png","width":1024,"height":878,"caption":"Formaci\u00f3n profesional"},"image":{"@id":"https:\/\/www.monlau.com\/fp\/#\/schema\/logo\/image\/"}}]}},"_links":{"self":[{"href":"https:\/\/www.monlau.com\/fp\/wp-json\/wp\/v2\/pages\/10505","targetHints":{"allow":["GET"]}}],"collection":[{"href":"https:\/\/www.monlau.com\/fp\/wp-json\/wp\/v2\/pages"}],"about":[{"href":"https:\/\/www.monlau.com\/fp\/wp-json\/wp\/v2\/types\/page"}],"author":[{"embeddable":true,"href":"https:\/\/www.monlau.com\/fp\/wp-json\/wp\/v2\/users\/1"}],"replies":[{"embeddable":true,"href":"https:\/\/www.monlau.com\/fp\/wp-json\/wp\/v2\/comments?post=10505"}],"version-history":[{"count":4,"href":"https:\/\/www.monlau.com\/fp\/wp-json\/wp\/v2\/pages\/10505\/revisions"}],"predecessor-version":[{"id":10511,"href":"https:\/\/www.monlau.com\/fp\/wp-json\/wp\/v2\/pages\/10505\/revisions\/10511"}],"wp:attachment":[{"href":"https:\/\/www.monlau.com\/fp\/wp-json\/wp\/v2\/media?parent=10505"}],"curies":[{"name":"wp","href":"https:\/\/api.w.org\/{rel}","templated":true}]}}