{"id":10483,"date":"2026-04-23T08:46:47","date_gmt":"2026-04-23T06:46:47","guid":{"rendered":"https:\/\/www.monlau.com\/fp\/?page_id=10483"},"modified":"2026-04-23T08:52:56","modified_gmt":"2026-04-23T06:52:56","slug":"barcelona-premium-y-monlau","status":"publish","type":"page","link":"https:\/\/www.monlau.com\/fp\/barcelona-premium-y-monlau\/","title":{"rendered":"Barcelona Premium y Monlau"},"content":{"rendered":"\t\t<div data-elementor-type=\"wp-page\" data-elementor-id=\"10483\" class=\"elementor elementor-10483\" data-elementor-post-type=\"page\">\n\t\t\t\t<div class=\"elementor-element elementor-element-91bccc7 e-flex e-con-boxed e-con e-parent\" data-id=\"91bccc7\" data-element_type=\"container\" data-settings=\"{&quot;background_background&quot;:&quot;classic&quot;}\">\n\t\t\t\t\t<div class=\"e-con-inner\">\n\t\t\t\t<div class=\"elementor-element elementor-element-92c75ec elementor-widget__width-initial elementor-widget elementor-widget-text-editor\" data-id=\"92c75ec\" data-element_type=\"widget\" data-widget_type=\"text-editor.default\">\n\t\t\t\t\t\t\t\t\t<h1 class=\"elementor-heading-title elementor-size-default\"><b>Barcelona Premium<\/b>\u00a0y Monlau<\/h1>\t\t\t\t\t\t\t\t<\/div>\n\t\t\t\t\t<\/div>\n\t\t\t\t<\/div>\n\t\t<div class=\"elementor-element elementor-element-4c73ad5 e-flex e-con-boxed e-con e-parent\" data-id=\"4c73ad5\" data-element_type=\"container\">\n\t\t\t\t\t<div class=\"e-con-inner\">\n\t\t<div class=\"elementor-element elementor-element-16e8601 e-con-full e-flex e-con e-child\" data-id=\"16e8601\" data-element_type=\"container\" data-settings=\"{&quot;background_background&quot;:&quot;classic&quot;}\">\n\t\t\t\t<div class=\"elementor-element elementor-element-e3bff3b elementor-widget elementor-widget-heading\" data-id=\"e3bff3b\" data-element_type=\"widget\" data-widget_type=\"heading.default\">\n\t\t\t\t\t<h2 class=\"elementor-heading-title elementor-size-default\">Nace el <b>\u00abAula Barcelona Premium\u00bb<\/b> donde se forma la excelencia<\/h2>\t\t\t\t<\/div>\n\t\t\t\t<div class=\"elementor-element elementor-element-661ec2e elementor-widget elementor-widget-text-editor\" data-id=\"661ec2e\" data-element_type=\"widget\" data-widget_type=\"text-editor.default\">\n\t\t\t\t\t\t\t\t\t<p class=\"\" data-start=\"521\" data-end=\"735\">En Monlau apostamos por una formaci\u00f3n profesional conectada con la realidad del mercado. Por ello, hemos firmado un acuerdo estrat\u00e9gico con\u00a0<strong data-start=\"661\" data-end=\"682\">Barcelona Premium<\/strong>, concesionario oficial de BMW y MINI en Barcelona.<\/p><p class=\"\" data-start=\"737\" data-end=\"960\">Gracias a esta colaboraci\u00f3n, el alumnado podr\u00e1 formarse con procesos, tecnolog\u00edas y est\u00e1ndares propios del sector de la automoci\u00f3n de alta gama. As\u00ed, acercamos la formaci\u00f3n t\u00e9cnica al nivel de exigencia del entorno premium.<\/p>\t\t\t\t\t\t\t\t<\/div>\n\t\t\t\t<\/div>\n\t\t\t\t\t<\/div>\n\t\t\t\t<\/div>\n\t\t<div class=\"elementor-element elementor-element-b9407fa e-flex e-con-boxed e-con e-parent\" data-id=\"b9407fa\" data-element_type=\"container\">\n\t\t\t\t\t<div class=\"e-con-inner\">\n\t\t<div class=\"elementor-element elementor-element-a408ae5 e-con-full e-flex elementor-invisible e-con e-child\" data-id=\"a408ae5\" data-element_type=\"container\" data-settings=\"{&quot;animation&quot;:&quot;fadeInRight&quot;,&quot;background_background&quot;:&quot;classic&quot;}\">\n\t\t\t\t<\/div>\n\t\t<div class=\"elementor-element elementor-element-25f94ee e-con-full e-flex elementor-invisible e-con e-child\" data-id=\"25f94ee\" data-element_type=\"container\" data-settings=\"{&quot;animation&quot;:&quot;fadeInLeft&quot;}\">\n\t\t\t\t<div class=\"elementor-element elementor-element-a1fe15c elementor-widget elementor-widget-heading\" data-id=\"a1fe15c\" data-element_type=\"widget\" data-widget_type=\"heading.default\">\n\t\t\t\t\t<h2 class=\"elementor-heading-title elementor-size-default\">Barcelona Premium: <b>excelencia, innovaci\u00f3n y servicio<\/b>\n<\/h2>\t\t\t\t<\/div>\n\t\t\t\t<div class=\"elementor-element elementor-element-b2d9699 elementor-widget elementor-widget-text-editor\" data-id=\"b2d9699\" data-element_type=\"widget\" data-widget_type=\"text-editor.default\">\n\t\t\t\t\t\t\t\t\t<div class=\"et_pb_row et_pb_row_1\"><div class=\"et_pb_column et_pb_column_4_4 et_pb_column_1 et_pb_css_mix_blend_mode_passthrough et-last-child\"><div class=\"et_pb_module et_pb_text et_pb_text_3 et_pb_text_align_left et_pb_bg_layout_light\"><div class=\"et_pb_text_inner\"><p class=\"\" data-start=\"1030\" data-end=\"1195\">Fruto de esta alianza, nace el nuevo espacio\u00a0<strong data-start=\"1075\" data-end=\"1103\">\u2018Aula Barcelona Premium\u2019<\/strong>. Este entorno especializado estar\u00e1 ubicado en nuestras instalaciones de FP en Automoci\u00f3n.<\/p><p class=\"\" data-start=\"1197\" data-end=\"1380\">El aula ofrecer\u00e1 formaci\u00f3n pr\u00e1ctica desde el primer d\u00eda. De este modo, los estudiantes conocer\u00e1n de cerca herramientas reales, metodolog\u00edas actuales y tecnolog\u00eda de \u00faltima generaci\u00f3n. Adem\u00e1s, podr\u00e1n desarrollar competencias clave como la diagnosis avanzada, la atenci\u00f3n al cliente o la gesti\u00f3n de procesos en taller. Todo ello en un contexto que simula con precisi\u00f3n el entorno profesional de una marca premium.<\/p><p data-start=\"1197\" data-end=\"1380\">\u00a0<\/p><\/div><p class=\"\" data-start=\"1721\" data-end=\"2036\"><strong data-start=\"1721\" data-end=\"1742\">Barcelona Premium<\/strong> es mucho m\u00e1s que un concesionario. Por un lado, representa a dos de las marcas m\u00e1s reconocidas del mundo: BMW y MINI. Por otro, se ha consolidado como referente en el sector de la automoci\u00f3n de alta gama en Barcelona gracias a su enfoque en la calidad, el servicio y la innovaci\u00f3n constante. Gracias a esta colaboraci\u00f3n, el alumnado de Monlau tendr\u00e1 acceso a pr\u00e1cticas, formaci\u00f3n dual y oportunidades laborales en \u00e1reas como mec\u00e1nica, diagnosis avanzada, atenci\u00f3n al cliente y gesti\u00f3n de posventa. En definitiva, esta alianza representa un paso decisivo para acercar la formaci\u00f3n a la realidad del sector, facilitando as\u00ed una transici\u00f3n m\u00e1s s\u00f3lida y directa al mundo profesional.<\/p><\/div><\/div><\/div><div class=\"et_pb_row et_pb_row_2\"><div class=\"et_pb_column et_pb_column_1_2 et_pb_column_2 et_pb_css_mix_blend_mode_passthrough\">\u00a0<\/div><\/div>\t\t\t\t\t\t\t\t<\/div>\n\t\t\t\t<\/div>\n\t\t\t\t\t<\/div>\n\t\t\t\t<\/div>\n\t\t<div class=\"elementor-element elementor-element-a6a69a8 e-flex e-con-boxed e-con e-parent\" data-id=\"a6a69a8\" data-element_type=\"container\">\n\t\t\t\t\t<div class=\"e-con-inner\">\n\t\t<div class=\"elementor-element elementor-element-0621507 e-con-full e-flex e-con e-child\" data-id=\"0621507\" data-element_type=\"container\" data-settings=\"{&quot;background_background&quot;:&quot;classic&quot;}\">\n\t\t\t\t<div class=\"elementor-element elementor-element-3b0b0a3 elementor-widget elementor-widget-heading\" data-id=\"3b0b0a3\" data-element_type=\"widget\" data-widget_type=\"heading.default\">\n\t\t\t\t\t<p class=\"elementor-heading-title elementor-size-default\">Te invitamos a <b>leer el art\u00edculo completo <br>en nuestro blog<\/b>\n<\/p>\t\t\t\t<\/div>\n\t\t\t\t<div class=\"elementor-element elementor-element-9a0fe92 elementor-align-right btn-blue-inverse elementor-widget elementor-widget-button\" data-id=\"9a0fe92\" data-element_type=\"widget\" data-widget_type=\"button.default\">\n\t\t\t\t\t\t\t\t\t\t<a class=\"elementor-button elementor-button-link elementor-size-sm\" href=\"https:\/\/www.monlau.com\/fp\/2025\/03\/26\/barcelona-premium-y-monlau\/\">\n\t\t\t\t\t\t<span class=\"elementor-button-content-wrapper\">\n\t\t\t\t\t\t\t\t\t<span class=\"elementor-button-text\">Leer blog<\/span>\n\t\t\t\t\t<\/span>\n\t\t\t\t\t<\/a>\n\t\t\t\t\t\t\t\t<\/div>\n\t\t\t\t<\/div>\n\t\t\t\t\t<\/div>\n\t\t\t\t<\/div>\n\t\t\t\t<\/div>\n\t\t","protected":false},"excerpt":{"rendered":"<p>Barcelona Premium\u00a0y Monlau Nace el \u00abAula Barcelona Premium\u00bb donde se forma la excelencia En Monlau apostamos por una formaci\u00f3n profesional conectada con la realidad del mercado. Por ello, hemos firmado un acuerdo estrat\u00e9gico con\u00a0Barcelona Premium, concesionario oficial de BMW y MINI en Barcelona. Gracias a esta colaboraci\u00f3n, el alumnado podr\u00e1 formarse con procesos, tecnolog\u00edas y [&hellip;]<\/p>\n","protected":false},"author":1,"featured_media":0,"parent":0,"menu_order":0,"comment_status":"closed","ping_status":"closed","template":"elementor_header_footer","meta":{"footnotes":""},"class_list":["post-10483","page","type-page","status-publish","hentry"],"yoast_head":"<!-- This site is optimized with the Yoast SEO plugin v27.2 - https:\/\/yoast.com\/product\/yoast-seo-wordpress\/ -->\n<title>Barcelona Premium y Monlau - Formaci\u00f3n profesional<\/title>\n<meta name=\"robots\" content=\"index, follow, max-snippet:-1, max-image-preview:large, max-video-preview:-1\" \/>\n<link rel=\"canonical\" href=\"https:\/\/www.monlau.com\/fp\/barcelona-premium-y-monlau\/\" \/>\n<meta property=\"og:locale\" content=\"es_ES\" \/>\n<meta property=\"og:type\" content=\"article\" \/>\n<meta property=\"og:title\" content=\"Barcelona Premium y Monlau - Formaci\u00f3n profesional\" \/>\n<meta property=\"og:description\" content=\"Barcelona Premium\u00a0y Monlau Nace el \u00abAula Barcelona Premium\u00bb donde se forma la excelencia En Monlau apostamos por una formaci\u00f3n profesional conectada con la realidad del mercado. Por ello, hemos firmado un acuerdo estrat\u00e9gico con\u00a0Barcelona Premium, concesionario oficial de BMW y MINI en Barcelona. Gracias a esta colaboraci\u00f3n, el alumnado podr\u00e1 formarse con procesos, tecnolog\u00edas y [&hellip;]\" \/>\n<meta property=\"og:url\" content=\"https:\/\/www.monlau.com\/fp\/barcelona-premium-y-monlau\/\" \/>\n<meta property=\"og:site_name\" content=\"Formaci\u00f3n profesional\" \/>\n<meta property=\"article:modified_time\" content=\"2026-04-23T06:52:56+00:00\" \/>\n<meta name=\"twitter:card\" content=\"summary_large_image\" \/>\n<meta name=\"twitter:label1\" content=\"Tiempo de lectura\" \/>\n\t<meta name=\"twitter:data1\" content=\"2 minutos\" \/>\n<script type=\"application\/ld+json\" class=\"yoast-schema-graph\">{\"@context\":\"https:\/\/schema.org\",\"@graph\":[{\"@type\":\"WebPage\",\"@id\":\"https:\/\/www.monlau.com\/fp\/barcelona-premium-y-monlau\/\",\"url\":\"https:\/\/www.monlau.com\/fp\/barcelona-premium-y-monlau\/\",\"name\":\"Barcelona Premium y Monlau - Formaci\u00f3n profesional\",\"isPartOf\":{\"@id\":\"https:\/\/www.monlau.com\/fp\/#website\"},\"datePublished\":\"2026-04-23T06:46:47+00:00\",\"dateModified\":\"2026-04-23T06:52:56+00:00\",\"breadcrumb\":{\"@id\":\"https:\/\/www.monlau.com\/fp\/barcelona-premium-y-monlau\/#breadcrumb\"},\"inLanguage\":\"es\",\"potentialAction\":[{\"@type\":\"ReadAction\",\"target\":[\"https:\/\/www.monlau.com\/fp\/barcelona-premium-y-monlau\/\"]}]},{\"@type\":\"BreadcrumbList\",\"@id\":\"https:\/\/www.monlau.com\/fp\/barcelona-premium-y-monlau\/#breadcrumb\",\"itemListElement\":[{\"@type\":\"ListItem\",\"position\":1,\"name\":\"Portada\",\"item\":\"https:\/\/www.monlau.com\/fp\/\"},{\"@type\":\"ListItem\",\"position\":2,\"name\":\"Barcelona Premium y Monlau\"}]},{\"@type\":\"WebSite\",\"@id\":\"https:\/\/www.monlau.com\/fp\/#website\",\"url\":\"https:\/\/www.monlau.com\/fp\/\",\"name\":\"Formaci\u00f3n profesional\",\"description\":\"Monlau\",\"publisher\":{\"@id\":\"https:\/\/www.monlau.com\/fp\/#organization\"},\"potentialAction\":[{\"@type\":\"SearchAction\",\"target\":{\"@type\":\"EntryPoint\",\"urlTemplate\":\"https:\/\/www.monlau.com\/fp\/?s={search_term_string}\"},\"query-input\":{\"@type\":\"PropertyValueSpecification\",\"valueRequired\":true,\"valueName\":\"search_term_string\"}}],\"inLanguage\":\"es\"},{\"@type\":\"Organization\",\"@id\":\"https:\/\/www.monlau.com\/fp\/#organization\",\"name\":\"Formaci\u00f3n profesional\",\"url\":\"https:\/\/www.monlau.com\/fp\/\",\"logo\":{\"@type\":\"ImageObject\",\"inLanguage\":\"es\",\"@id\":\"https:\/\/www.monlau.com\/fp\/#\/schema\/logo\/image\/\",\"url\":\"https:\/\/www.monlau.com\/app\/uploads\/sites\/3\/2026\/01\/fp.png\",\"contentUrl\":\"https:\/\/www.monlau.com\/app\/uploads\/sites\/3\/2026\/01\/fp.png\",\"width\":1024,\"height\":878,\"caption\":\"Formaci\u00f3n profesional\"},\"image\":{\"@id\":\"https:\/\/www.monlau.com\/fp\/#\/schema\/logo\/image\/\"}}]}<\/script>\n<!-- \/ Yoast SEO plugin. -->","yoast_head_json":{"title":"Barcelona Premium y Monlau - Formaci\u00f3n profesional","robots":{"index":"index","follow":"follow","max-snippet":"max-snippet:-1","max-image-preview":"max-image-preview:large","max-video-preview":"max-video-preview:-1"},"canonical":"https:\/\/www.monlau.com\/fp\/barcelona-premium-y-monlau\/","og_locale":"es_ES","og_type":"article","og_title":"Barcelona Premium y Monlau - Formaci\u00f3n profesional","og_description":"Barcelona Premium\u00a0y Monlau Nace el \u00abAula Barcelona Premium\u00bb donde se forma la excelencia En Monlau apostamos por una formaci\u00f3n profesional conectada con la realidad del mercado. Por ello, hemos firmado un acuerdo estrat\u00e9gico con\u00a0Barcelona Premium, concesionario oficial de BMW y MINI en Barcelona. Gracias a esta colaboraci\u00f3n, el alumnado podr\u00e1 formarse con procesos, tecnolog\u00edas y [&hellip;]","og_url":"https:\/\/www.monlau.com\/fp\/barcelona-premium-y-monlau\/","og_site_name":"Formaci\u00f3n profesional","article_modified_time":"2026-04-23T06:52:56+00:00","twitter_card":"summary_large_image","twitter_misc":{"Tiempo de lectura":"2 minutos"},"schema":{"@context":"https:\/\/schema.org","@graph":[{"@type":"WebPage","@id":"https:\/\/www.monlau.com\/fp\/barcelona-premium-y-monlau\/","url":"https:\/\/www.monlau.com\/fp\/barcelona-premium-y-monlau\/","name":"Barcelona Premium y Monlau - Formaci\u00f3n profesional","isPartOf":{"@id":"https:\/\/www.monlau.com\/fp\/#website"},"datePublished":"2026-04-23T06:46:47+00:00","dateModified":"2026-04-23T06:52:56+00:00","breadcrumb":{"@id":"https:\/\/www.monlau.com\/fp\/barcelona-premium-y-monlau\/#breadcrumb"},"inLanguage":"es","potentialAction":[{"@type":"ReadAction","target":["https:\/\/www.monlau.com\/fp\/barcelona-premium-y-monlau\/"]}]},{"@type":"BreadcrumbList","@id":"https:\/\/www.monlau.com\/fp\/barcelona-premium-y-monlau\/#breadcrumb","itemListElement":[{"@type":"ListItem","position":1,"name":"Portada","item":"https:\/\/www.monlau.com\/fp\/"},{"@type":"ListItem","position":2,"name":"Barcelona Premium y Monlau"}]},{"@type":"WebSite","@id":"https:\/\/www.monlau.com\/fp\/#website","url":"https:\/\/www.monlau.com\/fp\/","name":"Formaci\u00f3n profesional","description":"Monlau","publisher":{"@id":"https:\/\/www.monlau.com\/fp\/#organization"},"potentialAction":[{"@type":"SearchAction","target":{"@type":"EntryPoint","urlTemplate":"https:\/\/www.monlau.com\/fp\/?s={search_term_string}"},"query-input":{"@type":"PropertyValueSpecification","valueRequired":true,"valueName":"search_term_string"}}],"inLanguage":"es"},{"@type":"Organization","@id":"https:\/\/www.monlau.com\/fp\/#organization","name":"Formaci\u00f3n profesional","url":"https:\/\/www.monlau.com\/fp\/","logo":{"@type":"ImageObject","inLanguage":"es","@id":"https:\/\/www.monlau.com\/fp\/#\/schema\/logo\/image\/","url":"https:\/\/www.monlau.com\/app\/uploads\/sites\/3\/2026\/01\/fp.png","contentUrl":"https:\/\/www.monlau.com\/app\/uploads\/sites\/3\/2026\/01\/fp.png","width":1024,"height":878,"caption":"Formaci\u00f3n profesional"},"image":{"@id":"https:\/\/www.monlau.com\/fp\/#\/schema\/logo\/image\/"}}]}},"_links":{"self":[{"href":"https:\/\/www.monlau.com\/fp\/wp-json\/wp\/v2\/pages\/10483","targetHints":{"allow":["GET"]}}],"collection":[{"href":"https:\/\/www.monlau.com\/fp\/wp-json\/wp\/v2\/pages"}],"about":[{"href":"https:\/\/www.monlau.com\/fp\/wp-json\/wp\/v2\/types\/page"}],"author":[{"embeddable":true,"href":"https:\/\/www.monlau.com\/fp\/wp-json\/wp\/v2\/users\/1"}],"replies":[{"embeddable":true,"href":"https:\/\/www.monlau.com\/fp\/wp-json\/wp\/v2\/comments?post=10483"}],"version-history":[{"count":4,"href":"https:\/\/www.monlau.com\/fp\/wp-json\/wp\/v2\/pages\/10483\/revisions"}],"predecessor-version":[{"id":10488,"href":"https:\/\/www.monlau.com\/fp\/wp-json\/wp\/v2\/pages\/10483\/revisions\/10488"}],"wp:attachment":[{"href":"https:\/\/www.monlau.com\/fp\/wp-json\/wp\/v2\/media?parent=10483"}],"curies":[{"name":"wp","href":"https:\/\/api.w.org\/{rel}","templated":true}]}}