{"id":10470,"date":"2026-04-23T08:37:02","date_gmt":"2026-04-23T06:37:02","guid":{"rendered":"https:\/\/www.monlau.com\/fp\/?page_id=10470"},"modified":"2026-04-23T08:44:41","modified_gmt":"2026-04-23T06:44:41","slug":"dongfeng-y-monlau","status":"publish","type":"page","link":"https:\/\/www.monlau.com\/fp\/dongfeng-y-monlau\/","title":{"rendered":"Dongfeng y Monlau"},"content":{"rendered":"\t\t<div data-elementor-type=\"wp-page\" data-elementor-id=\"10470\" class=\"elementor elementor-10470\" data-elementor-post-type=\"page\">\n\t\t\t\t<div class=\"elementor-element elementor-element-341dd83 e-flex e-con-boxed e-con e-parent\" data-id=\"341dd83\" data-element_type=\"container\" data-settings=\"{&quot;background_background&quot;:&quot;classic&quot;}\">\n\t\t\t\t\t<div class=\"e-con-inner\">\n\t\t\t\t<div class=\"elementor-element elementor-element-9b78b98 elementor-widget__width-initial elementor-widget elementor-widget-text-editor\" data-id=\"9b78b98\" data-element_type=\"widget\" data-widget_type=\"text-editor.default\">\n\t\t\t\t\t\t\t\t\t<h1 class=\"elementor-heading-title elementor-size-default\"><b>Dongfeng<\/b>\u00a0y Monlau<\/h1>\t\t\t\t\t\t\t\t<\/div>\n\t\t\t\t\t<\/div>\n\t\t\t\t<\/div>\n\t\t<div class=\"elementor-element elementor-element-f85a428 e-flex e-con-boxed e-con e-parent\" data-id=\"f85a428\" data-element_type=\"container\">\n\t\t\t\t\t<div class=\"e-con-inner\">\n\t\t<div class=\"elementor-element elementor-element-0a7a905 e-con-full e-flex e-con e-child\" data-id=\"0a7a905\" data-element_type=\"container\" data-settings=\"{&quot;background_background&quot;:&quot;classic&quot;}\">\n\t\t\t\t<div class=\"elementor-element elementor-element-ad69ceb elementor-widget elementor-widget-heading\" data-id=\"ad69ceb\" data-element_type=\"widget\" data-widget_type=\"heading.default\">\n\t\t\t\t\t<h2 class=\"elementor-heading-title elementor-size-default\">En Monlau <b>seguimos apostando por una Formaci\u00f3n Profesional conectada con el presente y el futuro<\/b> del sector.<\/h2>\t\t\t\t<\/div>\n\t\t\t\t<div class=\"elementor-element elementor-element-27ed00f elementor-widget elementor-widget-text-editor\" data-id=\"27ed00f\" data-element_type=\"widget\" data-widget_type=\"text-editor.default\">\n\t\t\t\t\t\t\t\t\t<p class=\"\" data-start=\"766\" data-end=\"1092\">Por ello, hemos firmado un acuerdo de colaboraci\u00f3n con\u00a0<strong data-start=\"930\" data-end=\"956\">Dongfeng Catay Premium<\/strong>, distribuidor oficial de la marca Dongfeng, con el objetivo de acercar al alumnado a una automoci\u00f3n global, tecnol\u00f3gica y sostenible.<\/p><p class=\"\" data-start=\"1094\" data-end=\"1323\">Gracias a esta alianza, nuestros estudiantes se vinculan con una empresa referente que conecta el mercado asi\u00e1tico con el europeo. As\u00ed, ampliamos oportunidades formativas y reforzamos la empleabilidad en un entorno internacional.<\/p>\t\t\t\t\t\t\t\t<\/div>\n\t\t\t\t<\/div>\n\t\t\t\t\t<\/div>\n\t\t\t\t<\/div>\n\t\t<div class=\"elementor-element elementor-element-5244749 e-flex e-con-boxed e-con e-parent\" data-id=\"5244749\" data-element_type=\"container\">\n\t\t\t\t\t<div class=\"e-con-inner\">\n\t\t<div class=\"elementor-element elementor-element-9a77438 e-con-full e-flex elementor-invisible e-con e-child\" data-id=\"9a77438\" data-element_type=\"container\" data-settings=\"{&quot;animation&quot;:&quot;fadeInRight&quot;,&quot;background_background&quot;:&quot;classic&quot;}\">\n\t\t\t\t<\/div>\n\t\t<div class=\"elementor-element elementor-element-311e1b6 e-con-full e-flex elementor-invisible e-con e-child\" data-id=\"311e1b6\" data-element_type=\"container\" data-settings=\"{&quot;animation&quot;:&quot;fadeInLeft&quot;}\">\n\t\t\t\t<div class=\"elementor-element elementor-element-4d061a0 elementor-widget elementor-widget-heading\" data-id=\"4d061a0\" data-element_type=\"widget\" data-widget_type=\"heading.default\">\n\t\t\t\t\t<h2 class=\"elementor-heading-title elementor-size-default\"><b>Dongfeng, presente en el d\u00eda a d\u00eda <\/b>del alumnado\n<\/h2>\t\t\t\t<\/div>\n\t\t\t\t<div class=\"elementor-element elementor-element-0759fe7 elementor-widget elementor-widget-text-editor\" data-id=\"0759fe7\" data-element_type=\"widget\" data-widget_type=\"text-editor.default\">\n\t\t\t\t\t\t\t\t\t<div class=\"et_pb_row et_pb_row_1\"><div class=\"et_pb_column et_pb_column_4_4 et_pb_column_1 et_pb_css_mix_blend_mode_passthrough et-last-child\"><div class=\"et_pb_module et_pb_text et_pb_text_3 et_pb_text_align_left et_pb_bg_layout_light\"><div class=\"et_pb_text_inner\"><div class=\"et_pb_row et_pb_row_1\"><div class=\"et_pb_column et_pb_column_4_4 et_pb_column_1  et_pb_css_mix_blend_mode_passthrough et-last-child\"><div class=\"et_pb_module et_pb_text et_pb_text_1  et_pb_text_align_left et_pb_bg_layout_light\"><div class=\"et_pb_text_inner\"><p class=\"\" data-start=\"1379\" data-end=\"1629\">Como s\u00edmbolo de esta colaboraci\u00f3n,\u00a0<strong data-start=\"1414\" data-end=\"1490\">la marca Dongfeng ya forma parte del entorno visual de nuestros pasillos<\/strong>. Esta presencia refuerza el v\u00ednculo entre formaci\u00f3n y empresa, y acerca al alumnado a una cultura automovil\u00edstica de referencia mundial.<\/p><p class=\"\" data-start=\"1631\" data-end=\"1756\">Adem\u00e1s, transmite un mensaje claro: en Monlau, la FP se vive de forma pr\u00e1ctica, inspiradora y conectada con empresas l\u00edderes.<\/p><p data-start=\"1631\" data-end=\"1756\">\u00a0<\/p><p class=\"\" data-start=\"1805\" data-end=\"2055\"><strong data-start=\"1805\" data-end=\"1835\">Dongfeng Motor Corporation\u00a0<\/strong>es uno de los mayores fabricantes de veh\u00edculos de Asia. Con m\u00e1s de 50 a\u00f1os de experiencia, est\u00e1 presente en m\u00e1s de 80 pa\u00edses. Produce turismos, veh\u00edculos industriales y apuesta por la movilidad el\u00e9ctrica y sostenible.<\/p><p class=\"\" data-start=\"2057\" data-end=\"2306\">Por otro lado,\u00a0<strong data-start=\"2072\" data-end=\"2098\">Dongfeng Catay Premium<\/strong>\u00a0representa a la marca en el mercado espa\u00f1ol. Gracias a esta alianza, los estudiantes de Monlau podr\u00e1n beneficiarse de pr\u00e1cticas, formaci\u00f3n dual y otras experiencias reales dentro del sector de la automoci\u00f3n.<\/p><p>\u00a0<\/p><\/div><\/div><\/div><\/div><div class=\"et_pb_row et_pb_row_2\"><div class=\"et_pb_column et_pb_column_1_2 et_pb_column_2  et_pb_css_mix_blend_mode_passthrough\">\u00a0<\/div><\/div><\/div><\/div><\/div><\/div><div class=\"et_pb_row et_pb_row_2\"><div class=\"et_pb_column et_pb_column_1_2 et_pb_column_2 et_pb_css_mix_blend_mode_passthrough\">\u00a0<\/div><\/div>\t\t\t\t\t\t\t\t<\/div>\n\t\t\t\t<\/div>\n\t\t\t\t\t<\/div>\n\t\t\t\t<\/div>\n\t\t<div class=\"elementor-element elementor-element-7ba3784 e-flex e-con-boxed e-con e-parent\" data-id=\"7ba3784\" data-element_type=\"container\">\n\t\t\t\t\t<div class=\"e-con-inner\">\n\t\t<div class=\"elementor-element elementor-element-1bc7e45 e-con-full e-flex e-con e-child\" data-id=\"1bc7e45\" data-element_type=\"container\" data-settings=\"{&quot;background_background&quot;:&quot;classic&quot;}\">\n\t\t\t\t<div class=\"elementor-element elementor-element-a0a6c7f elementor-widget elementor-widget-heading\" data-id=\"a0a6c7f\" data-element_type=\"widget\" data-widget_type=\"heading.default\">\n\t\t\t\t\t<p class=\"elementor-heading-title elementor-size-default\">Te invitamos a <b>leer el art\u00edculo completo <br>en nuestro blog<\/b>\n<\/p>\t\t\t\t<\/div>\n\t\t\t\t<div class=\"elementor-element elementor-element-f61eb11 elementor-align-right btn-blue-inverse elementor-widget elementor-widget-button\" data-id=\"f61eb11\" data-element_type=\"widget\" data-widget_type=\"button.default\">\n\t\t\t\t\t\t\t\t\t\t<a class=\"elementor-button elementor-button-link elementor-size-sm\" href=\"https:\/\/www.monlau.com\/fp\/2025\/03\/26\/dongfeng-catay-premium-y-monlau\/\">\n\t\t\t\t\t\t<span class=\"elementor-button-content-wrapper\">\n\t\t\t\t\t\t\t\t\t<span class=\"elementor-button-text\">Leer blog<\/span>\n\t\t\t\t\t<\/span>\n\t\t\t\t\t<\/a>\n\t\t\t\t\t\t\t\t<\/div>\n\t\t\t\t<\/div>\n\t\t\t\t\t<\/div>\n\t\t\t\t<\/div>\n\t\t\t\t<\/div>\n\t\t","protected":false},"excerpt":{"rendered":"<p>Dongfeng\u00a0y Monlau En Monlau seguimos apostando por una Formaci\u00f3n Profesional conectada con el presente y el futuro del sector. Por ello, hemos firmado un acuerdo de colaboraci\u00f3n con\u00a0Dongfeng Catay Premium, distribuidor oficial de la marca Dongfeng, con el objetivo de acercar al alumnado a una automoci\u00f3n global, tecnol\u00f3gica y sostenible. Gracias a esta alianza, nuestros [&hellip;]<\/p>\n","protected":false},"author":1,"featured_media":0,"parent":0,"menu_order":0,"comment_status":"closed","ping_status":"closed","template":"elementor_header_footer","meta":{"footnotes":""},"class_list":["post-10470","page","type-page","status-publish","hentry"],"yoast_head":"<!-- This site is optimized with the Yoast SEO plugin v27.2 - https:\/\/yoast.com\/product\/yoast-seo-wordpress\/ -->\n<title>Dongfeng y Monlau - Formaci\u00f3n profesional<\/title>\n<meta name=\"robots\" content=\"index, follow, max-snippet:-1, max-image-preview:large, max-video-preview:-1\" \/>\n<link rel=\"canonical\" href=\"https:\/\/www.monlau.com\/fp\/dongfeng-y-monlau\/\" \/>\n<meta property=\"og:locale\" content=\"es_ES\" \/>\n<meta property=\"og:type\" content=\"article\" \/>\n<meta property=\"og:title\" content=\"Dongfeng y Monlau - Formaci\u00f3n profesional\" \/>\n<meta property=\"og:description\" content=\"Dongfeng\u00a0y Monlau En Monlau seguimos apostando por una Formaci\u00f3n Profesional conectada con el presente y el futuro del sector. Por ello, hemos firmado un acuerdo de colaboraci\u00f3n con\u00a0Dongfeng Catay Premium, distribuidor oficial de la marca Dongfeng, con el objetivo de acercar al alumnado a una automoci\u00f3n global, tecnol\u00f3gica y sostenible. Gracias a esta alianza, nuestros [&hellip;]\" \/>\n<meta property=\"og:url\" content=\"https:\/\/www.monlau.com\/fp\/dongfeng-y-monlau\/\" \/>\n<meta property=\"og:site_name\" content=\"Formaci\u00f3n profesional\" \/>\n<meta property=\"article:modified_time\" content=\"2026-04-23T06:44:41+00:00\" \/>\n<meta name=\"twitter:card\" content=\"summary_large_image\" \/>\n<meta name=\"twitter:label1\" content=\"Tiempo de lectura\" \/>\n\t<meta name=\"twitter:data1\" content=\"2 minutos\" \/>\n<script type=\"application\/ld+json\" class=\"yoast-schema-graph\">{\"@context\":\"https:\/\/schema.org\",\"@graph\":[{\"@type\":\"WebPage\",\"@id\":\"https:\/\/www.monlau.com\/fp\/dongfeng-y-monlau\/\",\"url\":\"https:\/\/www.monlau.com\/fp\/dongfeng-y-monlau\/\",\"name\":\"Dongfeng y Monlau - Formaci\u00f3n profesional\",\"isPartOf\":{\"@id\":\"https:\/\/www.monlau.com\/fp\/#website\"},\"datePublished\":\"2026-04-23T06:37:02+00:00\",\"dateModified\":\"2026-04-23T06:44:41+00:00\",\"breadcrumb\":{\"@id\":\"https:\/\/www.monlau.com\/fp\/dongfeng-y-monlau\/#breadcrumb\"},\"inLanguage\":\"es\",\"potentialAction\":[{\"@type\":\"ReadAction\",\"target\":[\"https:\/\/www.monlau.com\/fp\/dongfeng-y-monlau\/\"]}]},{\"@type\":\"BreadcrumbList\",\"@id\":\"https:\/\/www.monlau.com\/fp\/dongfeng-y-monlau\/#breadcrumb\",\"itemListElement\":[{\"@type\":\"ListItem\",\"position\":1,\"name\":\"Portada\",\"item\":\"https:\/\/www.monlau.com\/fp\/\"},{\"@type\":\"ListItem\",\"position\":2,\"name\":\"Dongfeng y Monlau\"}]},{\"@type\":\"WebSite\",\"@id\":\"https:\/\/www.monlau.com\/fp\/#website\",\"url\":\"https:\/\/www.monlau.com\/fp\/\",\"name\":\"Formaci\u00f3n profesional\",\"description\":\"Monlau\",\"publisher\":{\"@id\":\"https:\/\/www.monlau.com\/fp\/#organization\"},\"potentialAction\":[{\"@type\":\"SearchAction\",\"target\":{\"@type\":\"EntryPoint\",\"urlTemplate\":\"https:\/\/www.monlau.com\/fp\/?s={search_term_string}\"},\"query-input\":{\"@type\":\"PropertyValueSpecification\",\"valueRequired\":true,\"valueName\":\"search_term_string\"}}],\"inLanguage\":\"es\"},{\"@type\":\"Organization\",\"@id\":\"https:\/\/www.monlau.com\/fp\/#organization\",\"name\":\"Formaci\u00f3n profesional\",\"url\":\"https:\/\/www.monlau.com\/fp\/\",\"logo\":{\"@type\":\"ImageObject\",\"inLanguage\":\"es\",\"@id\":\"https:\/\/www.monlau.com\/fp\/#\/schema\/logo\/image\/\",\"url\":\"https:\/\/www.monlau.com\/app\/uploads\/sites\/3\/2026\/01\/fp.png\",\"contentUrl\":\"https:\/\/www.monlau.com\/app\/uploads\/sites\/3\/2026\/01\/fp.png\",\"width\":1024,\"height\":878,\"caption\":\"Formaci\u00f3n profesional\"},\"image\":{\"@id\":\"https:\/\/www.monlau.com\/fp\/#\/schema\/logo\/image\/\"}}]}<\/script>\n<!-- \/ Yoast SEO plugin. -->","yoast_head_json":{"title":"Dongfeng y Monlau - Formaci\u00f3n profesional","robots":{"index":"index","follow":"follow","max-snippet":"max-snippet:-1","max-image-preview":"max-image-preview:large","max-video-preview":"max-video-preview:-1"},"canonical":"https:\/\/www.monlau.com\/fp\/dongfeng-y-monlau\/","og_locale":"es_ES","og_type":"article","og_title":"Dongfeng y Monlau - Formaci\u00f3n profesional","og_description":"Dongfeng\u00a0y Monlau En Monlau seguimos apostando por una Formaci\u00f3n Profesional conectada con el presente y el futuro del sector. Por ello, hemos firmado un acuerdo de colaboraci\u00f3n con\u00a0Dongfeng Catay Premium, distribuidor oficial de la marca Dongfeng, con el objetivo de acercar al alumnado a una automoci\u00f3n global, tecnol\u00f3gica y sostenible. Gracias a esta alianza, nuestros [&hellip;]","og_url":"https:\/\/www.monlau.com\/fp\/dongfeng-y-monlau\/","og_site_name":"Formaci\u00f3n profesional","article_modified_time":"2026-04-23T06:44:41+00:00","twitter_card":"summary_large_image","twitter_misc":{"Tiempo de lectura":"2 minutos"},"schema":{"@context":"https:\/\/schema.org","@graph":[{"@type":"WebPage","@id":"https:\/\/www.monlau.com\/fp\/dongfeng-y-monlau\/","url":"https:\/\/www.monlau.com\/fp\/dongfeng-y-monlau\/","name":"Dongfeng y Monlau - Formaci\u00f3n profesional","isPartOf":{"@id":"https:\/\/www.monlau.com\/fp\/#website"},"datePublished":"2026-04-23T06:37:02+00:00","dateModified":"2026-04-23T06:44:41+00:00","breadcrumb":{"@id":"https:\/\/www.monlau.com\/fp\/dongfeng-y-monlau\/#breadcrumb"},"inLanguage":"es","potentialAction":[{"@type":"ReadAction","target":["https:\/\/www.monlau.com\/fp\/dongfeng-y-monlau\/"]}]},{"@type":"BreadcrumbList","@id":"https:\/\/www.monlau.com\/fp\/dongfeng-y-monlau\/#breadcrumb","itemListElement":[{"@type":"ListItem","position":1,"name":"Portada","item":"https:\/\/www.monlau.com\/fp\/"},{"@type":"ListItem","position":2,"name":"Dongfeng y Monlau"}]},{"@type":"WebSite","@id":"https:\/\/www.monlau.com\/fp\/#website","url":"https:\/\/www.monlau.com\/fp\/","name":"Formaci\u00f3n profesional","description":"Monlau","publisher":{"@id":"https:\/\/www.monlau.com\/fp\/#organization"},"potentialAction":[{"@type":"SearchAction","target":{"@type":"EntryPoint","urlTemplate":"https:\/\/www.monlau.com\/fp\/?s={search_term_string}"},"query-input":{"@type":"PropertyValueSpecification","valueRequired":true,"valueName":"search_term_string"}}],"inLanguage":"es"},{"@type":"Organization","@id":"https:\/\/www.monlau.com\/fp\/#organization","name":"Formaci\u00f3n profesional","url":"https:\/\/www.monlau.com\/fp\/","logo":{"@type":"ImageObject","inLanguage":"es","@id":"https:\/\/www.monlau.com\/fp\/#\/schema\/logo\/image\/","url":"https:\/\/www.monlau.com\/app\/uploads\/sites\/3\/2026\/01\/fp.png","contentUrl":"https:\/\/www.monlau.com\/app\/uploads\/sites\/3\/2026\/01\/fp.png","width":1024,"height":878,"caption":"Formaci\u00f3n profesional"},"image":{"@id":"https:\/\/www.monlau.com\/fp\/#\/schema\/logo\/image\/"}}]}},"_links":{"self":[{"href":"https:\/\/www.monlau.com\/fp\/wp-json\/wp\/v2\/pages\/10470","targetHints":{"allow":["GET"]}}],"collection":[{"href":"https:\/\/www.monlau.com\/fp\/wp-json\/wp\/v2\/pages"}],"about":[{"href":"https:\/\/www.monlau.com\/fp\/wp-json\/wp\/v2\/types\/page"}],"author":[{"embeddable":true,"href":"https:\/\/www.monlau.com\/fp\/wp-json\/wp\/v2\/users\/1"}],"replies":[{"embeddable":true,"href":"https:\/\/www.monlau.com\/fp\/wp-json\/wp\/v2\/comments?post=10470"}],"version-history":[{"count":4,"href":"https:\/\/www.monlau.com\/fp\/wp-json\/wp\/v2\/pages\/10470\/revisions"}],"predecessor-version":[{"id":10477,"href":"https:\/\/www.monlau.com\/fp\/wp-json\/wp\/v2\/pages\/10470\/revisions\/10477"}],"wp:attachment":[{"href":"https:\/\/www.monlau.com\/fp\/wp-json\/wp\/v2\/media?parent=10470"}],"curies":[{"name":"wp","href":"https:\/\/api.w.org\/{rel}","templated":true}]}}