{"id":10443,"date":"2026-04-22T13:57:39","date_gmt":"2026-04-22T11:57:39","guid":{"rendered":"https:\/\/www.monlau.com\/fp\/?page_id=10443"},"modified":"2026-04-22T14:03:48","modified_gmt":"2026-04-22T12:03:48","slug":"quadis-y-monlau","status":"publish","type":"page","link":"https:\/\/www.monlau.com\/fp\/quadis-y-monlau\/","title":{"rendered":"Quadis y Monlau"},"content":{"rendered":"\t\t<div data-elementor-type=\"wp-page\" data-elementor-id=\"10443\" class=\"elementor elementor-10443\" data-elementor-post-type=\"page\">\n\t\t\t\t<div class=\"elementor-element elementor-element-7e2c8c8 e-flex e-con-boxed e-con e-parent\" data-id=\"7e2c8c8\" data-element_type=\"container\" data-settings=\"{&quot;background_background&quot;:&quot;classic&quot;}\">\n\t\t\t\t\t<div class=\"e-con-inner\">\n\t\t\t\t<div class=\"elementor-element elementor-element-df0c886 elementor-widget__width-initial elementor-widget elementor-widget-text-editor\" data-id=\"df0c886\" data-element_type=\"widget\" data-widget_type=\"text-editor.default\">\n\t\t\t\t\t\t\t\t\t<h1 class=\"elementor-heading-title elementor-size-default\"><b>Quadis<\/b>\u00a0y Monlau<\/h1>\t\t\t\t\t\t\t\t<\/div>\n\t\t\t\t\t<\/div>\n\t\t\t\t<\/div>\n\t\t<div class=\"elementor-element elementor-element-65d438c e-flex e-con-boxed e-con e-parent\" data-id=\"65d438c\" data-element_type=\"container\">\n\t\t\t\t\t<div class=\"e-con-inner\">\n\t\t<div class=\"elementor-element elementor-element-697351a e-con-full e-flex e-con e-child\" data-id=\"697351a\" data-element_type=\"container\" data-settings=\"{&quot;background_background&quot;:&quot;classic&quot;}\">\n\t\t\t\t<div class=\"elementor-element elementor-element-ef2e198 elementor-widget elementor-widget-heading\" data-id=\"ef2e198\" data-element_type=\"widget\" data-widget_type=\"heading.default\">\n\t\t\t\t\t<h2 class=\"elementor-heading-title elementor-size-default\">En Monlau, <b>llevamos la formaci\u00f3n m\u00e1s all\u00e1 del aula tradiciona<\/b>l gracias a nuestra alianza con QUADIS<\/h2>\t\t\t\t<\/div>\n\t\t\t\t<div class=\"elementor-element elementor-element-16022f1 elementor-widget elementor-widget-text-editor\" data-id=\"16022f1\" data-element_type=\"widget\" data-widget_type=\"text-editor.default\">\n\t\t\t\t\t\t\t\t\t<p>La mayor red de concesionarios y talleres oficiales de Espa\u00f1a. QUADIS representa a m\u00e1s de 30 marcas de autom\u00f3viles l\u00edderes y ofrece un servicio integral que incluye venta, posventa y soluciones de movilidad.<\/p><p>A trav\u00e9s del\u00a0<strong>Aula QUADIS<\/strong>, un espacio de aprendizaje din\u00e1mico e innovador, nuestros estudiantes de automoci\u00f3n adquieren conocimientos pr\u00e1cticos de la mano de profesionales del sector. Adem\u00e1s, acceden a las \u00faltimas tecnolog\u00edas del mercado y establecen contacto directo con expertos de marcas de primer nivel.<\/p>\t\t\t\t\t\t\t\t<\/div>\n\t\t\t\t<\/div>\n\t\t\t\t\t<\/div>\n\t\t\t\t<\/div>\n\t\t<div class=\"elementor-element elementor-element-0f40ec0 e-flex e-con-boxed e-con e-parent\" data-id=\"0f40ec0\" data-element_type=\"container\">\n\t\t\t\t\t<div class=\"e-con-inner\">\n\t\t<div class=\"elementor-element elementor-element-6e1678c e-con-full e-flex elementor-invisible e-con e-child\" data-id=\"6e1678c\" data-element_type=\"container\" data-settings=\"{&quot;animation&quot;:&quot;fadeInRight&quot;,&quot;background_background&quot;:&quot;classic&quot;}\">\n\t\t\t\t<\/div>\n\t\t<div class=\"elementor-element elementor-element-935b1c6 e-con-full e-flex elementor-invisible e-con e-child\" data-id=\"935b1c6\" data-element_type=\"container\" data-settings=\"{&quot;animation&quot;:&quot;fadeInLeft&quot;}\">\n\t\t\t\t<div class=\"elementor-element elementor-element-345d561 elementor-widget elementor-widget-heading\" data-id=\"345d561\" data-element_type=\"widget\" data-widget_type=\"heading.default\">\n\t\t\t\t\t<h2 class=\"elementor-heading-title elementor-size-default\">Conectando con el <b>entorno laboral real<\/b><\/h2>\t\t\t\t<\/div>\n\t\t\t\t<div class=\"elementor-element elementor-element-c8d51d3 elementor-widget elementor-widget-text-editor\" data-id=\"c8d51d3\" data-element_type=\"widget\" data-widget_type=\"text-editor.default\">\n\t\t\t\t\t\t\t\t\t<div class=\"et_pb_row et_pb_row_1\"><div class=\"et_pb_column et_pb_column_4_4 et_pb_column_1 et_pb_css_mix_blend_mode_passthrough et-last-child\"><div class=\"et_pb_module et_pb_text et_pb_text_3 et_pb_text_align_left et_pb_bg_layout_light\"><div class=\"et_pb_text_inner\"><p>Por otro lado, las\u00a0<strong>visitas a los centros de QUADIS<\/strong>\u00a0permiten al alumnado conectar con el entorno laboral real. As\u00ed, pueden aplicar sus conocimientos te\u00f3ricos en contextos pr\u00e1cticos, lo que potencia sus habilidades y competencias. Estas experiencias son clave para su desarrollo profesional.<br \/><br \/><\/p><p>Esta colaboraci\u00f3n estrat\u00e9gica refuerza la calidad de la formaci\u00f3n t\u00e9cnica y profesional. Adem\u00e1s, abre puertas a\u00a0<strong>oportunidades de inserci\u00f3n laboral<\/strong>\u00a0en empresas l\u00edderes del sector. Los estudiantes no solo mejoran su formaci\u00f3n, sino que tambi\u00e9n incrementan sus posibilidades de empleo.<br \/><br \/><\/p><p><strong>Monlau y QUADIS<\/strong>\u00a0comparten un firme compromiso con el desarrollo del talento joven. Por eso, trabajamos juntos para impulsar el crecimiento de los futuros profesionales de la automoci\u00f3n. Combinamos teor\u00eda, pr\u00e1ctica y experiencia en un entorno que inspira, motiva y prepara para el futuro.<\/p><\/div><\/div><\/div><\/div>\t\t\t\t\t\t\t\t<\/div>\n\t\t\t\t<\/div>\n\t\t\t\t\t<\/div>\n\t\t\t\t<\/div>\n\t\t<div class=\"elementor-element elementor-element-a6cafe4 e-flex e-con-boxed e-con e-parent\" data-id=\"a6cafe4\" data-element_type=\"container\">\n\t\t\t\t\t<div class=\"e-con-inner\">\n\t\t<div class=\"elementor-element elementor-element-6e81ede e-con-full e-flex e-con e-child\" data-id=\"6e81ede\" data-element_type=\"container\" data-settings=\"{&quot;background_background&quot;:&quot;classic&quot;}\">\n\t\t\t\t<div class=\"elementor-element elementor-element-69bcf2b elementor-widget elementor-widget-heading\" data-id=\"69bcf2b\" data-element_type=\"widget\" data-widget_type=\"heading.default\">\n\t\t\t\t\t<p class=\"elementor-heading-title elementor-size-default\">Te invitamos a <b>leer el art\u00edculo completo <br>en nuestro blog<\/b>\n<\/p>\t\t\t\t<\/div>\n\t\t\t\t<div class=\"elementor-element elementor-element-da089e4 elementor-align-right btn-blue-inverse elementor-widget elementor-widget-button\" data-id=\"da089e4\" data-element_type=\"widget\" data-widget_type=\"button.default\">\n\t\t\t\t\t\t\t\t\t\t<a class=\"elementor-button elementor-button-link elementor-size-sm\" href=\"https:\/\/www.monlau.com\/fp\/2025\/01\/25\/nuevo-acuerdo-de-colaboracion-entre-monlau-y-quadis-impulsando-el-futuro-de-la-formacion-en-automocion\/\">\n\t\t\t\t\t\t<span class=\"elementor-button-content-wrapper\">\n\t\t\t\t\t\t\t\t\t<span class=\"elementor-button-text\">Leer blog<\/span>\n\t\t\t\t\t<\/span>\n\t\t\t\t\t<\/a>\n\t\t\t\t\t\t\t\t<\/div>\n\t\t\t\t<\/div>\n\t\t\t\t\t<\/div>\n\t\t\t\t<\/div>\n\t\t\t\t<\/div>\n\t\t","protected":false},"excerpt":{"rendered":"<p>Quadis\u00a0y Monlau En Monlau, llevamos la formaci\u00f3n m\u00e1s all\u00e1 del aula tradicional gracias a nuestra alianza con QUADIS La mayor red de concesionarios y talleres oficiales de Espa\u00f1a. QUADIS representa a m\u00e1s de 30 marcas de autom\u00f3viles l\u00edderes y ofrece un servicio integral que incluye venta, posventa y soluciones de movilidad. A trav\u00e9s del\u00a0Aula QUADIS, [&hellip;]<\/p>\n","protected":false},"author":1,"featured_media":0,"parent":0,"menu_order":0,"comment_status":"closed","ping_status":"closed","template":"elementor_header_footer","meta":{"footnotes":""},"class_list":["post-10443","page","type-page","status-publish","hentry"],"yoast_head":"<!-- This site is optimized with the Yoast SEO plugin v27.2 - https:\/\/yoast.com\/product\/yoast-seo-wordpress\/ -->\n<title>Quadis y Monlau - Formaci\u00f3n profesional<\/title>\n<meta name=\"robots\" content=\"index, follow, max-snippet:-1, max-image-preview:large, max-video-preview:-1\" \/>\n<link rel=\"canonical\" href=\"https:\/\/www.monlau.com\/fp\/quadis-y-monlau\/\" \/>\n<meta property=\"og:locale\" content=\"es_ES\" \/>\n<meta property=\"og:type\" content=\"article\" \/>\n<meta property=\"og:title\" content=\"Quadis y Monlau - Formaci\u00f3n profesional\" \/>\n<meta property=\"og:description\" content=\"Quadis\u00a0y Monlau En Monlau, llevamos la formaci\u00f3n m\u00e1s all\u00e1 del aula tradicional gracias a nuestra alianza con QUADIS La mayor red de concesionarios y talleres oficiales de Espa\u00f1a. QUADIS representa a m\u00e1s de 30 marcas de autom\u00f3viles l\u00edderes y ofrece un servicio integral que incluye venta, posventa y soluciones de movilidad. A trav\u00e9s del\u00a0Aula QUADIS, [&hellip;]\" \/>\n<meta property=\"og:url\" content=\"https:\/\/www.monlau.com\/fp\/quadis-y-monlau\/\" \/>\n<meta property=\"og:site_name\" content=\"Formaci\u00f3n profesional\" \/>\n<meta property=\"article:modified_time\" content=\"2026-04-22T12:03:48+00:00\" \/>\n<meta name=\"twitter:card\" content=\"summary_large_image\" \/>\n<meta name=\"twitter:label1\" content=\"Tiempo de lectura\" \/>\n\t<meta name=\"twitter:data1\" content=\"2 minutos\" \/>\n<script type=\"application\/ld+json\" class=\"yoast-schema-graph\">{\"@context\":\"https:\/\/schema.org\",\"@graph\":[{\"@type\":\"WebPage\",\"@id\":\"https:\/\/www.monlau.com\/fp\/quadis-y-monlau\/\",\"url\":\"https:\/\/www.monlau.com\/fp\/quadis-y-monlau\/\",\"name\":\"Quadis y Monlau - Formaci\u00f3n profesional\",\"isPartOf\":{\"@id\":\"https:\/\/www.monlau.com\/fp\/#website\"},\"datePublished\":\"2026-04-22T11:57:39+00:00\",\"dateModified\":\"2026-04-22T12:03:48+00:00\",\"breadcrumb\":{\"@id\":\"https:\/\/www.monlau.com\/fp\/quadis-y-monlau\/#breadcrumb\"},\"inLanguage\":\"es\",\"potentialAction\":[{\"@type\":\"ReadAction\",\"target\":[\"https:\/\/www.monlau.com\/fp\/quadis-y-monlau\/\"]}]},{\"@type\":\"BreadcrumbList\",\"@id\":\"https:\/\/www.monlau.com\/fp\/quadis-y-monlau\/#breadcrumb\",\"itemListElement\":[{\"@type\":\"ListItem\",\"position\":1,\"name\":\"Portada\",\"item\":\"https:\/\/www.monlau.com\/fp\/\"},{\"@type\":\"ListItem\",\"position\":2,\"name\":\"Quadis y Monlau\"}]},{\"@type\":\"WebSite\",\"@id\":\"https:\/\/www.monlau.com\/fp\/#website\",\"url\":\"https:\/\/www.monlau.com\/fp\/\",\"name\":\"Formaci\u00f3n profesional\",\"description\":\"Monlau\",\"publisher\":{\"@id\":\"https:\/\/www.monlau.com\/fp\/#organization\"},\"potentialAction\":[{\"@type\":\"SearchAction\",\"target\":{\"@type\":\"EntryPoint\",\"urlTemplate\":\"https:\/\/www.monlau.com\/fp\/?s={search_term_string}\"},\"query-input\":{\"@type\":\"PropertyValueSpecification\",\"valueRequired\":true,\"valueName\":\"search_term_string\"}}],\"inLanguage\":\"es\"},{\"@type\":\"Organization\",\"@id\":\"https:\/\/www.monlau.com\/fp\/#organization\",\"name\":\"Formaci\u00f3n profesional\",\"url\":\"https:\/\/www.monlau.com\/fp\/\",\"logo\":{\"@type\":\"ImageObject\",\"inLanguage\":\"es\",\"@id\":\"https:\/\/www.monlau.com\/fp\/#\/schema\/logo\/image\/\",\"url\":\"https:\/\/www.monlau.com\/app\/uploads\/sites\/3\/2026\/01\/fp.png\",\"contentUrl\":\"https:\/\/www.monlau.com\/app\/uploads\/sites\/3\/2026\/01\/fp.png\",\"width\":1024,\"height\":878,\"caption\":\"Formaci\u00f3n profesional\"},\"image\":{\"@id\":\"https:\/\/www.monlau.com\/fp\/#\/schema\/logo\/image\/\"}}]}<\/script>\n<!-- \/ Yoast SEO plugin. -->","yoast_head_json":{"title":"Quadis y Monlau - Formaci\u00f3n profesional","robots":{"index":"index","follow":"follow","max-snippet":"max-snippet:-1","max-image-preview":"max-image-preview:large","max-video-preview":"max-video-preview:-1"},"canonical":"https:\/\/www.monlau.com\/fp\/quadis-y-monlau\/","og_locale":"es_ES","og_type":"article","og_title":"Quadis y Monlau - Formaci\u00f3n profesional","og_description":"Quadis\u00a0y Monlau En Monlau, llevamos la formaci\u00f3n m\u00e1s all\u00e1 del aula tradicional gracias a nuestra alianza con QUADIS La mayor red de concesionarios y talleres oficiales de Espa\u00f1a. QUADIS representa a m\u00e1s de 30 marcas de autom\u00f3viles l\u00edderes y ofrece un servicio integral que incluye venta, posventa y soluciones de movilidad. A trav\u00e9s del\u00a0Aula QUADIS, [&hellip;]","og_url":"https:\/\/www.monlau.com\/fp\/quadis-y-monlau\/","og_site_name":"Formaci\u00f3n profesional","article_modified_time":"2026-04-22T12:03:48+00:00","twitter_card":"summary_large_image","twitter_misc":{"Tiempo de lectura":"2 minutos"},"schema":{"@context":"https:\/\/schema.org","@graph":[{"@type":"WebPage","@id":"https:\/\/www.monlau.com\/fp\/quadis-y-monlau\/","url":"https:\/\/www.monlau.com\/fp\/quadis-y-monlau\/","name":"Quadis y Monlau - Formaci\u00f3n profesional","isPartOf":{"@id":"https:\/\/www.monlau.com\/fp\/#website"},"datePublished":"2026-04-22T11:57:39+00:00","dateModified":"2026-04-22T12:03:48+00:00","breadcrumb":{"@id":"https:\/\/www.monlau.com\/fp\/quadis-y-monlau\/#breadcrumb"},"inLanguage":"es","potentialAction":[{"@type":"ReadAction","target":["https:\/\/www.monlau.com\/fp\/quadis-y-monlau\/"]}]},{"@type":"BreadcrumbList","@id":"https:\/\/www.monlau.com\/fp\/quadis-y-monlau\/#breadcrumb","itemListElement":[{"@type":"ListItem","position":1,"name":"Portada","item":"https:\/\/www.monlau.com\/fp\/"},{"@type":"ListItem","position":2,"name":"Quadis y Monlau"}]},{"@type":"WebSite","@id":"https:\/\/www.monlau.com\/fp\/#website","url":"https:\/\/www.monlau.com\/fp\/","name":"Formaci\u00f3n profesional","description":"Monlau","publisher":{"@id":"https:\/\/www.monlau.com\/fp\/#organization"},"potentialAction":[{"@type":"SearchAction","target":{"@type":"EntryPoint","urlTemplate":"https:\/\/www.monlau.com\/fp\/?s={search_term_string}"},"query-input":{"@type":"PropertyValueSpecification","valueRequired":true,"valueName":"search_term_string"}}],"inLanguage":"es"},{"@type":"Organization","@id":"https:\/\/www.monlau.com\/fp\/#organization","name":"Formaci\u00f3n profesional","url":"https:\/\/www.monlau.com\/fp\/","logo":{"@type":"ImageObject","inLanguage":"es","@id":"https:\/\/www.monlau.com\/fp\/#\/schema\/logo\/image\/","url":"https:\/\/www.monlau.com\/app\/uploads\/sites\/3\/2026\/01\/fp.png","contentUrl":"https:\/\/www.monlau.com\/app\/uploads\/sites\/3\/2026\/01\/fp.png","width":1024,"height":878,"caption":"Formaci\u00f3n profesional"},"image":{"@id":"https:\/\/www.monlau.com\/fp\/#\/schema\/logo\/image\/"}}]}},"_links":{"self":[{"href":"https:\/\/www.monlau.com\/fp\/wp-json\/wp\/v2\/pages\/10443","targetHints":{"allow":["GET"]}}],"collection":[{"href":"https:\/\/www.monlau.com\/fp\/wp-json\/wp\/v2\/pages"}],"about":[{"href":"https:\/\/www.monlau.com\/fp\/wp-json\/wp\/v2\/types\/page"}],"author":[{"embeddable":true,"href":"https:\/\/www.monlau.com\/fp\/wp-json\/wp\/v2\/users\/1"}],"replies":[{"embeddable":true,"href":"https:\/\/www.monlau.com\/fp\/wp-json\/wp\/v2\/comments?post=10443"}],"version-history":[{"count":4,"href":"https:\/\/www.monlau.com\/fp\/wp-json\/wp\/v2\/pages\/10443\/revisions"}],"predecessor-version":[{"id":10450,"href":"https:\/\/www.monlau.com\/fp\/wp-json\/wp\/v2\/pages\/10443\/revisions\/10450"}],"wp:attachment":[{"href":"https:\/\/www.monlau.com\/fp\/wp-json\/wp\/v2\/media?parent=10443"}],"curies":[{"name":"wp","href":"https:\/\/api.w.org\/{rel}","templated":true}]}}