{"id":10431,"date":"2026-04-22T13:49:08","date_gmt":"2026-04-22T11:49:08","guid":{"rendered":"https:\/\/www.monlau.com\/fp\/?page_id=10431"},"modified":"2026-04-27T11:06:15","modified_gmt":"2026-04-27T09:06:15","slug":"lever-touch-y-monlau","status":"publish","type":"page","link":"https:\/\/www.monlau.com\/fp\/lever-touch-y-monlau\/","title":{"rendered":"Lever Touch y Monlau"},"content":{"rendered":"\t\t<div data-elementor-type=\"wp-page\" data-elementor-id=\"10431\" class=\"elementor elementor-10431\" data-elementor-post-type=\"page\">\n\t\t\t\t<div class=\"elementor-element elementor-element-5e605d0 e-flex e-con-boxed e-con e-parent\" data-id=\"5e605d0\" data-element_type=\"container\" data-settings=\"{&quot;background_background&quot;:&quot;classic&quot;}\">\n\t\t\t\t\t<div class=\"e-con-inner\">\n\t\t\t\t<div class=\"elementor-element elementor-element-f3344a2 elementor-widget__width-initial elementor-widget elementor-widget-text-editor\" data-id=\"f3344a2\" data-element_type=\"widget\" data-widget_type=\"text-editor.default\">\n\t\t\t\t\t\t\t\t\t<h1 class=\"elementor-heading-title elementor-size-default\"><strong>Levertouch<\/strong>\u00a0y Monlau<\/h1>\t\t\t\t\t\t\t\t<\/div>\n\t\t\t\t\t<\/div>\n\t\t\t\t<\/div>\n\t\t<div class=\"elementor-element elementor-element-d789c76 e-flex e-con-boxed e-con e-parent\" data-id=\"d789c76\" data-element_type=\"container\">\n\t\t\t\t\t<div class=\"e-con-inner\">\n\t\t<div class=\"elementor-element elementor-element-9967aa7 e-con-full e-flex e-con e-child\" data-id=\"9967aa7\" data-element_type=\"container\" data-settings=\"{&quot;background_background&quot;:&quot;classic&quot;}\">\n\t\t\t\t<div class=\"elementor-element elementor-element-f04593a elementor-widget elementor-widget-heading\" data-id=\"f04593a\" data-element_type=\"widget\" data-widget_type=\"heading.default\">\n\t\t\t\t\t<h2 class=\"elementor-heading-title elementor-size-default\">Monlau y LeverTouch han dado <b>un paso m\u00e1s en su relaci\u00f3n estrat\u00e9gica<\/b><\/h2>\t\t\t\t<\/div>\n\t\t\t\t<div class=\"elementor-element elementor-element-4a231c6 elementor-widget elementor-widget-text-editor\" data-id=\"4a231c6\" data-element_type=\"widget\" data-widget_type=\"text-editor.default\">\n\t\t\t\t\t\t\t\t\t<p>La firma de un nuevo acuerdo de colaboraci\u00f3n, que intensifica el compromiso establecido en enero del a\u00f1o pasado. Este acuerdo posiciona a LeverTouch como patrocinador oficial de Monlau, reafirmando la apuesta conjunta por el crecimiento y el desarrollo del talento en el sector de la automoci\u00f3n. Como parte de este nuevo acuerdo, el aula 5 pasa a llamarse\u00a0<strong>aula Lever Touch<\/strong>, un gesto que refuerza la presencia de LeverTouch en el d\u00eda a d\u00eda de Monlau y subraya su compromiso con la formaci\u00f3n de calidad. Desde el inicio de su colaboraci\u00f3n, ambas entidades han compartido una visi\u00f3n com\u00fan: fomentar la excelencia y la innovaci\u00f3n en el mundo de la automoci\u00f3n. Con este nuevo acuerdo, LeverTouch refuerza su apoyo a Monlau, contribuyendo a fortalecer la formaci\u00f3n y la proyecci\u00f3n de los futuros profesionales del sector.<\/p>\t\t\t\t\t\t\t\t<\/div>\n\t\t\t\t<\/div>\n\t\t\t\t\t<\/div>\n\t\t\t\t<\/div>\n\t\t<div class=\"elementor-element elementor-element-1b6d6d4 e-flex e-con-boxed e-con e-parent\" data-id=\"1b6d6d4\" data-element_type=\"container\">\n\t\t\t\t\t<div class=\"e-con-inner\">\n\t\t<div class=\"elementor-element elementor-element-01ec5d9 e-con-full e-flex elementor-invisible e-con e-child\" data-id=\"01ec5d9\" data-element_type=\"container\" data-settings=\"{&quot;animation&quot;:&quot;fadeInRight&quot;,&quot;background_background&quot;:&quot;classic&quot;}\">\n\t\t\t\t<\/div>\n\t\t<div class=\"elementor-element elementor-element-1f39eb9 e-con-full e-flex elementor-invisible e-con e-child\" data-id=\"1f39eb9\" data-element_type=\"container\" data-settings=\"{&quot;animation&quot;:&quot;fadeInLeft&quot;}\">\n\t\t\t\t<div class=\"elementor-element elementor-element-0329d5b elementor-widget elementor-widget-heading\" data-id=\"0329d5b\" data-element_type=\"widget\" data-widget_type=\"heading.default\">\n\t\t\t\t\t<h2 class=\"elementor-heading-title elementor-size-default\">Unidos para <b>formar a los futuros referentes de la automoci\u00f3n<\/b><\/h2>\t\t\t\t<\/div>\n\t\t\t\t<div class=\"elementor-element elementor-element-2d9a1f9 elementor-widget elementor-widget-text-editor\" data-id=\"2d9a1f9\" data-element_type=\"widget\" data-widget_type=\"text-editor.default\">\n\t\t\t\t\t\t\t\t\t<div class=\"et_pb_row et_pb_row_1\"><div class=\"et_pb_column et_pb_column_4_4 et_pb_column_1 et_pb_css_mix_blend_mode_passthrough et-last-child\"><div class=\"et_pb_module et_pb_text et_pb_text_3 et_pb_text_align_left et_pb_bg_layout_light\"><div class=\"et_pb_text_inner\"><p>El director general del Grupo Monlau, Iban Ventura, destac\u00f3 durante el acto de firma:\u00a0<em>\u201cLeverTouch ha demostrado ser un socio clave en nuestra misi\u00f3n de formar a los mejores profesionales de la automoci\u00f3n. Este nuevo acuerdo refleja la confianza mutua y el compromiso que tenemos con la excelencia.\u201d<\/em><\/p><p>Por su parte, el equipo directivo de LeverTouch expres\u00f3 su entusiasmo por continuar apoyando a Monlau, subrayando la importancia de fomentar el talento joven y el desarrollo del sector a trav\u00e9s de colaboraciones s\u00f3lidas como esta.<\/p><p>Esta alianza no solo simboliza un v\u00ednculo m\u00e1s fuerte entre Monlau y LeverTouch, sino que tambi\u00e9n refuerza el papel de ambas entidades como referentes en el \u00e1mbito de la formaci\u00f3n y la innovaci\u00f3n en el sector de la automoci\u00f3n.<\/p><\/div><\/div><\/div><\/div><div class=\"et_pb_row et_pb_row_2\"><div class=\"et_pb_column et_pb_column_1_2 et_pb_column_2 et_pb_css_mix_blend_mode_passthrough\">\u00a0<\/div><\/div>\t\t\t\t\t\t\t\t<\/div>\n\t\t\t\t<\/div>\n\t\t\t\t\t<\/div>\n\t\t\t\t<\/div>\n\t\t<div class=\"elementor-element elementor-element-349123b e-flex e-con-boxed e-con e-parent\" data-id=\"349123b\" data-element_type=\"container\">\n\t\t\t\t\t<div class=\"e-con-inner\">\n\t\t<div class=\"elementor-element elementor-element-85d6006 e-con-full e-flex e-con e-child\" data-id=\"85d6006\" data-element_type=\"container\" data-settings=\"{&quot;background_background&quot;:&quot;classic&quot;}\">\n\t\t\t\t<div class=\"elementor-element elementor-element-4a11a62 elementor-widget elementor-widget-heading\" data-id=\"4a11a62\" data-element_type=\"widget\" data-widget_type=\"heading.default\">\n\t\t\t\t\t<p class=\"elementor-heading-title elementor-size-default\">Te invitamos a <b>leer el art\u00edculo completo <br>en nuestro blog<\/b>\n<\/p>\t\t\t\t<\/div>\n\t\t\t\t<div class=\"elementor-element elementor-element-e01c1bc elementor-align-right btn-blue-inverse elementor-widget elementor-widget-button\" data-id=\"e01c1bc\" data-element_type=\"widget\" data-widget_type=\"button.default\">\n\t\t\t\t\t\t\t\t\t\t<a class=\"elementor-button elementor-button-link elementor-size-sm\" href=\"https:\/\/www.monlau.com\/fp\/2024\/01\/29\/lever-touch-monlau-unen-fuerzas-promover-formacion\/\">\n\t\t\t\t\t\t<span class=\"elementor-button-content-wrapper\">\n\t\t\t\t\t\t\t\t\t<span class=\"elementor-button-text\">Leer blog<\/span>\n\t\t\t\t\t<\/span>\n\t\t\t\t\t<\/a>\n\t\t\t\t\t\t\t\t<\/div>\n\t\t\t\t<\/div>\n\t\t\t\t\t<\/div>\n\t\t\t\t<\/div>\n\t\t\t\t<\/div>\n\t\t","protected":false},"excerpt":{"rendered":"<p>Levertouch\u00a0y Monlau Monlau y LeverTouch han dado un paso m\u00e1s en su relaci\u00f3n estrat\u00e9gica La firma de un nuevo acuerdo de colaboraci\u00f3n, que intensifica el compromiso establecido en enero del a\u00f1o pasado. Este acuerdo posiciona a LeverTouch como patrocinador oficial de Monlau, reafirmando la apuesta conjunta por el crecimiento y el desarrollo del talento en [&hellip;]<\/p>\n","protected":false},"author":1,"featured_media":0,"parent":0,"menu_order":0,"comment_status":"closed","ping_status":"closed","template":"elementor_header_footer","meta":{"footnotes":""},"class_list":["post-10431","page","type-page","status-publish","hentry"],"yoast_head":"<!-- This site is optimized with the Yoast SEO plugin v27.2 - https:\/\/yoast.com\/product\/yoast-seo-wordpress\/ -->\n<title>Lever Touch y Monlau - Formaci\u00f3n profesional<\/title>\n<meta name=\"robots\" content=\"index, follow, max-snippet:-1, max-image-preview:large, max-video-preview:-1\" \/>\n<link rel=\"canonical\" href=\"https:\/\/www.monlau.com\/fp\/lever-touch-y-monlau\/\" \/>\n<meta property=\"og:locale\" content=\"es_ES\" \/>\n<meta property=\"og:type\" content=\"article\" \/>\n<meta property=\"og:title\" content=\"Lever Touch y Monlau - Formaci\u00f3n profesional\" \/>\n<meta property=\"og:description\" content=\"Levertouch\u00a0y Monlau Monlau y LeverTouch han dado un paso m\u00e1s en su relaci\u00f3n estrat\u00e9gica La firma de un nuevo acuerdo de colaboraci\u00f3n, que intensifica el compromiso establecido en enero del a\u00f1o pasado. Este acuerdo posiciona a LeverTouch como patrocinador oficial de Monlau, reafirmando la apuesta conjunta por el crecimiento y el desarrollo del talento en [&hellip;]\" \/>\n<meta property=\"og:url\" content=\"https:\/\/www.monlau.com\/fp\/lever-touch-y-monlau\/\" \/>\n<meta property=\"og:site_name\" content=\"Formaci\u00f3n profesional\" \/>\n<meta property=\"article:modified_time\" content=\"2026-04-27T09:06:15+00:00\" \/>\n<meta name=\"twitter:card\" content=\"summary_large_image\" \/>\n<meta name=\"twitter:label1\" content=\"Tiempo de lectura\" \/>\n\t<meta name=\"twitter:data1\" content=\"2 minutos\" \/>\n<script type=\"application\/ld+json\" class=\"yoast-schema-graph\">{\"@context\":\"https:\/\/schema.org\",\"@graph\":[{\"@type\":\"WebPage\",\"@id\":\"https:\/\/www.monlau.com\/fp\/lever-touch-y-monlau\/\",\"url\":\"https:\/\/www.monlau.com\/fp\/lever-touch-y-monlau\/\",\"name\":\"Lever Touch y Monlau - Formaci\u00f3n profesional\",\"isPartOf\":{\"@id\":\"https:\/\/www.monlau.com\/fp\/#website\"},\"datePublished\":\"2026-04-22T11:49:08+00:00\",\"dateModified\":\"2026-04-27T09:06:15+00:00\",\"breadcrumb\":{\"@id\":\"https:\/\/www.monlau.com\/fp\/lever-touch-y-monlau\/#breadcrumb\"},\"inLanguage\":\"es\",\"potentialAction\":[{\"@type\":\"ReadAction\",\"target\":[\"https:\/\/www.monlau.com\/fp\/lever-touch-y-monlau\/\"]}]},{\"@type\":\"BreadcrumbList\",\"@id\":\"https:\/\/www.monlau.com\/fp\/lever-touch-y-monlau\/#breadcrumb\",\"itemListElement\":[{\"@type\":\"ListItem\",\"position\":1,\"name\":\"Portada\",\"item\":\"https:\/\/www.monlau.com\/fp\/\"},{\"@type\":\"ListItem\",\"position\":2,\"name\":\"Lever Touch y Monlau\"}]},{\"@type\":\"WebSite\",\"@id\":\"https:\/\/www.monlau.com\/fp\/#website\",\"url\":\"https:\/\/www.monlau.com\/fp\/\",\"name\":\"Formaci\u00f3n profesional\",\"description\":\"Monlau\",\"publisher\":{\"@id\":\"https:\/\/www.monlau.com\/fp\/#organization\"},\"potentialAction\":[{\"@type\":\"SearchAction\",\"target\":{\"@type\":\"EntryPoint\",\"urlTemplate\":\"https:\/\/www.monlau.com\/fp\/?s={search_term_string}\"},\"query-input\":{\"@type\":\"PropertyValueSpecification\",\"valueRequired\":true,\"valueName\":\"search_term_string\"}}],\"inLanguage\":\"es\"},{\"@type\":\"Organization\",\"@id\":\"https:\/\/www.monlau.com\/fp\/#organization\",\"name\":\"Formaci\u00f3n profesional\",\"url\":\"https:\/\/www.monlau.com\/fp\/\",\"logo\":{\"@type\":\"ImageObject\",\"inLanguage\":\"es\",\"@id\":\"https:\/\/www.monlau.com\/fp\/#\/schema\/logo\/image\/\",\"url\":\"https:\/\/www.monlau.com\/app\/uploads\/sites\/3\/2026\/01\/fp.png\",\"contentUrl\":\"https:\/\/www.monlau.com\/app\/uploads\/sites\/3\/2026\/01\/fp.png\",\"width\":1024,\"height\":878,\"caption\":\"Formaci\u00f3n profesional\"},\"image\":{\"@id\":\"https:\/\/www.monlau.com\/fp\/#\/schema\/logo\/image\/\"}}]}<\/script>\n<!-- \/ Yoast SEO plugin. -->","yoast_head_json":{"title":"Lever Touch y Monlau - Formaci\u00f3n profesional","robots":{"index":"index","follow":"follow","max-snippet":"max-snippet:-1","max-image-preview":"max-image-preview:large","max-video-preview":"max-video-preview:-1"},"canonical":"https:\/\/www.monlau.com\/fp\/lever-touch-y-monlau\/","og_locale":"es_ES","og_type":"article","og_title":"Lever Touch y Monlau - Formaci\u00f3n profesional","og_description":"Levertouch\u00a0y Monlau Monlau y LeverTouch han dado un paso m\u00e1s en su relaci\u00f3n estrat\u00e9gica La firma de un nuevo acuerdo de colaboraci\u00f3n, que intensifica el compromiso establecido en enero del a\u00f1o pasado. Este acuerdo posiciona a LeverTouch como patrocinador oficial de Monlau, reafirmando la apuesta conjunta por el crecimiento y el desarrollo del talento en [&hellip;]","og_url":"https:\/\/www.monlau.com\/fp\/lever-touch-y-monlau\/","og_site_name":"Formaci\u00f3n profesional","article_modified_time":"2026-04-27T09:06:15+00:00","twitter_card":"summary_large_image","twitter_misc":{"Tiempo de lectura":"2 minutos"},"schema":{"@context":"https:\/\/schema.org","@graph":[{"@type":"WebPage","@id":"https:\/\/www.monlau.com\/fp\/lever-touch-y-monlau\/","url":"https:\/\/www.monlau.com\/fp\/lever-touch-y-monlau\/","name":"Lever Touch y Monlau - Formaci\u00f3n profesional","isPartOf":{"@id":"https:\/\/www.monlau.com\/fp\/#website"},"datePublished":"2026-04-22T11:49:08+00:00","dateModified":"2026-04-27T09:06:15+00:00","breadcrumb":{"@id":"https:\/\/www.monlau.com\/fp\/lever-touch-y-monlau\/#breadcrumb"},"inLanguage":"es","potentialAction":[{"@type":"ReadAction","target":["https:\/\/www.monlau.com\/fp\/lever-touch-y-monlau\/"]}]},{"@type":"BreadcrumbList","@id":"https:\/\/www.monlau.com\/fp\/lever-touch-y-monlau\/#breadcrumb","itemListElement":[{"@type":"ListItem","position":1,"name":"Portada","item":"https:\/\/www.monlau.com\/fp\/"},{"@type":"ListItem","position":2,"name":"Lever Touch y Monlau"}]},{"@type":"WebSite","@id":"https:\/\/www.monlau.com\/fp\/#website","url":"https:\/\/www.monlau.com\/fp\/","name":"Formaci\u00f3n profesional","description":"Monlau","publisher":{"@id":"https:\/\/www.monlau.com\/fp\/#organization"},"potentialAction":[{"@type":"SearchAction","target":{"@type":"EntryPoint","urlTemplate":"https:\/\/www.monlau.com\/fp\/?s={search_term_string}"},"query-input":{"@type":"PropertyValueSpecification","valueRequired":true,"valueName":"search_term_string"}}],"inLanguage":"es"},{"@type":"Organization","@id":"https:\/\/www.monlau.com\/fp\/#organization","name":"Formaci\u00f3n profesional","url":"https:\/\/www.monlau.com\/fp\/","logo":{"@type":"ImageObject","inLanguage":"es","@id":"https:\/\/www.monlau.com\/fp\/#\/schema\/logo\/image\/","url":"https:\/\/www.monlau.com\/app\/uploads\/sites\/3\/2026\/01\/fp.png","contentUrl":"https:\/\/www.monlau.com\/app\/uploads\/sites\/3\/2026\/01\/fp.png","width":1024,"height":878,"caption":"Formaci\u00f3n profesional"},"image":{"@id":"https:\/\/www.monlau.com\/fp\/#\/schema\/logo\/image\/"}}]}},"_links":{"self":[{"href":"https:\/\/www.monlau.com\/fp\/wp-json\/wp\/v2\/pages\/10431","targetHints":{"allow":["GET"]}}],"collection":[{"href":"https:\/\/www.monlau.com\/fp\/wp-json\/wp\/v2\/pages"}],"about":[{"href":"https:\/\/www.monlau.com\/fp\/wp-json\/wp\/v2\/types\/page"}],"author":[{"embeddable":true,"href":"https:\/\/www.monlau.com\/fp\/wp-json\/wp\/v2\/users\/1"}],"replies":[{"embeddable":true,"href":"https:\/\/www.monlau.com\/fp\/wp-json\/wp\/v2\/comments?post=10431"}],"version-history":[{"count":7,"href":"https:\/\/www.monlau.com\/fp\/wp-json\/wp\/v2\/pages\/10431\/revisions"}],"predecessor-version":[{"id":10598,"href":"https:\/\/www.monlau.com\/fp\/wp-json\/wp\/v2\/pages\/10431\/revisions\/10598"}],"wp:attachment":[{"href":"https:\/\/www.monlau.com\/fp\/wp-json\/wp\/v2\/media?parent=10431"}],"curies":[{"name":"wp","href":"https:\/\/api.w.org\/{rel}","templated":true}]}}