{"id":10413,"date":"2026-04-22T13:29:13","date_gmt":"2026-04-22T11:29:13","guid":{"rendered":"https:\/\/www.monlau.com\/fp\/?page_id=10413"},"modified":"2026-04-22T15:58:42","modified_gmt":"2026-04-22T13:58:42","slug":"autel-equipataller-y-monlau","status":"publish","type":"page","link":"https:\/\/www.monlau.com\/fp\/autel-equipataller-y-monlau\/","title":{"rendered":"Autel Equipataller y Monlau"},"content":{"rendered":"\t\t<div data-elementor-type=\"wp-page\" data-elementor-id=\"10413\" class=\"elementor elementor-10413\" data-elementor-post-type=\"page\">\n\t\t\t\t<div class=\"elementor-element elementor-element-71986f2 e-flex e-con-boxed e-con e-parent\" data-id=\"71986f2\" data-element_type=\"container\" data-settings=\"{&quot;background_background&quot;:&quot;classic&quot;}\">\n\t\t\t\t\t<div class=\"e-con-inner\">\n\t\t\t\t<div class=\"elementor-element elementor-element-1b09b38 elementor-widget__width-initial elementor-widget elementor-widget-text-editor\" data-id=\"1b09b38\" data-element_type=\"widget\" data-widget_type=\"text-editor.default\">\n\t\t\t\t\t\t\t\t\t<h1 class=\"elementor-heading-title elementor-size-default\"><strong>Autel Equipataller<\/strong> y Monlau<\/h1>\t\t\t\t\t\t\t\t<\/div>\n\t\t\t\t\t<\/div>\n\t\t\t\t<\/div>\n\t\t<div class=\"elementor-element elementor-element-38517c9 e-flex e-con-boxed e-con e-parent\" data-id=\"38517c9\" data-element_type=\"container\">\n\t\t\t\t\t<div class=\"e-con-inner\">\n\t\t<div class=\"elementor-element elementor-element-b6b17bc e-con-full e-flex e-con e-child\" data-id=\"b6b17bc\" data-element_type=\"container\" data-settings=\"{&quot;background_background&quot;:&quot;classic&quot;}\">\n\t\t\t\t<div class=\"elementor-element elementor-element-453bcd4 elementor-widget elementor-widget-heading\" data-id=\"453bcd4\" data-element_type=\"widget\" data-widget_type=\"heading.default\">\n\t\t\t\t\t<h2 class=\"elementor-heading-title elementor-size-default\">El alumnado de Monlau tendr\u00e1 acceso a la <b>tecnolog\u00eda m\u00e1s avanzada de diagnosis inteligente gracias a Autel Equipataller. <\/b><\/h2>\t\t\t\t<\/div>\n\t\t\t\t<div class=\"elementor-element elementor-element-cb9b488 elementor-widget elementor-widget-text-editor\" data-id=\"cb9b488\" data-element_type=\"widget\" data-widget_type=\"text-editor.default\">\n\t\t\t\t\t\t\t\t\t<p>As\u00ed lo han acordado Grupo Monlau y Autel Ib\u00e9rica \u2013 Equipataller, gracias a un nuevo acuerdo de colaboraci\u00f3n por el que los dispositivos m\u00e1s innovadores empleados para diagnosticar aver\u00edas en todo tipo de veh\u00edculos ser\u00e1n incorporados a las aulas en cuanto aparezcan en el mercado. Hace a\u00f1os que Monlau incorpor\u00f3 dispositivos profesionales de Autel que emplean talleres de todo el mundo para inspeccionar motores y localizar aver\u00edas. Ahora, junto a Autel Equipataller, se renovar\u00e1n las herramientas para de las que dispone Monlau para que los futuros mec\u00e1nicos y mec\u00e1nicas puedan, desde la formaci\u00f3n, conocer el manejo de complejas herramientas en la fase de lanzamiento del producto. As\u00ed lo han acordado en un convenio de colaboraci\u00f3n el director general del Grupo Monlau, Iban Ventura, el gerente de Autel Equipataller, Rosendo Pous, y la directora de Administraci\u00f3n de Autel Equipataller, Fina Soldado, en una reuni\u00f3n en la que tambi\u00e9n ha estado presente el director del \u00e1rea de Monlau Automoci\u00f3n, Carlos Salazar.<\/p>\t\t\t\t\t\t\t\t<\/div>\n\t\t\t\t<\/div>\n\t\t\t\t\t<\/div>\n\t\t\t\t<\/div>\n\t\t<div class=\"elementor-element elementor-element-d1961de e-flex e-con-boxed e-con e-parent\" data-id=\"d1961de\" data-element_type=\"container\">\n\t\t\t\t\t<div class=\"e-con-inner\">\n\t\t<div class=\"elementor-element elementor-element-860b071 e-con-full e-flex elementor-invisible e-con e-child\" data-id=\"860b071\" data-element_type=\"container\" data-settings=\"{&quot;animation&quot;:&quot;fadeInRight&quot;,&quot;background_background&quot;:&quot;classic&quot;}\">\n\t\t\t\t<\/div>\n\t\t<div class=\"elementor-element elementor-element-ceabb7b e-con-full e-flex elementor-invisible e-con e-child\" data-id=\"ceabb7b\" data-element_type=\"container\" data-settings=\"{&quot;animation&quot;:&quot;fadeInLeft&quot;}\">\n\t\t\t\t<div class=\"elementor-element elementor-element-d1b252b elementor-widget elementor-widget-heading\" data-id=\"d1b252b\" data-element_type=\"widget\" data-widget_type=\"heading.default\">\n\t\t\t\t\t<h2 class=\"elementor-heading-title elementor-size-default\"><b>Taller Autel Equipataller<\/b> en Monlau\n<\/h2>\t\t\t\t<\/div>\n\t\t\t\t<div class=\"elementor-element elementor-element-3f898c3 elementor-widget elementor-widget-text-editor\" data-id=\"3f898c3\" data-element_type=\"widget\" data-widget_type=\"text-editor.default\">\n\t\t\t\t\t\t\t\t\t<div class=\"et_pb_row et_pb_row_1\"><div class=\"et_pb_column et_pb_column_4_4 et_pb_column_1  et_pb_css_mix_blend_mode_passthrough et-last-child\"><div class=\"et_pb_module et_pb_text et_pb_text_3  et_pb_text_align_left et_pb_bg_layout_light\"><div class=\"et_pb_text_inner\"><p>Para reforzar a\u00fan m\u00e1s esta conexi\u00f3n, uno de los talleres de electricidad de Monlau se llamar\u00e1 a partir de ahora Taller Autel Equipataller. Un espacio que fomentar\u00e1 y explorar\u00e1 la creaci\u00f3n de espacios de colaboraci\u00f3n y trabajo conjuntos.<\/p><p>El director general del Grupo Monlau, Iban Ventura, ha agradecido a\u00a0<strong><a href=\"https:\/\/auteliberica.es\/\">Autel Equipataller<\/a><\/strong>\u00a0su m\u00e1xima implicaci\u00f3n y su inter\u00e9s por mejorar la formaci\u00f3n para el alumnado.\u00a0<\/p><\/div><\/div><\/div><\/div><div class=\"et_pb_row et_pb_row_2\"><div class=\"et_pb_column et_pb_column_1_2 et_pb_column_2  et_pb_css_mix_blend_mode_passthrough\">\u00a0<\/div><\/div>\t\t\t\t\t\t\t\t<\/div>\n\t\t\t\t<\/div>\n\t\t\t\t\t<\/div>\n\t\t\t\t<\/div>\n\t\t<div class=\"elementor-element elementor-element-7beebb9 e-flex e-con-boxed e-con e-parent\" data-id=\"7beebb9\" data-element_type=\"container\">\n\t\t\t\t\t<div class=\"e-con-inner\">\n\t\t\t\t<div class=\"elementor-element elementor-element-7f6b057 gallery-spacing-custom elementor-widget elementor-widget-image-gallery\" data-id=\"7f6b057\" data-element_type=\"widget\" data-widget_type=\"image-gallery.default\">\n\t\t\t\t\t\t\t<div class=\"elementor-image-gallery\">\n\t\t\t<div id='gallery-1' class='gallery galleryid-10413 gallery-columns-3 gallery-size-full'><figure class='gallery-item'>\n\t\t\t<div class='gallery-icon landscape'>\n\t\t\t\t<a data-elementor-open-lightbox=\"yes\" data-elementor-lightbox-slideshow=\"7f6b057\" data-elementor-lightbox-title=\"IMG_4078-2048x1365\" data-e-action-hash=\"#elementor-action%3Aaction%3Dlightbox%26settings%3DeyJpZCI6MTA0MTksInVybCI6Imh0dHBzOlwvXC93d3cubW9ubGF1LmNvbVwvYXBwXC91cGxvYWRzXC9zaXRlc1wvM1wvMjAyNlwvMDRcL0lNR180MDc4LTIwNDh4MTM2NS0xLmpwZyIsInNsaWRlc2hvdyI6IjdmNmIwNTcifQ%3D%3D\" href='https:\/\/www.monlau.com\/app\/uploads\/sites\/3\/2026\/04\/IMG_4078-2048x1365-1.jpg'><img fetchpriority=\"high\" decoding=\"async\" width=\"2048\" height=\"1365\" src=\"https:\/\/www.monlau.com\/app\/uploads\/sites\/3\/2026\/04\/IMG_4078-2048x1365-1.jpg\" class=\"attachment-full size-full\" alt=\"\" srcset=\"https:\/\/www.monlau.com\/app\/uploads\/sites\/3\/2026\/04\/IMG_4078-2048x1365-1.jpg 2048w, https:\/\/www.monlau.com\/app\/uploads\/sites\/3\/2026\/04\/IMG_4078-2048x1365-1-300x200.jpg 300w, https:\/\/www.monlau.com\/app\/uploads\/sites\/3\/2026\/04\/IMG_4078-2048x1365-1-1024x683.jpg 1024w, https:\/\/www.monlau.com\/app\/uploads\/sites\/3\/2026\/04\/IMG_4078-2048x1365-1-768x512.jpg 768w, https:\/\/www.monlau.com\/app\/uploads\/sites\/3\/2026\/04\/IMG_4078-2048x1365-1-1536x1024.jpg 1536w\" sizes=\"(max-width: 2048px) 100vw, 2048px\" \/><\/a>\n\t\t\t<\/div><\/figure><figure class='gallery-item'>\n\t\t\t<div class='gallery-icon landscape'>\n\t\t\t\t<a data-elementor-open-lightbox=\"yes\" data-elementor-lightbox-slideshow=\"7f6b057\" data-elementor-lightbox-title=\"IMG_4053-2048x1365\" data-e-action-hash=\"#elementor-action%3Aaction%3Dlightbox%26settings%3DeyJpZCI6MTA0MjAsInVybCI6Imh0dHBzOlwvXC93d3cubW9ubGF1LmNvbVwvYXBwXC91cGxvYWRzXC9zaXRlc1wvM1wvMjAyNlwvMDRcL0lNR180MDUzLTIwNDh4MTM2NS0xLmpwZyIsInNsaWRlc2hvdyI6IjdmNmIwNTcifQ%3D%3D\" href='https:\/\/www.monlau.com\/app\/uploads\/sites\/3\/2026\/04\/IMG_4053-2048x1365-1.jpg'><img decoding=\"async\" width=\"2048\" height=\"1365\" src=\"https:\/\/www.monlau.com\/app\/uploads\/sites\/3\/2026\/04\/IMG_4053-2048x1365-1.jpg\" class=\"attachment-full size-full\" alt=\"\" srcset=\"https:\/\/www.monlau.com\/app\/uploads\/sites\/3\/2026\/04\/IMG_4053-2048x1365-1.jpg 2048w, https:\/\/www.monlau.com\/app\/uploads\/sites\/3\/2026\/04\/IMG_4053-2048x1365-1-300x200.jpg 300w, https:\/\/www.monlau.com\/app\/uploads\/sites\/3\/2026\/04\/IMG_4053-2048x1365-1-1024x683.jpg 1024w, https:\/\/www.monlau.com\/app\/uploads\/sites\/3\/2026\/04\/IMG_4053-2048x1365-1-768x512.jpg 768w, https:\/\/www.monlau.com\/app\/uploads\/sites\/3\/2026\/04\/IMG_4053-2048x1365-1-1536x1024.jpg 1536w\" sizes=\"(max-width: 2048px) 100vw, 2048px\" \/><\/a>\n\t\t\t<\/div><\/figure><figure class='gallery-item'>\n\t\t\t<div class='gallery-icon landscape'>\n\t\t\t\t<a data-elementor-open-lightbox=\"yes\" data-elementor-lightbox-slideshow=\"7f6b057\" data-elementor-lightbox-title=\"IMG_4021-2048x1365\" data-e-action-hash=\"#elementor-action%3Aaction%3Dlightbox%26settings%3DeyJpZCI6MTA0MjEsInVybCI6Imh0dHBzOlwvXC93d3cubW9ubGF1LmNvbVwvYXBwXC91cGxvYWRzXC9zaXRlc1wvM1wvMjAyNlwvMDRcL0lNR180MDIxLTIwNDh4MTM2NS0xLmpwZyIsInNsaWRlc2hvdyI6IjdmNmIwNTcifQ%3D%3D\" href='https:\/\/www.monlau.com\/app\/uploads\/sites\/3\/2026\/04\/IMG_4021-2048x1365-1.jpg'><img decoding=\"async\" width=\"2048\" height=\"1365\" src=\"https:\/\/www.monlau.com\/app\/uploads\/sites\/3\/2026\/04\/IMG_4021-2048x1365-1.jpg\" class=\"attachment-full size-full\" alt=\"\" srcset=\"https:\/\/www.monlau.com\/app\/uploads\/sites\/3\/2026\/04\/IMG_4021-2048x1365-1.jpg 2048w, https:\/\/www.monlau.com\/app\/uploads\/sites\/3\/2026\/04\/IMG_4021-2048x1365-1-300x200.jpg 300w, https:\/\/www.monlau.com\/app\/uploads\/sites\/3\/2026\/04\/IMG_4021-2048x1365-1-1024x683.jpg 1024w, https:\/\/www.monlau.com\/app\/uploads\/sites\/3\/2026\/04\/IMG_4021-2048x1365-1-768x512.jpg 768w, https:\/\/www.monlau.com\/app\/uploads\/sites\/3\/2026\/04\/IMG_4021-2048x1365-1-1536x1024.jpg 1536w\" sizes=\"(max-width: 2048px) 100vw, 2048px\" \/><\/a>\n\t\t\t<\/div><\/figure>\n\t\t<\/div>\n\t\t<\/div>\n\t\t\t\t\t\t<\/div>\n\t\t\t\t\t<\/div>\n\t\t\t\t<\/div>\n\t\t<div class=\"elementor-element elementor-element-e3e8633 e-flex e-con-boxed e-con e-parent\" data-id=\"e3e8633\" data-element_type=\"container\">\n\t\t\t\t\t<div class=\"e-con-inner\">\n\t\t<div class=\"elementor-element elementor-element-10f9ee2 e-con-full e-flex e-con e-child\" data-id=\"10f9ee2\" data-element_type=\"container\" data-settings=\"{&quot;background_background&quot;:&quot;classic&quot;}\">\n\t\t\t\t<div class=\"elementor-element elementor-element-82dc269 elementor-widget elementor-widget-heading\" data-id=\"82dc269\" data-element_type=\"widget\" data-widget_type=\"heading.default\">\n\t\t\t\t\t<p class=\"elementor-heading-title elementor-size-default\">Te invitamos a <b>leer el art\u00edculo completo <br>en nuestro blog<\/b>\n<\/p>\t\t\t\t<\/div>\n\t\t\t\t<div class=\"elementor-element elementor-element-8d06e9c elementor-align-right btn-blue-inverse elementor-widget elementor-widget-button\" data-id=\"8d06e9c\" data-element_type=\"widget\" data-widget_type=\"button.default\">\n\t\t\t\t\t\t\t\t\t\t<a class=\"elementor-button elementor-button-link elementor-size-sm\" href=\"https:\/\/www.monlau.com\/fp\/2025\/01\/08\/autel-equipataller-y-monlau-hacen-un-pacto-para-impulsar-la-fp\/\">\n\t\t\t\t\t\t<span class=\"elementor-button-content-wrapper\">\n\t\t\t\t\t\t\t\t\t<span class=\"elementor-button-text\">Leer blog<\/span>\n\t\t\t\t\t<\/span>\n\t\t\t\t\t<\/a>\n\t\t\t\t\t\t\t\t<\/div>\n\t\t\t\t<\/div>\n\t\t\t\t\t<\/div>\n\t\t\t\t<\/div>\n\t\t\t\t<\/div>\n\t\t","protected":false},"excerpt":{"rendered":"<p>Autel Equipataller y Monlau El alumnado de Monlau tendr\u00e1 acceso a la tecnolog\u00eda m\u00e1s avanzada de diagnosis inteligente gracias a Autel Equipataller. As\u00ed lo han acordado Grupo Monlau y Autel Ib\u00e9rica \u2013 Equipataller, gracias a un nuevo acuerdo de colaboraci\u00f3n por el que los dispositivos m\u00e1s innovadores empleados para diagnosticar aver\u00edas en todo tipo de [&hellip;]<\/p>\n","protected":false},"author":1,"featured_media":0,"parent":0,"menu_order":0,"comment_status":"closed","ping_status":"closed","template":"elementor_header_footer","meta":{"footnotes":""},"class_list":["post-10413","page","type-page","status-publish","hentry"],"yoast_head":"<!-- This site is optimized with the Yoast SEO plugin v27.2 - https:\/\/yoast.com\/product\/yoast-seo-wordpress\/ -->\n<title>Autel Equipataller y Monlau - Formaci\u00f3n profesional<\/title>\n<meta name=\"robots\" content=\"index, follow, max-snippet:-1, max-image-preview:large, max-video-preview:-1\" \/>\n<link rel=\"canonical\" href=\"https:\/\/www.monlau.com\/fp\/autel-equipataller-y-monlau\/\" \/>\n<meta property=\"og:locale\" content=\"es_ES\" \/>\n<meta property=\"og:type\" content=\"article\" \/>\n<meta property=\"og:title\" content=\"Autel Equipataller y Monlau - Formaci\u00f3n profesional\" \/>\n<meta property=\"og:description\" content=\"Autel Equipataller y Monlau El alumnado de Monlau tendr\u00e1 acceso a la tecnolog\u00eda m\u00e1s avanzada de diagnosis inteligente gracias a Autel Equipataller. As\u00ed lo han acordado Grupo Monlau y Autel Ib\u00e9rica \u2013 Equipataller, gracias a un nuevo acuerdo de colaboraci\u00f3n por el que los dispositivos m\u00e1s innovadores empleados para diagnosticar aver\u00edas en todo tipo de [&hellip;]\" \/>\n<meta property=\"og:url\" content=\"https:\/\/www.monlau.com\/fp\/autel-equipataller-y-monlau\/\" \/>\n<meta property=\"og:site_name\" content=\"Formaci\u00f3n profesional\" \/>\n<meta property=\"article:modified_time\" content=\"2026-04-22T13:58:42+00:00\" \/>\n<meta property=\"og:image\" content=\"https:\/\/www.monlau.com\/app\/uploads\/sites\/3\/2026\/04\/IMG_4078-2048x1365-1.jpg\" \/>\n<meta name=\"twitter:card\" content=\"summary_large_image\" \/>\n<meta name=\"twitter:label1\" content=\"Tiempo de lectura\" \/>\n\t<meta name=\"twitter:data1\" content=\"2 minutos\" \/>\n<script type=\"application\/ld+json\" class=\"yoast-schema-graph\">{\"@context\":\"https:\/\/schema.org\",\"@graph\":[{\"@type\":\"WebPage\",\"@id\":\"https:\/\/www.monlau.com\/fp\/autel-equipataller-y-monlau\/\",\"url\":\"https:\/\/www.monlau.com\/fp\/autel-equipataller-y-monlau\/\",\"name\":\"Autel Equipataller y Monlau - Formaci\u00f3n profesional\",\"isPartOf\":{\"@id\":\"https:\/\/www.monlau.com\/fp\/#website\"},\"primaryImageOfPage\":{\"@id\":\"https:\/\/www.monlau.com\/fp\/autel-equipataller-y-monlau\/#primaryimage\"},\"image\":{\"@id\":\"https:\/\/www.monlau.com\/fp\/autel-equipataller-y-monlau\/#primaryimage\"},\"thumbnailUrl\":\"https:\/\/www.monlau.com\/app\/uploads\/sites\/3\/2026\/04\/IMG_4078-2048x1365-1.jpg\",\"datePublished\":\"2026-04-22T11:29:13+00:00\",\"dateModified\":\"2026-04-22T13:58:42+00:00\",\"breadcrumb\":{\"@id\":\"https:\/\/www.monlau.com\/fp\/autel-equipataller-y-monlau\/#breadcrumb\"},\"inLanguage\":\"es\",\"potentialAction\":[{\"@type\":\"ReadAction\",\"target\":[\"https:\/\/www.monlau.com\/fp\/autel-equipataller-y-monlau\/\"]}]},{\"@type\":\"ImageObject\",\"inLanguage\":\"es\",\"@id\":\"https:\/\/www.monlau.com\/fp\/autel-equipataller-y-monlau\/#primaryimage\",\"url\":\"https:\/\/www.monlau.com\/app\/uploads\/sites\/3\/2026\/04\/IMG_4078-2048x1365-1.jpg\",\"contentUrl\":\"https:\/\/www.monlau.com\/app\/uploads\/sites\/3\/2026\/04\/IMG_4078-2048x1365-1.jpg\"},{\"@type\":\"BreadcrumbList\",\"@id\":\"https:\/\/www.monlau.com\/fp\/autel-equipataller-y-monlau\/#breadcrumb\",\"itemListElement\":[{\"@type\":\"ListItem\",\"position\":1,\"name\":\"Portada\",\"item\":\"https:\/\/www.monlau.com\/fp\/\"},{\"@type\":\"ListItem\",\"position\":2,\"name\":\"Autel Equipataller y Monlau\"}]},{\"@type\":\"WebSite\",\"@id\":\"https:\/\/www.monlau.com\/fp\/#website\",\"url\":\"https:\/\/www.monlau.com\/fp\/\",\"name\":\"Formaci\u00f3n profesional\",\"description\":\"Monlau\",\"publisher\":{\"@id\":\"https:\/\/www.monlau.com\/fp\/#organization\"},\"potentialAction\":[{\"@type\":\"SearchAction\",\"target\":{\"@type\":\"EntryPoint\",\"urlTemplate\":\"https:\/\/www.monlau.com\/fp\/?s={search_term_string}\"},\"query-input\":{\"@type\":\"PropertyValueSpecification\",\"valueRequired\":true,\"valueName\":\"search_term_string\"}}],\"inLanguage\":\"es\"},{\"@type\":\"Organization\",\"@id\":\"https:\/\/www.monlau.com\/fp\/#organization\",\"name\":\"Formaci\u00f3n profesional\",\"url\":\"https:\/\/www.monlau.com\/fp\/\",\"logo\":{\"@type\":\"ImageObject\",\"inLanguage\":\"es\",\"@id\":\"https:\/\/www.monlau.com\/fp\/#\/schema\/logo\/image\/\",\"url\":\"https:\/\/www.monlau.com\/app\/uploads\/sites\/3\/2026\/01\/fp.png\",\"contentUrl\":\"https:\/\/www.monlau.com\/app\/uploads\/sites\/3\/2026\/01\/fp.png\",\"width\":1024,\"height\":878,\"caption\":\"Formaci\u00f3n profesional\"},\"image\":{\"@id\":\"https:\/\/www.monlau.com\/fp\/#\/schema\/logo\/image\/\"}}]}<\/script>\n<!-- \/ Yoast SEO plugin. -->","yoast_head_json":{"title":"Autel Equipataller y Monlau - Formaci\u00f3n profesional","robots":{"index":"index","follow":"follow","max-snippet":"max-snippet:-1","max-image-preview":"max-image-preview:large","max-video-preview":"max-video-preview:-1"},"canonical":"https:\/\/www.monlau.com\/fp\/autel-equipataller-y-monlau\/","og_locale":"es_ES","og_type":"article","og_title":"Autel Equipataller y Monlau - Formaci\u00f3n profesional","og_description":"Autel Equipataller y Monlau El alumnado de Monlau tendr\u00e1 acceso a la tecnolog\u00eda m\u00e1s avanzada de diagnosis inteligente gracias a Autel Equipataller. As\u00ed lo han acordado Grupo Monlau y Autel Ib\u00e9rica \u2013 Equipataller, gracias a un nuevo acuerdo de colaboraci\u00f3n por el que los dispositivos m\u00e1s innovadores empleados para diagnosticar aver\u00edas en todo tipo de [&hellip;]","og_url":"https:\/\/www.monlau.com\/fp\/autel-equipataller-y-monlau\/","og_site_name":"Formaci\u00f3n profesional","article_modified_time":"2026-04-22T13:58:42+00:00","og_image":[{"url":"https:\/\/www.monlau.com\/app\/uploads\/sites\/3\/2026\/04\/IMG_4078-2048x1365-1.jpg","type":"","width":"","height":""}],"twitter_card":"summary_large_image","twitter_misc":{"Tiempo de lectura":"2 minutos"},"schema":{"@context":"https:\/\/schema.org","@graph":[{"@type":"WebPage","@id":"https:\/\/www.monlau.com\/fp\/autel-equipataller-y-monlau\/","url":"https:\/\/www.monlau.com\/fp\/autel-equipataller-y-monlau\/","name":"Autel Equipataller y Monlau - Formaci\u00f3n profesional","isPartOf":{"@id":"https:\/\/www.monlau.com\/fp\/#website"},"primaryImageOfPage":{"@id":"https:\/\/www.monlau.com\/fp\/autel-equipataller-y-monlau\/#primaryimage"},"image":{"@id":"https:\/\/www.monlau.com\/fp\/autel-equipataller-y-monlau\/#primaryimage"},"thumbnailUrl":"https:\/\/www.monlau.com\/app\/uploads\/sites\/3\/2026\/04\/IMG_4078-2048x1365-1.jpg","datePublished":"2026-04-22T11:29:13+00:00","dateModified":"2026-04-22T13:58:42+00:00","breadcrumb":{"@id":"https:\/\/www.monlau.com\/fp\/autel-equipataller-y-monlau\/#breadcrumb"},"inLanguage":"es","potentialAction":[{"@type":"ReadAction","target":["https:\/\/www.monlau.com\/fp\/autel-equipataller-y-monlau\/"]}]},{"@type":"ImageObject","inLanguage":"es","@id":"https:\/\/www.monlau.com\/fp\/autel-equipataller-y-monlau\/#primaryimage","url":"https:\/\/www.monlau.com\/app\/uploads\/sites\/3\/2026\/04\/IMG_4078-2048x1365-1.jpg","contentUrl":"https:\/\/www.monlau.com\/app\/uploads\/sites\/3\/2026\/04\/IMG_4078-2048x1365-1.jpg"},{"@type":"BreadcrumbList","@id":"https:\/\/www.monlau.com\/fp\/autel-equipataller-y-monlau\/#breadcrumb","itemListElement":[{"@type":"ListItem","position":1,"name":"Portada","item":"https:\/\/www.monlau.com\/fp\/"},{"@type":"ListItem","position":2,"name":"Autel Equipataller y Monlau"}]},{"@type":"WebSite","@id":"https:\/\/www.monlau.com\/fp\/#website","url":"https:\/\/www.monlau.com\/fp\/","name":"Formaci\u00f3n profesional","description":"Monlau","publisher":{"@id":"https:\/\/www.monlau.com\/fp\/#organization"},"potentialAction":[{"@type":"SearchAction","target":{"@type":"EntryPoint","urlTemplate":"https:\/\/www.monlau.com\/fp\/?s={search_term_string}"},"query-input":{"@type":"PropertyValueSpecification","valueRequired":true,"valueName":"search_term_string"}}],"inLanguage":"es"},{"@type":"Organization","@id":"https:\/\/www.monlau.com\/fp\/#organization","name":"Formaci\u00f3n profesional","url":"https:\/\/www.monlau.com\/fp\/","logo":{"@type":"ImageObject","inLanguage":"es","@id":"https:\/\/www.monlau.com\/fp\/#\/schema\/logo\/image\/","url":"https:\/\/www.monlau.com\/app\/uploads\/sites\/3\/2026\/01\/fp.png","contentUrl":"https:\/\/www.monlau.com\/app\/uploads\/sites\/3\/2026\/01\/fp.png","width":1024,"height":878,"caption":"Formaci\u00f3n profesional"},"image":{"@id":"https:\/\/www.monlau.com\/fp\/#\/schema\/logo\/image\/"}}]}},"_links":{"self":[{"href":"https:\/\/www.monlau.com\/fp\/wp-json\/wp\/v2\/pages\/10413","targetHints":{"allow":["GET"]}}],"collection":[{"href":"https:\/\/www.monlau.com\/fp\/wp-json\/wp\/v2\/pages"}],"about":[{"href":"https:\/\/www.monlau.com\/fp\/wp-json\/wp\/v2\/types\/page"}],"author":[{"embeddable":true,"href":"https:\/\/www.monlau.com\/fp\/wp-json\/wp\/v2\/users\/1"}],"replies":[{"embeddable":true,"href":"https:\/\/www.monlau.com\/fp\/wp-json\/wp\/v2\/comments?post=10413"}],"version-history":[{"count":7,"href":"https:\/\/www.monlau.com\/fp\/wp-json\/wp\/v2\/pages\/10413\/revisions"}],"predecessor-version":[{"id":10456,"href":"https:\/\/www.monlau.com\/fp\/wp-json\/wp\/v2\/pages\/10413\/revisions\/10456"}],"wp:attachment":[{"href":"https:\/\/www.monlau.com\/fp\/wp-json\/wp\/v2\/media?parent=10413"}],"curies":[{"name":"wp","href":"https:\/\/api.w.org\/{rel}","templated":true}]}}