{"id":10395,"date":"2026-04-22T13:15:29","date_gmt":"2026-04-22T11:15:29","guid":{"rendered":"https:\/\/www.monlau.com\/fp\/?page_id=10395"},"modified":"2026-04-22T13:47:33","modified_gmt":"2026-04-22T11:47:33","slug":"m-automocion-monlau","status":"publish","type":"page","link":"https:\/\/www.monlau.com\/fp\/m-automocion-monlau\/","title":{"rendered":"M Automocio\u0301n &#8211; Monlau"},"content":{"rendered":"\t\t<div data-elementor-type=\"wp-page\" data-elementor-id=\"10395\" class=\"elementor elementor-10395\" data-elementor-post-type=\"page\">\n\t\t\t\t<div class=\"elementor-element elementor-element-f70b2fa e-flex e-con-boxed e-con e-parent\" data-id=\"f70b2fa\" data-element_type=\"container\" data-settings=\"{&quot;background_background&quot;:&quot;classic&quot;}\">\n\t\t\t\t\t<div class=\"e-con-inner\">\n\t\t\t\t<div class=\"elementor-element elementor-element-c7fce31 elementor-widget__width-initial elementor-widget elementor-widget-text-editor\" data-id=\"c7fce31\" data-element_type=\"widget\" data-widget_type=\"text-editor.default\">\n\t\t\t\t\t\t\t\t\t<h1 class=\"elementor-heading-title elementor-size-default\"><b>M Automoci\u00f3n<\/b>\u00a0y Monlau<\/h1>\t\t\t\t\t\t\t\t<\/div>\n\t\t\t\t\t<\/div>\n\t\t\t\t<\/div>\n\t\t<div class=\"elementor-element elementor-element-851843d e-flex e-con-boxed e-con e-parent\" data-id=\"851843d\" data-element_type=\"container\">\n\t\t\t\t\t<div class=\"e-con-inner\">\n\t\t<div class=\"elementor-element elementor-element-f8f358c e-con-full e-flex e-con e-child\" data-id=\"f8f358c\" data-element_type=\"container\" data-settings=\"{&quot;background_background&quot;:&quot;classic&quot;}\">\n\t\t\t\t<div class=\"elementor-element elementor-element-fb67891 elementor-widget elementor-widget-heading\" data-id=\"fb67891\" data-element_type=\"widget\" data-widget_type=\"heading.default\">\n\t\t\t\t\t<h2 class=\"elementor-heading-title elementor-size-default\">En <b>M Automoci\u00f3n contamos con m\u00e1s de 60 a\u00f1os de experiencia en el sector<\/b> de la movilidad. <\/h2>\t\t\t\t<\/div>\n\t\t\t\t<div class=\"elementor-element elementor-element-860ae10 elementor-widget elementor-widget-text-editor\" data-id=\"860ae10\" data-element_type=\"widget\" data-widget_type=\"text-editor.default\">\n\t\t\t\t\t\t\t\t\t<p data-start=\"1060\" data-end=\"1431\">Trabajamos de la mano de las mejores marcas, ofreciendo veh\u00edculos exclusivos y soluciones de movilidad innovadoras que han permitido a miles de clientes encontrar el veh\u00edculo perfecto en nuestros concesionarios, ya sea nuevo o de ocasi\u00f3n. Gracias a nuestro reciente acuerdo de colaboraci\u00f3n con\u00a0<a href=\"http:\/\/20.82.21.31\/formacio-professional\/m-automocion\/%20\"><strong>Monlau, Formaci\u00f3n Profesional<\/strong>,<\/a>\u00a0damos un paso m\u00e1s para acercarnos a los j\u00f3venes talentos de la automoci\u00f3n. Este acuerdo tiene como objetivo permitir que los estudiantes experimenten, desde el primer d\u00eda, el entorno real de la automoci\u00f3n. A trav\u00e9s de este convenio, buscamos que las habilidades adquiridas en el aula est\u00e9n en perfecta sinton\u00eda con las demandas actuales de un sector en constante evoluci\u00f3n.<\/p>\t\t\t\t\t\t\t\t<\/div>\n\t\t\t\t<\/div>\n\t\t\t\t\t<\/div>\n\t\t\t\t<\/div>\n\t\t<div class=\"elementor-element elementor-element-708acca e-flex e-con-boxed e-con e-parent\" data-id=\"708acca\" data-element_type=\"container\">\n\t\t\t\t\t<div class=\"e-con-inner\">\n\t\t<div class=\"elementor-element elementor-element-c0d8c60 e-con-full e-flex elementor-invisible e-con e-child\" data-id=\"c0d8c60\" data-element_type=\"container\" data-settings=\"{&quot;animation&quot;:&quot;fadeInRight&quot;,&quot;background_background&quot;:&quot;classic&quot;}\">\n\t\t\t\t<\/div>\n\t\t<div class=\"elementor-element elementor-element-125fbf8 e-con-full e-flex elementor-invisible e-con e-child\" data-id=\"125fbf8\" data-element_type=\"container\" data-settings=\"{&quot;animation&quot;:&quot;fadeInLeft&quot;}\">\n\t\t\t\t<div class=\"elementor-element elementor-element-6e02e1b elementor-widget elementor-widget-heading\" data-id=\"6e02e1b\" data-element_type=\"widget\" data-widget_type=\"heading.default\">\n\t\t\t\t\t<h2 class=\"elementor-heading-title elementor-size-default\">Impulsando el <b>talento en automoci\u00f3n<\/b><\/h2>\t\t\t\t<\/div>\n\t\t\t\t<div class=\"elementor-element elementor-element-f0ee630 elementor-widget elementor-widget-text-editor\" data-id=\"f0ee630\" data-element_type=\"widget\" data-widget_type=\"text-editor.default\">\n\t\t\t\t\t\t\t\t\t<p>Nuestra apuesta por el futuro no solo se refleja en nuestros m\u00e1s de 1,000 profesionales especializados y en nuestras divisiones de negocio \u2014M Renting, M Ocasi\u00f3n, M Seguros, M Flex y ALLMOVE\u2014, sino tambi\u00e9n en iniciativas como esta, que promueven el desarrollo de competencias pr\u00e1cticas y la innovaci\u00f3n en el sector. Con la incorporaci\u00f3n de espacios colaborativos, como la nueva\u00a0<a href=\"https:\/\/m-automocion.com\/m-automocion-colaboracion-monlau\/\"><strong>Aula M Automoci\u00f3n en Monlau<\/strong><\/a>, reforzamos nuestro compromiso de ser una referencia en la formaci\u00f3n de futuros profesionales.<\/p><p>Con sede en Girona, Madrid, Barcelona y Castell\u00f3n, y una s\u00f3lida red de 45 concesionarios y 37 talleres, en M Automoci\u00f3n estamos listos para seguir impulsando el talento y aportando valor al mundo de la automoci\u00f3n. Si eres estudiante y estas interesado\/a en saber m\u00e1s acerca de m Automoci\u00f3n, no dudes en visitar nuestra p\u00e1gina web.<\/p>\t\t\t\t\t\t\t\t<\/div>\n\t\t\t\t<\/div>\n\t\t\t\t\t<\/div>\n\t\t\t\t<\/div>\n\t\t<div class=\"elementor-element elementor-element-a1bfc6e e-flex e-con-boxed e-con e-parent\" data-id=\"a1bfc6e\" data-element_type=\"container\">\n\t\t\t\t\t<div class=\"e-con-inner\">\n\t\t\t\t<div class=\"elementor-element elementor-element-19d79ac gallery-spacing-custom elementor-widget elementor-widget-image-gallery\" data-id=\"19d79ac\" data-element_type=\"widget\" data-widget_type=\"image-gallery.default\">\n\t\t\t\t\t\t\t<div class=\"elementor-image-gallery\">\n\t\t\t<div id='gallery-1' class='gallery galleryid-10395 gallery-columns-3 gallery-size-full'><figure class='gallery-item'>\n\t\t\t<div class='gallery-icon landscape'>\n\t\t\t\t<a data-elementor-open-lightbox=\"yes\" data-elementor-lightbox-slideshow=\"19d79ac\" data-elementor-lightbox-title=\"Instalaciones-M-Recambios-2\" data-e-action-hash=\"#elementor-action%3Aaction%3Dlightbox%26settings%3DeyJpZCI6MTA0MDAsInVybCI6Imh0dHBzOlwvXC93d3cubW9ubGF1LmNvbVwvYXBwXC91cGxvYWRzXC9zaXRlc1wvM1wvMjAyNlwvMDRcL0luc3RhbGFjaW9uZXMtTS1SZWNhbWJpb3MtMi5qcGciLCJzbGlkZXNob3ciOiIxOWQ3OWFjIn0%3D\" href='https:\/\/www.monlau.com\/app\/uploads\/sites\/3\/2026\/04\/Instalaciones-M-Recambios-2.jpg'><img fetchpriority=\"high\" decoding=\"async\" width=\"900\" height=\"600\" src=\"https:\/\/www.monlau.com\/app\/uploads\/sites\/3\/2026\/04\/Instalaciones-M-Recambios-2.jpg\" class=\"attachment-full size-full\" alt=\"\" srcset=\"https:\/\/www.monlau.com\/app\/uploads\/sites\/3\/2026\/04\/Instalaciones-M-Recambios-2.jpg 900w, https:\/\/www.monlau.com\/app\/uploads\/sites\/3\/2026\/04\/Instalaciones-M-Recambios-2-300x200.jpg 300w, https:\/\/www.monlau.com\/app\/uploads\/sites\/3\/2026\/04\/Instalaciones-M-Recambios-2-768x512.jpg 768w\" sizes=\"(max-width: 900px) 100vw, 900px\" \/><\/a>\n\t\t\t<\/div><\/figure><figure class='gallery-item'>\n\t\t\t<div class='gallery-icon landscape'>\n\t\t\t\t<a data-elementor-open-lightbox=\"yes\" data-elementor-lightbox-slideshow=\"19d79ac\" data-elementor-lightbox-title=\"Instalaciones-M-Recambios\" data-e-action-hash=\"#elementor-action%3Aaction%3Dlightbox%26settings%3DeyJpZCI6MTA0MDEsInVybCI6Imh0dHBzOlwvXC93d3cubW9ubGF1LmNvbVwvYXBwXC91cGxvYWRzXC9zaXRlc1wvM1wvMjAyNlwvMDRcL0luc3RhbGFjaW9uZXMtTS1SZWNhbWJpb3MuanBnIiwic2xpZGVzaG93IjoiMTlkNzlhYyJ9\" href='https:\/\/www.monlau.com\/app\/uploads\/sites\/3\/2026\/04\/Instalaciones-M-Recambios.jpg'><img decoding=\"async\" width=\"900\" height=\"600\" src=\"https:\/\/www.monlau.com\/app\/uploads\/sites\/3\/2026\/04\/Instalaciones-M-Recambios.jpg\" class=\"attachment-full size-full\" alt=\"\" srcset=\"https:\/\/www.monlau.com\/app\/uploads\/sites\/3\/2026\/04\/Instalaciones-M-Recambios.jpg 900w, https:\/\/www.monlau.com\/app\/uploads\/sites\/3\/2026\/04\/Instalaciones-M-Recambios-300x200.jpg 300w, https:\/\/www.monlau.com\/app\/uploads\/sites\/3\/2026\/04\/Instalaciones-M-Recambios-768x512.jpg 768w\" sizes=\"(max-width: 900px) 100vw, 900px\" \/><\/a>\n\t\t\t<\/div><\/figure><figure class='gallery-item'>\n\t\t\t<div class='gallery-icon landscape'>\n\t\t\t\t<a data-elementor-open-lightbox=\"yes\" data-elementor-lightbox-slideshow=\"19d79ac\" data-elementor-lightbox-title=\"Taller-VW-Mogauto-Cantabria-2\" data-e-action-hash=\"#elementor-action%3Aaction%3Dlightbox%26settings%3DeyJpZCI6MTA0MDIsInVybCI6Imh0dHBzOlwvXC93d3cubW9ubGF1LmNvbVwvYXBwXC91cGxvYWRzXC9zaXRlc1wvM1wvMjAyNlwvMDRcL1RhbGxlci1WVy1Nb2dhdXRvLUNhbnRhYnJpYS0yLmpwZyIsInNsaWRlc2hvdyI6IjE5ZDc5YWMifQ%3D%3D\" href='https:\/\/www.monlau.com\/app\/uploads\/sites\/3\/2026\/04\/Taller-VW-Mogauto-Cantabria-2.jpg'><img decoding=\"async\" width=\"768\" height=\"512\" src=\"https:\/\/www.monlau.com\/app\/uploads\/sites\/3\/2026\/04\/Taller-VW-Mogauto-Cantabria-2.jpg\" class=\"attachment-full size-full\" alt=\"\" srcset=\"https:\/\/www.monlau.com\/app\/uploads\/sites\/3\/2026\/04\/Taller-VW-Mogauto-Cantabria-2.jpg 768w, https:\/\/www.monlau.com\/app\/uploads\/sites\/3\/2026\/04\/Taller-VW-Mogauto-Cantabria-2-300x200.jpg 300w\" sizes=\"(max-width: 768px) 100vw, 768px\" \/><\/a>\n\t\t\t<\/div><\/figure><figure class='gallery-item'>\n\t\t\t<div class='gallery-icon landscape'>\n\t\t\t\t<a data-elementor-open-lightbox=\"yes\" data-elementor-lightbox-slideshow=\"19d79ac\" data-elementor-lightbox-title=\"Instalaciones-M-Recambios-3\" data-e-action-hash=\"#elementor-action%3Aaction%3Dlightbox%26settings%3DeyJpZCI6MTA0MDMsInVybCI6Imh0dHBzOlwvXC93d3cubW9ubGF1LmNvbVwvYXBwXC91cGxvYWRzXC9zaXRlc1wvM1wvMjAyNlwvMDRcL0luc3RhbGFjaW9uZXMtTS1SZWNhbWJpb3MtMy5qcGciLCJzbGlkZXNob3ciOiIxOWQ3OWFjIn0%3D\" href='https:\/\/www.monlau.com\/app\/uploads\/sites\/3\/2026\/04\/Instalaciones-M-Recambios-3.jpg'><img loading=\"lazy\" decoding=\"async\" width=\"900\" height=\"600\" src=\"https:\/\/www.monlau.com\/app\/uploads\/sites\/3\/2026\/04\/Instalaciones-M-Recambios-3.jpg\" class=\"attachment-full size-full\" alt=\"\" srcset=\"https:\/\/www.monlau.com\/app\/uploads\/sites\/3\/2026\/04\/Instalaciones-M-Recambios-3.jpg 900w, https:\/\/www.monlau.com\/app\/uploads\/sites\/3\/2026\/04\/Instalaciones-M-Recambios-3-300x200.jpg 300w, https:\/\/www.monlau.com\/app\/uploads\/sites\/3\/2026\/04\/Instalaciones-M-Recambios-3-768x512.jpg 768w\" sizes=\"(max-width: 900px) 100vw, 900px\" \/><\/a>\n\t\t\t<\/div><\/figure><figure class='gallery-item'>\n\t\t\t<div class='gallery-icon landscape'>\n\t\t\t\t<a data-elementor-open-lightbox=\"yes\" data-elementor-lightbox-slideshow=\"19d79ac\" data-elementor-lightbox-title=\"M-Automocion\" data-e-action-hash=\"#elementor-action%3Aaction%3Dlightbox%26settings%3DeyJpZCI6MTA0MDQsInVybCI6Imh0dHBzOlwvXC93d3cubW9ubGF1LmNvbVwvYXBwXC91cGxvYWRzXC9zaXRlc1wvM1wvMjAyNlwvMDRcL00tQXV0b21vY2lvbi0xLmpwZyIsInNsaWRlc2hvdyI6IjE5ZDc5YWMifQ%3D%3D\" href='https:\/\/www.monlau.com\/app\/uploads\/sites\/3\/2026\/04\/M-Automocion-1.jpg'><img loading=\"lazy\" decoding=\"async\" width=\"680\" height=\"453\" src=\"https:\/\/www.monlau.com\/app\/uploads\/sites\/3\/2026\/04\/M-Automocion-1.jpg\" class=\"attachment-full size-full\" alt=\"\" srcset=\"https:\/\/www.monlau.com\/app\/uploads\/sites\/3\/2026\/04\/M-Automocion-1.jpg 680w, https:\/\/www.monlau.com\/app\/uploads\/sites\/3\/2026\/04\/M-Automocion-1-300x200.jpg 300w\" sizes=\"(max-width: 680px) 100vw, 680px\" \/><\/a>\n\t\t\t<\/div><\/figure><figure class='gallery-item'>\n\t\t\t<div class='gallery-icon landscape'>\n\t\t\t\t<a data-elementor-open-lightbox=\"yes\" data-elementor-lightbox-slideshow=\"19d79ac\" data-elementor-lightbox-title=\"Taller-VW-Mogauto-Cantabria\" data-e-action-hash=\"#elementor-action%3Aaction%3Dlightbox%26settings%3DeyJpZCI6MTA0MDUsInVybCI6Imh0dHBzOlwvXC93d3cubW9ubGF1LmNvbVwvYXBwXC91cGxvYWRzXC9zaXRlc1wvM1wvMjAyNlwvMDRcL1RhbGxlci1WVy1Nb2dhdXRvLUNhbnRhYnJpYS5qcGciLCJzbGlkZXNob3ciOiIxOWQ3OWFjIn0%3D\" href='https:\/\/www.monlau.com\/app\/uploads\/sites\/3\/2026\/04\/Taller-VW-Mogauto-Cantabria.jpg'><img loading=\"lazy\" decoding=\"async\" width=\"558\" height=\"375\" src=\"https:\/\/www.monlau.com\/app\/uploads\/sites\/3\/2026\/04\/Taller-VW-Mogauto-Cantabria.jpg\" class=\"attachment-full size-full\" alt=\"\" srcset=\"https:\/\/www.monlau.com\/app\/uploads\/sites\/3\/2026\/04\/Taller-VW-Mogauto-Cantabria.jpg 558w, https:\/\/www.monlau.com\/app\/uploads\/sites\/3\/2026\/04\/Taller-VW-Mogauto-Cantabria-300x202.jpg 300w\" sizes=\"(max-width: 558px) 100vw, 558px\" \/><\/a>\n\t\t\t<\/div><\/figure>\n\t\t<\/div>\n\t\t<\/div>\n\t\t\t\t\t\t<\/div>\n\t\t\t\t\t<\/div>\n\t\t\t\t<\/div>\n\t\t<div class=\"elementor-element elementor-element-a28850a e-flex e-con-boxed e-con e-parent\" data-id=\"a28850a\" data-element_type=\"container\">\n\t\t\t\t\t<div class=\"e-con-inner\">\n\t\t<div class=\"elementor-element elementor-element-8486389 e-con-full e-flex e-con e-child\" data-id=\"8486389\" data-element_type=\"container\" data-settings=\"{&quot;background_background&quot;:&quot;classic&quot;}\">\n\t\t\t\t<div class=\"elementor-element elementor-element-db749be elementor-widget elementor-widget-heading\" data-id=\"db749be\" data-element_type=\"widget\" data-widget_type=\"heading.default\">\n\t\t\t\t\t<p class=\"elementor-heading-title elementor-size-default\">Te invitamos a <b>leer el art\u00edculo completo <br>en nuestro blog<\/b>\n<\/p>\t\t\t\t<\/div>\n\t\t\t\t<div class=\"elementor-element elementor-element-9aad5f6 elementor-align-right btn-blue-inverse elementor-widget elementor-widget-button\" data-id=\"9aad5f6\" data-element_type=\"widget\" data-widget_type=\"button.default\">\n\t\t\t\t\t\t\t\t\t\t<a class=\"elementor-button elementor-button-link elementor-size-sm\" href=\"https:\/\/www.monlau.com\/fp\/2024\/11\/07\/m-automocion-y-monlau-firman-un-nuevo-acuerdo-para-incrementar-la-colaboracion-con-la-llegada-de-la-nueva-fp\/\">\n\t\t\t\t\t\t<span class=\"elementor-button-content-wrapper\">\n\t\t\t\t\t\t\t\t\t<span class=\"elementor-button-text\">Leer blog<\/span>\n\t\t\t\t\t<\/span>\n\t\t\t\t\t<\/a>\n\t\t\t\t\t\t\t\t<\/div>\n\t\t\t\t<\/div>\n\t\t\t\t\t<\/div>\n\t\t\t\t<\/div>\n\t\t\t\t<\/div>\n\t\t","protected":false},"excerpt":{"rendered":"<p>M Automoci\u00f3n\u00a0y Monlau En M Automoci\u00f3n contamos con m\u00e1s de 60 a\u00f1os de experiencia en el sector de la movilidad. Trabajamos de la mano de las mejores marcas, ofreciendo veh\u00edculos exclusivos y soluciones de movilidad innovadoras que han permitido a miles de clientes encontrar el veh\u00edculo perfecto en nuestros concesionarios, ya sea nuevo o de [&hellip;]<\/p>\n","protected":false},"author":1,"featured_media":0,"parent":0,"menu_order":0,"comment_status":"closed","ping_status":"closed","template":"elementor_header_footer","meta":{"footnotes":""},"class_list":["post-10395","page","type-page","status-publish","hentry"],"yoast_head":"<!-- This site is optimized with the Yoast SEO plugin v27.2 - https:\/\/yoast.com\/product\/yoast-seo-wordpress\/ -->\n<title>M Automocio\u0301n - Monlau - Formaci\u00f3n profesional<\/title>\n<meta name=\"robots\" content=\"index, follow, max-snippet:-1, max-image-preview:large, max-video-preview:-1\" \/>\n<link rel=\"canonical\" href=\"https:\/\/www.monlau.com\/fp\/m-automocion-monlau\/\" \/>\n<meta property=\"og:locale\" content=\"es_ES\" \/>\n<meta property=\"og:type\" content=\"article\" \/>\n<meta property=\"og:title\" content=\"M Automocio\u0301n - Monlau - Formaci\u00f3n profesional\" \/>\n<meta property=\"og:description\" content=\"M Automoci\u00f3n\u00a0y Monlau En M Automoci\u00f3n contamos con m\u00e1s de 60 a\u00f1os de experiencia en el sector de la movilidad. Trabajamos de la mano de las mejores marcas, ofreciendo veh\u00edculos exclusivos y soluciones de movilidad innovadoras que han permitido a miles de clientes encontrar el veh\u00edculo perfecto en nuestros concesionarios, ya sea nuevo o de [&hellip;]\" \/>\n<meta property=\"og:url\" content=\"https:\/\/www.monlau.com\/fp\/m-automocion-monlau\/\" \/>\n<meta property=\"og:site_name\" content=\"Formaci\u00f3n profesional\" \/>\n<meta property=\"article:modified_time\" content=\"2026-04-22T11:47:33+00:00\" \/>\n<meta property=\"og:image\" content=\"https:\/\/www.monlau.com\/app\/uploads\/sites\/3\/2026\/04\/Instalaciones-M-Recambios-2.jpg\" \/>\n<meta name=\"twitter:card\" content=\"summary_large_image\" \/>\n<meta name=\"twitter:label1\" content=\"Tiempo de lectura\" \/>\n\t<meta name=\"twitter:data1\" content=\"3 minutos\" \/>\n<script type=\"application\/ld+json\" class=\"yoast-schema-graph\">{\"@context\":\"https:\/\/schema.org\",\"@graph\":[{\"@type\":\"WebPage\",\"@id\":\"https:\/\/www.monlau.com\/fp\/m-automocion-monlau\/\",\"url\":\"https:\/\/www.monlau.com\/fp\/m-automocion-monlau\/\",\"name\":\"M Automocio\u0301n - Monlau - Formaci\u00f3n profesional\",\"isPartOf\":{\"@id\":\"https:\/\/www.monlau.com\/fp\/#website\"},\"primaryImageOfPage\":{\"@id\":\"https:\/\/www.monlau.com\/fp\/m-automocion-monlau\/#primaryimage\"},\"image\":{\"@id\":\"https:\/\/www.monlau.com\/fp\/m-automocion-monlau\/#primaryimage\"},\"thumbnailUrl\":\"https:\/\/www.monlau.com\/app\/uploads\/sites\/3\/2026\/04\/Instalaciones-M-Recambios-2.jpg\",\"datePublished\":\"2026-04-22T11:15:29+00:00\",\"dateModified\":\"2026-04-22T11:47:33+00:00\",\"breadcrumb\":{\"@id\":\"https:\/\/www.monlau.com\/fp\/m-automocion-monlau\/#breadcrumb\"},\"inLanguage\":\"es\",\"potentialAction\":[{\"@type\":\"ReadAction\",\"target\":[\"https:\/\/www.monlau.com\/fp\/m-automocion-monlau\/\"]}]},{\"@type\":\"ImageObject\",\"inLanguage\":\"es\",\"@id\":\"https:\/\/www.monlau.com\/fp\/m-automocion-monlau\/#primaryimage\",\"url\":\"https:\/\/www.monlau.com\/app\/uploads\/sites\/3\/2026\/04\/Instalaciones-M-Recambios-2.jpg\",\"contentUrl\":\"https:\/\/www.monlau.com\/app\/uploads\/sites\/3\/2026\/04\/Instalaciones-M-Recambios-2.jpg\"},{\"@type\":\"BreadcrumbList\",\"@id\":\"https:\/\/www.monlau.com\/fp\/m-automocion-monlau\/#breadcrumb\",\"itemListElement\":[{\"@type\":\"ListItem\",\"position\":1,\"name\":\"Portada\",\"item\":\"https:\/\/www.monlau.com\/fp\/\"},{\"@type\":\"ListItem\",\"position\":2,\"name\":\"M Automocio\u0301n &#8211; Monlau\"}]},{\"@type\":\"WebSite\",\"@id\":\"https:\/\/www.monlau.com\/fp\/#website\",\"url\":\"https:\/\/www.monlau.com\/fp\/\",\"name\":\"Formaci\u00f3n profesional\",\"description\":\"Monlau\",\"publisher\":{\"@id\":\"https:\/\/www.monlau.com\/fp\/#organization\"},\"potentialAction\":[{\"@type\":\"SearchAction\",\"target\":{\"@type\":\"EntryPoint\",\"urlTemplate\":\"https:\/\/www.monlau.com\/fp\/?s={search_term_string}\"},\"query-input\":{\"@type\":\"PropertyValueSpecification\",\"valueRequired\":true,\"valueName\":\"search_term_string\"}}],\"inLanguage\":\"es\"},{\"@type\":\"Organization\",\"@id\":\"https:\/\/www.monlau.com\/fp\/#organization\",\"name\":\"Formaci\u00f3n profesional\",\"url\":\"https:\/\/www.monlau.com\/fp\/\",\"logo\":{\"@type\":\"ImageObject\",\"inLanguage\":\"es\",\"@id\":\"https:\/\/www.monlau.com\/fp\/#\/schema\/logo\/image\/\",\"url\":\"https:\/\/www.monlau.com\/app\/uploads\/sites\/3\/2026\/01\/fp.png\",\"contentUrl\":\"https:\/\/www.monlau.com\/app\/uploads\/sites\/3\/2026\/01\/fp.png\",\"width\":1024,\"height\":878,\"caption\":\"Formaci\u00f3n profesional\"},\"image\":{\"@id\":\"https:\/\/www.monlau.com\/fp\/#\/schema\/logo\/image\/\"}}]}<\/script>\n<!-- \/ Yoast SEO plugin. -->","yoast_head_json":{"title":"M Automocio\u0301n - Monlau - Formaci\u00f3n profesional","robots":{"index":"index","follow":"follow","max-snippet":"max-snippet:-1","max-image-preview":"max-image-preview:large","max-video-preview":"max-video-preview:-1"},"canonical":"https:\/\/www.monlau.com\/fp\/m-automocion-monlau\/","og_locale":"es_ES","og_type":"article","og_title":"M Automocio\u0301n - Monlau - Formaci\u00f3n profesional","og_description":"M Automoci\u00f3n\u00a0y Monlau En M Automoci\u00f3n contamos con m\u00e1s de 60 a\u00f1os de experiencia en el sector de la movilidad. Trabajamos de la mano de las mejores marcas, ofreciendo veh\u00edculos exclusivos y soluciones de movilidad innovadoras que han permitido a miles de clientes encontrar el veh\u00edculo perfecto en nuestros concesionarios, ya sea nuevo o de [&hellip;]","og_url":"https:\/\/www.monlau.com\/fp\/m-automocion-monlau\/","og_site_name":"Formaci\u00f3n profesional","article_modified_time":"2026-04-22T11:47:33+00:00","og_image":[{"url":"https:\/\/www.monlau.com\/app\/uploads\/sites\/3\/2026\/04\/Instalaciones-M-Recambios-2.jpg","type":"","width":"","height":""}],"twitter_card":"summary_large_image","twitter_misc":{"Tiempo de lectura":"3 minutos"},"schema":{"@context":"https:\/\/schema.org","@graph":[{"@type":"WebPage","@id":"https:\/\/www.monlau.com\/fp\/m-automocion-monlau\/","url":"https:\/\/www.monlau.com\/fp\/m-automocion-monlau\/","name":"M Automocio\u0301n - Monlau - Formaci\u00f3n profesional","isPartOf":{"@id":"https:\/\/www.monlau.com\/fp\/#website"},"primaryImageOfPage":{"@id":"https:\/\/www.monlau.com\/fp\/m-automocion-monlau\/#primaryimage"},"image":{"@id":"https:\/\/www.monlau.com\/fp\/m-automocion-monlau\/#primaryimage"},"thumbnailUrl":"https:\/\/www.monlau.com\/app\/uploads\/sites\/3\/2026\/04\/Instalaciones-M-Recambios-2.jpg","datePublished":"2026-04-22T11:15:29+00:00","dateModified":"2026-04-22T11:47:33+00:00","breadcrumb":{"@id":"https:\/\/www.monlau.com\/fp\/m-automocion-monlau\/#breadcrumb"},"inLanguage":"es","potentialAction":[{"@type":"ReadAction","target":["https:\/\/www.monlau.com\/fp\/m-automocion-monlau\/"]}]},{"@type":"ImageObject","inLanguage":"es","@id":"https:\/\/www.monlau.com\/fp\/m-automocion-monlau\/#primaryimage","url":"https:\/\/www.monlau.com\/app\/uploads\/sites\/3\/2026\/04\/Instalaciones-M-Recambios-2.jpg","contentUrl":"https:\/\/www.monlau.com\/app\/uploads\/sites\/3\/2026\/04\/Instalaciones-M-Recambios-2.jpg"},{"@type":"BreadcrumbList","@id":"https:\/\/www.monlau.com\/fp\/m-automocion-monlau\/#breadcrumb","itemListElement":[{"@type":"ListItem","position":1,"name":"Portada","item":"https:\/\/www.monlau.com\/fp\/"},{"@type":"ListItem","position":2,"name":"M Automocio\u0301n &#8211; Monlau"}]},{"@type":"WebSite","@id":"https:\/\/www.monlau.com\/fp\/#website","url":"https:\/\/www.monlau.com\/fp\/","name":"Formaci\u00f3n profesional","description":"Monlau","publisher":{"@id":"https:\/\/www.monlau.com\/fp\/#organization"},"potentialAction":[{"@type":"SearchAction","target":{"@type":"EntryPoint","urlTemplate":"https:\/\/www.monlau.com\/fp\/?s={search_term_string}"},"query-input":{"@type":"PropertyValueSpecification","valueRequired":true,"valueName":"search_term_string"}}],"inLanguage":"es"},{"@type":"Organization","@id":"https:\/\/www.monlau.com\/fp\/#organization","name":"Formaci\u00f3n profesional","url":"https:\/\/www.monlau.com\/fp\/","logo":{"@type":"ImageObject","inLanguage":"es","@id":"https:\/\/www.monlau.com\/fp\/#\/schema\/logo\/image\/","url":"https:\/\/www.monlau.com\/app\/uploads\/sites\/3\/2026\/01\/fp.png","contentUrl":"https:\/\/www.monlau.com\/app\/uploads\/sites\/3\/2026\/01\/fp.png","width":1024,"height":878,"caption":"Formaci\u00f3n profesional"},"image":{"@id":"https:\/\/www.monlau.com\/fp\/#\/schema\/logo\/image\/"}}]}},"_links":{"self":[{"href":"https:\/\/www.monlau.com\/fp\/wp-json\/wp\/v2\/pages\/10395","targetHints":{"allow":["GET"]}}],"collection":[{"href":"https:\/\/www.monlau.com\/fp\/wp-json\/wp\/v2\/pages"}],"about":[{"href":"https:\/\/www.monlau.com\/fp\/wp-json\/wp\/v2\/types\/page"}],"author":[{"embeddable":true,"href":"https:\/\/www.monlau.com\/fp\/wp-json\/wp\/v2\/users\/1"}],"replies":[{"embeddable":true,"href":"https:\/\/www.monlau.com\/fp\/wp-json\/wp\/v2\/comments?post=10395"}],"version-history":[{"count":8,"href":"https:\/\/www.monlau.com\/fp\/wp-json\/wp\/v2\/pages\/10395\/revisions"}],"predecessor-version":[{"id":10427,"href":"https:\/\/www.monlau.com\/fp\/wp-json\/wp\/v2\/pages\/10395\/revisions\/10427"}],"wp:attachment":[{"href":"https:\/\/www.monlau.com\/fp\/wp-json\/wp\/v2\/media?parent=10395"}],"curies":[{"name":"wp","href":"https:\/\/api.w.org\/{rel}","templated":true}]}}