{"id":10324,"date":"2026-04-20T15:30:21","date_gmt":"2026-04-20T13:30:21","guid":{"rendered":"https:\/\/www.monlau.com\/fp\/?page_id=10324"},"modified":"2026-04-20T15:30:21","modified_gmt":"2026-04-20T13:30:21","slug":"la-red-dual-zona-fp","status":"publish","type":"page","link":"https:\/\/www.monlau.com\/fp\/la-red-dual-zona-fp\/","title":{"rendered":"La red dual | Zona FP"},"content":{"rendered":"\t\t<div data-elementor-type=\"wp-page\" data-elementor-id=\"10324\" class=\"elementor elementor-10324\" data-elementor-post-type=\"page\">\n\t\t\t\t<div class=\"elementor-element elementor-element-f58a95e e-flex e-con-boxed e-con e-parent\" data-id=\"f58a95e\" data-element_type=\"container\">\n\t\t\t\t\t<div class=\"e-con-inner\">\n\t\t<div class=\"elementor-element elementor-element-6c82178 e-con-full e-flex elementor-invisible e-con e-child\" data-id=\"6c82178\" data-element_type=\"container\" data-settings=\"{&quot;background_background&quot;:&quot;classic&quot;,&quot;animation&quot;:&quot;fadeInLeft&quot;}\">\n\t\t\t\t<div class=\"elementor-element elementor-element-65b3b5d elementor-widget elementor-widget-heading\" data-id=\"65b3b5d\" data-element_type=\"widget\" data-widget_type=\"heading.default\">\n\t\t\t\t\t<h1 class=\"elementor-heading-title elementor-size-default\"><span style=\"color: black\"><\/span><b> \u00a1Bienvenidos a Monlau!\n<\/b><\/h1>\t\t\t\t<\/div>\n\t\t\t\t<div class=\"elementor-element elementor-element-38d35fb elementor-widget elementor-widget-heading\" data-id=\"38d35fb\" data-element_type=\"widget\" data-widget_type=\"heading.default\">\n\t\t\t\t\t<div class=\"elementor-heading-title elementor-size-default\">\u00bfQuieres recibir informaci\u00f3n de nuestros ciclos de cara al pr\u00f3ximo curso?<\/div>\t\t\t\t<\/div>\n\t\t\t\t<div class=\"elementor-element elementor-element-426733c elementor-widget elementor-widget-text-editor\" data-id=\"426733c\" data-element_type=\"widget\" data-widget_type=\"text-editor.default\">\n\t\t\t\t\t\t\t\t\t<p>Rellena el formulario y te enviaremos toda la informaci\u00f3n que necesitas del curso que te interesa y de las pr\u00f3ximas fechas de preinscripci\u00f3n y matr\u00edcula.<\/p><p>\u00a0<\/p><p>\u00a1Te invitamos a visitar nuestras instalaciones!<\/p>\t\t\t\t\t\t\t\t<\/div>\n\t\t\t\t<\/div>\n\t\t<div class=\"elementor-element elementor-element-943645a e-con-full e-flex elementor-invisible e-con e-child\" data-id=\"943645a\" data-element_type=\"container\" data-settings=\"{&quot;animation&quot;:&quot;fadeInRight&quot;}\">\n\t\t\t\t<div class=\"elementor-element elementor-element-66940f5 elementor-widget elementor-widget-image\" data-id=\"66940f5\" data-element_type=\"widget\" data-widget_type=\"image.default\">\n\t\t\t\t\t\t\t\t\t\t\t\t\t\t\t<img fetchpriority=\"high\" decoding=\"async\" width=\"1024\" height=\"1024\" src=\"https:\/\/www.monlau.com\/app\/uploads\/sites\/3\/2026\/04\/rrss-twitter-1024x1024.png\" class=\"attachment-large size-large wp-image-10328\" alt=\"La red dual monlau\" srcset=\"https:\/\/www.monlau.com\/app\/uploads\/sites\/3\/2026\/04\/rrss-twitter-1024x1024.png 1024w, https:\/\/www.monlau.com\/app\/uploads\/sites\/3\/2026\/04\/rrss-twitter-300x300.png 300w, https:\/\/www.monlau.com\/app\/uploads\/sites\/3\/2026\/04\/rrss-twitter-150x150.png 150w, https:\/\/www.monlau.com\/app\/uploads\/sites\/3\/2026\/04\/rrss-twitter-768x768.png 768w, https:\/\/www.monlau.com\/app\/uploads\/sites\/3\/2026\/04\/rrss-twitter.png 1080w\" sizes=\"(max-width: 1024px) 100vw, 1024px\" \/>\t\t\t\t\t\t\t\t\t\t\t\t\t\t\t<\/div>\n\t\t\t\t<\/div>\n\t\t\t\t\t<\/div>\n\t\t\t\t<\/div>\n\t\t<div class=\"elementor-element elementor-element-e7fa519 e-flex e-con-boxed e-con e-parent\" data-id=\"e7fa519\" data-element_type=\"container\">\n\t\t\t\t\t<div class=\"e-con-inner\">\n\t\t\t\t<div class=\"elementor-element elementor-element-df81d4e elementor-widget elementor-widget-heading\" data-id=\"df81d4e\" data-element_type=\"widget\" data-widget_type=\"heading.default\">\n\t\t\t\t\t<div class=\"elementor-heading-title elementor-size-default\">Si quieres venir a estudiar a Monlau o necesitas informaci\u00f3n, \u00a1rellena el formulario!\n<\/div>\t\t\t\t<\/div>\n\t\t\t\t<div class=\"elementor-element elementor-element-39489e5 elementor-widget__width-initial elementor-widget elementor-widget-shortcode\" data-id=\"39489e5\" data-element_type=\"widget\" data-widget_type=\"shortcode.default\">\n\t\t\t\t\t\t\t<div class=\"elementor-shortcode\"><style id=\"wpforms-css-vars-8427\">\n\t\t\t\t#wpforms-8427 {\n\t\t\t\t--wpforms-field-border-style: none;\n--wpforms-field-border-radius: 5px;\n--wpforms-field-background-color: #f5f5f5;\n--wpforms-field-border-color: #000000;\n--wpforms-field-border-color-spare: #000000;\n--wpforms-field-text-color: rgba(0, 0, 0, 0.7);\n--wpforms-label-color: rgba(0, 0, 0, 0.85);\n--wpforms-label-sublabel-color: rgba(0, 0, 0, 0.55);\n--wpforms-button-border-radius: 30px;\n--wpforms-button-background-color: #08539D;\n--wpforms-container-padding: 0px;\n--wpforms-container-border-width: 1px;\n--wpforms-container-border-radius: 3px;\n--wpforms-background-color: rgba(0, 0, 0, 0);\n--wpforms-field-border-size: 0px;\n--wpforms-field-size-input-height: 50px;\n--wpforms-field-size-input-spacing: 20px;\n--wpforms-field-size-font-size: 18px;\n--wpforms-field-size-line-height: 21px;\n--wpforms-field-size-padding-h: 14px;\n--wpforms-field-size-checkbox-size: 18px;\n--wpforms-field-size-sublabel-spacing: 10px;\n--wpforms-field-size-icon-size: 1.25;\n--wpforms-label-size-font-size: 16px;\n--wpforms-label-size-line-height: 19px;\n--wpforms-label-size-sublabel-font-size: 14px;\n--wpforms-label-size-sublabel-line-height: 17px;\n--wpforms-button-size-font-size: 17px;\n--wpforms-button-size-height: 41px;\n--wpforms-button-size-padding-h: 15px;\n--wpforms-button-size-margin-top: 10px;\n--wpforms-container-shadow-size-box-shadow: none;\n\t\t\t}\n\t\t\t<\/style><div class=\"wpforms-container wpforms-container-full send-to-erp erp-salo wpforms-render-modern\" id=\"wpforms-8427\"><form id=\"wpforms-form-8427\" class=\"wpforms-validate wpforms-form wpforms-ajax-form\" data-formid=\"8427\" method=\"post\" enctype=\"multipart\/form-data\" action=\"\/fp\/wp-json\/wp\/v2\/pages\/10324\" data-token=\"64f71936b2b411009b0a878d24d91a2b\" data-token-time=\"1776706112\"><noscript class=\"wpforms-error-noscript\">Por favor, activa JavaScript en tu navegador para completar este formulario.<\/noscript><div id=\"wpforms-error-noscript\" style=\"display: none;\">Por favor, activa JavaScript en tu navegador para completar este formulario.<\/div><div class=\"wpforms-field-container\"><div id=\"wpforms-8427-field_12-container\" class=\"wpforms-field wpforms-field-text erp-name\" data-field-id=\"12\"><label class=\"wpforms-field-label\" for=\"wpforms-8427-field_12\">Nombre y Apellido <span class=\"wpforms-required-label\" aria-hidden=\"true\">*<\/span><\/label><input type=\"text\" id=\"wpforms-8427-field_12\" class=\"wpforms-field-medium wpforms-field-required\" name=\"wpforms[fields][12]\" aria-errormessage=\"wpforms-8427-field_12-error\" required><\/div><div id=\"wpforms-8427-field_5-container\" class=\"wpforms-field wpforms-field-text erp-phone\" data-field-id=\"5\"><label class=\"wpforms-field-label\" for=\"wpforms-8427-field_5\">Tel\u00e9fono <span class=\"wpforms-required-label\" aria-hidden=\"true\">*<\/span><\/label><input type=\"text\" id=\"wpforms-8427-field_5\" class=\"wpforms-field-medium wpforms-field-required wpforms-masked-input\" data-rule-inputmask-incomplete=\"1\" data-inputmask-mask=\"999 999 999\" name=\"wpforms[fields][5]\" aria-errormessage=\"wpforms-8427-field_5-error\" required><\/div><div id=\"wpforms-8427-field_6-container\" class=\"wpforms-field wpforms-field-email erp-email\" data-field-id=\"6\"><label class=\"wpforms-field-label\" for=\"wpforms-8427-field_6\">Correo electr\u00f3nico <span class=\"wpforms-required-label\" aria-hidden=\"true\">*<\/span><\/label><input type=\"email\" id=\"wpforms-8427-field_6\" class=\"wpforms-field-medium wpforms-field-required\" name=\"wpforms[fields][6]\" spellcheck=\"false\" aria-errormessage=\"wpforms-8427-field_6-error\" required><\/div><div id=\"wpforms-8427-field_9-container\" class=\"wpforms-field wpforms-field-select erp-curs wpforms-field-select-style-classic\" data-field-id=\"9\"><label class=\"wpforms-field-label\" for=\"wpforms-8427-field_9\">Qu\u00e9 curso te interesa <span class=\"wpforms-required-label\" aria-hidden=\"true\">*<\/span><\/label><select id=\"wpforms-8427-field_9\" class=\"wpforms-field-medium wpforms-field-required\" name=\"wpforms[fields][9]\" required=\"required\"><option value=\"\" class=\"placeholder\" disabled  selected='selected'>-- Selecciona el curso --<\/option><option value=\"Educaci\u00f3n Secundaria ESO\"  class=\"choice-1 depth-1\"  >Educaci\u00f3n Secundaria ESO<\/option><option value=\"Bachillerato\"  class=\"choice-2 depth-1\"  >Bachillerato<\/option><option value=\"GM Gesti\u00f3n Administrativa\"  class=\"choice-3 depth-1\"  >GM Gesti\u00f3n Administrativa<\/option><option value=\"GS Marketing y Publicidad\"  class=\"choice-4 depth-1\"  >GS Marketing y Publicidad<\/option><option value=\"GS Administraci\u00f3n y Finanzas\"  class=\"choice-5 depth-1\"  >GS Administraci\u00f3n y Finanzas<\/option><option value=\"GM Sistemas Microinform\u00e1ticos y Redes SMX\"  class=\"choice-6 depth-1\"  >GM Sistemas Microinform\u00e1ticos y Redes SMX<\/option><option value=\"GS Administraci\u00f3n de Sistemas Inform\u00e1ticos y Redes ASIX\"  class=\"choice-7 depth-1\"  >GS Administraci\u00f3n de Sistemas Inform\u00e1ticos y Redes ASIX<\/option><option value=\"GS Desarrollo de Aplicaciones Multiplataforma DAM\"  class=\"choice-8 depth-1\"  >GS Desarrollo de Aplicaciones Multiplataforma DAM<\/option><option value=\"GS Desarrollo de Aplicaciones Multiplataforma DAW\"  class=\"choice-9 depth-1\"  >GS Desarrollo de Aplicaciones Multiplataforma DAW<\/option><option value=\"CE Ciberseguridad en Entornos de las Tecnolog\u00edas de la Informaci\u00f3n\"  class=\"choice-15 depth-1\"  >CE Ciberseguridad en Entornos de las Tecnolog\u00edas de la Informaci\u00f3n<\/option><option value=\"CE Desarrollo de Videojuegos y Realidad Virtual\"  class=\"choice-14 depth-1\"  >CE Desarrollo de Videojuegos y Realidad Virtual<\/option><option value=\"CE Inteligencia Artificial y Big Data\"  class=\"choice-13 depth-1\"  >CE Inteligencia Artificial y Big Data<\/option><option value=\"GM Electromec\u00e1nica de Autom\u00f3biles\"  class=\"choice-12 depth-1\"  >GM Electromec\u00e1nica de Autom\u00f3biles<\/option><option value=\"GM Electromec\u00e1nica de Motocicletas\"  class=\"choice-11 depth-1\"  >GM Electromec\u00e1nica de Motocicletas<\/option><option value=\"GM Carroceria\"  class=\"choice-10 depth-1\"  >GM Carroceria<\/option><option value=\"GS Automoci\u00f3n\"  class=\"choice-16 depth-1\"  >GS Automoci\u00f3n<\/option><option value=\"M\u00e1ster FP Mantenimiento de Veh\u00edculos H\u00edbridos y El\u00e9ctricos (Des de GM)\"  class=\"choice-17 depth-1\"  >M\u00e1ster FP Mantenimiento de Veh\u00edculos H\u00edbridos y El\u00e9ctricos (Des de GM)<\/option><option value=\"M\u00e1ster FP Mantenimiento de Veh\u00edculos H\u00edbridos y El\u00e9ctricos (Desde GS)\"  class=\"choice-18 depth-1\"  >M\u00e1ster FP Mantenimiento de Veh\u00edculos H\u00edbridos y El\u00e9ctricos (Desde GS)<\/option><option value=\"PG Asesor de Servicios\"  class=\"choice-19 depth-1\"  >PG Asesor de Servicios<\/option><option value=\"PG Asesor Comercial\"  class=\"choice-20 depth-1\"  >PG Asesor Comercial<\/option><\/select><\/div><div id=\"wpforms-8427-field_8-container\" class=\"wpforms-field wpforms-field-text erp-message\" data-field-id=\"8\"><label class=\"wpforms-field-label\" for=\"wpforms-8427-field_8\">Observaciones<\/label><input type=\"text\" id=\"wpforms-8427-field_8\" class=\"wpforms-field-medium\" name=\"wpforms[fields][8]\" aria-errormessage=\"wpforms-8427-field_8-error\" ><\/div>\t\t<div id=\"wpforms-8427-field_1-container\"\n\t\t\tclass=\"wpforms-field wpforms-field-text\"\n\t\t\tdata-field-type=\"text\"\n\t\t\tdata-field-id=\"1\"\n\t\t\t>\n\t\t\t<label class=\"wpforms-field-label\" for=\"wpforms-8427-field_1\" >Tel\u00e9fono de Casillas<\/label>\n\t\t\t<input type=\"text\" id=\"wpforms-8427-field_1\" class=\"wpforms-field-medium\" name=\"wpforms[fields][1]\" >\n\t\t<\/div>\n\t\t<div id=\"wpforms-8427-field_11-container\" class=\"wpforms-field wpforms-field-checkbox erp-policity\" data-field-id=\"11\"><fieldset><legend class=\"wpforms-field-label wpforms-label-hide\" aria-hidden=\"false\">Casillas de verificaci\u00f3n <span class=\"wpforms-required-label\" aria-hidden=\"true\">*<\/span><\/legend><ul id=\"wpforms-8427-field_11\" class=\"wpforms-field-required\"><li class=\"choice-1 depth-1\"><input type=\"checkbox\" id=\"wpforms-8427-field_11_1\" name=\"wpforms[fields][11][]\" value=\"Acepto la &lt;a href=&quot;https:\/\/monlau.com\/fp\/politica-de-privacidad-y-cookies\/&quot; target=&quot;_blank&quot;&gt;pol\u00edtica de privacidad&lt;\/a&gt;\" aria-errormessage=\"wpforms-8427-field_11_1-error\" required ><label class=\"wpforms-field-label-inline\" for=\"wpforms-8427-field_11_1\">Acepto la <a href=\"https:\/\/monlau.com\/fp\/politica-de-privacidad-y-cookies\/\" target=\"_blank\">pol\u00edtica de privacidad<\/a><\/label><\/li><\/ul><\/fieldset><\/div><script>\n\t\t\t\t( function() {\n\t\t\t\t\tconst style = document.createElement( 'style' );\n\t\t\t\t\tstyle.appendChild( document.createTextNode( '#wpforms-8427-field_1-container { position: absolute !important; overflow: hidden !important; display: inline !important; height: 1px !important; width: 1px !important; z-index: -1000 !important; padding: 0 !important; } #wpforms-8427-field_1-container input { visibility: hidden; } #wpforms-conversational-form-page #wpforms-8427-field_1-container label { counter-increment: none; }' ) );\n\t\t\t\t\tdocument.head.appendChild( style );\n\t\t\t\t\tdocument.currentScript?.remove();\n\t\t\t\t} )();\n\t\t\t<\/script><\/div><!-- .wpforms-field-container --><div class=\"wpforms-submit-container\" ><input type=\"hidden\" name=\"wpforms[id]\" value=\"8427\"><input type=\"hidden\" name=\"page_title\" value=\"\"><input type=\"hidden\" name=\"page_url\" value=\"https:\/\/www.monlau.com\/fp\/wp-json\/wp\/v2\/pages\/10324\"><input type=\"hidden\" name=\"url_referer\" value=\"\"><button type=\"submit\" name=\"wpforms[submit]\" id=\"wpforms-submit-8427\" class=\"wpforms-submit btn-blue\" data-alt-text=\"Enviando...\" data-submit-text=\"Enviar\" aria-live=\"assertive\" value=\"wpforms-submit\">Enviar<\/button><img decoding=\"async\" src=\"https:\/\/www.monlau.com\/app\/plugins\/wpforms-lite\/assets\/images\/submit-spin.svg\" class=\"wpforms-submit-spinner\" style=\"display: none;\" width=\"26\" height=\"26\" alt=\"Cargando\"><\/div><\/form><\/div>  <!-- .wpforms-container --><\/div>\n\t\t\t\t\t\t<\/div>\n\t\t\t\t\t<\/div>\n\t\t\t\t<\/div>\n\t\t\t\t<\/div>\n\t\t","protected":false},"excerpt":{"rendered":"<p>\u00a1Bienvenidos a Monlau! \u00bfQuieres recibir informaci\u00f3n de nuestros ciclos de cara al pr\u00f3ximo curso? Rellena el formulario y te enviaremos toda la informaci\u00f3n que necesitas del curso que te interesa y de las pr\u00f3ximas fechas de preinscripci\u00f3n y matr\u00edcula. \u00a1Te invitamos a visitar nuestras instalaciones! Si quieres venir a estudiar a Monlau o necesitas informaci\u00f3n, [&hellip;]<\/p>\n","protected":false},"author":2,"featured_media":0,"parent":0,"menu_order":0,"comment_status":"closed","ping_status":"closed","template":"elementor_header_footer","meta":{"footnotes":""},"class_list":["post-10324","page","type-page","status-publish","hentry"],"yoast_head":"<!-- This site is optimized with the Yoast SEO plugin v27.2 - https:\/\/yoast.com\/product\/yoast-seo-wordpress\/ -->\n<title>La red dual | Zona FP - Formaci\u00f3n profesional<\/title>\n<meta name=\"description\" content=\"Monlau estar\u00e1 presente en la Red Dual 2026, organizado por Zona FP, los pr\u00f3ximos 25 y 26 de abril en el RCDE Stadium de Barcelona.\" \/>\n<meta name=\"robots\" content=\"index, follow, max-snippet:-1, max-image-preview:large, max-video-preview:-1\" \/>\n<link rel=\"canonical\" href=\"https:\/\/www.monlau.com\/fp\/la-red-dual-zona-fp\/\" \/>\n<meta property=\"og:locale\" content=\"es_ES\" \/>\n<meta property=\"og:type\" content=\"article\" \/>\n<meta property=\"og:title\" content=\"La red dual | Zona FP - Formaci\u00f3n profesional\" \/>\n<meta property=\"og:description\" content=\"Monlau estar\u00e1 presente en la Red Dual 2026, organizado por Zona FP, los pr\u00f3ximos 25 y 26 de abril en el RCDE Stadium de Barcelona.\" \/>\n<meta property=\"og:url\" content=\"https:\/\/www.monlau.com\/fp\/la-red-dual-zona-fp\/\" \/>\n<meta property=\"og:site_name\" content=\"Formaci\u00f3n profesional\" \/>\n<meta property=\"og:image\" content=\"https:\/\/www.monlau.com\/app\/uploads\/sites\/3\/2026\/04\/rrss-twitter-1024x1024.png\" \/>\n<meta name=\"twitter:card\" content=\"summary_large_image\" \/>\n<meta name=\"twitter:label1\" content=\"Tiempo de lectura\" \/>\n\t<meta name=\"twitter:data1\" content=\"1 minuto\" \/>\n<script type=\"application\/ld+json\" class=\"yoast-schema-graph\">{\"@context\":\"https:\/\/schema.org\",\"@graph\":[{\"@type\":\"WebPage\",\"@id\":\"https:\/\/www.monlau.com\/fp\/la-red-dual-zona-fp\/\",\"url\":\"https:\/\/www.monlau.com\/fp\/la-red-dual-zona-fp\/\",\"name\":\"La red dual | Zona FP - Formaci\u00f3n profesional\",\"isPartOf\":{\"@id\":\"https:\/\/www.monlau.com\/fp\/#website\"},\"primaryImageOfPage\":{\"@id\":\"https:\/\/www.monlau.com\/fp\/la-red-dual-zona-fp\/#primaryimage\"},\"image\":{\"@id\":\"https:\/\/www.monlau.com\/fp\/la-red-dual-zona-fp\/#primaryimage\"},\"thumbnailUrl\":\"https:\/\/www.monlau.com\/app\/uploads\/sites\/3\/2026\/04\/rrss-twitter-1024x1024.png\",\"datePublished\":\"2026-04-20T13:30:21+00:00\",\"description\":\"Monlau estar\u00e1 presente en la Red Dual 2026, organizado por Zona FP, los pr\u00f3ximos 25 y 26 de abril en el RCDE Stadium de Barcelona.\",\"breadcrumb\":{\"@id\":\"https:\/\/www.monlau.com\/fp\/la-red-dual-zona-fp\/#breadcrumb\"},\"inLanguage\":\"es\",\"potentialAction\":[{\"@type\":\"ReadAction\",\"target\":[\"https:\/\/www.monlau.com\/fp\/la-red-dual-zona-fp\/\"]}]},{\"@type\":\"ImageObject\",\"inLanguage\":\"es\",\"@id\":\"https:\/\/www.monlau.com\/fp\/la-red-dual-zona-fp\/#primaryimage\",\"url\":\"https:\/\/www.monlau.com\/app\/uploads\/sites\/3\/2026\/04\/rrss-twitter-1024x1024.png\",\"contentUrl\":\"https:\/\/www.monlau.com\/app\/uploads\/sites\/3\/2026\/04\/rrss-twitter-1024x1024.png\"},{\"@type\":\"BreadcrumbList\",\"@id\":\"https:\/\/www.monlau.com\/fp\/la-red-dual-zona-fp\/#breadcrumb\",\"itemListElement\":[{\"@type\":\"ListItem\",\"position\":1,\"name\":\"Portada\",\"item\":\"https:\/\/www.monlau.com\/fp\/\"},{\"@type\":\"ListItem\",\"position\":2,\"name\":\"La red dual | Zona FP\"}]},{\"@type\":\"WebSite\",\"@id\":\"https:\/\/www.monlau.com\/fp\/#website\",\"url\":\"https:\/\/www.monlau.com\/fp\/\",\"name\":\"Formaci\u00f3n profesional\",\"description\":\"Monlau\",\"publisher\":{\"@id\":\"https:\/\/www.monlau.com\/fp\/#organization\"},\"potentialAction\":[{\"@type\":\"SearchAction\",\"target\":{\"@type\":\"EntryPoint\",\"urlTemplate\":\"https:\/\/www.monlau.com\/fp\/?s={search_term_string}\"},\"query-input\":{\"@type\":\"PropertyValueSpecification\",\"valueRequired\":true,\"valueName\":\"search_term_string\"}}],\"inLanguage\":\"es\"},{\"@type\":\"Organization\",\"@id\":\"https:\/\/www.monlau.com\/fp\/#organization\",\"name\":\"Formaci\u00f3n profesional\",\"url\":\"https:\/\/www.monlau.com\/fp\/\",\"logo\":{\"@type\":\"ImageObject\",\"inLanguage\":\"es\",\"@id\":\"https:\/\/www.monlau.com\/fp\/#\/schema\/logo\/image\/\",\"url\":\"https:\/\/www.monlau.com\/app\/uploads\/sites\/3\/2026\/01\/fp.png\",\"contentUrl\":\"https:\/\/www.monlau.com\/app\/uploads\/sites\/3\/2026\/01\/fp.png\",\"width\":1024,\"height\":878,\"caption\":\"Formaci\u00f3n profesional\"},\"image\":{\"@id\":\"https:\/\/www.monlau.com\/fp\/#\/schema\/logo\/image\/\"}}]}<\/script>\n<!-- \/ Yoast SEO plugin. -->","yoast_head_json":{"title":"La red dual | Zona FP - Formaci\u00f3n profesional","description":"Monlau estar\u00e1 presente en la Red Dual 2026, organizado por Zona FP, los pr\u00f3ximos 25 y 26 de abril en el RCDE Stadium de Barcelona.","robots":{"index":"index","follow":"follow","max-snippet":"max-snippet:-1","max-image-preview":"max-image-preview:large","max-video-preview":"max-video-preview:-1"},"canonical":"https:\/\/www.monlau.com\/fp\/la-red-dual-zona-fp\/","og_locale":"es_ES","og_type":"article","og_title":"La red dual | Zona FP - Formaci\u00f3n profesional","og_description":"Monlau estar\u00e1 presente en la Red Dual 2026, organizado por Zona FP, los pr\u00f3ximos 25 y 26 de abril en el RCDE Stadium de Barcelona.","og_url":"https:\/\/www.monlau.com\/fp\/la-red-dual-zona-fp\/","og_site_name":"Formaci\u00f3n profesional","og_image":[{"url":"https:\/\/www.monlau.com\/app\/uploads\/sites\/3\/2026\/04\/rrss-twitter-1024x1024.png","type":"","width":"","height":""}],"twitter_card":"summary_large_image","twitter_misc":{"Tiempo de lectura":"1 minuto"},"schema":{"@context":"https:\/\/schema.org","@graph":[{"@type":"WebPage","@id":"https:\/\/www.monlau.com\/fp\/la-red-dual-zona-fp\/","url":"https:\/\/www.monlau.com\/fp\/la-red-dual-zona-fp\/","name":"La red dual | Zona FP - Formaci\u00f3n profesional","isPartOf":{"@id":"https:\/\/www.monlau.com\/fp\/#website"},"primaryImageOfPage":{"@id":"https:\/\/www.monlau.com\/fp\/la-red-dual-zona-fp\/#primaryimage"},"image":{"@id":"https:\/\/www.monlau.com\/fp\/la-red-dual-zona-fp\/#primaryimage"},"thumbnailUrl":"https:\/\/www.monlau.com\/app\/uploads\/sites\/3\/2026\/04\/rrss-twitter-1024x1024.png","datePublished":"2026-04-20T13:30:21+00:00","description":"Monlau estar\u00e1 presente en la Red Dual 2026, organizado por Zona FP, los pr\u00f3ximos 25 y 26 de abril en el RCDE Stadium de Barcelona.","breadcrumb":{"@id":"https:\/\/www.monlau.com\/fp\/la-red-dual-zona-fp\/#breadcrumb"},"inLanguage":"es","potentialAction":[{"@type":"ReadAction","target":["https:\/\/www.monlau.com\/fp\/la-red-dual-zona-fp\/"]}]},{"@type":"ImageObject","inLanguage":"es","@id":"https:\/\/www.monlau.com\/fp\/la-red-dual-zona-fp\/#primaryimage","url":"https:\/\/www.monlau.com\/app\/uploads\/sites\/3\/2026\/04\/rrss-twitter-1024x1024.png","contentUrl":"https:\/\/www.monlau.com\/app\/uploads\/sites\/3\/2026\/04\/rrss-twitter-1024x1024.png"},{"@type":"BreadcrumbList","@id":"https:\/\/www.monlau.com\/fp\/la-red-dual-zona-fp\/#breadcrumb","itemListElement":[{"@type":"ListItem","position":1,"name":"Portada","item":"https:\/\/www.monlau.com\/fp\/"},{"@type":"ListItem","position":2,"name":"La red dual | Zona FP"}]},{"@type":"WebSite","@id":"https:\/\/www.monlau.com\/fp\/#website","url":"https:\/\/www.monlau.com\/fp\/","name":"Formaci\u00f3n profesional","description":"Monlau","publisher":{"@id":"https:\/\/www.monlau.com\/fp\/#organization"},"potentialAction":[{"@type":"SearchAction","target":{"@type":"EntryPoint","urlTemplate":"https:\/\/www.monlau.com\/fp\/?s={search_term_string}"},"query-input":{"@type":"PropertyValueSpecification","valueRequired":true,"valueName":"search_term_string"}}],"inLanguage":"es"},{"@type":"Organization","@id":"https:\/\/www.monlau.com\/fp\/#organization","name":"Formaci\u00f3n profesional","url":"https:\/\/www.monlau.com\/fp\/","logo":{"@type":"ImageObject","inLanguage":"es","@id":"https:\/\/www.monlau.com\/fp\/#\/schema\/logo\/image\/","url":"https:\/\/www.monlau.com\/app\/uploads\/sites\/3\/2026\/01\/fp.png","contentUrl":"https:\/\/www.monlau.com\/app\/uploads\/sites\/3\/2026\/01\/fp.png","width":1024,"height":878,"caption":"Formaci\u00f3n profesional"},"image":{"@id":"https:\/\/www.monlau.com\/fp\/#\/schema\/logo\/image\/"}}]}},"_links":{"self":[{"href":"https:\/\/www.monlau.com\/fp\/wp-json\/wp\/v2\/pages\/10324","targetHints":{"allow":["GET"]}}],"collection":[{"href":"https:\/\/www.monlau.com\/fp\/wp-json\/wp\/v2\/pages"}],"about":[{"href":"https:\/\/www.monlau.com\/fp\/wp-json\/wp\/v2\/types\/page"}],"author":[{"embeddable":true,"href":"https:\/\/www.monlau.com\/fp\/wp-json\/wp\/v2\/users\/2"}],"replies":[{"embeddable":true,"href":"https:\/\/www.monlau.com\/fp\/wp-json\/wp\/v2\/comments?post=10324"}],"version-history":[{"count":5,"href":"https:\/\/www.monlau.com\/fp\/wp-json\/wp\/v2\/pages\/10324\/revisions"}],"predecessor-version":[{"id":10332,"href":"https:\/\/www.monlau.com\/fp\/wp-json\/wp\/v2\/pages\/10324\/revisions\/10332"}],"wp:attachment":[{"href":"https:\/\/www.monlau.com\/fp\/wp-json\/wp\/v2\/media?parent=10324"}],"curies":[{"name":"wp","href":"https:\/\/api.w.org\/{rel}","templated":true}]}}