{"id":8276,"date":"2026-01-28T15:05:16","date_gmt":"2026-01-28T14:05:16","guid":{"rendered":"https:\/\/www.monlau.com\/formacion-profesional\/avis-legal\/"},"modified":"2026-03-16T15:16:46","modified_gmt":"2026-03-16T14:16:46","slug":"avis-legal","status":"publish","type":"page","link":"https:\/\/www.monlau.com\/fp\/ca\/avis-legal\/","title":{"rendered":"Av\u00eds Legal"},"content":{"rendered":"\t\t<div data-elementor-type=\"wp-page\" data-elementor-id=\"8276\" class=\"elementor elementor-8276 elementor-865\" data-elementor-post-type=\"page\">\n\t\t\t\t<div class=\"elementor-element elementor-element-5abb15b e-flex e-con-boxed e-con e-parent\" data-id=\"5abb15b\" data-element_type=\"container\">\n\t\t\t\t\t<div class=\"e-con-inner\">\n\t\t\t\t<div class=\"elementor-element elementor-element-d4d69c1 elementor-widget elementor-widget-heading\" data-id=\"d4d69c1\" data-element_type=\"widget\" data-widget_type=\"heading.default\">\n\t\t\t\t\t<h2 class=\"elementor-heading-title elementor-size-default\"><b>Av\u00eds legal<\/b><\/h2>\t\t\t\t<\/div>\n\t\t\t\t<div class=\"elementor-element elementor-element-74cdbe1 elementor-widget elementor-widget-text-editor\" data-id=\"74cdbe1\" data-element_type=\"widget\" data-widget_type=\"text-editor.default\">\n\t\t\t\t\t\t\t\t\t<p><strong>Monlau Centre d&#8217;Estudis<\/strong>  amb domicili al carrer Monlau, 6 08027 amb CIF A08728693 posa a disposici\u00f3 al seu lloc web www.monlau.com determinats continguts de car\u00e0cter informatiu sobre les seves activitats. Les presents condicions generals regeixen \u00fanica i exclusivament l&#8217;\u00fas del lloc web Monlau Centre d&#8217;Estudis per part dels USUARIS que hi accedeixin. Les presents condicions generals s&#8217;exposen a l&#8217;USUARI al lloc web www.monlau.com en totes i cadascuna de les p\u00e0gines i cada vegada que un usuari introdueix les seves dades als formularis existents, perqu\u00e8 les llegeixi, les imprimeixi, les arxivi i les accepti a trav\u00e9s d&#8217;internet, sense que l&#8217;USUARI pugui introduir les seves dades efectivament sense que s&#8217;hagi produ\u00eft aquesta acceptaci\u00f3. L&#8217;acc\u00e9s al lloc web de Monlau Centre d&#8217;Estudis implica sense reserves l&#8217;acceptaci\u00f3 de les presents condicions generals d&#8217;\u00fas que l&#8217;USUARI afirma comprendre en la seva totalitat. L&#8217;usuari es compromet a no utilitzar el lloc web i els serveis que s&#8217;ofereixen en aquest per a la realitzaci\u00f3 d&#8217;activitats contr\u00e0ries a la llei i a respectar en tot moment les presents condicions generals.<\/p><h3> <\/h3><h4><strong>PRIMERA. \u2013 CONDICIONS D&#8217;ACC\u00c9S I \u00daS <\/strong><\/h4><p> <\/p><p><strong>1.1.<\/strong>\u2013 La utilitzaci\u00f3 del lloc web de Monlau Centre d&#8217;Estudis no comporta l&#8217;obligatorietat d&#8217;inscripci\u00f3 de l&#8217;USUARI, excepte si aquest USUARI desitja utilitzar la base de dades d&#8217;articles existents a www.monlau.com on ser\u00e0 necessari que es registri cobrint un formulari b\u00e0sic, aquesta subscripci\u00f3 es regir\u00e0 per les condicions generals espec\u00edfiques. Les condicions d&#8217;acc\u00e9s i \u00fas del present lloc web es regeixen estrictament per la legalitat vigent i pel principi de bona fe comprometent-se l&#8217;USUARI a realitzar un bon \u00fas del web. Queden prohibits tots els actes que vulnerin la legalitat, drets o interessos de tercers: dret a la intimitat, protecci\u00f3 de dades, propietat intel\u00b7lectual etc. Expressament Monlau Centre d&#8217;Estudis prohibeix els seg\u00fcents:   <\/p><p><strong>1.1.1.<\/strong>\u2013 Realitzar accions que puguin produir al lloc web o a trav\u00e9s d&#8217;aquest per qualsevol mitj\u00e0 qualsevol tipus de dany als sistemes de Monlau Centre d&#8217;Estudis o a tercers.<\/p><p><strong>1.1.2.<\/strong>\u2013 Realitzar sense la deguda autoritzaci\u00f3 qualsevol tipus de publicitat o informaci\u00f3 comercial directament o de forma encoberta, l&#8217;enviament de correus massius (\u00abspamming\u00bb) o enviament de grans missatges amb la finalitat de bloquejar servidors de la xarxa (\u00abmail bombing\u00bb).<\/p><p><strong>1.2.<\/strong>\u2013 Monlau Centre d&#8217;Estudis podr\u00e0 interrompre en qualsevol moment l&#8217;acc\u00e9s al seu lloc web si detecta un \u00fas contrari a la legalitat, la bona fe o a les presents condicions generals- vegeu cl\u00e0usula cinquena.<\/p><h3> <\/h3><h4><strong>SEGONA. \u2013 CONTINGUTS <\/strong><\/h4><p> <\/p><p>Els continguts incorporats en aquest lloc web han estat elaborats i inclosos per:<\/p><p><strong>2.1.<\/strong>\u2013 Monlau Centre d&#8217;Estudis utilitzant fonts internes i externes de tal manera que Monlau Centre d&#8217;Estudis \u00fanicament es fa responsable pels continguts elaborats de forma interna.<\/p><p><strong>2.2.<\/strong>\u2013 Monlau Centre d&#8217;Estudis es reserva el dret a modificar en qualsevol moment els continguts existents al seu lloc web.<\/p><h3> <\/h3><h4><strong>TERCERA. \u2013 DRETS D&#8217;AUTOR I DE MARCA. <\/strong><\/h4><p> <\/p><p>Monlau Centre d&#8217;Estudis \u00e9s una marca registrada. Queda prohibida la utilitzaci\u00f3 aliena per qualsevol mitj\u00e0 de la marca Monlau que inclou tant el nom com el logotip, excepte consentiment expr\u00e9s de Monlau Centre d&#8217;Estudis. Queden reservats tots els drets. A m\u00e9s, el lloc web de Monlau Centre d&#8217;Estudis els continguts propis, la programaci\u00f3 i el disseny del lloc web, es troba plenament protegit pels drets d&#8217;autor, quedant expressament prohibida tota reproducci\u00f3, comunicaci\u00f3, distribuci\u00f3 i transformaci\u00f3 dels referits elements protegits excepte consentiment expr\u00e9s de Monlau Centre d&#8217;Estudis   <\/p><h3> <\/h3><h4><strong>QUARTA. \u2013 JURISDICCI\u00d3 I LLEI APLICABLE. <\/strong><\/h4><p> <\/p><p>Les presents condicions generals es regeixen per la legislaci\u00f3 espanyola. S\u00f3n competents per resoldre tota controv\u00e8rsia o conflicte que es derivi de les presents condicions generals els Jutjats de la ciutat de Barcelona, renunciant l&#8217;USUARI a qualsevol altre fur que pogu\u00e9s correspondre-li. <\/p><h3> <\/h3><h4><strong>CINQUENA.<\/strong><\/h4><p> <\/p><p>En cas que qualsevol cl\u00e0usula del present document sigui declarada nul\u00b7la, la resta es mantindran vigents i s&#8217;interpretaran tenint en compte la voluntat de les parts i la finalitat mateixa de les presents condicions. Monlau Centre d&#8217;Estudis podr\u00e0 no exercitar algun dels drets i facultats conferits en aquest document el que no implicar\u00e0 en cap cas la ren\u00fancia als mateixos excepte reconeixement expr\u00e9s per part de Monlau Centre d&#8217;Estudis. <\/p>\t\t\t\t\t\t\t\t<\/div>\n\t\t\t\t\t<\/div>\n\t\t\t\t<\/div>\n\t\t\t\t<\/div>\n\t\t","protected":false},"excerpt":{"rendered":"<p>Av\u00eds legal Monlau Centre d&#8217;Estudis amb domicili al carrer Monlau, 6 08027 amb CIF A08728693 posa a disposici\u00f3 al seu lloc web www.monlau.com determinats continguts de car\u00e0cter informatiu sobre les seves activitats. Les presents condicions generals regeixen \u00fanica i exclusivament l&#8217;\u00fas del lloc web Monlau Centre d&#8217;Estudis per part dels USUARIS que hi accedeixin. Les [&hellip;]<\/p>\n","protected":false},"author":1,"featured_media":0,"parent":0,"menu_order":0,"comment_status":"closed","ping_status":"closed","template":"elementor_header_footer","meta":{"footnotes":""},"class_list":["post-8276","page","type-page","status-publish","hentry"],"yoast_head":"<!-- This site is optimized with the Yoast SEO plugin v27.2 - https:\/\/yoast.com\/product\/yoast-seo-wordpress\/ -->\n<title>Av\u00eds Legal - Formaci\u00f3n profesional<\/title>\n<meta name=\"robots\" content=\"index, follow, max-snippet:-1, max-image-preview:large, max-video-preview:-1\" \/>\n<link rel=\"canonical\" href=\"https:\/\/www.monlau.com\/fp\/ca\/avis-legal\/\" \/>\n<meta property=\"og:locale\" content=\"ca_ES\" \/>\n<meta property=\"og:type\" content=\"article\" \/>\n<meta property=\"og:title\" content=\"Av\u00eds Legal - Formaci\u00f3n profesional\" \/>\n<meta property=\"og:description\" content=\"Av\u00eds legal Monlau Centre d&#8217;Estudis amb domicili al carrer Monlau, 6 08027 amb CIF A08728693 posa a disposici\u00f3 al seu lloc web www.monlau.com determinats continguts de car\u00e0cter informatiu sobre les seves activitats. Les presents condicions generals regeixen \u00fanica i exclusivament l&#8217;\u00fas del lloc web Monlau Centre d&#8217;Estudis per part dels USUARIS que hi accedeixin. Les [&hellip;]\" \/>\n<meta property=\"og:url\" content=\"https:\/\/www.monlau.com\/fp\/ca\/avis-legal\/\" \/>\n<meta property=\"og:site_name\" content=\"Formaci\u00f3n profesional\" \/>\n<meta property=\"article:modified_time\" content=\"2026-03-16T14:16:46+00:00\" \/>\n<meta name=\"twitter:card\" content=\"summary_large_image\" \/>\n<meta name=\"twitter:label1\" content=\"Temps estimat de lectura\" \/>\n\t<meta name=\"twitter:data1\" content=\"3 minuts\" \/>\n<script type=\"application\/ld+json\" class=\"yoast-schema-graph\">{\"@context\":\"https:\/\/schema.org\",\"@graph\":[{\"@type\":\"WebPage\",\"@id\":\"https:\/\/www.monlau.com\/fp\/ca\/avis-legal\/\",\"url\":\"https:\/\/www.monlau.com\/fp\/ca\/avis-legal\/\",\"name\":\"Av\u00eds Legal - Formaci\u00f3n profesional\",\"isPartOf\":{\"@id\":\"https:\/\/www.monlau.com\/fp\/ca\/#website\"},\"datePublished\":\"2026-01-28T14:05:16+00:00\",\"dateModified\":\"2026-03-16T14:16:46+00:00\",\"breadcrumb\":{\"@id\":\"https:\/\/www.monlau.com\/fp\/ca\/avis-legal\/#breadcrumb\"},\"inLanguage\":\"ca\",\"potentialAction\":[{\"@type\":\"ReadAction\",\"target\":[\"https:\/\/www.monlau.com\/fp\/ca\/avis-legal\/\"]}]},{\"@type\":\"BreadcrumbList\",\"@id\":\"https:\/\/www.monlau.com\/fp\/ca\/avis-legal\/#breadcrumb\",\"itemListElement\":[{\"@type\":\"ListItem\",\"position\":1,\"name\":\"Portada\",\"item\":\"https:\/\/www.monlau.com\/fp\/ca\/\"},{\"@type\":\"ListItem\",\"position\":2,\"name\":\"Av\u00eds Legal\"}]},{\"@type\":\"WebSite\",\"@id\":\"https:\/\/www.monlau.com\/fp\/ca\/#website\",\"url\":\"https:\/\/www.monlau.com\/fp\/ca\/\",\"name\":\"Formaci\u00f3n profesional\",\"description\":\"Monlau\",\"publisher\":{\"@id\":\"https:\/\/www.monlau.com\/fp\/ca\/#organization\"},\"potentialAction\":[{\"@type\":\"SearchAction\",\"target\":{\"@type\":\"EntryPoint\",\"urlTemplate\":\"https:\/\/www.monlau.com\/fp\/ca\/?s={search_term_string}\"},\"query-input\":{\"@type\":\"PropertyValueSpecification\",\"valueRequired\":true,\"valueName\":\"search_term_string\"}}],\"inLanguage\":\"ca\"},{\"@type\":\"Organization\",\"@id\":\"https:\/\/www.monlau.com\/fp\/ca\/#organization\",\"name\":\"Formaci\u00f3n profesional\",\"url\":\"https:\/\/www.monlau.com\/fp\/ca\/\",\"logo\":{\"@type\":\"ImageObject\",\"inLanguage\":\"ca\",\"@id\":\"https:\/\/www.monlau.com\/fp\/ca\/#\/schema\/logo\/image\/\",\"url\":\"https:\/\/www.monlau.com\/app\/uploads\/sites\/3\/2026\/01\/fp.png\",\"contentUrl\":\"https:\/\/www.monlau.com\/app\/uploads\/sites\/3\/2026\/01\/fp.png\",\"width\":1024,\"height\":878,\"caption\":\"Formaci\u00f3n profesional\"},\"image\":{\"@id\":\"https:\/\/www.monlau.com\/fp\/ca\/#\/schema\/logo\/image\/\"}}]}<\/script>\n<!-- \/ Yoast SEO plugin. -->","yoast_head_json":{"title":"Av\u00eds Legal - Formaci\u00f3n profesional","robots":{"index":"index","follow":"follow","max-snippet":"max-snippet:-1","max-image-preview":"max-image-preview:large","max-video-preview":"max-video-preview:-1"},"canonical":"https:\/\/www.monlau.com\/fp\/ca\/avis-legal\/","og_locale":"ca_ES","og_type":"article","og_title":"Av\u00eds Legal - Formaci\u00f3n profesional","og_description":"Av\u00eds legal Monlau Centre d&#8217;Estudis amb domicili al carrer Monlau, 6 08027 amb CIF A08728693 posa a disposici\u00f3 al seu lloc web www.monlau.com determinats continguts de car\u00e0cter informatiu sobre les seves activitats. Les presents condicions generals regeixen \u00fanica i exclusivament l&#8217;\u00fas del lloc web Monlau Centre d&#8217;Estudis per part dels USUARIS que hi accedeixin. Les [&hellip;]","og_url":"https:\/\/www.monlau.com\/fp\/ca\/avis-legal\/","og_site_name":"Formaci\u00f3n profesional","article_modified_time":"2026-03-16T14:16:46+00:00","twitter_card":"summary_large_image","twitter_misc":{"Temps estimat de lectura":"3 minuts"},"schema":{"@context":"https:\/\/schema.org","@graph":[{"@type":"WebPage","@id":"https:\/\/www.monlau.com\/fp\/ca\/avis-legal\/","url":"https:\/\/www.monlau.com\/fp\/ca\/avis-legal\/","name":"Av\u00eds Legal - Formaci\u00f3n profesional","isPartOf":{"@id":"https:\/\/www.monlau.com\/fp\/ca\/#website"},"datePublished":"2026-01-28T14:05:16+00:00","dateModified":"2026-03-16T14:16:46+00:00","breadcrumb":{"@id":"https:\/\/www.monlau.com\/fp\/ca\/avis-legal\/#breadcrumb"},"inLanguage":"ca","potentialAction":[{"@type":"ReadAction","target":["https:\/\/www.monlau.com\/fp\/ca\/avis-legal\/"]}]},{"@type":"BreadcrumbList","@id":"https:\/\/www.monlau.com\/fp\/ca\/avis-legal\/#breadcrumb","itemListElement":[{"@type":"ListItem","position":1,"name":"Portada","item":"https:\/\/www.monlau.com\/fp\/ca\/"},{"@type":"ListItem","position":2,"name":"Av\u00eds Legal"}]},{"@type":"WebSite","@id":"https:\/\/www.monlau.com\/fp\/ca\/#website","url":"https:\/\/www.monlau.com\/fp\/ca\/","name":"Formaci\u00f3n profesional","description":"Monlau","publisher":{"@id":"https:\/\/www.monlau.com\/fp\/ca\/#organization"},"potentialAction":[{"@type":"SearchAction","target":{"@type":"EntryPoint","urlTemplate":"https:\/\/www.monlau.com\/fp\/ca\/?s={search_term_string}"},"query-input":{"@type":"PropertyValueSpecification","valueRequired":true,"valueName":"search_term_string"}}],"inLanguage":"ca"},{"@type":"Organization","@id":"https:\/\/www.monlau.com\/fp\/ca\/#organization","name":"Formaci\u00f3n profesional","url":"https:\/\/www.monlau.com\/fp\/ca\/","logo":{"@type":"ImageObject","inLanguage":"ca","@id":"https:\/\/www.monlau.com\/fp\/ca\/#\/schema\/logo\/image\/","url":"https:\/\/www.monlau.com\/app\/uploads\/sites\/3\/2026\/01\/fp.png","contentUrl":"https:\/\/www.monlau.com\/app\/uploads\/sites\/3\/2026\/01\/fp.png","width":1024,"height":878,"caption":"Formaci\u00f3n profesional"},"image":{"@id":"https:\/\/www.monlau.com\/fp\/ca\/#\/schema\/logo\/image\/"}}]}},"_links":{"self":[{"href":"https:\/\/www.monlau.com\/fp\/ca\/wp-json\/wp\/v2\/pages\/8276","targetHints":{"allow":["GET"]}}],"collection":[{"href":"https:\/\/www.monlau.com\/fp\/ca\/wp-json\/wp\/v2\/pages"}],"about":[{"href":"https:\/\/www.monlau.com\/fp\/ca\/wp-json\/wp\/v2\/types\/page"}],"author":[{"embeddable":true,"href":"https:\/\/www.monlau.com\/fp\/ca\/wp-json\/wp\/v2\/users\/1"}],"replies":[{"embeddable":true,"href":"https:\/\/www.monlau.com\/fp\/ca\/wp-json\/wp\/v2\/comments?post=8276"}],"version-history":[{"count":1,"href":"https:\/\/www.monlau.com\/fp\/ca\/wp-json\/wp\/v2\/pages\/8276\/revisions"}],"predecessor-version":[{"id":8277,"href":"https:\/\/www.monlau.com\/fp\/ca\/wp-json\/wp\/v2\/pages\/8276\/revisions\/8277"}],"wp:attachment":[{"href":"https:\/\/www.monlau.com\/fp\/ca\/wp-json\/wp\/v2\/media?parent=8276"}],"curies":[{"name":"wp","href":"https:\/\/api.w.org\/{rel}","templated":true}]}}