{"id":7372,"date":"2026-02-23T10:02:31","date_gmt":"2026-02-23T09:02:31","guid":{"rendered":"https:\/\/www.monlau.com\/formacion-profesional\/politica-de-compres\/"},"modified":"2026-03-16T13:28:41","modified_gmt":"2026-03-16T12:28:41","slug":"politica-de-compres","status":"publish","type":"page","link":"https:\/\/www.monlau.com\/fp\/ca\/politica-de-compres\/","title":{"rendered":"Pol\u00edtica de compres"},"content":{"rendered":"\t\t<div data-elementor-type=\"wp-page\" data-elementor-id=\"7372\" class=\"elementor elementor-7372 elementor-1835\" data-elementor-post-type=\"page\">\n\t\t\t\t<div class=\"elementor-element elementor-element-ba7b088 e-flex e-con-boxed e-con e-parent\" data-id=\"ba7b088\" data-element_type=\"container\">\n\t\t\t\t\t<div class=\"e-con-inner\">\n\t\t\t\t<div class=\"elementor-element elementor-element-011dc16 elementor-widget elementor-widget-heading\" data-id=\"011dc16\" data-element_type=\"widget\" data-widget_type=\"heading.default\">\n\t\t\t\t\t<h2 class=\"elementor-heading-title elementor-size-default\"><b>Pol\u00edtica de compres<\/b><\/h2>\t\t\t\t<\/div>\n\t\t\t\t\t<\/div>\n\t\t\t\t<\/div>\n\t\t<div class=\"elementor-element elementor-element-0b3567b e-flex e-con-boxed e-con e-parent\" data-id=\"0b3567b\" data-element_type=\"container\">\n\t\t\t\t\t<div class=\"e-con-inner\">\n\t\t\t\t<div class=\"elementor-element elementor-element-9d1d406 elementor-widget elementor-widget-text-editor\" data-id=\"9d1d406\" data-element_type=\"widget\" data-widget_type=\"text-editor.default\">\n\t\t\t\t\t\t\t\t\t<p data-start=\"154\" data-end=\"244\">Els tipus de prove\u00efdors de qu\u00e8 disposa el Centre d\u2019Estudis MONLAU s\u00f3n els seg\u00fcents:<\/p><p data-start=\"154\" data-end=\"244\"> <\/p><h4 data-start=\"246\" data-end=\"281\"><strong>Prove\u00efdors de material escolar<\/strong><\/h4><p> <\/p><ul data-start=\"282\" data-end=\"432\"><li data-start=\"282\" data-end=\"328\"><p data-start=\"284\" data-end=\"328\">Eines i material fungible de taller<\/p><\/li><li data-start=\"329\" data-end=\"362\"><p data-start=\"331\" data-end=\"362\">Vestuari d\u2019alumnes i personal<\/p><\/li><li data-start=\"363\" data-end=\"385\"><p data-start=\"365\" data-end=\"385\">Gas per a soldadura<\/p><\/li><li data-start=\"386\" data-end=\"409\"><p data-start=\"388\" data-end=\"409\">Material d\u2019oficina<\/p><\/li><li data-start=\"410\" data-end=\"432\"><p data-start=\"412\" data-end=\"432\">Material el\u00e8ctric<\/p><\/li><\/ul><p> <\/p><h4><strong>Prove\u00efdors de serveis<\/strong><\/h4><p> <\/p><ul data-start=\"463\" data-end=\"542\"><li data-start=\"463\" data-end=\"493\"><p data-start=\"465\" data-end=\"493\">Menjador d\u2019alumnes i personal<\/p><\/li><li data-start=\"494\" data-end=\"516\"><p data-start=\"496\" data-end=\"516\">Transport d\u2019alumnes<\/p><\/li><li data-start=\"517\" data-end=\"542\"><p data-start=\"519\" data-end=\"542\">Neteja d\u2019edificis<\/p><\/li><\/ul><p> <\/p><h4 data-start=\"544\" data-end=\"576\"><strong>Prove\u00efdors de manteniment<\/strong><\/h4><p> <\/p><ul data-start=\"577\" data-end=\"755\"><li data-start=\"577\" data-end=\"591\"><p data-start=\"579\" data-end=\"591\">Mobiliari<\/p><\/li><li data-start=\"592\" data-end=\"640\"><p data-start=\"594\" data-end=\"640\">Manteniment del compressor i equips de pintura<\/p><\/li><li data-start=\"641\" data-end=\"669\"><p data-start=\"643\" data-end=\"669\">Manteniment d\u2019elevadors<\/p><\/li><li data-start=\"670\" data-end=\"700\"><p data-start=\"672\" data-end=\"700\">Manteniment d\u2019equips d\u2019A.A.<\/p><\/li><li data-start=\"701\" data-end=\"755\"><p data-start=\"703\" data-end=\"755\">Manteniment d\u2019extintors i mesures contra incendis<\/p><\/li><\/ul><p> <\/p><h4 data-start=\"757\" data-end=\"777\"><strong>Obres i reformes<\/strong><\/h4><p> <\/p><ul data-start=\"778\" data-end=\"830\"><li data-start=\"778\" data-end=\"803\"><p data-start=\"780\" data-end=\"803\">Lloguer d\u2019edificis<\/p><\/li><li data-start=\"804\" data-end=\"830\"><p data-start=\"806\" data-end=\"830\">Manteniment de l\u2019ascensor<\/p><\/li><\/ul><p> <\/p><p data-start=\"837\" data-end=\"1114\">Tal com determina el sistema de gesti\u00f3 basat en la norma <strong data-start=\"899\" data-end=\"916\">ISO 9001:2015<\/strong> que MONLAU Centre d\u2019Estudis t\u00e9 implantat, els prove\u00efdors homologats s\u2019avaluaran anualment pel departament de compres mitjan\u00e7ant una escala entre l\u20191 (desfavorable) i el 5 (favorable).<\/p><p data-start=\"1116\" data-end=\"1241\">En el cas que un prove\u00efdor obtingui una puntuaci\u00f3 mitjana entre els dos criteris igual o inferior a dos, quedar\u00e0 inactiu.<\/p><p data-start=\"1116\" data-end=\"1241\"> <\/p><p data-start=\"1116\" data-end=\"1241\">Barcelona, 27 d\u2019octubre de 2023<\/p><p data-start=\"1284\" data-end=\"1302\">Director general<\/p>\t\t\t\t\t\t\t\t<\/div>\n\t\t\t\t<div class=\"elementor-element elementor-element-9cfa77d elementor-widget elementor-widget-image\" data-id=\"9cfa77d\" data-element_type=\"widget\" data-widget_type=\"image.default\">\n\t\t\t\t\t\t\t\t\t\t\t\t\t\t\t<img decoding=\"async\" width=\"300\" height=\"126\" src=\"https:\/\/www.monlau.com\/app\/uploads\/sites\/3\/2026\/02\/Logo-ESOBAT-FP-1-300x126.png\" class=\"attachment-medium size-medium wp-image-7373\" alt=\"\" srcset=\"https:\/\/www.monlau.com\/app\/uploads\/sites\/3\/2026\/02\/Logo-ESOBAT-FP-1-300x126.png 300w, https:\/\/www.monlau.com\/app\/uploads\/sites\/3\/2026\/02\/Logo-ESOBAT-FP-1.png 600w\" sizes=\"(max-width: 300px) 100vw, 300px\" \/>\t\t\t\t\t\t\t\t\t\t\t\t\t\t\t<\/div>\n\t\t\t\t\t<\/div>\n\t\t\t\t<\/div>\n\t\t\t\t<\/div>\n\t\t","protected":false},"excerpt":{"rendered":"<p>Pol\u00edtica de compres Els tipus de prove\u00efdors de qu\u00e8 disposa el Centre d\u2019Estudis MONLAU s\u00f3n els seg\u00fcents: Prove\u00efdors de material escolar Eines i material fungible de taller Vestuari d\u2019alumnes i personal Gas per a soldadura Material d\u2019oficina Material el\u00e8ctric Prove\u00efdors de serveis Menjador d\u2019alumnes i personal Transport d\u2019alumnes Neteja d\u2019edificis Prove\u00efdors de manteniment Mobiliari Manteniment [&hellip;]<\/p>\n","protected":false},"author":1,"featured_media":0,"parent":0,"menu_order":0,"comment_status":"closed","ping_status":"closed","template":"elementor_header_footer","meta":{"footnotes":""},"class_list":["post-7372","page","type-page","status-publish","hentry"],"yoast_head":"<!-- This site is optimized with the Yoast SEO plugin v27.2 - https:\/\/yoast.com\/product\/yoast-seo-wordpress\/ -->\n<title>Pol\u00edtica de compres - Formaci\u00f3n profesional<\/title>\n<meta name=\"robots\" content=\"index, follow, max-snippet:-1, max-image-preview:large, max-video-preview:-1\" \/>\n<link rel=\"canonical\" href=\"https:\/\/www.monlau.com\/fp\/ca\/politica-de-compres\/\" \/>\n<meta property=\"og:locale\" content=\"ca_ES\" \/>\n<meta property=\"og:type\" content=\"article\" \/>\n<meta property=\"og:title\" content=\"Pol\u00edtica de compres - Formaci\u00f3n profesional\" \/>\n<meta property=\"og:description\" content=\"Pol\u00edtica de compres Els tipus de prove\u00efdors de qu\u00e8 disposa el Centre d\u2019Estudis MONLAU s\u00f3n els seg\u00fcents: Prove\u00efdors de material escolar Eines i material fungible de taller Vestuari d\u2019alumnes i personal Gas per a soldadura Material d\u2019oficina Material el\u00e8ctric Prove\u00efdors de serveis Menjador d\u2019alumnes i personal Transport d\u2019alumnes Neteja d\u2019edificis Prove\u00efdors de manteniment Mobiliari Manteniment [&hellip;]\" \/>\n<meta property=\"og:url\" content=\"https:\/\/www.monlau.com\/fp\/ca\/politica-de-compres\/\" \/>\n<meta property=\"og:site_name\" content=\"Formaci\u00f3n profesional\" \/>\n<meta property=\"article:modified_time\" content=\"2026-03-16T12:28:41+00:00\" \/>\n<meta property=\"og:image\" content=\"https:\/\/www.monlau.com\/app\/uploads\/sites\/3\/2026\/02\/Logo-ESOBAT-FP-1.png\" \/>\n\t<meta property=\"og:image:width\" content=\"600\" \/>\n\t<meta property=\"og:image:height\" content=\"252\" \/>\n\t<meta property=\"og:image:type\" content=\"image\/png\" \/>\n<meta name=\"twitter:card\" content=\"summary_large_image\" \/>\n<meta name=\"twitter:label1\" content=\"Temps estimat de lectura\" \/>\n\t<meta name=\"twitter:data1\" content=\"1 minut\" \/>\n<script type=\"application\/ld+json\" class=\"yoast-schema-graph\">{\"@context\":\"https:\/\/schema.org\",\"@graph\":[{\"@type\":\"WebPage\",\"@id\":\"https:\/\/www.monlau.com\/fp\/ca\/politica-de-compres\/\",\"url\":\"https:\/\/www.monlau.com\/fp\/ca\/politica-de-compres\/\",\"name\":\"Pol\u00edtica de compres - Formaci\u00f3n profesional\",\"isPartOf\":{\"@id\":\"https:\/\/www.monlau.com\/fp\/ca\/#website\"},\"primaryImageOfPage\":{\"@id\":\"https:\/\/www.monlau.com\/fp\/ca\/politica-de-compres\/#primaryimage\"},\"image\":{\"@id\":\"https:\/\/www.monlau.com\/fp\/ca\/politica-de-compres\/#primaryimage\"},\"thumbnailUrl\":\"https:\/\/www.monlau.com\/app\/uploads\/sites\/3\/2026\/02\/Logo-ESOBAT-FP-1-300x126.png\",\"datePublished\":\"2026-02-23T09:02:31+00:00\",\"dateModified\":\"2026-03-16T12:28:41+00:00\",\"breadcrumb\":{\"@id\":\"https:\/\/www.monlau.com\/fp\/ca\/politica-de-compres\/#breadcrumb\"},\"inLanguage\":\"ca\",\"potentialAction\":[{\"@type\":\"ReadAction\",\"target\":[\"https:\/\/www.monlau.com\/fp\/ca\/politica-de-compres\/\"]}]},{\"@type\":\"ImageObject\",\"inLanguage\":\"ca\",\"@id\":\"https:\/\/www.monlau.com\/fp\/ca\/politica-de-compres\/#primaryimage\",\"url\":\"https:\/\/www.monlau.com\/app\/uploads\/sites\/3\/2026\/02\/Logo-ESOBAT-FP-1-300x126.png\",\"contentUrl\":\"https:\/\/www.monlau.com\/app\/uploads\/sites\/3\/2026\/02\/Logo-ESOBAT-FP-1-300x126.png\"},{\"@type\":\"BreadcrumbList\",\"@id\":\"https:\/\/www.monlau.com\/fp\/ca\/politica-de-compres\/#breadcrumb\",\"itemListElement\":[{\"@type\":\"ListItem\",\"position\":1,\"name\":\"Portada\",\"item\":\"https:\/\/www.monlau.com\/fp\/ca\/\"},{\"@type\":\"ListItem\",\"position\":2,\"name\":\"Pol\u00edtica de compres\"}]},{\"@type\":\"WebSite\",\"@id\":\"https:\/\/www.monlau.com\/fp\/ca\/#website\",\"url\":\"https:\/\/www.monlau.com\/fp\/ca\/\",\"name\":\"Formaci\u00f3n profesional\",\"description\":\"Monlau\",\"publisher\":{\"@id\":\"https:\/\/www.monlau.com\/fp\/ca\/#organization\"},\"potentialAction\":[{\"@type\":\"SearchAction\",\"target\":{\"@type\":\"EntryPoint\",\"urlTemplate\":\"https:\/\/www.monlau.com\/fp\/ca\/?s={search_term_string}\"},\"query-input\":{\"@type\":\"PropertyValueSpecification\",\"valueRequired\":true,\"valueName\":\"search_term_string\"}}],\"inLanguage\":\"ca\"},{\"@type\":\"Organization\",\"@id\":\"https:\/\/www.monlau.com\/fp\/ca\/#organization\",\"name\":\"Formaci\u00f3n profesional\",\"url\":\"https:\/\/www.monlau.com\/fp\/ca\/\",\"logo\":{\"@type\":\"ImageObject\",\"inLanguage\":\"ca\",\"@id\":\"https:\/\/www.monlau.com\/fp\/ca\/#\/schema\/logo\/image\/\",\"url\":\"https:\/\/www.monlau.com\/app\/uploads\/sites\/3\/2026\/01\/fp.png\",\"contentUrl\":\"https:\/\/www.monlau.com\/app\/uploads\/sites\/3\/2026\/01\/fp.png\",\"width\":1024,\"height\":878,\"caption\":\"Formaci\u00f3n profesional\"},\"image\":{\"@id\":\"https:\/\/www.monlau.com\/fp\/ca\/#\/schema\/logo\/image\/\"}}]}<\/script>\n<!-- \/ Yoast SEO plugin. -->","yoast_head_json":{"title":"Pol\u00edtica de compres - Formaci\u00f3n profesional","robots":{"index":"index","follow":"follow","max-snippet":"max-snippet:-1","max-image-preview":"max-image-preview:large","max-video-preview":"max-video-preview:-1"},"canonical":"https:\/\/www.monlau.com\/fp\/ca\/politica-de-compres\/","og_locale":"ca_ES","og_type":"article","og_title":"Pol\u00edtica de compres - Formaci\u00f3n profesional","og_description":"Pol\u00edtica de compres Els tipus de prove\u00efdors de qu\u00e8 disposa el Centre d\u2019Estudis MONLAU s\u00f3n els seg\u00fcents: Prove\u00efdors de material escolar Eines i material fungible de taller Vestuari d\u2019alumnes i personal Gas per a soldadura Material d\u2019oficina Material el\u00e8ctric Prove\u00efdors de serveis Menjador d\u2019alumnes i personal Transport d\u2019alumnes Neteja d\u2019edificis Prove\u00efdors de manteniment Mobiliari Manteniment [&hellip;]","og_url":"https:\/\/www.monlau.com\/fp\/ca\/politica-de-compres\/","og_site_name":"Formaci\u00f3n profesional","article_modified_time":"2026-03-16T12:28:41+00:00","og_image":[{"width":600,"height":252,"url":"https:\/\/www.monlau.com\/app\/uploads\/sites\/3\/2026\/02\/Logo-ESOBAT-FP-1.png","type":"image\/png"}],"twitter_card":"summary_large_image","twitter_misc":{"Temps estimat de lectura":"1 minut"},"schema":{"@context":"https:\/\/schema.org","@graph":[{"@type":"WebPage","@id":"https:\/\/www.monlau.com\/fp\/ca\/politica-de-compres\/","url":"https:\/\/www.monlau.com\/fp\/ca\/politica-de-compres\/","name":"Pol\u00edtica de compres - Formaci\u00f3n profesional","isPartOf":{"@id":"https:\/\/www.monlau.com\/fp\/ca\/#website"},"primaryImageOfPage":{"@id":"https:\/\/www.monlau.com\/fp\/ca\/politica-de-compres\/#primaryimage"},"image":{"@id":"https:\/\/www.monlau.com\/fp\/ca\/politica-de-compres\/#primaryimage"},"thumbnailUrl":"https:\/\/www.monlau.com\/app\/uploads\/sites\/3\/2026\/02\/Logo-ESOBAT-FP-1-300x126.png","datePublished":"2026-02-23T09:02:31+00:00","dateModified":"2026-03-16T12:28:41+00:00","breadcrumb":{"@id":"https:\/\/www.monlau.com\/fp\/ca\/politica-de-compres\/#breadcrumb"},"inLanguage":"ca","potentialAction":[{"@type":"ReadAction","target":["https:\/\/www.monlau.com\/fp\/ca\/politica-de-compres\/"]}]},{"@type":"ImageObject","inLanguage":"ca","@id":"https:\/\/www.monlau.com\/fp\/ca\/politica-de-compres\/#primaryimage","url":"https:\/\/www.monlau.com\/app\/uploads\/sites\/3\/2026\/02\/Logo-ESOBAT-FP-1-300x126.png","contentUrl":"https:\/\/www.monlau.com\/app\/uploads\/sites\/3\/2026\/02\/Logo-ESOBAT-FP-1-300x126.png"},{"@type":"BreadcrumbList","@id":"https:\/\/www.monlau.com\/fp\/ca\/politica-de-compres\/#breadcrumb","itemListElement":[{"@type":"ListItem","position":1,"name":"Portada","item":"https:\/\/www.monlau.com\/fp\/ca\/"},{"@type":"ListItem","position":2,"name":"Pol\u00edtica de compres"}]},{"@type":"WebSite","@id":"https:\/\/www.monlau.com\/fp\/ca\/#website","url":"https:\/\/www.monlau.com\/fp\/ca\/","name":"Formaci\u00f3n profesional","description":"Monlau","publisher":{"@id":"https:\/\/www.monlau.com\/fp\/ca\/#organization"},"potentialAction":[{"@type":"SearchAction","target":{"@type":"EntryPoint","urlTemplate":"https:\/\/www.monlau.com\/fp\/ca\/?s={search_term_string}"},"query-input":{"@type":"PropertyValueSpecification","valueRequired":true,"valueName":"search_term_string"}}],"inLanguage":"ca"},{"@type":"Organization","@id":"https:\/\/www.monlau.com\/fp\/ca\/#organization","name":"Formaci\u00f3n profesional","url":"https:\/\/www.monlau.com\/fp\/ca\/","logo":{"@type":"ImageObject","inLanguage":"ca","@id":"https:\/\/www.monlau.com\/fp\/ca\/#\/schema\/logo\/image\/","url":"https:\/\/www.monlau.com\/app\/uploads\/sites\/3\/2026\/01\/fp.png","contentUrl":"https:\/\/www.monlau.com\/app\/uploads\/sites\/3\/2026\/01\/fp.png","width":1024,"height":878,"caption":"Formaci\u00f3n profesional"},"image":{"@id":"https:\/\/www.monlau.com\/fp\/ca\/#\/schema\/logo\/image\/"}}]}},"_links":{"self":[{"href":"https:\/\/www.monlau.com\/fp\/ca\/wp-json\/wp\/v2\/pages\/7372","targetHints":{"allow":["GET"]}}],"collection":[{"href":"https:\/\/www.monlau.com\/fp\/ca\/wp-json\/wp\/v2\/pages"}],"about":[{"href":"https:\/\/www.monlau.com\/fp\/ca\/wp-json\/wp\/v2\/types\/page"}],"author":[{"embeddable":true,"href":"https:\/\/www.monlau.com\/fp\/ca\/wp-json\/wp\/v2\/users\/1"}],"replies":[{"embeddable":true,"href":"https:\/\/www.monlau.com\/fp\/ca\/wp-json\/wp\/v2\/comments?post=7372"}],"version-history":[{"count":1,"href":"https:\/\/www.monlau.com\/fp\/ca\/wp-json\/wp\/v2\/pages\/7372\/revisions"}],"predecessor-version":[{"id":7374,"href":"https:\/\/www.monlau.com\/fp\/ca\/wp-json\/wp\/v2\/pages\/7372\/revisions\/7374"}],"wp:attachment":[{"href":"https:\/\/www.monlau.com\/fp\/ca\/wp-json\/wp\/v2\/media?parent=7372"}],"curies":[{"name":"wp","href":"https:\/\/api.w.org\/{rel}","templated":true}]}}