{"id":7369,"date":"2026-02-23T09:59:49","date_gmt":"2026-02-23T08:59:49","guid":{"rendered":"https:\/\/www.monlau.com\/formacion-profesional\/politica-de-qualitat\/"},"modified":"2026-03-16T13:28:41","modified_gmt":"2026-03-16T12:28:41","slug":"politica-de-qualitat","status":"publish","type":"page","link":"https:\/\/www.monlau.com\/fp\/ca\/politica-de-qualitat\/","title":{"rendered":"Pol\u00edtica de qualitat"},"content":{"rendered":"\t\t<div data-elementor-type=\"wp-page\" data-elementor-id=\"7369\" class=\"elementor elementor-7369 elementor-1829\" data-elementor-post-type=\"page\">\n\t\t\t\t<div class=\"elementor-element elementor-element-85228b5 e-flex e-con-boxed e-con e-parent\" data-id=\"85228b5\" data-element_type=\"container\">\n\t\t\t\t\t<div class=\"e-con-inner\">\n\t\t\t\t<div class=\"elementor-element elementor-element-3eeb1d6 elementor-widget elementor-widget-heading\" data-id=\"3eeb1d6\" data-element_type=\"widget\" data-widget_type=\"heading.default\">\n\t\t\t\t\t<h2 class=\"elementor-heading-title elementor-size-default\"><b>Pol\u00edtica de qualitat<\/b><\/h2>\t\t\t\t<\/div>\n\t\t\t\t\t<\/div>\n\t\t\t\t<\/div>\n\t\t<div class=\"elementor-element elementor-element-68fcf87 e-flex e-con-boxed e-con e-parent\" data-id=\"68fcf87\" data-element_type=\"container\">\n\t\t\t\t\t<div class=\"e-con-inner\">\n\t\t\t\t<div class=\"elementor-element elementor-element-eb182b6 elementor-widget elementor-widget-text-editor\" data-id=\"eb182b6\" data-element_type=\"widget\" data-widget_type=\"text-editor.default\">\n\t\t\t\t\t\t\t\t\t<p>El C.E. Monlau t\u00e9 implantat un Sistema de Gesti\u00f3 de la Qualitat dins del marc d&#8217;actuaci\u00f3 de la Norma ISO 9001:2015, amb l&#8217;objectiu de garantir la satisfacci\u00f3 d&#8217;alumnes, pares i col\u00b7laboradors externs, la sensibilitzaci\u00f3 i motivaci\u00f3 del personal del centre i l&#8217;adequada formaci\u00f3 acad\u00e8mica i personal dels seus alumnes.<\/p><p> <\/p><p>Per assolir i mantenir aquest objectiu de manera efica\u00e7, el C.E. Monlau:<\/p><p> <\/p><ul><li>Ha establert i assegura uns canals de comunicaci\u00f3 interna que permeten la transmissi\u00f3 d&#8217;informaci\u00f3 del SGQ i es potencia l&#8217;aportaci\u00f3 de suggeriments i millores per part del personal del centre.<\/li><li>Proporciona la formaci\u00f3 necess\u00e0ria perqu\u00e8 tot el personal del centre se senti implicat en el Sistema de Gesti\u00f3 de la Qualitat i pugui valorar els beneficis d&#8217;aquest en la millora del seu lloc de treball.<\/li><li>Compleix els requisits legals aplicables, normatives i reglamentacions vigents.<\/li><li>Atorga una gran import\u00e0ncia a l&#8217;adquisici\u00f3 de destreses cognitives, de planificaci\u00f3, direcci\u00f3 i regulaci\u00f3 de la pr\u00f2pia activitat tant en l&#8217;alumnat com en el personal.<\/li><li>Emfatitza i potencia la formaci\u00f3 intel\u00b7lectual i humana de l&#8217;alumnat en totes les parcel\u00b7les, com a necessitat i expectativa principal per a la seva futura incorporaci\u00f3 al m\u00f3n laboral.<\/li><li>Avalua i realitza el seguiment de la satisfacci\u00f3 de l&#8217;alumnat i les seves fam\u00edlies donant resposta immediata als seus suggeriments i reclamacions.<\/li><li>Avalua permanentment i sistem\u00e0ticament l&#8217;organitzaci\u00f3 per millorar la qualitat dels processos.<\/li><li>Es sensibilitza amb tots els canvis socials i tecnol\u00f2gics que es produeixen cont\u00ednuament, adequant les seves estructures i flexibilitzant-les per optimitzar el ritme canviant de la nostra societat. En aquest sentit s&#8217;implica d&#8217;una forma activa en l&#8217;aprenentatge i l&#8217;aplicaci\u00f3 de les TIC tant entre el personal com entre l&#8217;alumnat, utilitzant el web, la intranet i els nous recursos metodol\u00f2gics que permeten aquestes estrat\u00e8gies.<\/li><li>Creu en, fomenta i estimula la innovaci\u00f3 i les iniciatives emprenedores entre els alumnes del centre durant i despr\u00e9s de la formaci\u00f3 acad\u00e8mica, creant un espai de consulta i assessorament a iniciatives empresarials seleccionades entre els projectes de final d&#8217;etapa dels cicles formatius de grau superior.<\/li><li>D\u00f3na molta import\u00e0ncia a la cont\u00ednua incorporaci\u00f3 dels canvis metodol\u00f2gics que es produeixen en l&#8217;\u00e0mbit de l&#8217;educaci\u00f3. Afavoreix l&#8217;experimentaci\u00f3 i la innovaci\u00f3 metodol\u00f2gica per adequar la pr\u00e0ctica docent als nous enfocaments en ensenyament i en aprenentatge a la llum dels nous coneixements sobre el funcionament del cervell i de la cognici\u00f3.<\/li><li>Elabora, aplica, avalua i revisa un pla estrat\u00e8gic, al llarg de tres cursos, enfocat a la millora cont\u00ednua de la pr\u00e0ctica docent i de l&#8217;organitzaci\u00f3 els eixos estrat\u00e8gics de la qual s\u00f3n:<\/li><li>Consolidaci\u00f3 d&#8217;un model pedag\u00f2gic propi<\/li><li>Creixement d&#8217;alumnes i sinergies amb el sector educatiu<\/li><li>Alineaci\u00f3 de processos de gesti\u00f3<\/li><li>Comunitat l\u00edder i col\u00b7laborativa<\/li><\/ul><p>Barcelona, 27 d&#8217;octubre de 2023<\/p><p>Director General<\/p>\t\t\t\t\t\t\t\t<\/div>\n\t\t\t\t<div class=\"elementor-element elementor-element-0baa1ad elementor-widget elementor-widget-image\" data-id=\"0baa1ad\" data-element_type=\"widget\" data-widget_type=\"image.default\">\n\t\t\t\t\t\t\t\t\t\t\t\t\t\t\t<img decoding=\"async\" width=\"300\" height=\"126\" src=\"https:\/\/www.monlau.com\/app\/uploads\/sites\/3\/2026\/02\/Logo-ESOBAT-FP-300x126.png\" class=\"attachment-medium size-medium wp-image-7370\" alt=\"\" srcset=\"https:\/\/www.monlau.com\/app\/uploads\/sites\/3\/2026\/02\/Logo-ESOBAT-FP-300x126.png 300w, https:\/\/www.monlau.com\/app\/uploads\/sites\/3\/2026\/02\/Logo-ESOBAT-FP.png 600w\" sizes=\"(max-width: 300px) 100vw, 300px\" \/>\t\t\t\t\t\t\t\t\t\t\t\t\t\t\t<\/div>\n\t\t\t\t\t<\/div>\n\t\t\t\t<\/div>\n\t\t\t\t<\/div>\n\t\t","protected":false},"excerpt":{"rendered":"<p>Pol\u00edtica de qualitat El C.E. Monlau t\u00e9 implantat un Sistema de Gesti\u00f3 de la Qualitat dins del marc d&#8217;actuaci\u00f3 de la Norma ISO 9001:2015, amb l&#8217;objectiu de garantir la satisfacci\u00f3 d&#8217;alumnes, pares i col\u00b7laboradors externs, la sensibilitzaci\u00f3 i motivaci\u00f3 del personal del centre i l&#8217;adequada formaci\u00f3 acad\u00e8mica i personal dels seus alumnes. Per assolir i [&hellip;]<\/p>\n","protected":false},"author":1,"featured_media":0,"parent":0,"menu_order":0,"comment_status":"closed","ping_status":"closed","template":"elementor_header_footer","meta":{"footnotes":""},"class_list":["post-7369","page","type-page","status-publish","hentry"],"yoast_head":"<!-- This site is optimized with the Yoast SEO plugin v27.2 - https:\/\/yoast.com\/product\/yoast-seo-wordpress\/ -->\n<title>Pol\u00edtica de qualitat - Formaci\u00f3n profesional<\/title>\n<meta name=\"robots\" content=\"index, follow, max-snippet:-1, max-image-preview:large, max-video-preview:-1\" \/>\n<link rel=\"canonical\" href=\"https:\/\/www.monlau.com\/fp\/ca\/politica-de-qualitat\/\" \/>\n<meta property=\"og:locale\" content=\"ca_ES\" \/>\n<meta property=\"og:type\" content=\"article\" \/>\n<meta property=\"og:title\" content=\"Pol\u00edtica de qualitat - Formaci\u00f3n profesional\" \/>\n<meta property=\"og:description\" content=\"Pol\u00edtica de qualitat El C.E. Monlau t\u00e9 implantat un Sistema de Gesti\u00f3 de la Qualitat dins del marc d&#8217;actuaci\u00f3 de la Norma ISO 9001:2015, amb l&#8217;objectiu de garantir la satisfacci\u00f3 d&#8217;alumnes, pares i col\u00b7laboradors externs, la sensibilitzaci\u00f3 i motivaci\u00f3 del personal del centre i l&#8217;adequada formaci\u00f3 acad\u00e8mica i personal dels seus alumnes. Per assolir i [&hellip;]\" \/>\n<meta property=\"og:url\" content=\"https:\/\/www.monlau.com\/fp\/ca\/politica-de-qualitat\/\" \/>\n<meta property=\"og:site_name\" content=\"Formaci\u00f3n profesional\" \/>\n<meta property=\"article:modified_time\" content=\"2026-03-16T12:28:41+00:00\" \/>\n<meta property=\"og:image\" content=\"https:\/\/www.monlau.com\/app\/uploads\/sites\/3\/2026\/02\/Logo-ESOBAT-FP.png\" \/>\n\t<meta property=\"og:image:width\" content=\"600\" \/>\n\t<meta property=\"og:image:height\" content=\"252\" \/>\n\t<meta property=\"og:image:type\" content=\"image\/png\" \/>\n<meta name=\"twitter:card\" content=\"summary_large_image\" \/>\n<meta name=\"twitter:label1\" content=\"Temps estimat de lectura\" \/>\n\t<meta name=\"twitter:data1\" content=\"2 minuts\" \/>\n<script type=\"application\/ld+json\" class=\"yoast-schema-graph\">{\"@context\":\"https:\/\/schema.org\",\"@graph\":[{\"@type\":\"WebPage\",\"@id\":\"https:\/\/www.monlau.com\/fp\/ca\/politica-de-qualitat\/\",\"url\":\"https:\/\/www.monlau.com\/fp\/ca\/politica-de-qualitat\/\",\"name\":\"Pol\u00edtica de qualitat - Formaci\u00f3n profesional\",\"isPartOf\":{\"@id\":\"https:\/\/www.monlau.com\/fp\/ca\/#website\"},\"primaryImageOfPage\":{\"@id\":\"https:\/\/www.monlau.com\/fp\/ca\/politica-de-qualitat\/#primaryimage\"},\"image\":{\"@id\":\"https:\/\/www.monlau.com\/fp\/ca\/politica-de-qualitat\/#primaryimage\"},\"thumbnailUrl\":\"https:\/\/www.monlau.com\/app\/uploads\/sites\/3\/2026\/02\/Logo-ESOBAT-FP-300x126.png\",\"datePublished\":\"2026-02-23T08:59:49+00:00\",\"dateModified\":\"2026-03-16T12:28:41+00:00\",\"breadcrumb\":{\"@id\":\"https:\/\/www.monlau.com\/fp\/ca\/politica-de-qualitat\/#breadcrumb\"},\"inLanguage\":\"ca\",\"potentialAction\":[{\"@type\":\"ReadAction\",\"target\":[\"https:\/\/www.monlau.com\/fp\/ca\/politica-de-qualitat\/\"]}]},{\"@type\":\"ImageObject\",\"inLanguage\":\"ca\",\"@id\":\"https:\/\/www.monlau.com\/fp\/ca\/politica-de-qualitat\/#primaryimage\",\"url\":\"https:\/\/www.monlau.com\/app\/uploads\/sites\/3\/2026\/02\/Logo-ESOBAT-FP-300x126.png\",\"contentUrl\":\"https:\/\/www.monlau.com\/app\/uploads\/sites\/3\/2026\/02\/Logo-ESOBAT-FP-300x126.png\"},{\"@type\":\"BreadcrumbList\",\"@id\":\"https:\/\/www.monlau.com\/fp\/ca\/politica-de-qualitat\/#breadcrumb\",\"itemListElement\":[{\"@type\":\"ListItem\",\"position\":1,\"name\":\"Portada\",\"item\":\"https:\/\/www.monlau.com\/fp\/ca\/\"},{\"@type\":\"ListItem\",\"position\":2,\"name\":\"Pol\u00edtica de qualitat\"}]},{\"@type\":\"WebSite\",\"@id\":\"https:\/\/www.monlau.com\/fp\/ca\/#website\",\"url\":\"https:\/\/www.monlau.com\/fp\/ca\/\",\"name\":\"Formaci\u00f3n profesional\",\"description\":\"Monlau\",\"publisher\":{\"@id\":\"https:\/\/www.monlau.com\/fp\/ca\/#organization\"},\"potentialAction\":[{\"@type\":\"SearchAction\",\"target\":{\"@type\":\"EntryPoint\",\"urlTemplate\":\"https:\/\/www.monlau.com\/fp\/ca\/?s={search_term_string}\"},\"query-input\":{\"@type\":\"PropertyValueSpecification\",\"valueRequired\":true,\"valueName\":\"search_term_string\"}}],\"inLanguage\":\"ca\"},{\"@type\":\"Organization\",\"@id\":\"https:\/\/www.monlau.com\/fp\/ca\/#organization\",\"name\":\"Formaci\u00f3n profesional\",\"url\":\"https:\/\/www.monlau.com\/fp\/ca\/\",\"logo\":{\"@type\":\"ImageObject\",\"inLanguage\":\"ca\",\"@id\":\"https:\/\/www.monlau.com\/fp\/ca\/#\/schema\/logo\/image\/\",\"url\":\"https:\/\/www.monlau.com\/app\/uploads\/sites\/3\/2026\/01\/fp.png\",\"contentUrl\":\"https:\/\/www.monlau.com\/app\/uploads\/sites\/3\/2026\/01\/fp.png\",\"width\":1024,\"height\":878,\"caption\":\"Formaci\u00f3n profesional\"},\"image\":{\"@id\":\"https:\/\/www.monlau.com\/fp\/ca\/#\/schema\/logo\/image\/\"}}]}<\/script>\n<!-- \/ Yoast SEO plugin. -->","yoast_head_json":{"title":"Pol\u00edtica de qualitat - Formaci\u00f3n profesional","robots":{"index":"index","follow":"follow","max-snippet":"max-snippet:-1","max-image-preview":"max-image-preview:large","max-video-preview":"max-video-preview:-1"},"canonical":"https:\/\/www.monlau.com\/fp\/ca\/politica-de-qualitat\/","og_locale":"ca_ES","og_type":"article","og_title":"Pol\u00edtica de qualitat - Formaci\u00f3n profesional","og_description":"Pol\u00edtica de qualitat El C.E. Monlau t\u00e9 implantat un Sistema de Gesti\u00f3 de la Qualitat dins del marc d&#8217;actuaci\u00f3 de la Norma ISO 9001:2015, amb l&#8217;objectiu de garantir la satisfacci\u00f3 d&#8217;alumnes, pares i col\u00b7laboradors externs, la sensibilitzaci\u00f3 i motivaci\u00f3 del personal del centre i l&#8217;adequada formaci\u00f3 acad\u00e8mica i personal dels seus alumnes. Per assolir i [&hellip;]","og_url":"https:\/\/www.monlau.com\/fp\/ca\/politica-de-qualitat\/","og_site_name":"Formaci\u00f3n profesional","article_modified_time":"2026-03-16T12:28:41+00:00","og_image":[{"width":600,"height":252,"url":"https:\/\/www.monlau.com\/app\/uploads\/sites\/3\/2026\/02\/Logo-ESOBAT-FP.png","type":"image\/png"}],"twitter_card":"summary_large_image","twitter_misc":{"Temps estimat de lectura":"2 minuts"},"schema":{"@context":"https:\/\/schema.org","@graph":[{"@type":"WebPage","@id":"https:\/\/www.monlau.com\/fp\/ca\/politica-de-qualitat\/","url":"https:\/\/www.monlau.com\/fp\/ca\/politica-de-qualitat\/","name":"Pol\u00edtica de qualitat - Formaci\u00f3n profesional","isPartOf":{"@id":"https:\/\/www.monlau.com\/fp\/ca\/#website"},"primaryImageOfPage":{"@id":"https:\/\/www.monlau.com\/fp\/ca\/politica-de-qualitat\/#primaryimage"},"image":{"@id":"https:\/\/www.monlau.com\/fp\/ca\/politica-de-qualitat\/#primaryimage"},"thumbnailUrl":"https:\/\/www.monlau.com\/app\/uploads\/sites\/3\/2026\/02\/Logo-ESOBAT-FP-300x126.png","datePublished":"2026-02-23T08:59:49+00:00","dateModified":"2026-03-16T12:28:41+00:00","breadcrumb":{"@id":"https:\/\/www.monlau.com\/fp\/ca\/politica-de-qualitat\/#breadcrumb"},"inLanguage":"ca","potentialAction":[{"@type":"ReadAction","target":["https:\/\/www.monlau.com\/fp\/ca\/politica-de-qualitat\/"]}]},{"@type":"ImageObject","inLanguage":"ca","@id":"https:\/\/www.monlau.com\/fp\/ca\/politica-de-qualitat\/#primaryimage","url":"https:\/\/www.monlau.com\/app\/uploads\/sites\/3\/2026\/02\/Logo-ESOBAT-FP-300x126.png","contentUrl":"https:\/\/www.monlau.com\/app\/uploads\/sites\/3\/2026\/02\/Logo-ESOBAT-FP-300x126.png"},{"@type":"BreadcrumbList","@id":"https:\/\/www.monlau.com\/fp\/ca\/politica-de-qualitat\/#breadcrumb","itemListElement":[{"@type":"ListItem","position":1,"name":"Portada","item":"https:\/\/www.monlau.com\/fp\/ca\/"},{"@type":"ListItem","position":2,"name":"Pol\u00edtica de qualitat"}]},{"@type":"WebSite","@id":"https:\/\/www.monlau.com\/fp\/ca\/#website","url":"https:\/\/www.monlau.com\/fp\/ca\/","name":"Formaci\u00f3n profesional","description":"Monlau","publisher":{"@id":"https:\/\/www.monlau.com\/fp\/ca\/#organization"},"potentialAction":[{"@type":"SearchAction","target":{"@type":"EntryPoint","urlTemplate":"https:\/\/www.monlau.com\/fp\/ca\/?s={search_term_string}"},"query-input":{"@type":"PropertyValueSpecification","valueRequired":true,"valueName":"search_term_string"}}],"inLanguage":"ca"},{"@type":"Organization","@id":"https:\/\/www.monlau.com\/fp\/ca\/#organization","name":"Formaci\u00f3n profesional","url":"https:\/\/www.monlau.com\/fp\/ca\/","logo":{"@type":"ImageObject","inLanguage":"ca","@id":"https:\/\/www.monlau.com\/fp\/ca\/#\/schema\/logo\/image\/","url":"https:\/\/www.monlau.com\/app\/uploads\/sites\/3\/2026\/01\/fp.png","contentUrl":"https:\/\/www.monlau.com\/app\/uploads\/sites\/3\/2026\/01\/fp.png","width":1024,"height":878,"caption":"Formaci\u00f3n profesional"},"image":{"@id":"https:\/\/www.monlau.com\/fp\/ca\/#\/schema\/logo\/image\/"}}]}},"_links":{"self":[{"href":"https:\/\/www.monlau.com\/fp\/ca\/wp-json\/wp\/v2\/pages\/7369","targetHints":{"allow":["GET"]}}],"collection":[{"href":"https:\/\/www.monlau.com\/fp\/ca\/wp-json\/wp\/v2\/pages"}],"about":[{"href":"https:\/\/www.monlau.com\/fp\/ca\/wp-json\/wp\/v2\/types\/page"}],"author":[{"embeddable":true,"href":"https:\/\/www.monlau.com\/fp\/ca\/wp-json\/wp\/v2\/users\/1"}],"replies":[{"embeddable":true,"href":"https:\/\/www.monlau.com\/fp\/ca\/wp-json\/wp\/v2\/comments?post=7369"}],"version-history":[{"count":1,"href":"https:\/\/www.monlau.com\/fp\/ca\/wp-json\/wp\/v2\/pages\/7369\/revisions"}],"predecessor-version":[{"id":7371,"href":"https:\/\/www.monlau.com\/fp\/ca\/wp-json\/wp\/v2\/pages\/7369\/revisions\/7371"}],"wp:attachment":[{"href":"https:\/\/www.monlau.com\/fp\/ca\/wp-json\/wp\/v2\/media?parent=7369"}],"curies":[{"name":"wp","href":"https:\/\/api.w.org\/{rel}","templated":true}]}}