{"id":10686,"date":"2026-04-23T09:02:38","date_gmt":"2026-04-23T07:02:38","guid":{"rendered":"https:\/\/www.monlau.com\/fp\/nissan-y-monlau\/"},"modified":"2026-04-27T11:15:21","modified_gmt":"2026-04-27T09:15:21","slug":"nissan-y-monlau","status":"publish","type":"page","link":"https:\/\/www.monlau.com\/fp\/ca\/nissan-y-monlau\/","title":{"rendered":"Nissan i Monlau"},"content":{"rendered":"\t\t<div data-elementor-type=\"wp-page\" data-elementor-id=\"10686\" class=\"elementor elementor-10686 elementor-10505\" data-elementor-post-type=\"page\">\n\t\t\t\t<div class=\"elementor-element elementor-element-01b3ef0 e-flex e-con-boxed e-con e-parent\" data-id=\"01b3ef0\" data-element_type=\"container\" data-settings=\"{&quot;background_background&quot;:&quot;classic&quot;}\">\n\t\t\t\t\t<div class=\"e-con-inner\">\n\t\t\t\t<div class=\"elementor-element elementor-element-ded4440 elementor-widget__width-initial elementor-widget elementor-widget-text-editor\" data-id=\"ded4440\" data-element_type=\"widget\" data-widget_type=\"text-editor.default\">\n\t\t\t\t\t\t\t\t\t<div class=\"elementor-element elementor-element-55abc39 elementor-widget elementor-widget-heading\" data-id=\"55abc39\" data-element_type=\"widget\" data-widget_type=\"heading.default\"><h1 class=\"elementor-heading-title elementor-size-default\"><b>Nissan<\/b> i Monlau<\/h1><\/div>\t\t\t\t\t\t\t\t<\/div>\n\t\t\t\t\t<\/div>\n\t\t\t\t<\/div>\n\t\t<div class=\"elementor-element elementor-element-8d9ee29 e-flex e-con-boxed e-con e-parent\" data-id=\"8d9ee29\" data-element_type=\"container\">\n\t\t\t\t\t<div class=\"e-con-inner\">\n\t\t<div class=\"elementor-element elementor-element-d8d9f13 e-con-full e-flex e-con e-child\" data-id=\"d8d9f13\" data-element_type=\"container\" data-settings=\"{&quot;background_background&quot;:&quot;classic&quot;}\">\n\t\t\t\t<div class=\"elementor-element elementor-element-b4a816d elementor-widget elementor-widget-heading\" data-id=\"b4a816d\" data-element_type=\"widget\" data-widget_type=\"heading.default\">\n\t\t\t\t\t<h2 class=\"elementor-heading-title elementor-size-default\">Avantatges per al <b>futur professional de l'alumnat<\/b><\/h2>\t\t\t\t<\/div>\n\t\t\t\t<div class=\"elementor-element elementor-element-7e0ca0c elementor-widget elementor-widget-text-editor\" data-id=\"7e0ca0c\" data-element_type=\"widget\" data-widget_type=\"text-editor.default\">\n\t\t\t\t\t\t\t\t\t<p data-start=\"188\" data-end=\"476\">A<strong> Monlau<\/strong> apostem per una <strong>Formaci\u00f3 Professional en Automoci\u00f3<\/strong> connectada amb la realitat del taller i de les marques. Per aix\u00f2 col\u00b7laborem amb Nissan, fabricant de refer\u00e8ncia en el sector. La marca ha cedit al centre una flota de <strong>13 vehicles h\u00edbrids i el\u00e8ctrics<\/strong>. Aix\u00ed, l&#8217;alumnat pot aprendre treballant directament sobre cotxes actuals, amb la mateixa tecnologia que trobar\u00e0 als concessionaris i serveis oficials.   <\/p><p data-start=\"188\" data-end=\"476\">A m\u00e9s, la col\u00b7laboraci\u00f3 inclou l&#8217;<strong>Aula Nissan<\/strong>, una aula te\u00f2rica dins del centre d&#8217;FP Automoci\u00f3 de Monlau a Barcelona. \u00c9s un espai formatiu vinculat a Nissan, en el qual l&#8217;alumnat rep sessions i explicacions relacionades amb l&#8217;automoci\u00f3 actual i els canvis tecnol\u00f2gics del sector. <\/p>\t\t\t\t\t\t\t\t<\/div>\n\t\t\t\t<\/div>\n\t\t\t\t\t<\/div>\n\t\t\t\t<\/div>\n\t\t<div class=\"elementor-element elementor-element-95d621e e-flex e-con-boxed e-con e-parent\" data-id=\"95d621e\" data-element_type=\"container\">\n\t\t\t\t\t<div class=\"e-con-inner\">\n\t\t<div class=\"elementor-element elementor-element-4a3eca9 e-con-full e-flex elementor-invisible e-con e-child\" data-id=\"4a3eca9\" data-element_type=\"container\" data-settings=\"{&quot;animation&quot;:&quot;fadeInRight&quot;,&quot;background_background&quot;:&quot;classic&quot;}\">\n\t\t\t\t<\/div>\n\t\t<div class=\"elementor-element elementor-element-e692676 e-con-full e-flex elementor-invisible e-con e-child\" data-id=\"e692676\" data-element_type=\"container\" data-settings=\"{&quot;animation&quot;:&quot;fadeInLeft&quot;}\">\n\t\t\t\t<div class=\"elementor-element elementor-element-b6f12d4 elementor-widget elementor-widget-heading\" data-id=\"b6f12d4\" data-element_type=\"widget\" data-widget_type=\"heading.default\">\n\t\t\t\t\t<h2 class=\"elementor-heading-title elementor-size-default\">Formaci\u00f3 amb <b>vehicles Nissan d'\u00faltima generaci\u00f3<\/b>\n<\/h2>\t\t\t\t<\/div>\n\t\t\t\t<div class=\"elementor-element elementor-element-3b97bae elementor-widget elementor-widget-text-editor\" data-id=\"3b97bae\" data-element_type=\"widget\" data-widget_type=\"text-editor.default\">\n\t\t\t\t\t\t\t\t\t<div class=\"et_pb_row et_pb_row_1\"><div class=\"et_pb_column et_pb_column_4_4 et_pb_column_1 et_pb_css_mix_blend_mode_passthrough et-last-child\"><div class=\"et_pb_module et_pb_text et_pb_text_3 et_pb_text_align_left et_pb_bg_layout_light\"><div class=\"et_pb_text_inner\"><div class=\"et_pb_module et_pb_text et_pb_text_3 et_pb_text_align_left et_pb_bg_layout_light\"><div class=\"et_pb_text_inner\"><p>Gr\u00e0cies a aquesta alian\u00e7a, els i les estudiants d&#8217;<a href=\"http:\/\/20.82.21.31\/formacio-professional\/area-automocion\/\">Automoci\u00f3<\/a> treballen amb models com <a href=\"https:\/\/www.nissan.es\/vehiculos\/nuevos-vehiculos\/qashqai.html\">Nissan Qashqai<\/a>, Micra, <a href=\"https:\/\/www.nissan.es\/vehiculos\/nuevos-vehiculos\/x-trail.html\">X-Trail<\/a>, <a href=\"https:\/\/www.nissan.es\/vehiculos\/nuevos-vehiculos\/ariya.html\">Juke<\/a> i Ariya.<\/p><p>D&#8217;aquesta manera, poden con\u00e8ixer de primera m\u00e0 com funcionen els sistemes h\u00edbrids i el\u00e8ctrics i les principals ajudes a la conducci\u00f3 que porten els vehicles actuals. Tot aix\u00f2 fa que la formaci\u00f3 sigui m\u00e9s propera a la realitat dels tallers i serveis oficials. <\/p><\/div><\/div><div class=\"et_pb_module et_pb_heading et_pb_heading_2 et_pb_bg_layout_\"><div class=\"et_pb_heading_container\"><p>D&#8217;altra banda, aquesta col\u00b7laboraci\u00f3 refor\u00e7a el vincle entre empresa i centre educatiu. El contacte directe amb Nissan permet que la formaci\u00f3 s&#8217;adapti millor a les demandes reals del mercat laboral i millori l&#8217;ocupabilitat de l&#8217;alumnat. Tamb\u00e9 ajuda que Monlau mantingui el seu paper com a centre de refer\u00e8ncia en FP Automoci\u00f3 a Barcelona.  <\/p><p>En resum, l&#8217;alian\u00e7a entre Monlau i Nissan acosta encara m\u00e9s la Formaci\u00f3 Professional al dia a dia de l&#8217;automoci\u00f3, combinant teoria i vehicles d&#8217;\u00faltima generaci\u00f3 en un mateix projecte formatiu.<\/p><\/div><\/div><\/div><\/div><\/div><\/div><div class=\"et_pb_row et_pb_row_2\"><div class=\"et_pb_column et_pb_column_1_2 et_pb_column_2 et_pb_css_mix_blend_mode_passthrough\"> <\/div><\/div>\t\t\t\t\t\t\t\t<\/div>\n\t\t\t\t<\/div>\n\t\t\t\t\t<\/div>\n\t\t\t\t<\/div>\n\t\t<div class=\"elementor-element elementor-element-9616783 e-flex e-con-boxed e-con e-parent\" data-id=\"9616783\" data-element_type=\"container\">\n\t\t\t\t\t<div class=\"e-con-inner\">\n\t\t<div class=\"elementor-element elementor-element-ae04767 e-con-full e-flex e-con e-child\" data-id=\"ae04767\" data-element_type=\"container\" data-settings=\"{&quot;background_background&quot;:&quot;classic&quot;}\">\n\t\t\t\t<div class=\"elementor-element elementor-element-84080f2 elementor-widget elementor-widget-heading\" data-id=\"84080f2\" data-element_type=\"widget\" data-widget_type=\"heading.default\">\n\t\t\t\t\t<p class=\"elementor-heading-title elementor-size-default\">Et convidem a <b>llegir l'article complet <br>al nostre blog<\/b>\n<\/p>\t\t\t\t<\/div>\n\t\t\t\t<div class=\"elementor-element elementor-element-1067377 elementor-align-right btn-blue-inverse elementor-widget elementor-widget-button\" data-id=\"1067377\" data-element_type=\"widget\" data-widget_type=\"button.default\">\n\t\t\t\t\t\t\t\t\t\t<a class=\"elementor-button elementor-button-link elementor-size-sm\" href=\"https:\/\/www.monlau.com\/fp\/2025\/10\/16\/monlau-y-nissan-refuerzan-su-alianza-para-impulsar-la-formacion-en-automocion\/\">\n\t\t\t\t\t\t<span class=\"elementor-button-content-wrapper\">\n\t\t\t\t\t\t\t\t\t<span class=\"elementor-button-text\">Llegir blog<\/span>\n\t\t\t\t\t<\/span>\n\t\t\t\t\t<\/a>\n\t\t\t\t\t\t\t\t<\/div>\n\t\t\t\t<\/div>\n\t\t\t\t\t<\/div>\n\t\t\t\t<\/div>\n\t\t\t\t<\/div>\n\t\t","protected":false},"excerpt":{"rendered":"<p>Nissan i Monlau Avantatges per al futur professional de l&#8217;alumnat A Monlau apostem per una Formaci\u00f3 Professional en Automoci\u00f3 connectada amb la realitat del taller i de les marques. Per aix\u00f2 col\u00b7laborem amb Nissan, fabricant de refer\u00e8ncia en el sector. La marca ha cedit al centre una flota de 13 vehicles h\u00edbrids i el\u00e8ctrics. Aix\u00ed, [&hellip;]<\/p>\n","protected":false},"author":1,"featured_media":0,"parent":0,"menu_order":0,"comment_status":"closed","ping_status":"closed","template":"elementor_header_footer","meta":{"footnotes":""},"class_list":["post-10686","page","type-page","status-publish","hentry"],"yoast_head":"<!-- This site is optimized with the Yoast SEO plugin v27.2 - https:\/\/yoast.com\/product\/yoast-seo-wordpress\/ -->\n<title>Nissan i Monlau - Formaci\u00f3n profesional<\/title>\n<meta name=\"robots\" content=\"index, follow, max-snippet:-1, max-image-preview:large, max-video-preview:-1\" \/>\n<link rel=\"canonical\" href=\"https:\/\/www.monlau.com\/fp\/ca\/nissan-y-monlau\/\" \/>\n<meta property=\"og:locale\" content=\"ca_ES\" \/>\n<meta property=\"og:type\" content=\"article\" \/>\n<meta property=\"og:title\" content=\"Nissan i Monlau - Formaci\u00f3n profesional\" \/>\n<meta property=\"og:description\" content=\"Nissan i Monlau Avantatges per al futur professional de l&#8217;alumnat A Monlau apostem per una Formaci\u00f3 Professional en Automoci\u00f3 connectada amb la realitat del taller i de les marques. Per aix\u00f2 col\u00b7laborem amb Nissan, fabricant de refer\u00e8ncia en el sector. La marca ha cedit al centre una flota de 13 vehicles h\u00edbrids i el\u00e8ctrics. Aix\u00ed, [&hellip;]\" \/>\n<meta property=\"og:url\" content=\"https:\/\/www.monlau.com\/fp\/ca\/nissan-y-monlau\/\" \/>\n<meta property=\"og:site_name\" content=\"Formaci\u00f3n profesional\" \/>\n<meta property=\"article:modified_time\" content=\"2026-04-27T09:15:21+00:00\" \/>\n<meta name=\"twitter:card\" content=\"summary_large_image\" \/>\n<meta name=\"twitter:label1\" content=\"Temps estimat de lectura\" \/>\n\t<meta name=\"twitter:data1\" content=\"2 minuts\" \/>\n<script type=\"application\/ld+json\" class=\"yoast-schema-graph\">{\"@context\":\"https:\/\/schema.org\",\"@graph\":[{\"@type\":\"WebPage\",\"@id\":\"https:\/\/www.monlau.com\/fp\/ca\/nissan-y-monlau\/\",\"url\":\"https:\/\/www.monlau.com\/fp\/ca\/nissan-y-monlau\/\",\"name\":\"Nissan i Monlau - Formaci\u00f3n profesional\",\"isPartOf\":{\"@id\":\"https:\/\/www.monlau.com\/fp\/ca\/#website\"},\"datePublished\":\"2026-04-23T07:02:38+00:00\",\"dateModified\":\"2026-04-27T09:15:21+00:00\",\"breadcrumb\":{\"@id\":\"https:\/\/www.monlau.com\/fp\/ca\/nissan-y-monlau\/#breadcrumb\"},\"inLanguage\":\"ca\",\"potentialAction\":[{\"@type\":\"ReadAction\",\"target\":[\"https:\/\/www.monlau.com\/fp\/ca\/nissan-y-monlau\/\"]}]},{\"@type\":\"BreadcrumbList\",\"@id\":\"https:\/\/www.monlau.com\/fp\/ca\/nissan-y-monlau\/#breadcrumb\",\"itemListElement\":[{\"@type\":\"ListItem\",\"position\":1,\"name\":\"Portada\",\"item\":\"https:\/\/www.monlau.com\/fp\/ca\/inici\/\"},{\"@type\":\"ListItem\",\"position\":2,\"name\":\"Nissan i Monlau\"}]},{\"@type\":\"WebSite\",\"@id\":\"https:\/\/www.monlau.com\/fp\/ca\/#website\",\"url\":\"https:\/\/www.monlau.com\/fp\/ca\/\",\"name\":\"Formaci\u00f3n profesional\",\"description\":\"Monlau\",\"publisher\":{\"@id\":\"https:\/\/www.monlau.com\/fp\/ca\/#organization\"},\"potentialAction\":[{\"@type\":\"SearchAction\",\"target\":{\"@type\":\"EntryPoint\",\"urlTemplate\":\"https:\/\/www.monlau.com\/fp\/ca\/?s={search_term_string}\"},\"query-input\":{\"@type\":\"PropertyValueSpecification\",\"valueRequired\":true,\"valueName\":\"search_term_string\"}}],\"inLanguage\":\"ca\"},{\"@type\":\"Organization\",\"@id\":\"https:\/\/www.monlau.com\/fp\/ca\/#organization\",\"name\":\"Formaci\u00f3n profesional\",\"url\":\"https:\/\/www.monlau.com\/fp\/ca\/\",\"logo\":{\"@type\":\"ImageObject\",\"inLanguage\":\"ca\",\"@id\":\"https:\/\/www.monlau.com\/fp\/ca\/#\/schema\/logo\/image\/\",\"url\":\"https:\/\/www.monlau.com\/app\/uploads\/sites\/3\/2026\/01\/fp.png\",\"contentUrl\":\"https:\/\/www.monlau.com\/app\/uploads\/sites\/3\/2026\/01\/fp.png\",\"width\":1024,\"height\":878,\"caption\":\"Formaci\u00f3n profesional\"},\"image\":{\"@id\":\"https:\/\/www.monlau.com\/fp\/ca\/#\/schema\/logo\/image\/\"}}]}<\/script>\n<!-- \/ Yoast SEO plugin. -->","yoast_head_json":{"title":"Nissan i Monlau - Formaci\u00f3n profesional","robots":{"index":"index","follow":"follow","max-snippet":"max-snippet:-1","max-image-preview":"max-image-preview:large","max-video-preview":"max-video-preview:-1"},"canonical":"https:\/\/www.monlau.com\/fp\/ca\/nissan-y-monlau\/","og_locale":"ca_ES","og_type":"article","og_title":"Nissan i Monlau - Formaci\u00f3n profesional","og_description":"Nissan i Monlau Avantatges per al futur professional de l&#8217;alumnat A Monlau apostem per una Formaci\u00f3 Professional en Automoci\u00f3 connectada amb la realitat del taller i de les marques. Per aix\u00f2 col\u00b7laborem amb Nissan, fabricant de refer\u00e8ncia en el sector. La marca ha cedit al centre una flota de 13 vehicles h\u00edbrids i el\u00e8ctrics. Aix\u00ed, [&hellip;]","og_url":"https:\/\/www.monlau.com\/fp\/ca\/nissan-y-monlau\/","og_site_name":"Formaci\u00f3n profesional","article_modified_time":"2026-04-27T09:15:21+00:00","twitter_card":"summary_large_image","twitter_misc":{"Temps estimat de lectura":"2 minuts"},"schema":{"@context":"https:\/\/schema.org","@graph":[{"@type":"WebPage","@id":"https:\/\/www.monlau.com\/fp\/ca\/nissan-y-monlau\/","url":"https:\/\/www.monlau.com\/fp\/ca\/nissan-y-monlau\/","name":"Nissan i Monlau - Formaci\u00f3n profesional","isPartOf":{"@id":"https:\/\/www.monlau.com\/fp\/ca\/#website"},"datePublished":"2026-04-23T07:02:38+00:00","dateModified":"2026-04-27T09:15:21+00:00","breadcrumb":{"@id":"https:\/\/www.monlau.com\/fp\/ca\/nissan-y-monlau\/#breadcrumb"},"inLanguage":"ca","potentialAction":[{"@type":"ReadAction","target":["https:\/\/www.monlau.com\/fp\/ca\/nissan-y-monlau\/"]}]},{"@type":"BreadcrumbList","@id":"https:\/\/www.monlau.com\/fp\/ca\/nissan-y-monlau\/#breadcrumb","itemListElement":[{"@type":"ListItem","position":1,"name":"Portada","item":"https:\/\/www.monlau.com\/fp\/ca\/inici\/"},{"@type":"ListItem","position":2,"name":"Nissan i Monlau"}]},{"@type":"WebSite","@id":"https:\/\/www.monlau.com\/fp\/ca\/#website","url":"https:\/\/www.monlau.com\/fp\/ca\/","name":"Formaci\u00f3n profesional","description":"Monlau","publisher":{"@id":"https:\/\/www.monlau.com\/fp\/ca\/#organization"},"potentialAction":[{"@type":"SearchAction","target":{"@type":"EntryPoint","urlTemplate":"https:\/\/www.monlau.com\/fp\/ca\/?s={search_term_string}"},"query-input":{"@type":"PropertyValueSpecification","valueRequired":true,"valueName":"search_term_string"}}],"inLanguage":"ca"},{"@type":"Organization","@id":"https:\/\/www.monlau.com\/fp\/ca\/#organization","name":"Formaci\u00f3n profesional","url":"https:\/\/www.monlau.com\/fp\/ca\/","logo":{"@type":"ImageObject","inLanguage":"ca","@id":"https:\/\/www.monlau.com\/fp\/ca\/#\/schema\/logo\/image\/","url":"https:\/\/www.monlau.com\/app\/uploads\/sites\/3\/2026\/01\/fp.png","contentUrl":"https:\/\/www.monlau.com\/app\/uploads\/sites\/3\/2026\/01\/fp.png","width":1024,"height":878,"caption":"Formaci\u00f3n profesional"},"image":{"@id":"https:\/\/www.monlau.com\/fp\/ca\/#\/schema\/logo\/image\/"}}]}},"_links":{"self":[{"href":"https:\/\/www.monlau.com\/fp\/ca\/wp-json\/wp\/v2\/pages\/10686","targetHints":{"allow":["GET"]}}],"collection":[{"href":"https:\/\/www.monlau.com\/fp\/ca\/wp-json\/wp\/v2\/pages"}],"about":[{"href":"https:\/\/www.monlau.com\/fp\/ca\/wp-json\/wp\/v2\/types\/page"}],"author":[{"embeddable":true,"href":"https:\/\/www.monlau.com\/fp\/ca\/wp-json\/wp\/v2\/users\/1"}],"replies":[{"embeddable":true,"href":"https:\/\/www.monlau.com\/fp\/ca\/wp-json\/wp\/v2\/comments?post=10686"}],"version-history":[{"count":1,"href":"https:\/\/www.monlau.com\/fp\/ca\/wp-json\/wp\/v2\/pages\/10686\/revisions"}],"predecessor-version":[{"id":10689,"href":"https:\/\/www.monlau.com\/fp\/ca\/wp-json\/wp\/v2\/pages\/10686\/revisions\/10689"}],"wp:attachment":[{"href":"https:\/\/www.monlau.com\/fp\/ca\/wp-json\/wp\/v2\/media?parent=10686"}],"curies":[{"name":"wp","href":"https:\/\/api.w.org\/{rel}","templated":true}]}}