{"id":10609,"date":"2026-04-23T08:37:02","date_gmt":"2026-04-23T06:37:02","guid":{"rendered":"https:\/\/www.monlau.com\/fp\/dongfeng-y-monlau\/"},"modified":"2026-04-27T11:14:17","modified_gmt":"2026-04-27T09:14:17","slug":"dongfeng-y-monlau","status":"publish","type":"page","link":"https:\/\/www.monlau.com\/fp\/ca\/dongfeng-y-monlau\/","title":{"rendered":"Dongfeng i Monlau"},"content":{"rendered":"\t\t<div data-elementor-type=\"wp-page\" data-elementor-id=\"10609\" class=\"elementor elementor-10609 elementor-10470\" data-elementor-post-type=\"page\">\n\t\t\t\t<div class=\"elementor-element elementor-element-341dd83 e-flex e-con-boxed e-con e-parent\" data-id=\"341dd83\" data-element_type=\"container\" data-settings=\"{&quot;background_background&quot;:&quot;classic&quot;}\">\n\t\t\t\t\t<div class=\"e-con-inner\">\n\t\t\t\t<div class=\"elementor-element elementor-element-9b78b98 elementor-widget__width-initial elementor-widget elementor-widget-text-editor\" data-id=\"9b78b98\" data-element_type=\"widget\" data-widget_type=\"text-editor.default\">\n\t\t\t\t\t\t\t\t\t<h1 class=\"elementor-heading-title elementor-size-default\"><b>Dongfeng<\/b> i Monlau<\/h1>\t\t\t\t\t\t\t\t<\/div>\n\t\t\t\t\t<\/div>\n\t\t\t\t<\/div>\n\t\t<div class=\"elementor-element elementor-element-f85a428 e-flex e-con-boxed e-con e-parent\" data-id=\"f85a428\" data-element_type=\"container\">\n\t\t\t\t\t<div class=\"e-con-inner\">\n\t\t<div class=\"elementor-element elementor-element-0a7a905 e-con-full e-flex e-con e-child\" data-id=\"0a7a905\" data-element_type=\"container\" data-settings=\"{&quot;background_background&quot;:&quot;classic&quot;}\">\n\t\t\t\t<div class=\"elementor-element elementor-element-ad69ceb elementor-widget elementor-widget-heading\" data-id=\"ad69ceb\" data-element_type=\"widget\" data-widget_type=\"heading.default\">\n\t\t\t\t\t<h2 class=\"elementor-heading-title elementor-size-default\">A Monlau <b>continuem apostant per una Formaci\u00f3 Professional connectada amb el present i el futur<\/b> del sector.<\/h2>\t\t\t\t<\/div>\n\t\t\t\t<div class=\"elementor-element elementor-element-27ed00f elementor-widget elementor-widget-text-editor\" data-id=\"27ed00f\" data-element_type=\"widget\" data-widget_type=\"text-editor.default\">\n\t\t\t\t\t\t\t\t\t<p class=\"\" data-start=\"766\" data-end=\"1092\">Per aix\u00f2, hem signat un acord de col\u00b7laboraci\u00f3 amb <strong data-start=\"930\" data-end=\"956\">Dongfeng Catay Premium<\/strong>, distribu\u00efdor oficial de la marca Dongfeng, amb l\u2019objectiu d\u2019apropar l\u2019alumnat a una automoci\u00f3 global, tecnol\u00f2gica i sostenible.<\/p><p class=\"\" data-start=\"1094\" data-end=\"1323\">Gr\u00e0cies a aquesta alian\u00e7a, els nostres estudiants es vinculen amb una empresa referent que connecta el mercat asi\u00e0tic amb l\u2019europeu. Aix\u00ed, ampliem oportunitats formatives i reforcem l\u2019ocupabilitat en un entorn internacional. <\/p>\t\t\t\t\t\t\t\t<\/div>\n\t\t\t\t<\/div>\n\t\t\t\t\t<\/div>\n\t\t\t\t<\/div>\n\t\t<div class=\"elementor-element elementor-element-5244749 e-flex e-con-boxed e-con e-parent\" data-id=\"5244749\" data-element_type=\"container\">\n\t\t\t\t\t<div class=\"e-con-inner\">\n\t\t<div class=\"elementor-element elementor-element-9a77438 e-con-full e-flex elementor-invisible e-con e-child\" data-id=\"9a77438\" data-element_type=\"container\" data-settings=\"{&quot;animation&quot;:&quot;fadeInRight&quot;,&quot;background_background&quot;:&quot;classic&quot;}\">\n\t\t\t\t<\/div>\n\t\t<div class=\"elementor-element elementor-element-311e1b6 e-con-full e-flex elementor-invisible e-con e-child\" data-id=\"311e1b6\" data-element_type=\"container\" data-settings=\"{&quot;animation&quot;:&quot;fadeInLeft&quot;}\">\n\t\t\t\t<div class=\"elementor-element elementor-element-4d061a0 elementor-widget elementor-widget-heading\" data-id=\"4d061a0\" data-element_type=\"widget\" data-widget_type=\"heading.default\">\n\t\t\t\t\t<h2 class=\"elementor-heading-title elementor-size-default\"><b>Dongfeng, present en el dia a dia <\/b>de l\u2019alumnat\n<\/h2>\t\t\t\t<\/div>\n\t\t\t\t<div class=\"elementor-element elementor-element-0759fe7 elementor-widget elementor-widget-text-editor\" data-id=\"0759fe7\" data-element_type=\"widget\" data-widget_type=\"text-editor.default\">\n\t\t\t\t\t\t\t\t\t<div class=\"et_pb_row et_pb_row_1\"><div class=\"et_pb_column et_pb_column_4_4 et_pb_column_1 et_pb_css_mix_blend_mode_passthrough et-last-child\"><div class=\"et_pb_module et_pb_text et_pb_text_3 et_pb_text_align_left et_pb_bg_layout_light\"><div class=\"et_pb_text_inner\"><div class=\"et_pb_row et_pb_row_1\"><div class=\"et_pb_column et_pb_column_4_4 et_pb_column_1 et_pb_css_mix_blend_mode_passthrough et-last-child\"><div class=\"et_pb_module et_pb_text et_pb_text_1 et_pb_text_align_left et_pb_bg_layout_light\"><div class=\"et_pb_text_inner\"><p class=\"\" data-start=\"1379\" data-end=\"1629\">Com a s\u00edmbol d\u2019aquesta col\u00b7laboraci\u00f3, <strong data-start=\"1414\" data-end=\"1490\">la marca Dongfeng ja forma part de l\u2019entorn visual dels nostres passadissos<\/strong>. Aquesta pres\u00e8ncia refor\u00e7a el vincle entre formaci\u00f3 i empresa, i apropa l\u2019alumnat a una cultura automobil\u00edstica de refer\u00e8ncia mundial. <\/p><p class=\"\" data-start=\"1631\" data-end=\"1756\">A m\u00e9s, transmet un missatge clar: a Monlau, l\u2019FP es viu de manera pr\u00e0ctica, inspiradora i connectada amb empreses l\u00edders.<\/p><p data-start=\"1631\" data-end=\"1756\"> <\/p><p class=\"\" data-start=\"1805\" data-end=\"2055\"><strong data-start=\"1805\" data-end=\"1835\">Dongfeng Motor Corporation <\/strong>\u00e9s un dels fabricants de vehicles m\u00e9s grans d\u2019\u00c0sia. Amb m\u00e9s de 50 anys d\u2019experi\u00e8ncia, \u00e9s present a m\u00e9s de 80 pa\u00efsos. Produeix turismes, vehicles industrials i aposta per la mobilitat el\u00e8ctrica i sostenible.  <\/p><p class=\"\" data-start=\"2057\" data-end=\"2306\">D\u2019altra banda, <strong data-start=\"2072\" data-end=\"2098\">Dongfeng Catay Premium<\/strong> representa la marca al mercat espanyol. Gr\u00e0cies a aquesta alian\u00e7a, els estudiants de Monlau podran beneficiar-se de pr\u00e0ctiques, formaci\u00f3 dual i altres experi\u00e8ncies reals dins del sector de l\u2019automoci\u00f3. <\/p><p> <\/p><\/div><\/div><\/div><\/div><div class=\"et_pb_row et_pb_row_2\"><div class=\"et_pb_column et_pb_column_1_2 et_pb_column_2 et_pb_css_mix_blend_mode_passthrough\"> <\/div><\/div><\/div><\/div><\/div><\/div><div class=\"et_pb_row et_pb_row_2\"><div class=\"et_pb_column et_pb_column_1_2 et_pb_column_2 et_pb_css_mix_blend_mode_passthrough\"> <\/div><\/div>\t\t\t\t\t\t\t\t<\/div>\n\t\t\t\t<\/div>\n\t\t\t\t\t<\/div>\n\t\t\t\t<\/div>\n\t\t<div class=\"elementor-element elementor-element-7ba3784 e-flex e-con-boxed e-con e-parent\" data-id=\"7ba3784\" data-element_type=\"container\">\n\t\t\t\t\t<div class=\"e-con-inner\">\n\t\t<div class=\"elementor-element elementor-element-1bc7e45 e-con-full e-flex e-con e-child\" data-id=\"1bc7e45\" data-element_type=\"container\" data-settings=\"{&quot;background_background&quot;:&quot;classic&quot;}\">\n\t\t\t\t<div class=\"elementor-element elementor-element-a0a6c7f elementor-widget elementor-widget-heading\" data-id=\"a0a6c7f\" data-element_type=\"widget\" data-widget_type=\"heading.default\">\n\t\t\t\t\t<p class=\"elementor-heading-title elementor-size-default\">Us convidem a <b>llegir l\u2019article complet <br>al nostre blog<\/b>\n<\/p>\t\t\t\t<\/div>\n\t\t\t\t<div class=\"elementor-element elementor-element-f61eb11 elementor-align-right btn-blue-inverse elementor-widget elementor-widget-button\" data-id=\"f61eb11\" data-element_type=\"widget\" data-widget_type=\"button.default\">\n\t\t\t\t\t\t\t\t\t\t<a class=\"elementor-button elementor-button-link elementor-size-sm\" href=\"https:\/\/www.monlau.com\/fp\/2025\/03\/26\/dongfeng-catay-premium-y-monlau\/\">\n\t\t\t\t\t\t<span class=\"elementor-button-content-wrapper\">\n\t\t\t\t\t\t\t\t\t<span class=\"elementor-button-text\">Llegir el blog<\/span>\n\t\t\t\t\t<\/span>\n\t\t\t\t\t<\/a>\n\t\t\t\t\t\t\t\t<\/div>\n\t\t\t\t<\/div>\n\t\t\t\t\t<\/div>\n\t\t\t\t<\/div>\n\t\t\t\t<\/div>\n\t\t","protected":false},"excerpt":{"rendered":"<p>Dongfeng i Monlau A Monlau continuem apostant per una Formaci\u00f3 Professional connectada amb el present i el futur del sector. Per aix\u00f2, hem signat un acord de col\u00b7laboraci\u00f3 amb Dongfeng Catay Premium, distribu\u00efdor oficial de la marca Dongfeng, amb l\u2019objectiu d\u2019apropar l\u2019alumnat a una automoci\u00f3 global, tecnol\u00f2gica i sostenible. Gr\u00e0cies a aquesta alian\u00e7a, els nostres [&hellip;]<\/p>\n","protected":false},"author":1,"featured_media":0,"parent":0,"menu_order":0,"comment_status":"closed","ping_status":"closed","template":"elementor_header_footer","meta":{"footnotes":""},"class_list":["post-10609","page","type-page","status-publish","hentry"],"yoast_head":"<!-- This site is optimized with the Yoast SEO plugin v27.2 - https:\/\/yoast.com\/product\/yoast-seo-wordpress\/ -->\n<title>Dongfeng i Monlau - Formaci\u00f3n profesional<\/title>\n<meta name=\"robots\" content=\"index, follow, max-snippet:-1, max-image-preview:large, max-video-preview:-1\" \/>\n<link rel=\"canonical\" href=\"https:\/\/www.monlau.com\/fp\/ca\/dongfeng-y-monlau\/\" \/>\n<meta property=\"og:locale\" content=\"ca_ES\" \/>\n<meta property=\"og:type\" content=\"article\" \/>\n<meta property=\"og:title\" content=\"Dongfeng i Monlau - Formaci\u00f3n profesional\" \/>\n<meta property=\"og:description\" content=\"Dongfeng i Monlau A Monlau continuem apostant per una Formaci\u00f3 Professional connectada amb el present i el futur del sector. Per aix\u00f2, hem signat un acord de col\u00b7laboraci\u00f3 amb Dongfeng Catay Premium, distribu\u00efdor oficial de la marca Dongfeng, amb l\u2019objectiu d\u2019apropar l\u2019alumnat a una automoci\u00f3 global, tecnol\u00f2gica i sostenible. Gr\u00e0cies a aquesta alian\u00e7a, els nostres [&hellip;]\" \/>\n<meta property=\"og:url\" content=\"https:\/\/www.monlau.com\/fp\/ca\/dongfeng-y-monlau\/\" \/>\n<meta property=\"og:site_name\" content=\"Formaci\u00f3n profesional\" \/>\n<meta property=\"article:modified_time\" content=\"2026-04-27T09:14:17+00:00\" \/>\n<meta name=\"twitter:card\" content=\"summary_large_image\" \/>\n<meta name=\"twitter:label1\" content=\"Temps estimat de lectura\" \/>\n\t<meta name=\"twitter:data1\" content=\"1 minut\" \/>\n<script type=\"application\/ld+json\" class=\"yoast-schema-graph\">{\"@context\":\"https:\/\/schema.org\",\"@graph\":[{\"@type\":\"WebPage\",\"@id\":\"https:\/\/www.monlau.com\/fp\/ca\/dongfeng-y-monlau\/\",\"url\":\"https:\/\/www.monlau.com\/fp\/ca\/dongfeng-y-monlau\/\",\"name\":\"Dongfeng i Monlau - Formaci\u00f3n profesional\",\"isPartOf\":{\"@id\":\"https:\/\/www.monlau.com\/fp\/ca\/#website\"},\"datePublished\":\"2026-04-23T06:37:02+00:00\",\"dateModified\":\"2026-04-27T09:14:17+00:00\",\"breadcrumb\":{\"@id\":\"https:\/\/www.monlau.com\/fp\/ca\/dongfeng-y-monlau\/#breadcrumb\"},\"inLanguage\":\"ca\",\"potentialAction\":[{\"@type\":\"ReadAction\",\"target\":[\"https:\/\/www.monlau.com\/fp\/ca\/dongfeng-y-monlau\/\"]}]},{\"@type\":\"BreadcrumbList\",\"@id\":\"https:\/\/www.monlau.com\/fp\/ca\/dongfeng-y-monlau\/#breadcrumb\",\"itemListElement\":[{\"@type\":\"ListItem\",\"position\":1,\"name\":\"Portada\",\"item\":\"https:\/\/www.monlau.com\/fp\/ca\/inici\/\"},{\"@type\":\"ListItem\",\"position\":2,\"name\":\"Dongfeng i Monlau\"}]},{\"@type\":\"WebSite\",\"@id\":\"https:\/\/www.monlau.com\/fp\/ca\/#website\",\"url\":\"https:\/\/www.monlau.com\/fp\/ca\/\",\"name\":\"Formaci\u00f3n profesional\",\"description\":\"Monlau\",\"publisher\":{\"@id\":\"https:\/\/www.monlau.com\/fp\/ca\/#organization\"},\"potentialAction\":[{\"@type\":\"SearchAction\",\"target\":{\"@type\":\"EntryPoint\",\"urlTemplate\":\"https:\/\/www.monlau.com\/fp\/ca\/?s={search_term_string}\"},\"query-input\":{\"@type\":\"PropertyValueSpecification\",\"valueRequired\":true,\"valueName\":\"search_term_string\"}}],\"inLanguage\":\"ca\"},{\"@type\":\"Organization\",\"@id\":\"https:\/\/www.monlau.com\/fp\/ca\/#organization\",\"name\":\"Formaci\u00f3n profesional\",\"url\":\"https:\/\/www.monlau.com\/fp\/ca\/\",\"logo\":{\"@type\":\"ImageObject\",\"inLanguage\":\"ca\",\"@id\":\"https:\/\/www.monlau.com\/fp\/ca\/#\/schema\/logo\/image\/\",\"url\":\"https:\/\/www.monlau.com\/app\/uploads\/sites\/3\/2026\/01\/fp.png\",\"contentUrl\":\"https:\/\/www.monlau.com\/app\/uploads\/sites\/3\/2026\/01\/fp.png\",\"width\":1024,\"height\":878,\"caption\":\"Formaci\u00f3n profesional\"},\"image\":{\"@id\":\"https:\/\/www.monlau.com\/fp\/ca\/#\/schema\/logo\/image\/\"}}]}<\/script>\n<!-- \/ Yoast SEO plugin. -->","yoast_head_json":{"title":"Dongfeng i Monlau - Formaci\u00f3n profesional","robots":{"index":"index","follow":"follow","max-snippet":"max-snippet:-1","max-image-preview":"max-image-preview:large","max-video-preview":"max-video-preview:-1"},"canonical":"https:\/\/www.monlau.com\/fp\/ca\/dongfeng-y-monlau\/","og_locale":"ca_ES","og_type":"article","og_title":"Dongfeng i Monlau - Formaci\u00f3n profesional","og_description":"Dongfeng i Monlau A Monlau continuem apostant per una Formaci\u00f3 Professional connectada amb el present i el futur del sector. Per aix\u00f2, hem signat un acord de col\u00b7laboraci\u00f3 amb Dongfeng Catay Premium, distribu\u00efdor oficial de la marca Dongfeng, amb l\u2019objectiu d\u2019apropar l\u2019alumnat a una automoci\u00f3 global, tecnol\u00f2gica i sostenible. Gr\u00e0cies a aquesta alian\u00e7a, els nostres [&hellip;]","og_url":"https:\/\/www.monlau.com\/fp\/ca\/dongfeng-y-monlau\/","og_site_name":"Formaci\u00f3n profesional","article_modified_time":"2026-04-27T09:14:17+00:00","twitter_card":"summary_large_image","twitter_misc":{"Temps estimat de lectura":"1 minut"},"schema":{"@context":"https:\/\/schema.org","@graph":[{"@type":"WebPage","@id":"https:\/\/www.monlau.com\/fp\/ca\/dongfeng-y-monlau\/","url":"https:\/\/www.monlau.com\/fp\/ca\/dongfeng-y-monlau\/","name":"Dongfeng i Monlau - Formaci\u00f3n profesional","isPartOf":{"@id":"https:\/\/www.monlau.com\/fp\/ca\/#website"},"datePublished":"2026-04-23T06:37:02+00:00","dateModified":"2026-04-27T09:14:17+00:00","breadcrumb":{"@id":"https:\/\/www.monlau.com\/fp\/ca\/dongfeng-y-monlau\/#breadcrumb"},"inLanguage":"ca","potentialAction":[{"@type":"ReadAction","target":["https:\/\/www.monlau.com\/fp\/ca\/dongfeng-y-monlau\/"]}]},{"@type":"BreadcrumbList","@id":"https:\/\/www.monlau.com\/fp\/ca\/dongfeng-y-monlau\/#breadcrumb","itemListElement":[{"@type":"ListItem","position":1,"name":"Portada","item":"https:\/\/www.monlau.com\/fp\/ca\/inici\/"},{"@type":"ListItem","position":2,"name":"Dongfeng i Monlau"}]},{"@type":"WebSite","@id":"https:\/\/www.monlau.com\/fp\/ca\/#website","url":"https:\/\/www.monlau.com\/fp\/ca\/","name":"Formaci\u00f3n profesional","description":"Monlau","publisher":{"@id":"https:\/\/www.monlau.com\/fp\/ca\/#organization"},"potentialAction":[{"@type":"SearchAction","target":{"@type":"EntryPoint","urlTemplate":"https:\/\/www.monlau.com\/fp\/ca\/?s={search_term_string}"},"query-input":{"@type":"PropertyValueSpecification","valueRequired":true,"valueName":"search_term_string"}}],"inLanguage":"ca"},{"@type":"Organization","@id":"https:\/\/www.monlau.com\/fp\/ca\/#organization","name":"Formaci\u00f3n profesional","url":"https:\/\/www.monlau.com\/fp\/ca\/","logo":{"@type":"ImageObject","inLanguage":"ca","@id":"https:\/\/www.monlau.com\/fp\/ca\/#\/schema\/logo\/image\/","url":"https:\/\/www.monlau.com\/app\/uploads\/sites\/3\/2026\/01\/fp.png","contentUrl":"https:\/\/www.monlau.com\/app\/uploads\/sites\/3\/2026\/01\/fp.png","width":1024,"height":878,"caption":"Formaci\u00f3n profesional"},"image":{"@id":"https:\/\/www.monlau.com\/fp\/ca\/#\/schema\/logo\/image\/"}}]}},"_links":{"self":[{"href":"https:\/\/www.monlau.com\/fp\/ca\/wp-json\/wp\/v2\/pages\/10609","targetHints":{"allow":["GET"]}}],"collection":[{"href":"https:\/\/www.monlau.com\/fp\/ca\/wp-json\/wp\/v2\/pages"}],"about":[{"href":"https:\/\/www.monlau.com\/fp\/ca\/wp-json\/wp\/v2\/types\/page"}],"author":[{"embeddable":true,"href":"https:\/\/www.monlau.com\/fp\/ca\/wp-json\/wp\/v2\/users\/1"}],"replies":[{"embeddable":true,"href":"https:\/\/www.monlau.com\/fp\/ca\/wp-json\/wp\/v2\/comments?post=10609"}],"version-history":[{"count":1,"href":"https:\/\/www.monlau.com\/fp\/ca\/wp-json\/wp\/v2\/pages\/10609\/revisions"}],"predecessor-version":[{"id":10612,"href":"https:\/\/www.monlau.com\/fp\/ca\/wp-json\/wp\/v2\/pages\/10609\/revisions\/10612"}],"wp:attachment":[{"href":"https:\/\/www.monlau.com\/fp\/ca\/wp-json\/wp\/v2\/media?parent=10609"}],"curies":[{"name":"wp","href":"https:\/\/api.w.org\/{rel}","templated":true}]}}