{"id":10325,"date":"2026-04-20T15:30:21","date_gmt":"2026-04-20T13:30:21","guid":{"rendered":"https:\/\/www.monlau.com\/fp\/?page_id=10325"},"modified":"2026-04-20T15:30:21","modified_gmt":"2026-04-20T13:30:21","slug":"la-xarxa-dual-zona-fp","status":"publish","type":"page","link":"https:\/\/www.monlau.com\/fp\/ca\/la-xarxa-dual-zona-fp\/","title":{"rendered":"La xarxa dual | Zona FP"},"content":{"rendered":"\t\t<div data-elementor-type=\"wp-page\" data-elementor-id=\"10325\" class=\"elementor elementor-10325 elementor-10324\" data-elementor-post-type=\"page\">\n\t\t\t\t<div class=\"elementor-element elementor-element-f58a95e e-flex e-con-boxed e-con e-parent\" data-id=\"f58a95e\" data-element_type=\"container\">\n\t\t\t\t\t<div class=\"e-con-inner\">\n\t\t<div class=\"elementor-element elementor-element-6c82178 e-con-full e-flex elementor-invisible e-con e-child\" data-id=\"6c82178\" data-element_type=\"container\" data-settings=\"{&quot;background_background&quot;:&quot;classic&quot;,&quot;animation&quot;:&quot;fadeInLeft&quot;}\">\n\t\t\t\t<div class=\"elementor-element elementor-element-65b3b5d elementor-widget elementor-widget-heading\" data-id=\"65b3b5d\" data-element_type=\"widget\" data-widget_type=\"heading.default\">\n\t\t\t\t\t<h1 class=\"elementor-heading-title elementor-size-default\"><span style=\"color: black\"><\/span><b>  Benvinguts a Monlau!\n<\/b><\/h1>\t\t\t\t<\/div>\n\t\t\t\t<div class=\"elementor-element elementor-element-38d35fb elementor-widget elementor-widget-heading\" data-id=\"38d35fb\" data-element_type=\"widget\" data-widget_type=\"heading.default\">\n\t\t\t\t\t<div class=\"elementor-heading-title elementor-size-default\">Voleu rebre informaci\u00f3 dels nostres cicles de cara al curs vinent?<\/div>\t\t\t\t<\/div>\n\t\t\t\t<div class=\"elementor-element elementor-element-426733c elementor-widget elementor-widget-text-editor\" data-id=\"426733c\" data-element_type=\"widget\" data-widget_type=\"text-editor.default\">\n\t\t\t\t\t\t\t\t\t<p>Ompliu el formulari i us enviarem tota la informaci\u00f3 que necessiteu del curs que us interessa i de les properes dates de preinscripci\u00f3 i matr\u00edcula.<\/p><p> <\/p><p>Us convidem a visitar les nostres instal\u00b7lacions!<\/p>\t\t\t\t\t\t\t\t<\/div>\n\t\t\t\t<\/div>\n\t\t<div class=\"elementor-element elementor-element-943645a e-con-full e-flex elementor-invisible e-con e-child\" data-id=\"943645a\" data-element_type=\"container\" data-settings=\"{&quot;animation&quot;:&quot;fadeInRight&quot;}\">\n\t\t\t\t<div class=\"elementor-element elementor-element-66940f5 elementor-widget elementor-widget-image\" data-id=\"66940f5\" data-element_type=\"widget\" data-widget_type=\"image.default\">\n\t\t\t\t\t\t\t\t\t\t\t\t\t\t\t<img fetchpriority=\"high\" decoding=\"async\" width=\"1024\" height=\"1024\" src=\"https:\/\/www.monlau.com\/app\/uploads\/sites\/3\/2026\/04\/rrss-twitter-1024x1024.png\" class=\"attachment-large size-large wp-image-10333\" alt=\"La xarxa dual monlau\" srcset=\"https:\/\/www.monlau.com\/app\/uploads\/sites\/3\/2026\/04\/rrss-twitter-1024x1024.png 1024w, https:\/\/www.monlau.com\/app\/uploads\/sites\/3\/2026\/04\/rrss-twitter-300x300.png 300w, https:\/\/www.monlau.com\/app\/uploads\/sites\/3\/2026\/04\/rrss-twitter-150x150.png 150w, https:\/\/www.monlau.com\/app\/uploads\/sites\/3\/2026\/04\/rrss-twitter-768x768.png 768w, https:\/\/www.monlau.com\/app\/uploads\/sites\/3\/2026\/04\/rrss-twitter.png 1080w\" sizes=\"(max-width: 1024px) 100vw, 1024px\" \/>\t\t\t\t\t\t\t\t\t\t\t\t\t\t\t<\/div>\n\t\t\t\t<\/div>\n\t\t\t\t\t<\/div>\n\t\t\t\t<\/div>\n\t\t<div class=\"elementor-element elementor-element-e7fa519 e-flex e-con-boxed e-con e-parent\" data-id=\"e7fa519\" data-element_type=\"container\">\n\t\t\t\t\t<div class=\"e-con-inner\">\n\t\t\t\t<div class=\"elementor-element elementor-element-df81d4e elementor-widget elementor-widget-heading\" data-id=\"df81d4e\" data-element_type=\"widget\" data-widget_type=\"heading.default\">\n\t\t\t\t\t<div class=\"elementor-heading-title elementor-size-default\">Si voleu venir a estudiar a Monlau o necessiteu informaci\u00f3, ompliu el formulari!\n<\/div>\t\t\t\t<\/div>\n\t\t\t\t<div class=\"elementor-element elementor-element-39489e5 elementor-widget__width-initial elementor-widget elementor-widget-shortcode\" data-id=\"39489e5\" data-element_type=\"widget\" data-widget_type=\"shortcode.default\">\n\t\t\t\t\t\t\t<div class=\"elementor-shortcode\"><style id=\"wpforms-css-vars-8427\">\n\t\t\t\t#wpforms-8427 {\n\t\t\t\t--wpforms-field-border-style: none;\n--wpforms-field-border-radius: 5px;\n--wpforms-field-background-color: #f5f5f5;\n--wpforms-field-border-color: #000000;\n--wpforms-field-border-color-spare: #000000;\n--wpforms-field-text-color: rgba(0, 0, 0, 0.7);\n--wpforms-label-color: rgba(0, 0, 0, 0.85);\n--wpforms-label-sublabel-color: rgba(0, 0, 0, 0.55);\n--wpforms-button-border-radius: 30px;\n--wpforms-button-background-color: #08539D;\n--wpforms-container-padding: 0px;\n--wpforms-container-border-width: 1px;\n--wpforms-container-border-radius: 3px;\n--wpforms-background-color: rgba(0, 0, 0, 0);\n--wpforms-field-border-size: 0px;\n--wpforms-field-size-input-height: 50px;\n--wpforms-field-size-input-spacing: 20px;\n--wpforms-field-size-font-size: 18px;\n--wpforms-field-size-line-height: 21px;\n--wpforms-field-size-padding-h: 14px;\n--wpforms-field-size-checkbox-size: 18px;\n--wpforms-field-size-sublabel-spacing: 10px;\n--wpforms-field-size-icon-size: 1.25;\n--wpforms-label-size-font-size: 16px;\n--wpforms-label-size-line-height: 19px;\n--wpforms-label-size-sublabel-font-size: 14px;\n--wpforms-label-size-sublabel-line-height: 17px;\n--wpforms-button-size-font-size: 17px;\n--wpforms-button-size-height: 41px;\n--wpforms-button-size-padding-h: 15px;\n--wpforms-button-size-margin-top: 10px;\n--wpforms-container-shadow-size-box-shadow: none;\n\t\t\t}\n\t\t\t<\/style><div class=\"wpforms-container wpforms-container-full send-to-erp erp-salo wpforms-render-modern\" id=\"wpforms-8427\"><form id=\"wpforms-form-8427\" class=\"wpforms-validate wpforms-form wpforms-ajax-form\" data-formid=\"8427\" method=\"post\" enctype=\"multipart\/form-data\" action=\"\/fp\/ca\/wp-json\/wp\/v2\/pages\/10325\" data-token=\"64f71936b2b411009b0a878d24d91a2b\" data-token-time=\"1776711994\"><noscript class=\"wpforms-error-noscript\">Activeu el JavaScript al navegador per a poder completar el formulari.<\/noscript><div id=\"wpforms-error-noscript\" style=\"display: none;\">Activeu el JavaScript al navegador per a poder completar el formulari.<\/div><div class=\"wpforms-field-container\"><div id=\"wpforms-8427-field_12-container\" class=\"wpforms-field wpforms-field-text erp-name\" data-field-id=\"12\"><label class=\"wpforms-field-label\" for=\"wpforms-8427-field_12\">Nom i Cognom <span class=\"wpforms-required-label\" aria-hidden=\"true\">*<\/span><\/label><input type=\"text\" id=\"wpforms-8427-field_12\" class=\"wpforms-field-medium wpforms-field-required\" name=\"wpforms[fields][12]\" aria-errormessage=\"wpforms-8427-field_12-error\" required><\/div><div id=\"wpforms-8427-field_5-container\" class=\"wpforms-field wpforms-field-text erp-phone\" data-field-id=\"5\"><label class=\"wpforms-field-label\" for=\"wpforms-8427-field_5\">Tel\u00e8fon <span class=\"wpforms-required-label\" aria-hidden=\"true\">*<\/span><\/label><input type=\"text\" id=\"wpforms-8427-field_5\" class=\"wpforms-field-medium wpforms-field-required wpforms-masked-input\" data-rule-inputmask-incomplete=\"1\" data-inputmask-mask=\"999 999 999\" name=\"wpforms[fields][5]\" aria-errormessage=\"wpforms-8427-field_5-error\" required><\/div>\t\t<div id=\"wpforms-8427-field_1-container\"\n\t\t\tclass=\"wpforms-field wpforms-field-text\"\n\t\t\tdata-field-type=\"text\"\n\t\t\tdata-field-id=\"1\"\n\t\t\t>\n\t\t\t<label class=\"wpforms-field-label\" for=\"wpforms-8427-field_1\" >Nom Quin Tel\u00e8fon<\/label>\n\t\t\t<input type=\"text\" id=\"wpforms-8427-field_1\" class=\"wpforms-field-medium\" name=\"wpforms[fields][1]\" >\n\t\t<\/div>\n\t\t<div id=\"wpforms-8427-field_6-container\" class=\"wpforms-field wpforms-field-email erp-email\" data-field-id=\"6\"><label class=\"wpforms-field-label\" for=\"wpforms-8427-field_6\">Correu electr\u00f2nic <span class=\"wpforms-required-label\" aria-hidden=\"true\">*<\/span><\/label><input type=\"email\" id=\"wpforms-8427-field_6\" class=\"wpforms-field-medium wpforms-field-required\" name=\"wpforms[fields][6]\" spellcheck=\"false\" aria-errormessage=\"wpforms-8427-field_6-error\" required><\/div><div id=\"wpforms-8427-field_9-container\" class=\"wpforms-field wpforms-field-select erp-curs wpforms-field-select-style-classic\" data-field-id=\"9\"><label class=\"wpforms-field-label\" for=\"wpforms-8427-field_9\">Quin curs t&#039;interessa <span class=\"wpforms-required-label\" aria-hidden=\"true\">*<\/span><\/label><select id=\"wpforms-8427-field_9\" class=\"wpforms-field-medium wpforms-field-required\" name=\"wpforms[fields][9]\" required=\"required\"><option value=\"\" class=\"placeholder\" disabled  selected='selected'>-- Seleccioneu el curs --<\/option><option value=\"Educaci\u00f3 Secund\u00e0ria Obligat\u00f2ria (ESO)\"  class=\"choice-1 depth-1\"  >Educaci\u00f3 Secund\u00e0ria Obligat\u00f2ria (ESO)<\/option><option value=\"Batxillerat\"  class=\"choice-2 depth-1\"  >Batxillerat<\/option><option value=\"Grau Mitj\u00e0 en Gesti\u00f3 Administrativa\"  class=\"choice-3 depth-1\"  >Grau Mitj\u00e0 en Gesti\u00f3 Administrativa<\/option><option value=\"Grau Superior en M\u00e0rqueting i Publicitat\"  class=\"choice-4 depth-1\"  >Grau Superior en M\u00e0rqueting i Publicitat<\/option><option value=\"Grau Superior en Administraci\u00f3 i Finances\"  class=\"choice-5 depth-1\"  >Grau Superior en Administraci\u00f3 i Finances<\/option><option value=\"Grau Mitj\u00e0 en Sistemes Microinform\u00e0tics i Xarxes (SMX)\"  class=\"choice-6 depth-1\"  >Grau Mitj\u00e0 en Sistemes Microinform\u00e0tics i Xarxes (SMX)<\/option><option value=\"Grau Superior en Administraci\u00f3 de Sistemes Inform\u00e0tics en Xarxa (ASIX)\"  class=\"choice-7 depth-1\"  >Grau Superior en Administraci\u00f3 de Sistemes Inform\u00e0tics en Xarxa (ASIX)<\/option><option value=\"Grau Superior en Desenvolupament d\u2019Aplicacions Multiplataforma (DAM)\"  class=\"choice-8 depth-1\"  >Grau Superior en Desenvolupament d\u2019Aplicacions Multiplataforma (DAM)<\/option><option value=\"GS Desenvolupament d\u2019Aplicacions Multiplataforma (DAM)\"  class=\"choice-9 depth-1\"  >GS Desenvolupament d\u2019Aplicacions Multiplataforma (DAM)<\/option><option value=\"CE Ciberseguretat en Entorns de les Tecnologies de la Informaci\u00f3\"  class=\"choice-15 depth-1\"  >CE Ciberseguretat en Entorns de les Tecnologies de la Informaci\u00f3<\/option><option value=\"CE Desenvolupament de Videojocs i Realitat Virtual\"  class=\"choice-14 depth-1\"  >CE Desenvolupament de Videojocs i Realitat Virtual<\/option><option value=\"CE Intel\u00b7lig\u00e8ncia Artificial i Big Data\"  class=\"choice-13 depth-1\"  >CE Intel\u00b7lig\u00e8ncia Artificial i Big Data<\/option><option value=\"GM Electromec\u00e0nica d\u2019Autom\u00f2bils\"  class=\"choice-12 depth-1\"  >GM Electromec\u00e0nica d\u2019Autom\u00f2bils<\/option><option value=\"GM Electromec\u00e0nica de Motocicletes\"  class=\"choice-11 depth-1\"  >GM Electromec\u00e0nica de Motocicletes<\/option><option value=\"GM Carrosseria\"  class=\"choice-10 depth-1\"  >GM Carrosseria<\/option><option value=\"GS Automoci\u00f3\"  class=\"choice-16 depth-1\"  >GS Automoci\u00f3<\/option><option value=\"M\u00e0ster FP en Manteniment de Vehicles H\u00edbrids i El\u00e8ctrics (Des de GM)\"  class=\"choice-17 depth-1\"  >M\u00e0ster FP en Manteniment de Vehicles H\u00edbrids i El\u00e8ctrics (Des de GM)<\/option><option value=\"M\u00e0ster FP en Manteniment de Vehicles H\u00edbrids i El\u00e8ctrics (Des de GS)\"  class=\"choice-18 depth-1\"  >M\u00e0ster FP en Manteniment de Vehicles H\u00edbrids i El\u00e8ctrics (Des de GS)<\/option><option value=\"PG Assessor de Serveis\"  class=\"choice-19 depth-1\"  >PG Assessor de Serveis<\/option><option value=\"PG Assessor Comercial\"  class=\"choice-20 depth-1\"  >PG Assessor Comercial<\/option><\/select><\/div><div id=\"wpforms-8427-field_8-container\" class=\"wpforms-field wpforms-field-text erp-message\" data-field-id=\"8\"><label class=\"wpforms-field-label\" for=\"wpforms-8427-field_8\">Observacions<\/label><input type=\"text\" id=\"wpforms-8427-field_8\" class=\"wpforms-field-medium\" name=\"wpforms[fields][8]\" aria-errormessage=\"wpforms-8427-field_8-error\" ><\/div><div id=\"wpforms-8427-field_11-container\" class=\"wpforms-field wpforms-field-checkbox erp-policity\" data-field-id=\"11\"><fieldset><legend class=\"wpforms-field-label wpforms-label-hide\" aria-hidden=\"false\">Caselles de verificaci\u00f3 <span class=\"wpforms-required-label\" aria-hidden=\"true\">*<\/span><\/legend><ul id=\"wpforms-8427-field_11\" class=\"wpforms-field-required\"><li class=\"choice-1 depth-1\"><input type=\"checkbox\" id=\"wpforms-8427-field_11_1\" name=\"wpforms[fields][11][]\" value=\"Accepto la &lt;a href=&quot;https:\/\/www.monlau.com\/fp\/ca\/politica-de-privacitat-i-cookies\/&quot; target=&quot;_blank&quot;&gt;pol\u00edtica de privacitat&lt;\/a&gt;\" aria-errormessage=\"wpforms-8427-field_11_1-error\" required ><label class=\"wpforms-field-label-inline\" for=\"wpforms-8427-field_11_1\">Accepto la <a href=\"https:\/\/www.monlau.com\/fp\/ca\/politica-de-privacitat-i-cookies\/\" target=\"_blank\">pol\u00edtica de privacitat<\/a><\/label><\/li><\/ul><\/fieldset><\/div><script>\n\t\t\t\t( function() {\n\t\t\t\t\tconst style = document.createElement( 'style' );\n\t\t\t\t\tstyle.appendChild( document.createTextNode( '#wpforms-8427-field_1-container { position: absolute !important; overflow: hidden !important; display: inline !important; height: 1px !important; width: 1px !important; z-index: -1000 !important; padding: 0 !important; } #wpforms-8427-field_1-container input { visibility: hidden; } #wpforms-conversational-form-page #wpforms-8427-field_1-container label { counter-increment: none; }' ) );\n\t\t\t\t\tdocument.head.appendChild( style );\n\t\t\t\t\tdocument.currentScript?.remove();\n\t\t\t\t} )();\n\t\t\t<\/script><\/div><!-- .wpforms-field-container --><div class=\"wpforms-submit-container\" ><input type=\"hidden\" name=\"wpforms[id]\" value=\"8427\"><input type=\"hidden\" name=\"page_title\" value=\"\"><input type=\"hidden\" name=\"page_url\" value=\"https:\/\/www.monlau.com\/fp\/ca\/wp-json\/wp\/v2\/pages\/10325\"><input type=\"hidden\" name=\"url_referer\" value=\"\"><button type=\"submit\" name=\"wpforms[submit]\" id=\"wpforms-submit-8427\" class=\"wpforms-submit btn-blue\" data-alt-text=\"S&#039;est\u00e0 enviant...\" data-submit-text=\"Envia\" aria-live=\"assertive\" value=\"wpforms-submit\">Envia<\/button><img decoding=\"async\" src=\"https:\/\/www.monlau.com\/app\/plugins\/wpforms-lite\/assets\/images\/submit-spin.svg\" class=\"wpforms-submit-spinner\" style=\"display: none;\" width=\"26\" height=\"26\" alt=\"S&#039;est\u00e0 carregant\"><\/div><\/form><\/div>  <!-- .wpforms-container --><\/div>\n\t\t\t\t\t\t<\/div>\n\t\t\t\t\t<\/div>\n\t\t\t\t<\/div>\n\t\t\t\t<\/div>\n\t\t","protected":false},"excerpt":{"rendered":"<p>Benvinguts a Monlau! Voleu rebre informaci\u00f3 dels nostres cicles de cara al curs vinent? Ompliu el formulari i us enviarem tota la informaci\u00f3 que necessiteu del curs que us interessa i de les properes dates de preinscripci\u00f3 i matr\u00edcula. Us convidem a visitar les nostres instal\u00b7lacions! Si voleu venir a estudiar a Monlau o necessiteu [&hellip;]<\/p>\n","protected":false},"author":2,"featured_media":0,"parent":0,"menu_order":0,"comment_status":"closed","ping_status":"closed","template":"elementor_header_footer","meta":{"footnotes":""},"class_list":["post-10325","page","type-page","status-publish","hentry"],"yoast_head":"<!-- This site is optimized with the Yoast SEO plugin v27.2 - https:\/\/yoast.com\/product\/yoast-seo-wordpress\/ -->\n<title>La xarxa dual | Zona FP - Formaci\u00f3n profesional<\/title>\n<meta name=\"description\" content=\"Monlau ser\u00e0 present a la Xarxa Dual 2026, organitzat per Zona FP, els propers 25 i 26 d&#039;abril a l&#039;RCDE Stadium de Barcelona.\" \/>\n<meta name=\"robots\" content=\"index, follow, max-snippet:-1, max-image-preview:large, max-video-preview:-1\" \/>\n<link rel=\"canonical\" href=\"https:\/\/www.monlau.com\/fp\/ca\/la-xarxa-dual-zona-fp\/\" \/>\n<meta property=\"og:locale\" content=\"ca_ES\" \/>\n<meta property=\"og:type\" content=\"article\" \/>\n<meta property=\"og:title\" content=\"La xarxa dual | Zona FP - Formaci\u00f3n profesional\" \/>\n<meta property=\"og:description\" content=\"Monlau ser\u00e0 present a la Xarxa Dual 2026, organitzat per Zona FP, els propers 25 i 26 d&#039;abril a l&#039;RCDE Stadium de Barcelona.\" \/>\n<meta property=\"og:url\" content=\"https:\/\/www.monlau.com\/fp\/ca\/la-xarxa-dual-zona-fp\/\" \/>\n<meta property=\"og:site_name\" content=\"Formaci\u00f3n profesional\" \/>\n<meta property=\"og:image\" content=\"https:\/\/www.monlau.com\/app\/uploads\/sites\/3\/2026\/04\/rrss-twitter-1024x1024.png\" \/>\n<meta name=\"twitter:card\" content=\"summary_large_image\" \/>\n<script type=\"application\/ld+json\" class=\"yoast-schema-graph\">{\"@context\":\"https:\/\/schema.org\",\"@graph\":[{\"@type\":\"WebPage\",\"@id\":\"https:\/\/www.monlau.com\/fp\/ca\/la-xarxa-dual-zona-fp\/\",\"url\":\"https:\/\/www.monlau.com\/fp\/ca\/la-xarxa-dual-zona-fp\/\",\"name\":\"La xarxa dual | Zona FP - Formaci\u00f3n profesional\",\"isPartOf\":{\"@id\":\"https:\/\/www.monlau.com\/fp\/ca\/#website\"},\"primaryImageOfPage\":{\"@id\":\"https:\/\/www.monlau.com\/fp\/ca\/la-xarxa-dual-zona-fp\/#primaryimage\"},\"image\":{\"@id\":\"https:\/\/www.monlau.com\/fp\/ca\/la-xarxa-dual-zona-fp\/#primaryimage\"},\"thumbnailUrl\":\"https:\/\/www.monlau.com\/app\/uploads\/sites\/3\/2026\/04\/rrss-twitter-1024x1024.png\",\"datePublished\":\"2026-04-20T13:30:21+00:00\",\"description\":\"Monlau ser\u00e0 present a la Xarxa Dual 2026, organitzat per Zona FP, els propers 25 i 26 d'abril a l'RCDE Stadium de Barcelona.\",\"breadcrumb\":{\"@id\":\"https:\/\/www.monlau.com\/fp\/ca\/la-xarxa-dual-zona-fp\/#breadcrumb\"},\"inLanguage\":\"ca\",\"potentialAction\":[{\"@type\":\"ReadAction\",\"target\":[\"https:\/\/www.monlau.com\/fp\/ca\/la-xarxa-dual-zona-fp\/\"]}]},{\"@type\":\"ImageObject\",\"inLanguage\":\"ca\",\"@id\":\"https:\/\/www.monlau.com\/fp\/ca\/la-xarxa-dual-zona-fp\/#primaryimage\",\"url\":\"https:\/\/www.monlau.com\/app\/uploads\/sites\/3\/2026\/04\/rrss-twitter-1024x1024.png\",\"contentUrl\":\"https:\/\/www.monlau.com\/app\/uploads\/sites\/3\/2026\/04\/rrss-twitter-1024x1024.png\"},{\"@type\":\"BreadcrumbList\",\"@id\":\"https:\/\/www.monlau.com\/fp\/ca\/la-xarxa-dual-zona-fp\/#breadcrumb\",\"itemListElement\":[{\"@type\":\"ListItem\",\"position\":1,\"name\":\"Portada\",\"item\":\"https:\/\/www.monlau.com\/fp\/ca\/inici\/\"},{\"@type\":\"ListItem\",\"position\":2,\"name\":\"La xarxa dual | Zona FP\"}]},{\"@type\":\"WebSite\",\"@id\":\"https:\/\/www.monlau.com\/fp\/ca\/#website\",\"url\":\"https:\/\/www.monlau.com\/fp\/ca\/\",\"name\":\"Formaci\u00f3n profesional\",\"description\":\"Monlau\",\"publisher\":{\"@id\":\"https:\/\/www.monlau.com\/fp\/ca\/#organization\"},\"potentialAction\":[{\"@type\":\"SearchAction\",\"target\":{\"@type\":\"EntryPoint\",\"urlTemplate\":\"https:\/\/www.monlau.com\/fp\/ca\/?s={search_term_string}\"},\"query-input\":{\"@type\":\"PropertyValueSpecification\",\"valueRequired\":true,\"valueName\":\"search_term_string\"}}],\"inLanguage\":\"ca\"},{\"@type\":\"Organization\",\"@id\":\"https:\/\/www.monlau.com\/fp\/ca\/#organization\",\"name\":\"Formaci\u00f3n profesional\",\"url\":\"https:\/\/www.monlau.com\/fp\/ca\/\",\"logo\":{\"@type\":\"ImageObject\",\"inLanguage\":\"ca\",\"@id\":\"https:\/\/www.monlau.com\/fp\/ca\/#\/schema\/logo\/image\/\",\"url\":\"https:\/\/www.monlau.com\/app\/uploads\/sites\/3\/2026\/01\/fp.png\",\"contentUrl\":\"https:\/\/www.monlau.com\/app\/uploads\/sites\/3\/2026\/01\/fp.png\",\"width\":1024,\"height\":878,\"caption\":\"Formaci\u00f3n profesional\"},\"image\":{\"@id\":\"https:\/\/www.monlau.com\/fp\/ca\/#\/schema\/logo\/image\/\"}}]}<\/script>\n<!-- \/ Yoast SEO plugin. -->","yoast_head_json":{"title":"La xarxa dual | Zona FP - Formaci\u00f3n profesional","description":"Monlau ser\u00e0 present a la Xarxa Dual 2026, organitzat per Zona FP, els propers 25 i 26 d'abril a l'RCDE Stadium de Barcelona.","robots":{"index":"index","follow":"follow","max-snippet":"max-snippet:-1","max-image-preview":"max-image-preview:large","max-video-preview":"max-video-preview:-1"},"canonical":"https:\/\/www.monlau.com\/fp\/ca\/la-xarxa-dual-zona-fp\/","og_locale":"ca_ES","og_type":"article","og_title":"La xarxa dual | Zona FP - Formaci\u00f3n profesional","og_description":"Monlau ser\u00e0 present a la Xarxa Dual 2026, organitzat per Zona FP, els propers 25 i 26 d'abril a l'RCDE Stadium de Barcelona.","og_url":"https:\/\/www.monlau.com\/fp\/ca\/la-xarxa-dual-zona-fp\/","og_site_name":"Formaci\u00f3n profesional","og_image":[{"url":"https:\/\/www.monlau.com\/app\/uploads\/sites\/3\/2026\/04\/rrss-twitter-1024x1024.png","type":"","width":"","height":""}],"twitter_card":"summary_large_image","schema":{"@context":"https:\/\/schema.org","@graph":[{"@type":"WebPage","@id":"https:\/\/www.monlau.com\/fp\/ca\/la-xarxa-dual-zona-fp\/","url":"https:\/\/www.monlau.com\/fp\/ca\/la-xarxa-dual-zona-fp\/","name":"La xarxa dual | Zona FP - Formaci\u00f3n profesional","isPartOf":{"@id":"https:\/\/www.monlau.com\/fp\/ca\/#website"},"primaryImageOfPage":{"@id":"https:\/\/www.monlau.com\/fp\/ca\/la-xarxa-dual-zona-fp\/#primaryimage"},"image":{"@id":"https:\/\/www.monlau.com\/fp\/ca\/la-xarxa-dual-zona-fp\/#primaryimage"},"thumbnailUrl":"https:\/\/www.monlau.com\/app\/uploads\/sites\/3\/2026\/04\/rrss-twitter-1024x1024.png","datePublished":"2026-04-20T13:30:21+00:00","description":"Monlau ser\u00e0 present a la Xarxa Dual 2026, organitzat per Zona FP, els propers 25 i 26 d'abril a l'RCDE Stadium de Barcelona.","breadcrumb":{"@id":"https:\/\/www.monlau.com\/fp\/ca\/la-xarxa-dual-zona-fp\/#breadcrumb"},"inLanguage":"ca","potentialAction":[{"@type":"ReadAction","target":["https:\/\/www.monlau.com\/fp\/ca\/la-xarxa-dual-zona-fp\/"]}]},{"@type":"ImageObject","inLanguage":"ca","@id":"https:\/\/www.monlau.com\/fp\/ca\/la-xarxa-dual-zona-fp\/#primaryimage","url":"https:\/\/www.monlau.com\/app\/uploads\/sites\/3\/2026\/04\/rrss-twitter-1024x1024.png","contentUrl":"https:\/\/www.monlau.com\/app\/uploads\/sites\/3\/2026\/04\/rrss-twitter-1024x1024.png"},{"@type":"BreadcrumbList","@id":"https:\/\/www.monlau.com\/fp\/ca\/la-xarxa-dual-zona-fp\/#breadcrumb","itemListElement":[{"@type":"ListItem","position":1,"name":"Portada","item":"https:\/\/www.monlau.com\/fp\/ca\/inici\/"},{"@type":"ListItem","position":2,"name":"La xarxa dual | Zona FP"}]},{"@type":"WebSite","@id":"https:\/\/www.monlau.com\/fp\/ca\/#website","url":"https:\/\/www.monlau.com\/fp\/ca\/","name":"Formaci\u00f3n profesional","description":"Monlau","publisher":{"@id":"https:\/\/www.monlau.com\/fp\/ca\/#organization"},"potentialAction":[{"@type":"SearchAction","target":{"@type":"EntryPoint","urlTemplate":"https:\/\/www.monlau.com\/fp\/ca\/?s={search_term_string}"},"query-input":{"@type":"PropertyValueSpecification","valueRequired":true,"valueName":"search_term_string"}}],"inLanguage":"ca"},{"@type":"Organization","@id":"https:\/\/www.monlau.com\/fp\/ca\/#organization","name":"Formaci\u00f3n profesional","url":"https:\/\/www.monlau.com\/fp\/ca\/","logo":{"@type":"ImageObject","inLanguage":"ca","@id":"https:\/\/www.monlau.com\/fp\/ca\/#\/schema\/logo\/image\/","url":"https:\/\/www.monlau.com\/app\/uploads\/sites\/3\/2026\/01\/fp.png","contentUrl":"https:\/\/www.monlau.com\/app\/uploads\/sites\/3\/2026\/01\/fp.png","width":1024,"height":878,"caption":"Formaci\u00f3n profesional"},"image":{"@id":"https:\/\/www.monlau.com\/fp\/ca\/#\/schema\/logo\/image\/"}}]}},"_links":{"self":[{"href":"https:\/\/www.monlau.com\/fp\/ca\/wp-json\/wp\/v2\/pages\/10325","targetHints":{"allow":["GET"]}}],"collection":[{"href":"https:\/\/www.monlau.com\/fp\/ca\/wp-json\/wp\/v2\/pages"}],"about":[{"href":"https:\/\/www.monlau.com\/fp\/ca\/wp-json\/wp\/v2\/types\/page"}],"author":[{"embeddable":true,"href":"https:\/\/www.monlau.com\/fp\/ca\/wp-json\/wp\/v2\/users\/2"}],"replies":[{"embeddable":true,"href":"https:\/\/www.monlau.com\/fp\/ca\/wp-json\/wp\/v2\/comments?post=10325"}],"version-history":[{"count":2,"href":"https:\/\/www.monlau.com\/fp\/ca\/wp-json\/wp\/v2\/pages\/10325\/revisions"}],"predecessor-version":[{"id":10335,"href":"https:\/\/www.monlau.com\/fp\/ca\/wp-json\/wp\/v2\/pages\/10325\/revisions\/10335"}],"wp:attachment":[{"href":"https:\/\/www.monlau.com\/fp\/ca\/wp-json\/wp\/v2\/media?parent=10325"}],"curies":[{"name":"wp","href":"https:\/\/api.w.org\/{rel}","templated":true}]}}